{"id":133,"date":"2023-10-04T16:35:56","date_gmt":"2023-10-04T14:35:56","guid":{"rendered":"https:\/\/ownpowr.com\/product\/byd-b-box-premium-lvs-20-0\/"},"modified":"2025-10-15T14:03:08","modified_gmt":"2025-10-15T12:03:08","slug":"byd-b-box-premium-lvs-20-0","status":"publish","type":"product","link":"https:\/\/ownpowr.com\/ro\/product\/byd-b-box-premium-lvs-20-0\/","title":{"rendered":"BYD Battery-Box premium LVS 20,0 kWh Livrare la jum\u0103tatea\/ sf\u00e2r\u0219itul lunii decembrie"},"content":{"rendered":"<p>BYD B-Box premium LVS 20.0<\/p>\n<p>ATEN\u021aIE:<br \/>\nSubstan\u021b\u0103 periculoas\u0103 \u00een conformitate cu UN 3480 \/ Clasa de pericol pentru transport 9 \/ Grupa de ambalare II<\/p>\n<p>Informa\u021bii<\/p>\n<p>- capacitate util\u0103: 20.00 kWh<br \/>\n- tensiune nominal\u0103: 51,2 V<br \/>\n- Max. Curent de ie\u0219ire: 250A<br \/>\n- Curent de ie\u0219ire de v\u00e2rf: 360A, 5s<br \/>\n- Gama de tensiune de func\u021bionare: 40-57.6 V<br \/>\n- temperatura ambiant\u0103: -10 \u00b0C p\u00e2n\u0103 la +50 \u00b0C<br \/>\n- interfe\u021be: CAN\/RS485<br \/>\n- eficien\u021ba energetic\u0103 a c\u0103l\u0103toriei dus-\u00eentors: &gt;= 95%<br \/>\n- certificare: VDE2510-50 \/ IEC62619\/ CE \/ CEC \/ UN38.3<br \/>\n- Clasa de protec\u021bie IP: IP55<br \/>\n- Aplica\u021bii: ON Grid \/ ON Grid + Backup \/ OFF GridSetul include:<br \/>\n5x BYD BYD B-BOX PREMIUM LVS modul de baterii LVS<br \/>\n1x BYD LV PDU + baz\u0103<br \/>\n1x BYD LV Unitate de gestionare a bateriei LV NOU)<\/p>\n<p><strong>Mai multe informa\u021bii:<\/strong><\/p>\n<div class=\"product--description\">\n<ul>\n<li><a href=\"https:\/\/storeyourownpower.com\/wp-content\/uploads\/2023\/01\/Datasheet-English-LVS.pdf\" target=\"_blank\" rel=\"noopener\">Fi\u0219\u0103 tehnic\u0103 Rom\u00e2n\u0103 LVS<\/a><\/li>\n<li><a href=\"https:\/\/storeyourownpower.com\/wp-content\/uploads\/2023\/01\/Datenblatt-German-LVS.pdf\" target=\"_blank\" rel=\"noopener\">Datenblatt German LVS<\/a><\/li>\n<li><a href=\"https:\/\/storeyourownpower.com\/wp-content\/uploads\/2023\/01\/Mounting-instructions-English-LVS.pdf\" target=\"_blank\" rel=\"noopener\">Instruc\u021biuni de montaj Rom\u00e2n\u0103 LVS<\/a><\/li>\n<li><a href=\"https:\/\/storeyourownpower.com\/wp-content\/uploads\/2023\/01\/Mounting-instructions-German-LVS.pdf\" target=\"_blank\" rel=\"noopener\">Instruc\u021biuni de montaj German LVS<\/a><\/li>\n<li><a href=\"https:\/\/storeyourownpower.com\/wp-content\/uploads\/2023\/01\/Warranty-terms-English.pdf\" target=\"_blank\" rel=\"noopener\">Termeni de garan\u021bie Rom\u00e2n\u0103<\/a><\/li>\n<li><a href=\"https:\/\/storeyourownpower.com\/wp-content\/uploads\/2023\/01\/Warranty-terms-German-LVS.pdf\" target=\"_blank\" rel=\"noopener\">Termeni de garan\u021bie German LVS<\/a><\/li>\n<\/ul>\n<\/div>","protected":false},"excerpt":{"rendered":"<p>BYD B-Box premium LVS 20.0 ATEN\u021aIE: Substan\u021b\u0103 periculoas\u0103 \u00een conformitate cu UN 3480 \/ Clasa de pericol pentru transport 9 \/ Grupa de ambalare II Informa\u021bii - capacitate util\u0103: 20,00 kWh - tensiune nominal\u0103: [...]<\/p>","protected":false},"featured_media":134,"template":"","meta":{"_seopress_robots_primary_cat":"none","_seopress_titles_title":"BYD B-Box premium LVS 20.0| 20.00 kWh Capacity | UN3480","_seopress_titles_desc":"Discover the BYD B-Box Premium LVS 20.0, a powerful and reliable energy storage solution that meets international safety standards. Suitable for on-grid, off-grid, and backup applications. Get detailed product specifications and warranty terms.","_seopress_robots_index":"","_kad_blocks_custom_css":"","_kad_blocks_head_custom_js":"","_kad_blocks_body_custom_js":"","_kad_blocks_footer_custom_js":""},"product_cat":[17],"product_tag":[],"class_list":{"0":"post-133","1":"product","2":"type-product","3":"status-publish","4":"has-post-thumbnail","6":"product_cat-home-batteries","8":"first","9":"onbackorder","10":"sale","11":"taxable","12":"shipping-taxable","13":"purchasable","14":"product-type-simple"},"taxonomy_info":{"product_cat":[{"value":17,"label":"Home batteries"}]},"featured_image_src_large":["https:\/\/ownpowr.com\/wp-content\/uploads\/2022\/11\/d-252F2-252F0-252Fa-252Fd20a2cfaad23d109f3a7d952df7502cd73ef3be0_det_sb_byd_b_box_lvs_20-0.jpeg",640,540,false],"author_info":[],"comment_info":"","_links":{"self":[{"href":"https:\/\/ownpowr.com\/ro\/wp-json\/wp\/v2\/product\/133","targetHints":{"allow":["GET"]}}],"collection":[{"href":"https:\/\/ownpowr.com\/ro\/wp-json\/wp\/v2\/product"}],"about":[{"href":"https:\/\/ownpowr.com\/ro\/wp-json\/wp\/v2\/types\/product"}],"wp:featuredmedia":[{"embeddable":true,"href":"https:\/\/ownpowr.com\/ro\/wp-json\/wp\/v2\/media\/134"}],"wp:attachment":[{"href":"https:\/\/ownpowr.com\/ro\/wp-json\/wp\/v2\/media?parent=133"}],"wp:term":[{"taxonomy":"product_cat","embeddable":true,"href":"https:\/\/ownpowr.com\/ro\/wp-json\/wp\/v2\/product_cat?post=133"},{"taxonomy":"product_tag","embeddable":true,"href":"https:\/\/ownpowr.com\/ro\/wp-json\/wp\/v2\/product_tag?post=133"}],"curies":[{"name":"wp","href":"https:\/\/api.w.org\/{rel}","templated":true}]}}