{"id":144,"date":"2023-10-04T16:36:02","date_gmt":"2023-10-04T14:36:02","guid":{"rendered":"https:\/\/ownpowr.com\/product\/byd-b-box-premium-lvs-8-0\/"},"modified":"2025-10-15T14:02:38","modified_gmt":"2025-10-15T12:02:38","slug":"byd-b-box-premium-lvs-8-0","status":"publish","type":"product","link":"https:\/\/ownpowr.com\/ro\/product\/byd-b-box-premium-lvs-8-0\/","title":{"rendered":"BYD Battery-Box premium LVS 8,0 kWh Livrare la jum\u0103tatea\/ sf\u00e2r\u0219itul lunii decembrie"},"content":{"rendered":"<p><strong>BYD<\/strong> Battery-Box Premium LVS 8.0 const\u0103 din;<\/p>\n<p>a\u00a0<strong>BYD<\/strong>\u00a0BMU Unitatea de gestionare a bateriei, o\u00a0<strong>BYD<\/strong>\u00a0Unitate de distribu\u021bie a energiei PDU \u0219i 2 module de baterii LVS de 4,0 kWh \u00een paralel. Posibilitatea de extindere prin ad\u0103ugarea ulterioar\u0103 a p\u00e2n\u0103 la 4 module LVS suplimentare \u00een paralel la acest pachet pentru a ob\u021bine o capacitate util\u0103 de p\u00e2n\u0103 la 24 kWh.<\/p>\n<p>\u00cen plus, o capacitate maxim\u0103 de 256 kWh poate fi ob\u021binut\u0103 prin conectarea direct\u0103 \u00een paralel a p\u00e2n\u0103 la 16 baterii identice Battery-Box Premium LVS 16kWh.<\/p>\n<p>ATEN\u021aIE:<br \/>\nSubstan\u021b\u0103 periculoas\u0103 \u00een conformitate cu UN 3480 \/ Clasa de pericol pentru transport 9 \/ Grupa de ambalare II<\/p>\n<p>&nbsp;<\/p>\n<p><strong>\u2714 Capabil de o func\u021bionalitate de rezerv\u0103 de urgen\u021b\u0103 \u0219i \u00een afara re\u021belei de alimentare de mare putere<\/strong><\/p>\n<p><strong>\u2714 Cea mai mare eficien\u021b\u0103 datorit\u0103 unei conexiuni paralele de joas\u0103 tensiune real\u0103<\/strong><\/p>\n<p><strong>\u2714 Designul cu fi\u0219\u0103 modular\u0103 p\u0103rinteasc\u0103 - F\u0103r\u0103 cablare intern\u0103 - Flexibilitate maxim\u0103 \u0219i u\u0219urin\u021b\u0103 \u00een utilizare<\/strong><\/p>\n<p><strong>\u2714 Baterie f\u0103r\u0103 cobalt litiu-fosfat de fier (LFP) - siguran\u021b\u0103, ciclu de via\u021b\u0103 \u0219i putere maxim\u0103<\/strong><\/p>\n<p><strong>\u2714 Compatibil cu invertoarele de baterie de joas\u0103 tensiune cu 1 sau 3 faze de conducere 1 sau 3 faze<\/strong><\/p>\n<p>&nbsp;<\/p>\n<p>- capacitate util\u0103: 8,00 kWh<br \/>\n- tensiune nominal\u0103: 51,2 V<br \/>\n- Max. Curent de ie\u0219ire: 130A<br \/>\n- Curent de ie\u0219ire de v\u00e2rf: 180A, 5s<br \/>\n- Gama de tensiune de func\u021bionare: 40-57.6 V<br \/>\n- temperatura ambiant\u0103: -10 \u00b0C p\u00e2n\u0103 la +50 \u00b0C<br \/>\n- interfe\u021be: CAN\/RS485<br \/>\n- eficien\u021b\u0103 energetic\u0103 dus-\u00eentors: &gt;= 95%<br \/>\n- certificare: VDE2510-50 \/ IEC62619\/ CE \/ CEC \/ UN38.3<br \/>\n- Clasa de protec\u021bie IP: IP55<br \/>\n- Aplica\u021bii: ON Grid \/ ON Grid + Backup \/ OFF Grid<br \/>\n- \u00centotdeauna extensibil \/ p\u00e2n\u0103 la 16 LVS 16.0 \u00een paralel \/ 256 kWh utilizabiliSetul include:<br \/>\n2x 12910053-00-00 (BYD B-BOX PREMIUM LVS modul de baterie LVS)<br \/>\n1x 12940054-00-00 (BYD LV PDU + baz\u0103)<br \/>\n1x 13172499-00 (BYD LV Battery Management Unit NEW)<\/p>\n<div><\/div>\n<div class=\"product--description\">\n<p><strong>Mai multe informa\u021bii:<\/strong><\/p>\n<ul>\n<li><a href=\"https:\/\/storeyourownpower.com\/wp-content\/uploads\/2023\/01\/Datasheet-English-LVS.pdf\" target=\"_blank\" rel=\"noopener\">Fi\u0219\u0103 tehnic\u0103 Rom\u00e2n\u0103 LVS<\/a><\/li>\n<li><a href=\"https:\/\/storeyourownpower.com\/wp-content\/uploads\/2023\/01\/Datenblatt-German-LVS.pdf\" target=\"_blank\" rel=\"noopener\">Datenblatt German LVS<\/a><\/li>\n<li><a href=\"https:\/\/storeyourownpower.com\/wp-content\/uploads\/2023\/01\/Mounting-instructions-English-LVS.pdf\" target=\"_blank\" rel=\"noopener\">Instruc\u021biuni de montaj Rom\u00e2n\u0103 LVS<\/a><\/li>\n<li><a href=\"https:\/\/storeyourownpower.com\/wp-content\/uploads\/2023\/01\/Mounting-instructions-German-LVS.pdf\" target=\"_blank\" rel=\"noopener\">Instruc\u021biuni de montaj German LVS<\/a><\/li>\n<li><a href=\"https:\/\/storeyourownpower.com\/wp-content\/uploads\/2023\/01\/Warranty-terms-English.pdf\" target=\"_blank\" rel=\"noopener\">Termeni de garan\u021bie Rom\u00e2n\u0103<\/a><\/li>\n<li><a href=\"https:\/\/storeyourownpower.com\/wp-content\/uploads\/2023\/01\/Warranty-terms-German-LVS.pdf\" target=\"_blank\" rel=\"noopener\">Termeni de garan\u021bie German LVS<\/a><\/li>\n<\/ul>\n<\/div>","protected":false},"excerpt":{"rendered":"<p>BYD Battery-Box Premium LVS 8.0 este format din: o unitate de gestionare a bateriei BYD BMU, o unitate de distribu\u021bie a energiei BYD PDU \u0219i 2 module de baterii LVS de 4,0 kWh \u00een paralel. Posibilitatea de extindere prin ad\u0103ugarea a p\u00e2n\u0103 la [...]<\/p>","protected":false},"featured_media":145,"template":"","meta":{"_seopress_robots_primary_cat":"none","_seopress_titles_title":"BYD Battery-Box Premium LVS 8.0: High-Powered Emergency-Backup and Off-Grid functionality, Maximum Safety, and Expandable Capacity","_seopress_titles_desc":"Discover the scalable BYD Battery-Box Premium LVS 8.0 with efficient Low-Voltage parallel connection and maximum safety. Compatible with leading battery inverters.","_seopress_robots_index":"","_kad_blocks_custom_css":"","_kad_blocks_head_custom_js":"","_kad_blocks_body_custom_js":"","_kad_blocks_footer_custom_js":""},"product_cat":[17],"product_tag":[],"class_list":{"0":"post-144","1":"product","2":"type-product","3":"status-publish","4":"has-post-thumbnail","6":"product_cat-home-batteries","8":"first","9":"onbackorder","10":"sale","11":"taxable","12":"shipping-taxable","13":"purchasable","14":"product-type-simple"},"taxonomy_info":{"product_cat":[{"value":17,"label":"Home batteries"}]},"featured_image_src_large":["https:\/\/ownpowr.com\/wp-content\/uploads\/2022\/11\/c-252F5-252F6-252Fe-252Fc56e658a81cc0b440f8fe33cc4f1ab6a9dd62f03_det_sb_byd_b_box_lvs_8-0.jpeg",640,540,false],"author_info":[],"comment_info":"","_links":{"self":[{"href":"https:\/\/ownpowr.com\/ro\/wp-json\/wp\/v2\/product\/144","targetHints":{"allow":["GET"]}}],"collection":[{"href":"https:\/\/ownpowr.com\/ro\/wp-json\/wp\/v2\/product"}],"about":[{"href":"https:\/\/ownpowr.com\/ro\/wp-json\/wp\/v2\/types\/product"}],"wp:featuredmedia":[{"embeddable":true,"href":"https:\/\/ownpowr.com\/ro\/wp-json\/wp\/v2\/media\/145"}],"wp:attachment":[{"href":"https:\/\/ownpowr.com\/ro\/wp-json\/wp\/v2\/media?parent=144"}],"wp:term":[{"taxonomy":"product_cat","embeddable":true,"href":"https:\/\/ownpowr.com\/ro\/wp-json\/wp\/v2\/product_cat?post=144"},{"taxonomy":"product_tag","embeddable":true,"href":"https:\/\/ownpowr.com\/ro\/wp-json\/wp\/v2\/product_tag?post=144"}],"curies":[{"name":"wp","href":"https:\/\/api.w.org\/{rel}","templated":true}]}}