{"id":146,"date":"2023-10-04T16:35:55","date_gmt":"2023-10-04T14:35:55","guid":{"rendered":"https:\/\/ownpowr.com\/product\/byd-premium-lvs-12-0\/"},"modified":"2025-10-15T14:03:18","modified_gmt":"2025-10-15T12:03:18","slug":"byd-premium-lvs-12-0","status":"publish","type":"product","link":"https:\/\/ownpowr.com\/ro\/product\/byd-premium-lvs-12-0\/","title":{"rendered":"BYD Battery-Box premium LVS 12,0 kWh Livrare la jum\u0103tatea\/ sf\u00e2r\u0219itul lunii decembrie"},"content":{"rendered":"<p>BYD B-Box premium LVS 12.0<\/p>\n<p>ATEN\u021aIE:<br \/>\nSubstan\u021b\u0103 periculoas\u0103 \u00een conformitate cu UN 3480 \/ Clasa de pericol pentru transport 9 \/ Grupa de ambalare II<\/p>\n<p>&nbsp;<\/p>\n<p>- capacitate util\u0103: 12,00 kWh<br \/>\n- tensiune nominal\u0103: 51,2 V<br \/>\n- Max. Curent de ie\u0219ire: 195A<br \/>\n- Curent de ie\u0219ire de v\u00e2rf: 270A, 5s<br \/>\n- Gama de tensiune de func\u021bionare: 40-57.6 V<br \/>\n- temperatura ambiant\u0103: -10 \u00b0C p\u00e2n\u0103 la +50 \u00b0C<br \/>\n- interfe\u021be: CAN\/RS485<br \/>\n- eficien\u021ba energetic\u0103 a c\u0103l\u0103toriei dus-\u00eentors: &gt;= 95%<br \/>\n- certificare: VDE2510-50 \/ IEC62619\/ CE \/ CEC \/ UN38.3<br \/>\n- Clasa de protec\u021bie IP: IP55<br \/>\n- Aplica\u021bii: ON Grid \/ ON Grid + Backup \/ OFF Grid<br \/>\n- \u00centotdeauna se extinde \/ p\u00e2n\u0103 la 16 LVS 16.0 \u00een paralel \/ 256 kWh utilizabili<\/p>\n<p>Setul include:<br \/>\n3x BYD B-BOX PREMIUM LVS modul de baterii BYD B-BOX PREMIUM LVS<br \/>\n1x BYD LV PDU + baz\u0103<br \/>\n1x BYD LV Unitate de gestionare a bateriei LV NEW<\/p>\n<p><strong>Mai multe informa\u021bii:<\/strong><\/p>\n<ul>\n<li><a href=\"https:\/\/storeyourownpower.com\/wp-content\/uploads\/2023\/01\/Datasheet-English-LVS.pdf\" target=\"_blank\" rel=\"noopener\">Fi\u0219\u0103 tehnic\u0103 Rom\u00e2n\u0103 LVS<\/a><\/li>\n<li><a href=\"https:\/\/storeyourownpower.com\/wp-content\/uploads\/2023\/01\/Datenblatt-German-LVS.pdf\" target=\"_blank\" rel=\"noopener\">Datenblatt German LVS<\/a><\/li>\n<li><a href=\"https:\/\/storeyourownpower.com\/wp-content\/uploads\/2023\/01\/Mounting-instructions-English-LVS.pdf\" target=\"_blank\" rel=\"noopener\">Instruc\u021biuni de montaj Rom\u00e2n\u0103 LVS<\/a><\/li>\n<li><a href=\"https:\/\/storeyourownpower.com\/wp-content\/uploads\/2023\/01\/Mounting-instructions-German-LVS.pdf\" target=\"_blank\" rel=\"noopener\">Instruc\u021biuni de montaj German LVS<\/a><\/li>\n<li><a href=\"https:\/\/storeyourownpower.com\/wp-content\/uploads\/2023\/01\/Warranty-terms-English.pdf\" target=\"_blank\" rel=\"noopener\">Termeni de garan\u021bie Rom\u00e2n\u0103<\/a><\/li>\n<li><a href=\"https:\/\/storeyourownpower.com\/wp-content\/uploads\/2023\/01\/Warranty-terms-German-LVS.pdf\" target=\"_blank\" rel=\"noopener\">Termeni de garan\u021bie German LVS<\/a><\/li>\n<\/ul>","protected":false},"excerpt":{"rendered":"<p>BYD B-Box premium LVS 12.0 ATEN\u021aIE: Substan\u021b\u0103 periculoas\u0103 \u00een conformitate cu UN 3480 \/ Clasa de pericol pentru transport 9 \/ Grupa de ambalare II - capacitate util\u0103: 12,00 kWh - tensiune nominal\u0103: [...]<\/p>","protected":false},"featured_media":147,"template":"","meta":{"_seopress_robots_primary_cat":"none","_seopress_titles_title":"BYD B-Box Premium LVS 12.0: Battery Module with High Capacity and Advanced Features","_seopress_titles_desc":"This BYD B-Box premium LVS 12.0 battery module boasts a usable capacity of 12.00 kWh and high performance specifications. Perfect for ON Grid, OFF Grid, and backup applications. Expandable up to 256 kWh. Find out more on our datasheet and warranty terms.","_seopress_robots_index":"","_kad_blocks_custom_css":"","_kad_blocks_head_custom_js":"","_kad_blocks_body_custom_js":"","_kad_blocks_footer_custom_js":""},"product_cat":[17],"product_tag":[],"class_list":{"0":"post-146","1":"product","2":"type-product","3":"status-publish","4":"has-post-thumbnail","6":"product_cat-home-batteries","8":"first","9":"onbackorder","10":"sale","11":"taxable","12":"shipping-taxable","13":"purchasable","14":"product-type-simple"},"taxonomy_info":{"product_cat":[{"value":17,"label":"Home batteries"}]},"featured_image_src_large":["https:\/\/ownpowr.com\/wp-content\/uploads\/2022\/11\/6-252F2-252Fe-252F0-252F62e093b4901fabec057d9d2155727bf373de6550_det_sb_byd_b_box_lvs_12-0.jpeg",640,540,false],"author_info":[],"comment_info":"","_links":{"self":[{"href":"https:\/\/ownpowr.com\/ro\/wp-json\/wp\/v2\/product\/146","targetHints":{"allow":["GET"]}}],"collection":[{"href":"https:\/\/ownpowr.com\/ro\/wp-json\/wp\/v2\/product"}],"about":[{"href":"https:\/\/ownpowr.com\/ro\/wp-json\/wp\/v2\/types\/product"}],"wp:featuredmedia":[{"embeddable":true,"href":"https:\/\/ownpowr.com\/ro\/wp-json\/wp\/v2\/media\/147"}],"wp:attachment":[{"href":"https:\/\/ownpowr.com\/ro\/wp-json\/wp\/v2\/media?parent=146"}],"wp:term":[{"taxonomy":"product_cat","embeddable":true,"href":"https:\/\/ownpowr.com\/ro\/wp-json\/wp\/v2\/product_cat?post=146"},{"taxonomy":"product_tag","embeddable":true,"href":"https:\/\/ownpowr.com\/ro\/wp-json\/wp\/v2\/product_tag?post=146"}],"curies":[{"name":"wp","href":"https:\/\/api.w.org\/{rel}","templated":true}]}}