{"id":185455,"date":"2025-01-30T09:44:03","date_gmt":"2025-01-30T07:44:03","guid":{"rendered":"https:\/\/ownpowr.com\/?post_type=product&#038;p=185455"},"modified":"2025-01-30T09:44:03","modified_gmt":"2025-01-30T07:44:03","slug":"blauhoff-maxus-storage-only-385kwh-liquid-cooled-energy-storage-cabinet-10y-warantee-8000-cycles","status":"publish","type":"product","link":"https:\/\/ownpowr.com\/ro\/product\/blauhoff-maxus-storage-only-385kwh-dulap-de-stocare-a-energiei-racit-cu-lichid-10-ani-garantie-8000-cicluri\/","title":{"rendered":"Blauhoff Maxus Numai stocare 385kWh Dulap de stocare a energiei r\u0103cit cu lichid Garan\u021bie 10 ani 8000 cicluri"},"content":{"rendered":"<p>ATEN\u021aIE!<\/p>\n<p>Datorit\u0103 integr\u0103rii \u0219i complexit\u0103\u021bii, acest pre\u021b este pre\u021bul de instalare f\u0103r\u0103 TVA \u0219i f\u0103r\u0103 montaj.<\/p>\n<p>Montarea se face de c\u0103tre instalatorul dvs. local cu ajutorul angajatului nostru tehnic<\/p>\n<p>Blauhoff Maxus Numai stocare Cabinet de stocare a energiei 385Kwh R\u0103cit cu lichid Garan\u021bie 10 ani 8000 de cicluri<\/p>\n<p>Subven\u021bie posibil\u0103 https:\/\/blauhoff.nl\/subsidies-thuisbatterij-voor-bedrijven\/<\/p>\n<p>Celule prismatice pentru cea mai \u00eenalt\u0103 calitate \u0219i cea mai lung\u0103 durat\u0103 de via\u021b\u0103, 8000 de cicluri \u0219i garan\u021bie de 10 ani pentru celule f\u0103r\u0103 costuri suplimentare \u0219i 5 ani pentru \u00eentreg.<\/p>\n<p>Majoritatea celorlal\u021bi furnizori au 3-5 ani pentru \u00eentreg \u0219i celule \u0219i dup\u0103 aceea trebuie s\u0103 pl\u0103ti\u021bi suplimentar!<\/p>\n<p>ESS complet integrat pentru transport \u0219i O&amp;M u\u0219oare. Poate fi adaptat cu multe m\u0103rci majore de invertoare (somotec) \u0219i utilizat ca acumulator compact.<\/p>\n<p>Designul integrat \u0219i modular \u00eel face rapid de configurat \u0219i utilizat, maxim 3 ore de lucru.<\/p>\n<p>Blauhoff BLH-385kWh-Maxus, este un dulap industrial de stocare ESS cu r\u0103cire cu lichid, este integrat cu , baterie, BMS, management termic, distribu\u021bie de energie, protec\u021bie \u00eempotriva incendiilor etc.<\/p>\n<p>Designul s\u0103u de siguran\u021b\u0103 asigur\u0103 o performan\u021b\u0103 mai bun\u0103 a bateriei \u0219i o durat\u0103 de via\u021b\u0103 mai lung\u0103<br \/>\nvia\u021b\u0103. Mai multe seturi de dulapuri pot fi direct puse \u00een paralel p\u00e2n\u0103 la 30 de unit\u0103\u021bi pentru a realiza stocarea energiei<br \/>\nextinderea sistemului. Este foarte u\u0219or de scalat \u0219i portabil.<\/p>\n<p>R\u0103cire cu lichid :<br \/>\nDeriva de temperatur\u0103 a celulelor bateriei<br \/>\n\u00een \u00eentregul sistem este de \u00b11,5\u00b0C datorit\u0103<br \/>\nsistem inteligent de r\u0103cire cu lichid. Acesta poate<br \/>\nprelungirea duratei de via\u021b\u0103 a sistemului p\u00e2n\u0103 la<br \/>\n30%, cre\u0219te eficien\u021ba sistemului pe termen lung<br \/>\np\u00e2n\u0103 la 88,5%.<\/p>\n<p>Siguran\u021b\u0103<br \/>\nSistemul are patru niveluri de gestionare<br \/>\nstructur\u0103 care poate furniza informa\u021bii precise<br \/>\nprotec\u021bie la scurtcircuit, supracurent<br \/>\nprotec\u021bie, protec\u021bie la supratensiune<br \/>\nprotec\u021bie la sub tensiune, protec\u021bie la supratemperatur\u0103<br \/>\nprotec\u021bie etc..<\/p>\n<p><strong>NEN-EN-IEC 62619:2022 - Pile \u0219i baterii secundare care con\u021bin electroli\u021bi alcalini sau al\u021bi electroli\u021bi neacizi - Cerin\u021be de securitate pentru pile \u0219i baterii secundare cu litiu, pentru utilizare \u00een aplica\u021bii industriale<\/strong><\/p>\n<p><strong>NEN-EN-IEC 61000-6-2\u3001EN IEC 61000-6-4<\/strong><\/p>\n<p><strong>UL 9540A:2019 edi\u021bia 4 - Standard pentru metoda de \u00eencercare pentru evaluarea propag\u0103rii incendiului de fug\u0103 termic\u0103 \u00een sistemele de stocare a energiei \u00een baterii<\/strong><\/p>\n<p><strong>UN38.3<\/strong><strong>s<\/strong><\/p>","protected":false},"excerpt":{"rendered":"<p>ATEN\u021aIE ! Datorit\u0103 integr\u0103rii \u0219i complexit\u0103\u021bii, acest pre\u021b este pre\u021bul de instalare f\u0103r\u0103 TVA \u0219i f\u0103r\u0103 asamblare Montarea se face de c\u0103tre instalatorul dvs. local cu ajutorul tehnicului nostru [...]<\/p>","protected":false},"featured_media":185452,"template":"","meta":{"_seopress_robots_primary_cat":"none","_seopress_titles_title":"","_seopress_titles_desc":"","_seopress_robots_index":"","_kad_blocks_custom_css":"","_kad_blocks_head_custom_js":"","_kad_blocks_body_custom_js":"","_kad_blocks_footer_custom_js":""},"product_cat":[17],"product_tag":[],"class_list":{"0":"post-185455","1":"product","2":"type-product","3":"status-publish","4":"has-post-thumbnail","6":"product_cat-home-batteries","8":"first","9":"instock","10":"sale","11":"taxable","12":"shipping-taxable","13":"purchasable","14":"product-type-simple"},"taxonomy_info":{"product_cat":[{"value":17,"label":"Home batteries"}]},"featured_image_src_large":["https:\/\/ownpowr.com\/wp-content\/uploads\/2024\/10\/maxus-.png",300,300,false],"author_info":[],"comment_info":"","_links":{"self":[{"href":"https:\/\/ownpowr.com\/ro\/wp-json\/wp\/v2\/product\/185455","targetHints":{"allow":["GET"]}}],"collection":[{"href":"https:\/\/ownpowr.com\/ro\/wp-json\/wp\/v2\/product"}],"about":[{"href":"https:\/\/ownpowr.com\/ro\/wp-json\/wp\/v2\/types\/product"}],"wp:featuredmedia":[{"embeddable":true,"href":"https:\/\/ownpowr.com\/ro\/wp-json\/wp\/v2\/media\/185452"}],"wp:attachment":[{"href":"https:\/\/ownpowr.com\/ro\/wp-json\/wp\/v2\/media?parent=185455"}],"wp:term":[{"taxonomy":"product_cat","embeddable":true,"href":"https:\/\/ownpowr.com\/ro\/wp-json\/wp\/v2\/product_cat?post=185455"},{"taxonomy":"product_tag","embeddable":true,"href":"https:\/\/ownpowr.com\/ro\/wp-json\/wp\/v2\/product_tag?post=185455"}],"curies":[{"name":"wp","href":"https:\/\/api.w.org\/{rel}","templated":true}]}}