{"id":187363,"date":"2024-10-23T13:18:18","date_gmt":"2024-10-23T11:18:18","guid":{"rendered":"https:\/\/ownpowr.com\/?post_type=product&#038;p=187363"},"modified":"2025-02-06T17:48:30","modified_gmt":"2025-02-06T15:48:30","slug":"blauhoff-50k-120kwh-hv-3-phase-system-powerpack-ip55-100ah-1c-charge-discharge","status":"publish","type":"product","link":"https:\/\/ownpowr.com\/ro\/product\/blauhoff-50k-120kwh-hv-3-phase-system-powerpack-ip55-100ah-1c-incarcare-descarcare\/","title":{"rendered":"Blauhoff 50K\/120kWh HV 3 Phase System Powerpack IP55 100aH 1C \u00cenc\u0103rcare\/Desc\u0103rcare"},"content":{"rendered":"<p><strong>Blauhoff Home 50K\/120 kWh Sistem trifazat HV Powerpack f\u0103r\u0103 cobalt IP55<\/strong><\/p>\n<p>Sistemul trifazat Blauhoff Home BLH-50k\/120 kWh, super robust \u0219i u\u0219or de extins, de la renumitul brand Blauhoff, ofer\u0103 o solu\u021bie fiabil\u0103 \u0219i eficient\u0103 de stocare a energiei pentru gospod\u0103riile cu consum mai mare. Cu acest sistem puternic, pute\u021bi optimiza eficien\u021ba energetic\u0103 a locuin\u021bei dumneavoastr\u0103, reduce dependen\u021ba de re\u021bea \u0219i beneficia\u021bi de alimentare de urgen\u021b\u0103 \u00een caz de \u00eentreruperi de curent. \u00cen plus, acest sistem vine cu montaj gratuit, asigur\u00e2nd o instalare f\u0103r\u0103 probleme. Comunic\u0103 cu puterea dinamic\u0103 \u00een func\u021bie de necesit\u0103\u021bi, f\u0103r\u0103 abonament \u0219i \u00eentotdeauna alegerea liber\u0103 a furnizorului de energie !<\/p>\n<p>Invertorul are o lungime de 780 mm \u0219i o greutate de 33,6 kg. Un cablu suplimentar de 300 mm \u00eentre invertor \u0219i baterie v\u0103 permite s\u0103 determina\u021bi amplasarea optim\u0103 pentru sistemul dvs., asigur\u00e2nd un transfer eficient de energie \u0219i pierderi minime de energie.<\/p>\n<p>Blauhoff Home 50K\/120 kWh Sistem trifazat HV Powerpack f\u0103r\u0103 cobalt IP65<\/p>\n<p>Sistemul de baterii Blauhoff este durabil, f\u0103r\u0103 cobalt \u0219i compact \u0219i plat, cu dimensiuni de 734 mm x 400 mm per modul \u0219i o greutate de 1340 kg. Bateria are o capacitate de 120 kWh, permi\u021b\u00e2ndu-v\u0103 s\u0103 stoca\u021bi excesul de energie generat de panourile solare sau de alte surse de energie. \u00cen momentele \u00een care nu exist\u0103 produc\u021bie de energie, pute\u021bi utiliza energia stocat\u0103 pentru a v\u0103 acoperi consumul de energie, reduc\u00e2ndu-v\u0103 dependen\u021ba de re\u021bea \u0219i reduc\u00e2ndu-v\u0103 \u0219i mai mult costurile cu energia. Toate acestea se \u00eent\u00e2mpl\u0103 automat \u00een combina\u021bie cu un contract dinamic de energie, a\u0219a cum este prezent. Astfel, pute\u021bi profita de energia ieftin\u0103 pe timp de noapte, iarna, \u0219i s\u0103 o utiliza\u021bi toat\u0103 ziua, iar vara, s\u0103 o \u00eenc\u0103rca\u021bi gratuit dup\u0103-amiaza \u0219i s\u0103 o utiliza\u021bi seara \u0219i s\u0103 \u00eenc\u0103rca\u021bi ma\u0219ina cu ea diminea\u021ba sau noaptea.<\/p>\n<p>\u00cenc\u0103rcare \/ desc\u0103rcare 1C (100aH) special realizat\u0103, astfel \u00eenc\u00e2t s\u0103 pute\u021bi \u00eenc\u0103rca \u0219i desc\u0103rca la viteza fulgerului. 8000 de cicluri garan\u021bie de 10 ani &amp; certificat UL9540A, cea mai \u00eenalt\u0103 categorie realizabil\u0103 \u0219i sigur\u0103 la foc!<\/p>\n<p>Livrat \u00eentotdeauna cu Blauhoff Smartlanhub gratuit, inclusiv aplica\u021bie \u0219i hardware, astfel \u00eenc\u00e2t s\u0103 pute\u021bi tranzac\u021biona dinamic, automat \u0219i f\u0103r\u0103 taxe de abonament \u0219i s\u0103 fi\u021bi responsabil de propriul furnizor de energie. Pute\u021bi comuta zilnic la cel mai avantajos furnizor. Compatibil \u0219i cu Homeautomation \u0219i Homey Pro home automation.<\/p>\n<p>Sistemul trifazat Home BLH-50k\/120 kWh este recomandat pentru gospod\u0103rii cu un consum mediu anual de aproximativ 43800 kWh. Cu o putere de 50 kW, pute\u021bi acoperi o parte semnificativ\u0103 a nevoilor dvs. energetice folosind energia solar\u0103 generat\u0103 \u0219i energia stocat\u0103 \u00een baterie. \u00cen plus, acest sistem asigur\u0103 alimentarea de urgen\u021b\u0103, astfel \u00eenc\u00e2t dispozitivele importante continu\u0103 s\u0103 func\u021bioneze \u00een timpul \u00eentreruperilor de curent, iar rutinele dumneavoastr\u0103 zilnice pot continua f\u0103r\u0103 \u00eentreruperi. Sistemul este, de asemenea, extensibil p\u00e2n\u0103 la 600kWh.<\/p>\n<p>Powerpack-ul de sistem trifazat Blauhoff Home BLH-50k\/120 kWh este proiectat cu flexibilitate \u00een minte. Dispune de un port pentru generator\/moar\u0103 de v\u00e2nt, permi\u021b\u00e2ndu-v\u0103 s\u0103 ad\u0103uga\u021bi surse suplimentare de energie \u0219i s\u0103 v\u0103 cre\u0219te\u021bi \u0219i mai mult independen\u021ba energetic\u0103. Cu o conexiune minim\u0103 de 3x80A \u0219i potrivit pentru configura\u021bii trifazate, acest sistem este compatibil cu majoritatea re\u021belelor electrice de uz casnic.<\/p>\n<p>Datorit\u0103 asambl\u0103rii gratuite, v\u0103 pute\u021bi baza pe o instalare profesional\u0103, asigur\u00e2ndu-v\u0103 c\u0103 sistemul dvs. func\u021bioneaz\u0103 optim din primul moment \u0219i v\u0103 pute\u021bi bucura de o experien\u021b\u0103 f\u0103r\u0103 griji.<\/p>\n<p>Face\u021bi trecerea la o alimentare cu energie mai eficient\u0103 \u0219i mai durabil\u0103 cu sistemul trifazat Blauhoff Home BLH-50k\/120kWh.Cu un sistem puternic de stocare a energiei, alimentare de urgen\u021b\u0103 \u0219i flexibilitate \u00een sursele de energie, v\u0103 pute\u021bi baza pe o alimentare fiabil\u0103, pute\u021bi realiza economii \u0219i v\u0103 pute\u021bi reduce amprenta de carbon. Alege\u021bi Blauhoff \u0219i preg\u0103ti\u021bi-v\u0103 casa pentru nevoile energetice ale viitorului.<\/p>\n<p><strong>Disponibil \u0219i cu \u00eenc\u0103lzire pentru montarea \u00een camere reci sau \u00een aer liber, ca op\u021biune suplimentar\u0103!<\/strong><\/p>\n<p><a href=\"https:\/\/blauhoff.nl\/wp-content\/uploads\/2024\/10\/Blauhoff-Power-Pack-HV-V1.4-1.pdf\" target=\"_blank\" rel=\"noopener\">Blauhoff Power Pack HV V1.4 (1)<\/a><\/p>\n<p><a href=\"https:\/\/blauhoff.nl\/wp-content\/uploads\/2024\/12\/Blauhoff-PowerPack-Series.mp4\" target=\"_blank\" rel=\"noopener\">Blauhoff-PowerPack-Series.mp4<\/a><\/p>","protected":false},"excerpt":{"rendered":"<p>Blauhoff Home 50K\/120 kWh Sistem trifazat HV Powerpack f\u0103r\u0103 cobalt IP55 Sistemul trifazat super robust \u0219i u\u0219or de extins Blauhoff Home BLH-50k\/120 kWh, de la renumitul brand Blauhoff, ofer\u0103 o [...]<\/p>","protected":false},"featured_media":187367,"template":"","meta":{"_seopress_robots_primary_cat":"none","_seopress_titles_title":"","_seopress_titles_desc":"","_seopress_robots_index":"","_kad_blocks_custom_css":"","_kad_blocks_head_custom_js":"","_kad_blocks_body_custom_js":"","_kad_blocks_footer_custom_js":""},"product_cat":[17,19],"product_tag":[],"class_list":{"0":"post-187363","1":"product","2":"type-product","3":"status-publish","4":"has-post-thumbnail","6":"product_cat-home-batteries","7":"product_cat-sets-with-inverters","9":"first","10":"instock","11":"taxable","12":"shipping-taxable","13":"purchasable","14":"product-type-simple"},"taxonomy_info":{"product_cat":[{"value":17,"label":"Home batteries"},{"value":19,"label":"Sets with inverters"}]},"featured_image_src_large":["https:\/\/ownpowr.com\/wp-content\/uploads\/2024\/10\/bh3_50k_120kwh-300x300-1.png",300,300,false],"author_info":[],"comment_info":"","_links":{"self":[{"href":"https:\/\/ownpowr.com\/ro\/wp-json\/wp\/v2\/product\/187363","targetHints":{"allow":["GET"]}}],"collection":[{"href":"https:\/\/ownpowr.com\/ro\/wp-json\/wp\/v2\/product"}],"about":[{"href":"https:\/\/ownpowr.com\/ro\/wp-json\/wp\/v2\/types\/product"}],"wp:featuredmedia":[{"embeddable":true,"href":"https:\/\/ownpowr.com\/ro\/wp-json\/wp\/v2\/media\/187367"}],"wp:attachment":[{"href":"https:\/\/ownpowr.com\/ro\/wp-json\/wp\/v2\/media?parent=187363"}],"wp:term":[{"taxonomy":"product_cat","embeddable":true,"href":"https:\/\/ownpowr.com\/ro\/wp-json\/wp\/v2\/product_cat?post=187363"},{"taxonomy":"product_tag","embeddable":true,"href":"https:\/\/ownpowr.com\/ro\/wp-json\/wp\/v2\/product_tag?post=187363"}],"curies":[{"name":"wp","href":"https:\/\/api.w.org\/{rel}","templated":true}]}}