{"id":187742,"date":"2024-10-25T09:11:12","date_gmt":"2024-10-25T07:11:12","guid":{"rendered":"https:\/\/ownpowr.com\/?post_type=product&#038;p=187742"},"modified":"2025-01-30T09:53:51","modified_gmt":"2025-01-30T07:53:51","slug":"blauhoff-25k-80kwh-hv-3-phase-system-powerpack-ip55-100ah-1c-charge-discharge","status":"publish","type":"product","link":"https:\/\/ownpowr.com\/ro\/product\/blauhoff-25k-80kwh-hv-3-phase-system-powerpack-ip55-100ah-1c-incarcare-descarcare\/","title":{"rendered":"Blauhoff 25K\/80kWh HV 3 Phase System Powerpack IP55 100aH 1C \u00cenc\u0103rcare\/Desc\u0103rcare"},"content":{"rendered":"<h2>Blauhoff Home 25K\/80 kWh HV 3 Fase systeem Cobalt vrij Powerpack IP55 Outdoor\/Indoor\/Cobalt vrij 100aH 1C<\/h2>\n<p>Blauhoff Home BLH-25k\/80 kWh 3 Fase Systeem, de la brandul Blauhoff, ofer\u0103 o solu\u021bie fiabil\u0103 \u0219i eficient\u0103 pentru reducerea consumului de energie \u00een locuin\u021be cu un verbruik mai mare. Cu ajutorul acestui sistem performant, pute\u021bi optimiza eficien\u021ba energetic\u0103 a locuin\u021bei dvs., pute\u021bi reduce dependen\u021ba de re\u021beaua de electricitate \u0219i pute\u021bi beneficia de un consum redus de energie \u00een condi\u021bii de siguran\u021b\u0103. \u00cen plus, acest sistem este dotat cu montaj gratuit, ceea ce asigur\u0103 o instalare optim\u0103. Communiceert met dynamische stroom als nodig zonder abonnement en altijd vrije keuze in energie leverancier !<\/p>\n<p>Omvormer are o lungime de 780 mm \u0219i o greutate de 33,6 kg. Cu un cablu suplimentar de 300 mm \u00eentre omvormer \u0219i baterie, pute\u021bi ob\u021bine o amplasare optim\u0103 pentru sistemul dvs., ceea ce este necesar pentru un consum eficient de energie \u0219i o reducere minim\u0103 a consumului de energie.<\/p>\n<p>Sistemul de baterii Blauhoff este robust, cobalt, compact \u0219i u\u0219or, cu dimensiuni de 734 mm x 400 mm per modul \u0219i o greutate de 906 kg. Bateria are o capacitate de 80 kWh, ceea ce v\u0103 permite s\u0103 consuma\u021bi energie suplimentar\u0103 care va fi generat\u0103 de panourile dvs. zonale sau de alte surse de energie. \u00cen momentele \u00een care nu exist\u0103 niciun produs energetic, trebuie s\u0103 v\u0103 folosi\u021bi de energia op\u021bional\u0103 pentru a ob\u021bine energia necesar\u0103, ceea ce v\u0103 va face s\u0103 v\u0103 bucura\u021bi mai mult de re\u021beaua de electricitate \u0219i s\u0103 v\u0103 bucura\u021bi mai mult de energiile dumneavoastr\u0103. Acest lucru se \u00eent\u00e2mpl\u0103 \u00een mod automat \u00een combina\u021bie cu un contract energetic dinamic. U kunt dan in de winter profiteren van goedkope stroom in de nacht en die de hele dag gebruiken en in de zomer gratis laden in de middag en s'avonds gebruiken en in de morgen of in de nacht de auto ermee opladen.<\/p>\n<p><strong>Speciaal gemaakt Charge\/Discharge 1C (100aH), zodat u razend snel kunt laden en ontladen. 8000 de cicluri 10 ani garan\u021bie &amp; UL9540A certificat, de hoogst haalbare en brand veiligste categorie!<\/strong><\/p>\n<p><strong>Complet echipat cu Blauhoff Smartlanhub gratuit, inclusiv aplica\u021bie \u0219i hardware, astfel \u00eenc\u00e2t s\u0103 v\u0103 pute\u021bi ocupa \u00een mod automat \u0219i \u00een mod dinamic, \u00een baza abonamentelor, \u0219i s\u0103 v\u0103 pute\u021bi folosi singur de energia pe care o de\u021bine\u021bi.  U kunt dagelijks kan wisselen naar de voordeligste leverancier. Tevens compatible met Homeautomation and Homey Pro domotica.<\/strong><\/p>\n<p>Home BLH-25k\/80 kWh 3 Fase Systeem este disponibil pentru consumatorii casnici cu un consum anual estimat de peste 29200 kWh. Cu o putere de 25 kW, pute\u021bi ob\u021bine o cantitate mai mare de energie prin intermediul energiei zonale op\u021bionale \u0219i al energiei op\u021bionale din baterie. Bovendien biedt dit systeem noodstroomvoorziening, zodat belangrijke apparaten blijven werken tijdens stroomuitval en uw dagelijkse routines ongestoord kunnen doorgaan. Tevens is het systeem uit te bouwen to max 600kWh<\/p>\n<p>Powerpack-ul Blauhoff Home BLH-25k\/80 kWh 3 Fase Systeem este conceput pentru a oferi flexibilitate. Se bazeaz\u0103 pe o surs\u0103 de energie generatoare\/windmolen, care v\u0103 ofer\u0103 posibilitatea de a utiliza mai multe surse de energie \u0219i de a m\u0103ri mai mult cantitatea de energie produs\u0103. Cu un consum minim de 3x25A \u0219i proiectat pentru configura\u021bii cu 3 faze, acest sistem este compatibil cu cele mai multe re\u021bele electrice de \u00eenalt\u0103 tensiune.<\/p>\n<p>Cu ajutorul montajului gratuit, v\u0103 pute\u021bi bucura de o instalare profesional\u0103, care v\u0103 va permite ca sistemul dumneavoastr\u0103 s\u0103 func\u021bioneze \u00een mod optim de la un moment dat \u0219i v\u0103 va permite s\u0103 v\u0103 bucura\u021bi de o utilizare excelent\u0103.<\/p>\n<p>Trece\u021bi la o energie mai eficient\u0103 \u0219i mai durabil\u0103 cu sistemul de 3 faze Blauhoff Home BLH-25k\/80kWh. Cu un consum redus de energie, un consum redus de energie \u0219i flexibilitate \u00een consumul de energie, pute\u021bi ob\u021bine un consum redus de energie, o reducere a costurilor \u0219i o reducere a impactului ecologic. Conecta\u021bi-v\u0103 la Blauhoff \u0219i asigura\u021bi-v\u0103 c\u0103 acumulatorul este potrivit pentru consumurile de energie ale consumatorului.<\/p>\n<p><a href=\"https:\/\/blauhoff.nl\/wp-content\/uploads\/2024\/10\/Blauhoff-Power-Pack-HV-V1.4-1.pdf\" target=\"_blank\" rel=\"noopener\">Blauhoff Power Pack HV V1.4 (1)<\/a><\/p>","protected":false},"excerpt":{"rendered":"<p>Blauhoff Home 25K\/80 kWh HV 3 Fase systeem Cobalt vrij Powerpack IP55 Outdoor\/Indoor\/Cobalt vrij 100aH 1C Sistemul 3 Fase Blauhoff Home BLH-25k\/80 kWh, de [...]<\/p>","protected":false},"featured_media":187745,"template":"","meta":{"_seopress_robots_primary_cat":"none","_seopress_titles_title":"","_seopress_titles_desc":"","_seopress_robots_index":"","_kad_blocks_custom_css":"","_kad_blocks_head_custom_js":"","_kad_blocks_body_custom_js":"","_kad_blocks_footer_custom_js":""},"product_cat":[17,19],"product_tag":[],"class_list":{"0":"post-187742","1":"product","2":"type-product","3":"status-publish","4":"has-post-thumbnail","6":"product_cat-home-batteries","7":"product_cat-sets-with-inverters","9":"first","10":"instock","11":"taxable","12":"shipping-taxable","13":"purchasable","14":"product-type-simple"},"taxonomy_info":{"product_cat":[{"value":17,"label":"Home batteries"},{"value":19,"label":"Sets with inverters"}]},"featured_image_src_large":["https:\/\/ownpowr.com\/wp-content\/uploads\/2024\/10\/bh3-25k-80kwh-300x300-1.png",300,300,false],"author_info":[],"comment_info":"","_links":{"self":[{"href":"https:\/\/ownpowr.com\/ro\/wp-json\/wp\/v2\/product\/187742","targetHints":{"allow":["GET"]}}],"collection":[{"href":"https:\/\/ownpowr.com\/ro\/wp-json\/wp\/v2\/product"}],"about":[{"href":"https:\/\/ownpowr.com\/ro\/wp-json\/wp\/v2\/types\/product"}],"wp:featuredmedia":[{"embeddable":true,"href":"https:\/\/ownpowr.com\/ro\/wp-json\/wp\/v2\/media\/187745"}],"wp:attachment":[{"href":"https:\/\/ownpowr.com\/ro\/wp-json\/wp\/v2\/media?parent=187742"}],"wp:term":[{"taxonomy":"product_cat","embeddable":true,"href":"https:\/\/ownpowr.com\/ro\/wp-json\/wp\/v2\/product_cat?post=187742"},{"taxonomy":"product_tag","embeddable":true,"href":"https:\/\/ownpowr.com\/ro\/wp-json\/wp\/v2\/product_tag?post=187742"}],"curies":[{"name":"wp","href":"https:\/\/api.w.org\/{rel}","templated":true}]}}