{"id":203500,"date":"2025-01-17T11:19:28","date_gmt":"2025-01-17T09:19:28","guid":{"rendered":"https:\/\/ownpowr.com\/?post_type=product&#038;p=203500"},"modified":"2025-01-30T10:19:51","modified_gmt":"2025-01-30T08:19:51","slug":"blauhoff-25k-38-0-kwh-slim-line-hv","status":"publish","type":"product","link":"https:\/\/ownpowr.com\/ro\/product\/blauhoff-25k-38-0-kwh-slim-line-hv\/","title":{"rendered":"Blauhoff 25k\/38.0 kWh Slim Line HV"},"content":{"rendered":"<p>Blauhoff Home 25K\/38.0kWh Sistem trifazat Slim Line IP65 17 cm sub\u021bire Outdoor\/Indoor !<\/p>\n<p>Sistemul trifazat super sub\u021bire Blauhoff Home 25K\/38.0kWh, de la renumitul brand Blauhoff, ofer\u0103 o solu\u021bie fiabil\u0103 \u0219i eficient\u0103 pentru stocarea energiei \u00een gospod\u0103rii cu consum mediu. Cu acest sistem puternic pute\u021bi optimiza eficien\u021ba energetic\u0103 a locuin\u021bei dumneavoastr\u0103, reduce dependen\u021ba de re\u021beaua electric\u0103 \u0219i beneficia\u021bi de alimentare de urgen\u021b\u0103 \u00een cazul unei pene de curent. \u00cen plus, acest sistem vine cu instalare gratuit\u0103, ceea ce asigur\u0103 o instalare f\u0103r\u0103 griji. Comunic\u0103 cu energie dinamic\u0103, dup\u0103 cum este necesar, f\u0103r\u0103 abonament \u0219i \u00eentotdeauna alegerea liber\u0103 a furnizorului de energie!<\/p>\n<p>Invertorul are o lungime de 780 mm \u0219i o greutate de 33,6 kg. Cu un cablu suplimentar de 300 mm \u00eentre invertor \u0219i baterie, pute\u021bi determina amplasarea optim\u0103 pentru sistemul dvs., care asigur\u0103 un transfer eficient de energie \u0219i pierderi minime de energie.<\/p>\n<p>Sistemul de baterii Blauhoff este durabil \u0219i ultra compact \u0219i plat, m\u0103sur\u00e2nd 670mm x 900mm x 170mm \u0219i c\u00e2nt\u0103rind 150kg. Bateria are o capacitate de 38,0 kWh, permi\u021b\u00e2ndu-v\u0103 s\u0103 stoca\u021bi energia \u00een exces generat\u0103 de panourile solare sau de alte surse de energie. Atunci c\u00e2nd nu exist\u0103 produc\u021bie de energie, pute\u021bi utiliza energia stocat\u0103 pentru a v\u0103 acoperi consumul de energie, f\u0103c\u00e2ndu-v\u0103 mai pu\u021bin dependent de re\u021bea \u0219i reduc\u00e2nd \u00een continuare costurile cu energia. Toate acestea se \u00eent\u00e2mpl\u0103 automat, \u00een combina\u021bie cu un contract dinamic de energie, dac\u0103 este disponibil. Astfel, iarna pute\u021bi beneficia de energie electric\u0103 ieftin\u0103 pe timp de noapte \u0219i o pute\u021bi folosi toat\u0103 ziua, iar vara v\u0103 pute\u021bi \u00eenc\u0103rca gratuit dup\u0103-amiaza \u0219i seara \u0219i o pute\u021bi folosi pentru a v\u0103 \u00eenc\u0103rca ma\u0219ina diminea\u021ba sau noaptea.<\/p>\n<p>Sistemul trifazat Home 25K\/38.0kWh este recomandat pentru gospod\u0103riile cu un consum mediu anual de aproximativ 13870 kWh. Cu o capacitate de 25 kW, pute\u021bi acoperi o parte semnificativ\u0103 din nevoile dvs. energetice folosind energia solar\u0103 generat\u0103 \u0219i stocat\u0103 \u00een baterie. \u00cen plus, acest sistem ofer\u0103 energie de urgen\u021b\u0103, astfel \u00eenc\u00e2t dispozitivele importante continu\u0103 s\u0103 func\u021bioneze \u00een timpul \u00eentreruperilor de curent, iar rutinele dvs. zilnice pot continua f\u0103r\u0103 \u00eentreruperi.<\/p>\n<p>Blauhoff Home 25K\/38.0kWh 3 Phase System Slim Line este proiectat cu flexibilitate \u00een minte. Dispune de un port pentru generator\/turbin\u0103 eolian\u0103, oferindu-v\u0103 op\u021biunea de a ad\u0103uga surse suplimentare de energie \u0219i de a v\u0103 cre\u0219te \u0219i mai mult independen\u021ba energetic\u0103. Cu o conexiune minim\u0103 de 3x50A \u0219i potrivit pentru configura\u021bii trifazate, acest sistem este compatibil cu majoritatea re\u021belelor electrice de uz casnic.<\/p>\n<p>Datorit\u0103 instal\u0103rii gratuite, v\u0103 pute\u021bi baza pe o instalare profesional\u0103, asigur\u00e2ndu-v\u0103 c\u0103 sistemul dvs. func\u021bioneaz\u0103 optim \u00eenc\u0103 din primul moment \u0219i v\u0103 pute\u021bi bucura de o experien\u021b\u0103 f\u0103r\u0103 griji.<\/p>\n<p>Face\u021bi trecerea la o surs\u0103 de energie mai eficient\u0103 \u0219i mai durabil\u0103 cu sistemul trifazat Blauhoff Home 25K\/38.0kWh. Cu un puternic sistem de stocare a energiei, alimentare de urgen\u021b\u0103 \u0219i flexibilitate \u00een ceea ce prive\u0219te sursele de energie, v\u0103 pute\u021bi baza pe o alimentare fiabil\u0103, pute\u021bi realiza economii \u0219i v\u0103 pute\u021bi reduce amprenta ecologic\u0103. Alege\u021bi Blauhoff \u0219i preg\u0103ti\u021bi-v\u0103 casa pentru nevoile energetice ale viitorului.<\/p>\n<p><a href=\"https:\/\/blauhoff.nl\/wp-content\/uploads\/2024\/02\/Datasheet-Blauhoff-RESS-HV-Slim-Line.pdf\" target=\"_blank\" rel=\"noopener\">Fi\u0219a tehnic\u0103 Blauhoff RESS HV Slim Line<\/a><\/p>","protected":false},"excerpt":{"rendered":"<p>Blauhoff Home 25K\/38.0kWh 3 Phase System Slim Line IP65 17 cm sub\u021bire Outdoor\/Indoor ! Sistemul trifazat super sub\u021bire Blauhoff Home 25K\/38.0kWh, de la renumitul brand Blauhoff, ofer\u0103 o [...]<\/p>","protected":false},"featured_media":203504,"template":"","meta":{"_seopress_robots_primary_cat":"none","_seopress_titles_title":"","_seopress_titles_desc":"","_seopress_robots_index":"","_kad_blocks_custom_css":"","_kad_blocks_head_custom_js":"","_kad_blocks_body_custom_js":"","_kad_blocks_footer_custom_js":""},"product_cat":[17,19],"product_tag":[],"class_list":{"0":"post-203500","1":"product","2":"type-product","3":"status-publish","4":"has-post-thumbnail","6":"product_cat-home-batteries","7":"product_cat-sets-with-inverters","9":"first","10":"instock","11":"taxable","12":"shipping-taxable","13":"purchasable","14":"product-type-simple"},"taxonomy_info":{"product_cat":[{"value":17,"label":"Home batteries"},{"value":19,"label":"Sets with inverters"}]},"featured_image_src_large":["https:\/\/ownpowr.com\/wp-content\/uploads\/2025\/01\/slimline-25k-38.0-1024x1024.png",1024,1024,true],"author_info":[],"comment_info":"","_links":{"self":[{"href":"https:\/\/ownpowr.com\/ro\/wp-json\/wp\/v2\/product\/203500","targetHints":{"allow":["GET"]}}],"collection":[{"href":"https:\/\/ownpowr.com\/ro\/wp-json\/wp\/v2\/product"}],"about":[{"href":"https:\/\/ownpowr.com\/ro\/wp-json\/wp\/v2\/types\/product"}],"wp:featuredmedia":[{"embeddable":true,"href":"https:\/\/ownpowr.com\/ro\/wp-json\/wp\/v2\/media\/203504"}],"wp:attachment":[{"href":"https:\/\/ownpowr.com\/ro\/wp-json\/wp\/v2\/media?parent=203500"}],"wp:term":[{"taxonomy":"product_cat","embeddable":true,"href":"https:\/\/ownpowr.com\/ro\/wp-json\/wp\/v2\/product_cat?post=203500"},{"taxonomy":"product_tag","embeddable":true,"href":"https:\/\/ownpowr.com\/ro\/wp-json\/wp\/v2\/product_tag?post=203500"}],"curies":[{"name":"wp","href":"https:\/\/api.w.org\/{rel}","templated":true}]}}