{"id":205857,"date":"2025-01-30T13:37:19","date_gmt":"2025-01-30T11:37:19","guid":{"rendered":"https:\/\/ownpowr.com\/?post_type=product&#038;p=205857"},"modified":"2025-01-31T10:08:34","modified_gmt":"2025-01-31T08:08:34","slug":"blauhoff-25k-50kwh-hv-3-phase-system-powerpack-ip55-100ah-1c-charge-discharge","status":"publish","type":"product","link":"https:\/\/ownpowr.com\/ro\/product\/blauhoff-25k-50kwh-hv-3-phase-system-powerpack-ip55-100ah-1c-incarcare-descarcare\/","title":{"rendered":"Blauhoff 25K\/50kWh HV 3 Phase System Powerpack IP55 100aH 1C \u00cenc\u0103rcare\/Desc\u0103rcare"},"content":{"rendered":"<p>Blauhoff Home 25K\/50 kWh HV sistem trifazat f\u0103r\u0103 cobalt Powerpack IP55 exterior\/interior\/f\u0103r\u0103 cobalt 100aH 1C<\/p>\n<p>Sistemul trifazat super robust \u0219i u\u0219or de extins Blauhoff Home BLH-25k\/50 kWh, de la renumitul brand Blauhoff, ofer\u0103 o solu\u021bie fiabil\u0103 \u0219i eficient\u0103 de stocare a energiei pentru gospod\u0103riile cu consum ridicat. Cu acest sistem puternic, pute\u021bi optimiza eficien\u021ba energetic\u0103 a locuin\u021bei dumneavoastr\u0103, reduce dependen\u021ba de re\u021bea \u0219i beneficia\u021bi de alimentare de urgen\u021b\u0103 \u00een caz de \u00eentreruperi de curent. \u00cen plus, acest sistem vine cu montaj gratuit, asigur\u00e2nd o instalare f\u0103r\u0103 probleme. Comunic\u0103 \u00een func\u021bie de necesit\u0103\u021bi cu energie dinamic\u0103 f\u0103r\u0103 abonament \u0219i \u00eentotdeauna libera alegere a furnizorului de energie!<\/p>\n<p>Invertorul are o lungime de 780 mm \u0219i o greutate de 33,6 kg. Cu un cablu suplimentar de 300 mm \u00eentre invertor \u0219i baterie, pute\u021bi determina amplasarea optim\u0103 pentru sistemul dvs., asigur\u00e2nd transferul eficient de energie \u0219i pierderi minime de energie.<\/p>\n<p>Sistemul trifazat Home BLH-25k\/50 kWh este recomandat pentru gospod\u0103riile cu un consum mediu anual de aproximativ 18250 kWh. Cu o putere de 25 kW, pute\u021bi acoperi o parte semnificativ\u0103 a nevoilor dvs. energetice prin utilizarea energiei solare generate \u0219i a energiei stocate \u00een baterie. \u00cen plus, acest sistem furnizeaz\u0103 energie de urgen\u021b\u0103, astfel \u00eenc\u00e2t dispozitivele importante continu\u0103 s\u0103 func\u021bioneze \u00een timpul \u00eentreruperilor de curent, iar rutinele dumneavoastr\u0103 zilnice pot continua f\u0103r\u0103 \u00eentreruperi. Sistemul este, de asemenea, extensibil p\u00e2n\u0103 la 600kWh.<\/p>\n<p>Powerpack-ul de sistem trifazat Blauhoff Home BLH-25k\/50 kWh este proiectat cu flexibilitate \u00een minte. Dispune de un port pentru generator\/moar\u0103 de v\u00e2nt, care v\u0103 permite s\u0103 ad\u0103uga\u021bi surse de energie suplimentare \u0219i s\u0103 v\u0103 cre\u0219te\u021bi \u0219i mai mult independen\u021ba energetic\u0103. Cu o conexiune minim\u0103 de 3x25A \u0219i potrivit pentru configura\u021bii trifazate, acest sistem este compatibil cu majoritatea re\u021belelor electrice de uz casnic.<\/p>\n<p>Cu asamblarea gratuit\u0103, v\u0103 pute\u021bi baza pe o instalare profesional\u0103, asigur\u00e2ndu-v\u0103 c\u0103 sistemul dvs. va func\u021biona optim din primul moment \u0219i v\u0103 pute\u021bi bucura de o experien\u021b\u0103 f\u0103r\u0103 griji.<\/p>\n<p>Face\u021bi trecerea la o surs\u0103 de energie mai eficient\u0103 \u0219i mai durabil\u0103 cu sistemul trifazat Blauhoff Home BLH-25k\/50 kWh. Cu un puternic sistem de stocare a energiei, energie de rezerv\u0103 \u0219i flexibilitate \u00een ceea ce prive\u0219te sursele de energie, v\u0103 pute\u021bi baza pe o surs\u0103 de alimentare fiabil\u0103, pute\u021bi realiza economii \u0219i v\u0103 pute\u021bi reduce amprenta de carbon. Alege\u021bi Blauhoff \u0219i preg\u0103ti\u021bi-v\u0103 casa pentru nevoile energetice ale viitorului.<\/p>\n<p>Disponibil \u0219i cu \u00eenc\u0103lzire pentru montarea \u00een camere reci sau \u00een aer liber, ca op\u021biune suplimentar\u0103!<\/p>\n<p><a href=\"https:\/\/blauhoff.nl\/wp-content\/uploads\/2024\/10\/Blauhoff-Power-Pack-HV-V1.4-1.pdf\" target=\"_blank\" rel=\"noopener\">Blauhoff Power Pack HV V1.4 (1)<\/a><\/p>\n<div style=\"width: 640px;\" class=\"wp-video\"><video class=\"wp-video-shortcode\" id=\"video-205857-1\" width=\"640\" height=\"360\" preload=\"metadata\" controls=\"controls\"><source type=\"video\/mp4\" src=\"https:\/\/blauhoff.nl\/wp-content\/uploads\/2024\/12\/Blauhoff-PowerPack-Series.mp4?_=1\" \/><a href=\"https:\/\/blauhoff.nl\/wp-content\/uploads\/2024\/12\/Blauhoff-PowerPack-Series.mp4\">https:\/\/blauhoff.nl\/wp-content\/uploads\/2024\/12\/Blauhoff-PowerPack-Series.mp4<\/a><\/video><\/div>","protected":false},"excerpt":{"rendered":"<p>Blauhoff Home 25K\/50 kWh HV 3 Phase System Cobalt-free Powerpack IP55 Outdoor\/Indoor\/Cobalt-free 100aH 1C Sistemul super robust \u0219i u\u0219or de extins Blauhoff Home BLH-25k\/50 kWh 3 Phase System, de la renumita [...]<\/p>","protected":false},"featured_media":205860,"template":"","meta":{"_seopress_robots_primary_cat":"none","_seopress_titles_title":"","_seopress_titles_desc":"","_seopress_robots_index":"","_kad_blocks_custom_css":"","_kad_blocks_head_custom_js":"","_kad_blocks_body_custom_js":"","_kad_blocks_footer_custom_js":""},"product_cat":[17,19],"product_tag":[],"class_list":{"0":"post-205857","1":"product","2":"type-product","3":"status-publish","4":"has-post-thumbnail","6":"product_cat-home-batteries","7":"product_cat-sets-with-inverters","9":"first","10":"instock","11":"taxable","12":"shipping-taxable","13":"purchasable","14":"product-type-simple"},"taxonomy_info":{"product_cat":[{"value":17,"label":"Home batteries"},{"value":19,"label":"Sets with inverters"}]},"featured_image_src_large":["https:\/\/ownpowr.com\/wp-content\/uploads\/2025\/01\/bh3_12k_50kwh-480x480-2.png",480,480,false],"author_info":[],"comment_info":"","_links":{"self":[{"href":"https:\/\/ownpowr.com\/ro\/wp-json\/wp\/v2\/product\/205857","targetHints":{"allow":["GET"]}}],"collection":[{"href":"https:\/\/ownpowr.com\/ro\/wp-json\/wp\/v2\/product"}],"about":[{"href":"https:\/\/ownpowr.com\/ro\/wp-json\/wp\/v2\/types\/product"}],"wp:featuredmedia":[{"embeddable":true,"href":"https:\/\/ownpowr.com\/ro\/wp-json\/wp\/v2\/media\/205860"}],"wp:attachment":[{"href":"https:\/\/ownpowr.com\/ro\/wp-json\/wp\/v2\/media?parent=205857"}],"wp:term":[{"taxonomy":"product_cat","embeddable":true,"href":"https:\/\/ownpowr.com\/ro\/wp-json\/wp\/v2\/product_cat?post=205857"},{"taxonomy":"product_tag","embeddable":true,"href":"https:\/\/ownpowr.com\/ro\/wp-json\/wp\/v2\/product_tag?post=205857"}],"curies":[{"name":"wp","href":"https:\/\/api.w.org\/{rel}","templated":true}]}}