{"id":206634,"date":"2025-02-06T12:35:26","date_gmt":"2025-02-06T10:35:26","guid":{"rendered":"https:\/\/ownpowr.com\/?post_type=product&#038;p=206634"},"modified":"2025-02-07T11:32:48","modified_gmt":"2025-02-07T09:32:48","slug":"blauhoff-home-12k-10-kwh-lv-3-phase-system-powerpack-ip55-100ah-1c-charge-discharge","status":"publish","type":"product","link":"https:\/\/ownpowr.com\/ro\/product\/blauhoff-home-12k-10-kwh-lv-3-phase-system-powerpack-ip55-100ah-1c-incarcare-descarcare\/","title":{"rendered":"Blauhoff Home 12K\/10 kWh LV 3 Phase System Powerpack IP55 100aH 1C \u00eenc\u0103rcare\/desc\u0103rcare"},"content":{"rendered":"<h2>Blauhoff Home 12K\/10 kWh LV 3 Phase System Cobalt free Powerpack IP55 Outdoor\/Indoor\/Cobalt free 100aH 1C<\/h2>\n<p>Sistemul super robust \u0219i u\u0219or de extins Blauhoff Home BLH-12k\/10 kWh trifazat, de la renumitul brand Blauhoff, ofer\u0103 o solu\u021bie fiabil\u0103 \u0219i eficient\u0103 de stocare a energiei pentru gospod\u0103riile cu consum mai mare. Cu acest sistem puternic, pute\u021bi optimiza eficien\u021ba energetic\u0103 a locuin\u021bei dumneavoastr\u0103, reduce dependen\u021ba de re\u021bea \u0219i beneficia\u021bi de alimentare de urgen\u021b\u0103 \u00een caz de \u00eentreruperi de curent. \u00cen plus, acest sistem vine cu montaj gratuit, asigur\u00e2nd o instalare f\u0103r\u0103 probleme. Comunic\u0103 cu puterea dinamic\u0103 \u00een func\u021bie de necesit\u0103\u021bi, f\u0103r\u0103 abonament \u0219i \u00eentotdeauna alegerea liber\u0103 a furnizorului de energie !<\/p>\n<p>Invertorul are o lungime de 780 mm \u0219i o greutate de 33,6 kg. Cu un cablu suplimentar de 300 mm \u00eentre invertor \u0219i baterie, pute\u021bi determina amplasarea optim\u0103 pentru sistemul dvs., asigur\u00e2nd un transfer eficient de energie \u0219i pierderi minime de energie.<\/p>\n<p>Sistemul de baterii Blauhoff este durabil, f\u0103r\u0103 cobalt \u0219i compact \u0219i plat, cu dimensiuni de 734 mm x 400 mm per modul \u0219i o greutate de 120 kg. Bateria are o capacitate de 10 kWh, permi\u021b\u00e2ndu-v\u0103 s\u0103 stoca\u021bi energia \u00een exces generat\u0103 de panourile solare sau de alte surse de energie. \u00cen momentele \u00een care nu exist\u0103 produc\u021bie de energie, pute\u021bi utiliza energia stocat\u0103 pentru a v\u0103 acoperi consumul de energie, reduc\u00e2nd dependen\u021ba de re\u021bea \u0219i reduc\u00e2nd \u0219i mai mult costurile cu energia. Toate acestea se \u00eent\u00e2mpl\u0103 automat \u00een combina\u021bie cu un contract dinamic de energie, a\u0219a cum este prezent. Astfel, pute\u021bi profita de energia ieftin\u0103 pe timp de noapte iarna \u0219i o pute\u021bi folosi toat\u0103 ziua, iar vara pute\u021bi folosi \u00eenc\u0103rcarea gratuit\u0103 dup\u0103-amiaza \u0219i o pute\u021bi folosi seara \u0219i \u00eenc\u0103rca ma\u0219ina cu ea diminea\u021ba sau noaptea.<\/p>\n<p><strong>\u00cenc\u0103rcare \/ desc\u0103rcare 1C (100aH) special realizat\u0103, astfel \u00eenc\u00e2t s\u0103 pute\u021bi \u00eenc\u0103rca \u0219i desc\u0103rca la viteza fulgerului. 8000 de cicluri garan\u021bie de 10 ani &amp; certificat UL9540A, cea mai \u00eenalt\u0103 categorie realizabil\u0103 \u0219i sigur\u0103 la foc!<\/strong><\/p>\n<p><strong>Livrat \u00eentotdeauna cu Blauhoff Smartlanhub gratuit, inclusiv aplica\u021bie \u0219i hardware, astfel \u00eenc\u00e2t s\u0103 pute\u021bi tranzac\u021biona dinamic, automat \u0219i f\u0103r\u0103 taxe de abonament \u0219i s\u0103 fi\u021bi responsabil de propriul furnizor de energie. Pute\u021bi comuta zilnic la cel mai avantajos furnizor. Compatibil \u0219i cu Homeautomation \u0219i Homey Pro home automation.<\/strong><\/p>\n<p>Sistemul trifazat Home BLH-12k\/10 kWh este recomandat pentru gospod\u0103riile cu un consum mediu anual de aproximativ 3650 kWh. Cu o putere de 10 kW, pute\u021bi acoperi o parte semnificativ\u0103 a nevoilor dvs. energetice folosind energia solar\u0103 generat\u0103 \u0219i energia stocat\u0103 \u00een baterie. \u00cen plus, acest sistem asigur\u0103 alimentarea de urgen\u021b\u0103, astfel \u00eenc\u00e2t dispozitivele importante continu\u0103 s\u0103 func\u021bioneze \u00een timpul \u00eentreruperilor de curent, iar rutinele dumneavoastr\u0103 zilnice pot continua f\u0103r\u0103 \u00eentreruperi. Sistemul este, de asemenea, extensibil p\u00e2n\u0103 la 600kWh.<\/p>\n<p>Powerpack-ul de sistem trifazat Blauhoff Home BLH-12k\/10 kWh este proiectat cu flexibilitate \u00een minte. Dispune de un port pentru generator\/moar\u0103 de v\u00e2nt, permi\u021b\u00e2ndu-v\u0103 s\u0103 ad\u0103uga\u021bi surse suplimentare de energie \u0219i s\u0103 v\u0103 cre\u0219te\u021bi \u0219i mai mult independen\u021ba energetic\u0103. Cu o conexiune minim\u0103 de 3x25A \u0219i potrivit pentru configura\u021bii trifazate, acest sistem este compatibil cu majoritatea re\u021belelor electrice de uz casnic.<\/p>\n<p>Datorit\u0103 asambl\u0103rii gratuite, v\u0103 pute\u021bi baza pe o instalare profesional\u0103, asigur\u00e2ndu-v\u0103 c\u0103 sistemul dvs. func\u021bioneaz\u0103 optim din primul moment \u0219i v\u0103 pute\u021bi bucura de o experien\u021b\u0103 f\u0103r\u0103 griji.<\/p>\n<p>Face\u021bi trecerea la o surs\u0103 de energie mai eficient\u0103 \u0219i mai durabil\u0103 cu sistemul trifazat Blauhoff Home BLH-12k\/10 kWh. Cu o stocare puternic\u0103 a energiei, energie de urgen\u021b\u0103 \u0219i flexibilitate \u00een sursele de energie, v\u0103 pute\u021bi baza pe o alimentare fiabil\u0103, pute\u021bi realiza economii \u0219i v\u0103 pute\u021bi reduce amprenta de carbon. Alege\u021bi Blauhoff \u0219i preg\u0103ti\u021bi-v\u0103 casa pentru nevoile energetice ale viitorului.<\/p>\n<p><strong>Disponibil \u0219i cu \u00eenc\u0103lzire pentru montarea \u00een camere reci sau \u00een aer liber, ca op\u021biune suplimentar\u0103!<\/strong><\/p>\n<p><a href=\"https:\/\/blauhoff.nl\/wp-content\/uploads\/2024\/07\/Blauhoff-Power-Pack-LV-V1.3-1.pdf\" target=\"_blank\" rel=\"noopener\">Blauhoff Bloc de alimentare LV V1.3<\/a><\/p>\n<div style=\"width: 640px;\" class=\"wp-video\"><video class=\"wp-video-shortcode\" id=\"video-206634-1\" width=\"640\" height=\"360\" preload=\"metadata\" controls=\"controls\"><source type=\"video\/mp4\" src=\"https:\/\/blauhoff.nl\/wp-content\/uploads\/2024\/12\/Blauhoff-PowerPack-Series.mp4?_=1\" \/><a href=\"https:\/\/blauhoff.nl\/wp-content\/uploads\/2024\/12\/Blauhoff-PowerPack-Series.mp4\">https:\/\/blauhoff.nl\/wp-content\/uploads\/2024\/12\/Blauhoff-PowerPack-Series.mp4<\/a><\/video><\/div>","protected":false},"excerpt":{"rendered":"<p>Blauhoff Home 12K\/10 kWh LV 3 Phase System Cobalt free Powerpack IP55 Outdoor\/Indoor\/Cobalt free 100aH 1C Sistemul super robust \u0219i u\u0219or de extins Blauhoff Home BLH-12k\/10 kWh 3 Phase, de la [...]<\/p>","protected":false},"featured_media":206638,"template":"","meta":{"_seopress_robots_primary_cat":"none","_seopress_titles_title":"","_seopress_titles_desc":"","_seopress_robots_index":"","_kad_blocks_custom_css":"","_kad_blocks_head_custom_js":"","_kad_blocks_body_custom_js":"","_kad_blocks_footer_custom_js":""},"product_cat":[17,19],"product_tag":[],"class_list":{"0":"post-206634","1":"product","2":"type-product","3":"status-publish","4":"has-post-thumbnail","6":"product_cat-home-batteries","7":"product_cat-sets-with-inverters","9":"first","10":"instock","11":"taxable","12":"shipping-taxable","13":"purchasable","14":"product-type-simple"},"taxonomy_info":{"product_cat":[{"value":17,"label":"Home batteries"},{"value":19,"label":"Sets with inverters"}]},"featured_image_src_large":["https:\/\/ownpowr.com\/wp-content\/uploads\/2025\/02\/bh3_12k_10kwh.png",480,480,false],"author_info":[],"comment_info":"","_links":{"self":[{"href":"https:\/\/ownpowr.com\/ro\/wp-json\/wp\/v2\/product\/206634","targetHints":{"allow":["GET"]}}],"collection":[{"href":"https:\/\/ownpowr.com\/ro\/wp-json\/wp\/v2\/product"}],"about":[{"href":"https:\/\/ownpowr.com\/ro\/wp-json\/wp\/v2\/types\/product"}],"wp:featuredmedia":[{"embeddable":true,"href":"https:\/\/ownpowr.com\/ro\/wp-json\/wp\/v2\/media\/206638"}],"wp:attachment":[{"href":"https:\/\/ownpowr.com\/ro\/wp-json\/wp\/v2\/media?parent=206634"}],"wp:term":[{"taxonomy":"product_cat","embeddable":true,"href":"https:\/\/ownpowr.com\/ro\/wp-json\/wp\/v2\/product_cat?post=206634"},{"taxonomy":"product_tag","embeddable":true,"href":"https:\/\/ownpowr.com\/ro\/wp-json\/wp\/v2\/product_tag?post=206634"}],"curies":[{"name":"wp","href":"https:\/\/api.w.org\/{rel}","templated":true}]}}