{"id":206791,"date":"2025-02-07T15:01:38","date_gmt":"2025-02-07T13:01:38","guid":{"rendered":"https:\/\/ownpowr.com\/?post_type=product&#038;p=206791"},"modified":"2025-02-07T15:01:47","modified_gmt":"2025-02-07T13:01:47","slug":"blauhoff-3-6k-20-kwh-lv-1-phase-system-powerpack-ip55-100ah-1c-charge-discharge","status":"publish","type":"product","link":"https:\/\/ownpowr.com\/ro\/product\/blauhoff-3-6k-20-kwh-lv-1-faza-sistem-powerpack-ip55-100ah-1c-incarcare-descarcare\/","title":{"rendered":"Blauhoff 3.6K\/20 kWh LV 1 Phase System Powerpack IP55 100aH 1C \u00cenc\u0103rcare\/Desc\u0103rcare"},"content":{"rendered":"<h2>Blauhoff Home 3.6K\/20 kWh LV 1 Faza sistem Cobalt free Powerpack IP55 Exterior\/Interior\/Cobalt free 100aH 1C<\/h2>\n<p>Sistemul super robust \u0219i u\u0219or de extins Blauhoff Home BLH-3.6k\/20 kWh 1 faz\u0103, de la renumitul brand Blauhoff, ofer\u0103 o solu\u021bie fiabil\u0103 \u0219i eficient\u0103 pentru stocarea energiei \u00een gospod\u0103riile cu consum mai mare. Cu acest sistem puternic pute\u021bi optimiza eficien\u021ba energetic\u0103 a locuin\u021bei dumneavoastr\u0103, reduce dependen\u021ba de re\u021beaua electric\u0103 \u0219i beneficia\u021bi de alimentare de urgen\u021b\u0103 \u00een cazul unei pene de curent. \u00cen plus, acest sistem este livrat cu instalare gratuit\u0103, ceea ce asigur\u0103 o instalare f\u0103r\u0103 griji. Comunic\u0103 cu energie dinamic\u0103 \u00een func\u021bie de necesit\u0103\u021bi, f\u0103r\u0103 abonament \u0219i \u00eentotdeauna alegerea liber\u0103 a furnizorului de energie!<\/p>\n<p>Invertorul are o lungime de 780 mm \u0219i o greutate de 33,6 kg. Cu un cablu suplimentar de 300 mm \u00eentre invertor \u0219i baterie, pute\u021bi determina amplasarea optim\u0103 pentru sistemul dvs., asigur\u00e2nd un transfer eficient de energie \u0219i pierderi minime de energie.<\/p>\n<p>Sistemul de baterii Blauhoff este durabil, f\u0103r\u0103 cobalt, compact \u0219i plat, cu dimensiuni de 734 mm x 400 mm per modul \u0219i o greutate de 248 kg. Bateria are o capacitate de 20 kWh, permi\u021b\u00e2ndu-v\u0103 s\u0103 stoca\u021bi energia \u00een exces generat\u0103 de panourile dvs. solare sau de alte surse de energie. \u00cen momentele \u00een care nu exist\u0103 produc\u021bie de energie, pute\u021bi utiliza energia stocat\u0103 pentru a v\u0103 acoperi consumul de energie, f\u0103c\u00e2ndu-v\u0103 mai pu\u021bin dependent de re\u021beaua de electricitate \u0219i reduc\u00e2ndu-v\u0103 \u0219i mai mult costurile cu energia. Toate acestea se \u00eent\u00e2mpl\u0103 automat, \u00een combina\u021bie cu un contract dinamic de energie, dac\u0103 este disponibil. Astfel, iarna pute\u021bi beneficia de energie electric\u0103 ieftin\u0103 pe timp de noapte \u0219i o pute\u021bi folosi toat\u0103 ziua, iar vara o pute\u021bi \u00eenc\u0103rca gratuit dup\u0103-amiaza \u0219i seara \u0219i o pute\u021bi folosi pentru a \u00eenc\u0103rca ma\u0219ina diminea\u021ba sau noaptea.<\/p>\n<p><strong>\u00cenc\u0103rcare \/ desc\u0103rcare 1C (100aH) special realizat\u0103, astfel \u00eenc\u00e2t s\u0103 pute\u021bi \u00eenc\u0103rca \u0219i desc\u0103rca foarte repede. 8000 de cicluri garan\u021bie de 10 ani &amp; certificat UL9540A, cea mai \u00eenalt\u0103 categorie realizabil\u0103 \u0219i sigur\u0103 la foc!<\/strong><\/p>\n<p><strong>Furnizat \u00eentotdeauna cu Blauhoff Smartlanhub gratuit, inclusiv aplica\u021bie \u0219i hardware, astfel \u00eenc\u00e2t s\u0103 pute\u021bi ac\u021biona \u00een mod automat \u0219i f\u0103r\u0103 costuri de abonament \u00een mod dinamic \u0219i s\u0103 v\u0103 controla\u021bi singur furnizorul de energie. Pute\u021bi trece zilnic la cel mai avantajos furnizor. Compatibil \u0219i cu Homeautomation \u0219i Homey Pro home automation.<\/strong><\/p>\n<p>Sistemul Home BLH-3.6k\/20 kWh 1 faz\u0103 este recomandat pentru gospod\u0103rii cu un consum mediu anual de aproximativ 7300 kWh. Cu o capacitate de 3,6 kW, pute\u021bi acoperi o parte semnificativ\u0103 a nevoilor dvs. de energie folosind energia solar\u0103 generat\u0103 \u0219i energia stocat\u0103 \u00een baterie. \u00cen plus, acest sistem ofer\u0103 alimentare de urgen\u021b\u0103, astfel \u00eenc\u00e2t dispozitivele importante continu\u0103 s\u0103 func\u021bioneze \u00een timpul \u00eentreruperilor de curent, iar rutinele dvs. zilnice pot continua f\u0103r\u0103 perturb\u0103ri. De asemenea, sistemul poate fi extins la maximum 600kWh.<\/p>\n<p>Powerpack-ul de sistem Blauhoff Home BLH-3.6k\/20 kWh 1 faz\u0103 este proiectat cu flexibilitate \u00een minte. Dispune de un port pentru generator\/moar\u0103 de v\u00e2nt, oferindu-v\u0103 op\u021biunea de a ad\u0103uga surse suplimentare de energie \u0219i de a v\u0103 cre\u0219te \u0219i mai mult independen\u021ba energetic\u0103. Cu o conexiune minim\u0103 de 3x25A \u0219i potrivit pentru configura\u021bii monofazate, acest sistem este compatibil cu majoritatea re\u021belelor electrice de uz casnic.<\/p>\n<p>Datorit\u0103 instal\u0103rii gratuite, v\u0103 pute\u021bi baza pe o instalare profesional\u0103, asigur\u00e2ndu-v\u0103 c\u0103 sistemul dvs. func\u021bioneaz\u0103 optim din primul moment \u0219i v\u0103 pute\u021bi bucura de o experien\u021b\u0103 f\u0103r\u0103 griji.<\/p>\n<p>Face\u021bi trecerea la o surs\u0103 de energie mai eficient\u0103 \u0219i durabil\u0103 cu sistemul Blauhoff Home BLH-3.6k\/20kWh 1 faz\u0103. Cu un puternic sistem de stocare a energiei, alimentare de urgen\u021b\u0103 \u0219i flexibilitate \u00een ceea ce prive\u0219te sursele de energie, v\u0103 pute\u021bi baza pe o alimentare fiabil\u0103, pute\u021bi realiza economii \u0219i v\u0103 pute\u021bi reduce amprenta de carbon. Alege\u021bi Blauhoff \u0219i preg\u0103ti\u021bi-v\u0103 casa pentru nevoile energetice ale viitorului.<\/p>\n<p><strong>Disponibil \u0219i cu \u00eenc\u0103lzire pentru instalarea \u00een zone reci sau \u00een exterior, ca o op\u021biune suplimentar\u0103!<\/strong><\/p>\n<p><a href=\"https:\/\/blauhoff.nl\/wp-content\/uploads\/2024\/07\/Blauhoff-Power-Pack-LV-V1.3.pdf\" target=\"_blank\" rel=\"noopener\">Blauhoff Bloc de alimentare LV V1.3<\/a><\/p>\n<div style=\"width: 640px;\" class=\"wp-video\"><video class=\"wp-video-shortcode\" id=\"video-206791-1\" width=\"640\" height=\"360\" preload=\"metadata\" controls=\"controls\"><source type=\"video\/mp4\" src=\"https:\/\/blauhoff.nl\/wp-content\/uploads\/2024\/12\/Blauhoff-PowerPack-Series.mp4?_=1\" \/><a href=\"https:\/\/blauhoff.nl\/wp-content\/uploads\/2024\/12\/Blauhoff-PowerPack-Series.mp4\">https:\/\/blauhoff.nl\/wp-content\/uploads\/2024\/12\/Blauhoff-PowerPack-Series.mp4<\/a><\/video><\/div>\n<p>&nbsp;<\/p>","protected":false},"excerpt":{"rendered":"<p>Blauhoff Home 3.6K\/20 kWh LV 1 Phase system Cobalt free Powerpack IP55 Outdoor\/Indoor\/Cobalt free 100aH 1C Sistemul super robust \u0219i u\u0219or de extins Blauhoff Home BLH-3.6k\/20 kWh 1 Phase, de la [...]<\/p>","protected":false},"featured_media":206794,"template":"","meta":{"_seopress_robots_primary_cat":"none","_seopress_titles_title":"","_seopress_titles_desc":"","_seopress_robots_index":"","_kad_blocks_custom_css":"","_kad_blocks_head_custom_js":"","_kad_blocks_body_custom_js":"","_kad_blocks_footer_custom_js":""},"product_cat":[17,19],"product_tag":[],"class_list":{"0":"post-206791","1":"product","2":"type-product","3":"status-publish","4":"has-post-thumbnail","6":"product_cat-home-batteries","7":"product_cat-sets-with-inverters","9":"first","10":"instock","11":"taxable","12":"shipping-taxable","13":"purchasable","14":"product-type-simple"},"taxonomy_info":{"product_cat":[{"value":17,"label":"Home batteries"},{"value":19,"label":"Sets with inverters"}]},"featured_image_src_large":["https:\/\/ownpowr.com\/wp-content\/uploads\/2025\/02\/bh3_3.6k_20kwh.png",480,480,false],"author_info":[],"comment_info":"","_links":{"self":[{"href":"https:\/\/ownpowr.com\/ro\/wp-json\/wp\/v2\/product\/206791","targetHints":{"allow":["GET"]}}],"collection":[{"href":"https:\/\/ownpowr.com\/ro\/wp-json\/wp\/v2\/product"}],"about":[{"href":"https:\/\/ownpowr.com\/ro\/wp-json\/wp\/v2\/types\/product"}],"wp:featuredmedia":[{"embeddable":true,"href":"https:\/\/ownpowr.com\/ro\/wp-json\/wp\/v2\/media\/206794"}],"wp:attachment":[{"href":"https:\/\/ownpowr.com\/ro\/wp-json\/wp\/v2\/media?parent=206791"}],"wp:term":[{"taxonomy":"product_cat","embeddable":true,"href":"https:\/\/ownpowr.com\/ro\/wp-json\/wp\/v2\/product_cat?post=206791"},{"taxonomy":"product_tag","embeddable":true,"href":"https:\/\/ownpowr.com\/ro\/wp-json\/wp\/v2\/product_tag?post=206791"}],"curies":[{"name":"wp","href":"https:\/\/api.w.org\/{rel}","templated":true}]}}