{"id":206803,"date":"2025-02-07T15:58:34","date_gmt":"2025-02-07T13:58:34","guid":{"rendered":"https:\/\/ownpowr.com\/?post_type=product&#038;p=206803"},"modified":"2025-02-14T16:28:57","modified_gmt":"2025-02-14T14:28:57","slug":"blauhoff-home-8k-20kwh-3-phase-system","status":"publish","type":"product","link":"https:\/\/ownpowr.com\/ro\/product\/blauhoff-home-8k-20kwh-sistem-trifazat\/","title":{"rendered":"Blauhoff Home 8K\/20kWh Sistem cu 1 sau 3 faze"},"content":{"rendered":"<p>Blauhoff Home 8K\/20kWh Sistem de faz\u0103<\/p>\n<p>Sistemul Blauhoff Home 8K\/20kWh Phase, de la marca de \u00eencredere Blauhoff, ofer\u0103 o solu\u021bie avansat\u0103 pentru stocarea energiei la domiciliu. Acest sistem este special conceput pentru a satisface nevoile energetice ale gospod\u0103riilor cu un consum semnificativ. Cu acest sistem puternic, v\u0103 pute\u021bi optimiza eficien\u021ba consumului de energie, v\u0103 pute\u021bi reduce dependen\u021ba de re\u021bea \u0219i pute\u021bi chiar beneficia de energie de urgen\u021b\u0103 \u00een cazul unei pene de curent. Mai mult, acest sistem vine cu instalare gratuit\u0103, f\u0103c\u00e2nd instalarea simpl\u0103 \u0219i f\u0103r\u0103 probleme.<\/p>\n<p>Invertorul are o lungime de 580 mm \u0219i c\u00e2nt\u0103re\u0219te 33,6 kg. Cu un cablu suplimentar de 300 mm \u00eentre invertor \u0219i baterie, pute\u021bi determina amplasarea optim\u0103 pentru sistemul dvs., asigur\u00e2nd un transfer eficient de energie \u0219i pierderi minime de energie.<\/p>\n<p>Sistemul de baterii Blauhoff este robust \u0219i durabil, m\u0103sur\u00e2nd 580 mm x 387 mm x 1300 mm \u0219i c\u00e2nt\u0103rind 180 kg. Bateria are o capacitate impresionant\u0103 de 20 kWh, permi\u021b\u00e2ndu-v\u0103 s\u0103 stoca\u021bi excesul de energie generat de panourile dvs. solare. Atunci c\u00e2nd nu exist\u0103 lumin\u0103 solar\u0103 disponibil\u0103, pute\u021bi utiliza aceast\u0103 energie stocat\u0103 pentru a v\u0103 acoperi consumul de energie, reduc\u00e2ndu-v\u0103 dependen\u021ba de re\u021bea \u0219i reduc\u00e2ndu-v\u0103 \u0219i mai mult costurile cu energia.<\/p>\n<p>Sistemul de faz\u0103 Blauhoff Home 8K\/20kWh este recomandat pentru gospod\u0103riile cu un consum mediu anual de aproximativ 7000 kWh. Cu o capacitate de 8 kW, pute\u021bi acoperi o parte semnificativ\u0103 a nevoilor dvs. energetice folosind energia solar\u0103 generat\u0103 \u0219i energia stocat\u0103 \u00een baterie. \u00cen plus, acest sistem ofer\u0103 energie de urgen\u021b\u0103, permi\u021b\u00e2ndu-v\u0103 s\u0103 continua\u021bi s\u0103 utiliza\u021bi aparatele importante \u00een timpul \u00eentreruperilor de curent, asigur\u00e2ndu-v\u0103 confortul \u0219i lini\u0219tea.<\/p>\n<p>Sistemul de faz\u0103 Blauhoff Home 8K\/20kWh este proiectat cu flexibilitate \u00een minte. Dispune de un port pentru generator\/moar\u0103 de v\u00e2nt, oferindu-v\u0103 op\u021biunea de a ad\u0103uga surse suplimentare de energie \u0219i de a v\u0103 cre\u0219te \u0219i mai mult independen\u021ba energetic\u0103. Cu o conexiune minim\u0103 de 1x40A \u0219i potrivit pentru configura\u021bii monofazate, acest sistem este compatibil cu majoritatea re\u021belelor electrice domestice.<\/p>\n<p>Datorit\u0103 instal\u0103rii gratuite, v\u0103 pute\u021bi baza pe o instalare profesional\u0103, economisind timp \u0219i efort \u0219i asigur\u00e2ndu-v\u0103 c\u0103 sistemul dvs. func\u021bioneaz\u0103 optim \u00eenc\u0103 din primul moment.<\/p>\n<p>Face\u021bi trecerea la o aprovizionare cu energie mai eficient\u0103 \u0219i mai durabil\u0103 cu sistemul de faz\u0103 Blauhoff Home 8K\/20kWh. Cu un puternic sistem de stocare a energiei, alimentare de urgen\u021b\u0103 \u0219i flexibilitate \u00een ceea ce prive\u0219te sursele de energie, v\u0103 pute\u021bi bucura de o gestionare fiabil\u0103 \u0219i rentabil\u0103 a energiei \u00een casa dvs. Alege\u021bi Blauhoff \u0219i preg\u0103ti\u021bi-v\u0103 casa pentru nevoile energetice ale viitorului.<\/p>\n<p><strong>Sistemul Blauhoff Home 8K\/20 kWh 1 faz\u0103 este de asemenea disponibil la cerere!<\/strong><\/p>","protected":false},"excerpt":{"rendered":"<p>Blauhoff Home 8K\/20kWh Phase System Sistemul Blauhoff Home 8K\/20kWh Phase System, de la marca de \u00eencredere Blauhoff, ofer\u0103 o solu\u021bie avansat\u0103 pentru stocarea energiei la domiciliu. Acest sistem este proiectat special pentru a \u00eendeplini [...]<\/p>","protected":false},"featured_media":206806,"template":"","meta":{"_seopress_robots_primary_cat":"none","_seopress_titles_title":"","_seopress_titles_desc":"","_seopress_robots_index":"","_kad_blocks_custom_css":"","_kad_blocks_head_custom_js":"","_kad_blocks_body_custom_js":"","_kad_blocks_footer_custom_js":""},"product_cat":[17,19],"product_tag":[],"class_list":{"0":"post-206803","1":"product","2":"type-product","3":"status-publish","4":"has-post-thumbnail","6":"product_cat-home-batteries","7":"product_cat-sets-with-inverters","9":"first","10":"instock","11":"taxable","12":"shipping-taxable","13":"purchasable","14":"product-type-simple"},"taxonomy_info":{"product_cat":[{"value":17,"label":"Home batteries"},{"value":19,"label":"Sets with inverters"}]},"featured_image_src_large":["https:\/\/ownpowr.com\/wp-content\/uploads\/2025\/02\/blh_8k_20kwh.jpg",480,480,false],"author_info":[],"comment_info":"","_links":{"self":[{"href":"https:\/\/ownpowr.com\/ro\/wp-json\/wp\/v2\/product\/206803","targetHints":{"allow":["GET"]}}],"collection":[{"href":"https:\/\/ownpowr.com\/ro\/wp-json\/wp\/v2\/product"}],"about":[{"href":"https:\/\/ownpowr.com\/ro\/wp-json\/wp\/v2\/types\/product"}],"wp:featuredmedia":[{"embeddable":true,"href":"https:\/\/ownpowr.com\/ro\/wp-json\/wp\/v2\/media\/206806"}],"wp:attachment":[{"href":"https:\/\/ownpowr.com\/ro\/wp-json\/wp\/v2\/media?parent=206803"}],"wp:term":[{"taxonomy":"product_cat","embeddable":true,"href":"https:\/\/ownpowr.com\/ro\/wp-json\/wp\/v2\/product_cat?post=206803"},{"taxonomy":"product_tag","embeddable":true,"href":"https:\/\/ownpowr.com\/ro\/wp-json\/wp\/v2\/product_tag?post=206803"}],"curies":[{"name":"wp","href":"https:\/\/api.w.org\/{rel}","templated":true}]}}