{"id":207863,"date":"2025-02-14T16:12:44","date_gmt":"2025-02-14T14:12:44","guid":{"rendered":"https:\/\/ownpowr.com\/?post_type=product&#038;p=207863"},"modified":"2025-02-14T16:12:45","modified_gmt":"2025-02-14T14:12:45","slug":"blauhoff-home-10k-20kwh-3-phase-system-hv-lv","status":"publish","type":"product","link":"https:\/\/ownpowr.com\/ro\/product\/blauhoff-home-10k-20kwh-sistem-trifazat-hv-lv\/","title":{"rendered":"Blauhoff Home 10K\/20kWh Sistem trifazat HV\/LV"},"content":{"rendered":"<p>Blauhoff Sistem de faz\u0103 Home 10K\/20kWh<\/p>\n<p>Sistemul de faz\u0103 Blauhoff Home 10K\/20kWh, de la renumitul brand Blauhoff, ofer\u0103 o solu\u021bie puternic\u0103 \u0219i fiabil\u0103 pentru stocarea energiei \u00een gospod\u0103riile cu consum semnificativ. Cu acest sistem avansat, v\u0103 pute\u021bi optimiza gestionarea energiei, v\u0103 pute\u021bi reduce dependen\u021ba de re\u021bea \u0219i pute\u021bi beneficia de energie de urgen\u021b\u0103 \u00een cazul unei pene de curent. \u00cen plus, acest sistem vine cu instalare gratuit\u0103, f\u0103c\u00e2nd instalarea u\u0219oar\u0103 \u0219i f\u0103r\u0103 probleme.<\/p>\n<p>Invertorul are o lungime de 699,3 mm \u0219i c\u00e2nt\u0103re\u0219te 33,6 kg. Cu un cablu suplimentar de 300 mm \u00eentre invertor \u0219i baterie, pute\u021bi determina amplasarea optim\u0103 pentru sistemul dvs., asigur\u00e2nd un transfer eficient de energie \u0219i pierderi minime de energie.<\/p>\n<p>Sistemul de baterii Blauhoff este durabil \u0219i robust, cu dimensiuni de 586 mm x 387 mm x 1300 mm \u0219i o greutate de 180 kg. Bateria are o capacitate impresionant\u0103 de 20 kWh, permi\u021b\u00e2ndu-v\u0103 s\u0103 stoca\u021bi energia \u00een exces generat\u0103 de panourile dvs. solare sau de alte surse de energie. Atunci c\u00e2nd nu exist\u0103 produc\u021bie de energie, pute\u021bi utiliza energia stocat\u0103 pentru a v\u0103 acoperi consumul de energie, f\u0103c\u00e2ndu-v\u0103 mai pu\u021bin dependent de re\u021beaua electric\u0103 \u0219i reduc\u00e2ndu-v\u0103 \u0219i mai mult costurile cu energia.<\/p>\n<p>Sistemul de faz\u0103 Blauhoff Home 10K\/20kWh este recomandat pentru gospod\u0103riile cu un consum mediu anual de aproximativ 7300 kWh. Cu o capacitate de 10 kW, pute\u021bi acoperi o mare parte din nevoile dvs. energetice folosind energia solar\u0103 generat\u0103 \u0219i energia stocat\u0103 \u00een baterie. \u00cen plus, acest sistem ofer\u0103 energie de urgen\u021b\u0103, astfel \u00eenc\u00e2t dispozitivele importante continu\u0103 s\u0103 func\u021bioneze \u00een timpul \u00eentreruperilor de curent, iar rutinele dvs. zilnice pot continua f\u0103r\u0103 \u00eentreruperi.<\/p>\n<p>Sistemul de faz\u0103 Blauhoff Home 10K\/20kWh este proiectat cu flexibilitate \u00een minte. Dispune de un port pentru generator\/turbin\u0103 eolian\u0103, oferindu-v\u0103 op\u021biunea de a ad\u0103uga surse suplimentare de energie \u0219i de a v\u0103 cre\u0219te \u0219i mai mult independen\u021ba energetic\u0103. Cu o conexiune minim\u0103 de 3x25A \u0219i potrivit pentru configura\u021bii de faz\u0103, acest sistem este compatibil cu majoritatea re\u021belelor electrice de uz casnic.<\/p>\n<p>Datorit\u0103 instal\u0103rii gratuite, v\u0103 pute\u021bi baza pe o instalare profesional\u0103, asigur\u00e2ndu-v\u0103 c\u0103 sistemul dvs. func\u021bioneaz\u0103 optim din primul moment \u0219i v\u0103 pute\u021bi bucura de o experien\u021b\u0103 f\u0103r\u0103 griji.<\/p>\n<p>Face\u021bi trecerea la o surs\u0103 de energie mai eficient\u0103 \u0219i mai durabil\u0103 cu sistemul de faz\u0103 Blauhoff Home 10K\/20kWh. Cu un puternic sistem de stocare a energiei, alimentare de urgen\u021b\u0103 \u0219i flexibilitate \u00een ceea ce prive\u0219te sursele de energie, v\u0103 pute\u021bi baza pe o alimentare fiabil\u0103, pute\u021bi realiza economii \u0219i v\u0103 pute\u021bi reduce amprenta de carbon. Alege\u021bi Blauhoff \u0219i preg\u0103ti\u021bi-v\u0103 casa pentru nevoile energetice ale viitorului.<\/p>\n<p><strong>Pre\u021bul difer\u0103 \u00eentre HV \u0219i LV!<\/strong><\/p>","protected":false},"excerpt":{"rendered":"<p>Blauhoff Home 10K\/20kWh Phase System Sistemul Blauhoff Home 10K\/20kWh Phase System, de la renumitul brand Blauhoff, ofer\u0103 o solu\u021bie puternic\u0103 \u0219i fiabil\u0103 pentru stocarea energiei \u00een gospod\u0103riile cu consum semnificativ. [...]<\/p>","protected":false},"featured_media":207866,"template":"","meta":{"_seopress_robots_primary_cat":"","_seopress_titles_title":"","_seopress_titles_desc":"","_seopress_robots_index":"","_kad_blocks_custom_css":"","_kad_blocks_head_custom_js":"","_kad_blocks_body_custom_js":"","_kad_blocks_footer_custom_js":""},"product_cat":[17,19],"product_tag":[],"class_list":{"0":"post-207863","1":"product","2":"type-product","3":"status-publish","4":"has-post-thumbnail","6":"product_cat-home-batteries","7":"product_cat-sets-with-inverters","9":"first","10":"instock","11":"taxable","12":"shipping-taxable","13":"purchasable","14":"product-type-simple"},"taxonomy_info":{"product_cat":[{"value":17,"label":"Home batteries"},{"value":19,"label":"Sets with inverters"}]},"featured_image_src_large":["https:\/\/ownpowr.com\/wp-content\/uploads\/2025\/02\/blh_5100_10k_20kwh-600x600-1.jpg",600,600,false],"author_info":[],"comment_info":"","_links":{"self":[{"href":"https:\/\/ownpowr.com\/ro\/wp-json\/wp\/v2\/product\/207863","targetHints":{"allow":["GET"]}}],"collection":[{"href":"https:\/\/ownpowr.com\/ro\/wp-json\/wp\/v2\/product"}],"about":[{"href":"https:\/\/ownpowr.com\/ro\/wp-json\/wp\/v2\/types\/product"}],"wp:featuredmedia":[{"embeddable":true,"href":"https:\/\/ownpowr.com\/ro\/wp-json\/wp\/v2\/media\/207866"}],"wp:attachment":[{"href":"https:\/\/ownpowr.com\/ro\/wp-json\/wp\/v2\/media?parent=207863"}],"wp:term":[{"taxonomy":"product_cat","embeddable":true,"href":"https:\/\/ownpowr.com\/ro\/wp-json\/wp\/v2\/product_cat?post=207863"},{"taxonomy":"product_tag","embeddable":true,"href":"https:\/\/ownpowr.com\/ro\/wp-json\/wp\/v2\/product_tag?post=207863"}],"curies":[{"name":"wp","href":"https:\/\/api.w.org\/{rel}","templated":true}]}}