{"id":208743,"date":"2025-02-20T09:41:35","date_gmt":"2025-02-20T07:41:35","guid":{"rendered":"https:\/\/ownpowr.com\/?post_type=product&#038;p=208743"},"modified":"2025-08-25T14:41:27","modified_gmt":"2025-08-25T12:41:27","slug":"new-blauhoff-maxus-all-in-one-125k-289-kwh-energy-storage-cabinet-liquid-cooled","status":"publish","type":"product","link":"https:\/\/ownpowr.com\/ro\/product\/nou-blauhoff-maxus-all-in-one-125k-289-kwh-cabinet-de-stocare-a-energiei-racit-cu-lichid\/","title":{"rendered":"Nou! Blauhoff Maxus Dulap de stocare a energiei 125K\/289 kWh r\u0103cit cu lichid"},"content":{"rendered":"<p>New Blauhoff Maxus 125K\/289kWh All In One Energy Storage Cabinet 10 Year Warranty 8000 Cycles<\/p>\n<p>Toate sistemele de baterii Blauhoff au 10 ani garan\u021bie pentru celule \u0219i 5 ani garan\u021bie pentru invertor, f\u0103r\u0103 nicio plat\u0103 suplimentar\u0103!<\/p>\n<p>Acest lucru nu este valabil \u00een cazul majorit\u0103\u021bii celorlalte m\u0103rci, iar garan\u021bia este limitat\u0103 la doar 3-5 ani!<\/p>\n<p>Celule prismatice pentru cea mai \u00eenalt\u0103 calitate \u0219i cea mai lung\u0103 durat\u0103 de via\u021b\u0103, 8000 de cicluri \u0219i 10 ani garan\u021bie pentru celule f\u0103r\u0103 costuri suplimentare \u0219i 5 ani pentru ansamblu.<\/p>\n<p>Seria BLH-125K\/258KwH-Maxus, un ESS comercial \u0219i industrial all-in-one r\u0103cit cu lichid, este<br \/>\nintegrat cu invertor de stocare a energiei, baterie, BMS, EMS, management termic,<br \/>\ndistribu\u021bie de energie, protec\u021bie \u00eempotriva incendiilor etc. Designul all-in-one este u\u0219or de instalat \u0219i<br \/>\nO&amp;M. \u00cen acela\u0219i timp, designul de siguran\u021b\u0103 al sistemului asigur\u0103 o performan\u021b\u0103 mai bun\u0103 a bateriei<br \/>\n\u0219i o durat\u0103 de via\u021b\u0103 mai lung\u0103. Mai multe seturi de dulapuri pot fi conectate direct \u00een paralel p\u00e2n\u0103 la 30 de buc\u0103\u021bi pentru a realiza<br \/>\nextinderea sistemului de stocare a energiei.<\/p>\n<p>Economice:<\/p>\n<p>ESS puternic integrat pentru o utilizare u\u0219oar\u0103<br \/>\ntransport \u0219i O&amp;M. Site-ul<br \/>\nproiectarea integrat\u0103 asigur\u0103 faptul c\u0103 site-ul poate fi<br \/>\nse instaleaz\u0103 \u0219i se utilizeaz\u0103 rapid.<\/p>\n<p>Func\u021bie de rezerv\u0103<\/p>\n<p>Func\u021bia Peakshave<\/p>\n<p>Func\u021bia PV<\/p>\n<p>R\u0103cire cu lichid:<\/p>\n<p>Abaterea de temperatur\u0103 a<br \/>\ncelule de baterii \u00een \u00eentregul<br \/>\neste de p\u00e2n\u0103 la 3\u00b0C, datorit\u0103<br \/>\nsistemul inteligent de r\u0103cire cu lichid.<br \/>\nAcesta poate extinde<br \/>\ndurata de via\u021b\u0103 a celulelor bateriei cu p\u00e2n\u0103 la 20%.<\/p>\n<p>\u00cen siguran\u021b\u0103:<\/p>\n<p>Sistemul are patru niveluri<br \/>\nstructura de gestionare, care poate<br \/>\ncontrol precis protec\u021bie la scurtcircuit, protec\u021bie la supracurent, protec\u021bie la supratensiune, protec\u021bie la subtensiune, supratemperatur\u0103<br \/>\nprotec\u021bie, etc.<\/p>\n<p>VDE4100<\/p>\n<p>IEC62619<\/p>\n<p>IEC61000<\/p>\n<p>UL9540A<\/p>\n<p>EN50549<\/p>\n<p><a href=\"https:\/\/blauhoff.nl\/wp-content\/uploads\/2025\/02\/NL-BLH-Maxus-125kW289kWh-Flyer-18-1-2025.pdf.pdf\" target=\"_blank\" rel=\"noopener\">NL BLH Maxus 125kW289kWh Flyer 18-1-2025.pdf<\/a><\/p>\n<p><iframe title=\"Blauhoff ESS All in one\" width=\"1140\" height=\"641\" src=\"https:\/\/www.youtube.com\/embed\/4ygzOwu-j7I?feature=oembed\" frameborder=\"0\" allow=\"accelerometer; autoplay; clipboard-write; encrypted-media; gyroscope; picture-in-picture; web-share\" referrerpolicy=\"strict-origin-when-cross-origin\" allowfullscreen><\/iframe><\/p>\n<p>&nbsp;<\/p>\n<p>&nbsp;<\/p>","protected":false},"excerpt":{"rendered":"<p>New Blauhoff Maxus 125K\/289kWh All In One Energy Storage Cabinet 10 ani garan\u021bie 8000 cicluri Toate sistemele de baterii Blauhoff au 10 ani garan\u021bie pe celule \u0219i 5 ani garan\u021bie pe [...]<\/p>","protected":false},"featured_media":185452,"template":"","meta":{"_seopress_robots_primary_cat":"none","_seopress_titles_title":"","_seopress_titles_desc":"","_seopress_robots_index":"","_kad_blocks_custom_css":"","_kad_blocks_head_custom_js":"","_kad_blocks_body_custom_js":"","_kad_blocks_footer_custom_js":""},"product_cat":[17,19],"product_tag":[],"class_list":{"0":"post-208743","1":"product","2":"type-product","3":"status-publish","4":"has-post-thumbnail","6":"product_cat-home-batteries","7":"product_cat-sets-with-inverters","9":"first","10":"instock","11":"taxable","12":"shipping-taxable","13":"purchasable","14":"product-type-simple"},"taxonomy_info":{"product_cat":[{"value":17,"label":"Home batteries"},{"value":19,"label":"Sets with inverters"}]},"featured_image_src_large":["https:\/\/ownpowr.com\/wp-content\/uploads\/2024\/10\/maxus-.png",300,300,false],"author_info":[],"comment_info":"","_links":{"self":[{"href":"https:\/\/ownpowr.com\/ro\/wp-json\/wp\/v2\/product\/208743","targetHints":{"allow":["GET"]}}],"collection":[{"href":"https:\/\/ownpowr.com\/ro\/wp-json\/wp\/v2\/product"}],"about":[{"href":"https:\/\/ownpowr.com\/ro\/wp-json\/wp\/v2\/types\/product"}],"wp:featuredmedia":[{"embeddable":true,"href":"https:\/\/ownpowr.com\/ro\/wp-json\/wp\/v2\/media\/185452"}],"wp:attachment":[{"href":"https:\/\/ownpowr.com\/ro\/wp-json\/wp\/v2\/media?parent=208743"}],"wp:term":[{"taxonomy":"product_cat","embeddable":true,"href":"https:\/\/ownpowr.com\/ro\/wp-json\/wp\/v2\/product_cat?post=208743"},{"taxonomy":"product_tag","embeddable":true,"href":"https:\/\/ownpowr.com\/ro\/wp-json\/wp\/v2\/product_tag?post=208743"}],"curies":[{"name":"wp","href":"https:\/\/api.w.org\/{rel}","templated":true}]}}