{"id":221361,"date":"2025-04-17T15:02:31","date_gmt":"2025-04-17T13:02:31","guid":{"rendered":"https:\/\/ownpowr.com\/?post_type=product&#038;p=221361"},"modified":"2025-04-17T15:02:32","modified_gmt":"2025-04-17T13:02:32","slug":"afore-20kw-hybrid-three-phase-inverter","status":"publish","type":"product","link":"https:\/\/ownpowr.com\/ro\/product\/afore-20kw-hibrid-trifazat-invertor\/","title":{"rendered":"Invertor trifazat hibrid Afore 20kw"},"content":{"rendered":"<p>Invertor hibrid AF20K-TH, 2 MPPT, trifazat, putere de ie\u0219ire nominal\u0103 20.000W<br \/>\nAfore AF20K-TH este un invertor hibrid trifazat cu o putere de ie\u0219ire de 20 kW. Cu o baterie de \u00eenalt\u0103 tensiune, invertorul poate fi utilizat ca sistem autonom\/\u00een afara re\u021belei \u0219i ca surs\u0103 de alimentare de urgen\u021b\u0103. Acesta dispune de dou\u0103 trackere MPPT \u0219i de capacitatea de a conecta mai multe \u0219iruri de module fotovoltaice. Acesta dispune de o gam\u0103 larg\u0103 de tensiuni MPPT.<\/p>\n<p>Repere<br \/>\nDesign modern<br \/>\nMonitorizarea Wi-Fi<br \/>\nEficien\u021b\u0103 ridicat\u0103 de 97,8%<br \/>\nCapacitate de alimentare de urgen\u021b\u0103<br \/>\n2 MPPT-uri cu c\u00e2te 2 \u0219iruri fiecare<br \/>\nInstalare u\u0219oar\u0103 \u0219i rapid\u0103<br \/>\nDimensiuni compacte (558 x 535 x 260 mm)<br \/>\nCompatibil cu mul\u021bi produc\u0103tori de baterii<br \/>\nPotrivit pentru tipuri de baterii: Litiu-ion<\/p>\n<p>Specifica\u021bii<\/p>\n<p>Nume articol: Invertor hibrid AF20K-TH, 2 MPPT, trifazat, putere de ie\u0219ire nominal\u0103 20.000 W<br \/>\nDate de ie\u0219ire AC<br \/>\nPutere de ie\u0219ire nominal\u0103: 20.000 W<br \/>\nPutere de ie\u0219ire aparent\u0103 maxim\u0103: 22.000 VA<br \/>\nTensiune CA: 3\/N\/PE 400 V<br \/>\nFrecven\u021b\u0103 CA: 50 Hz \/ 60 Hz<br \/>\nCurent nominal AC: 29.0 A<br \/>\nMax. Curent AC: 32.0 A<br \/>\nDate de intrare \u0219ir PV<br \/>\nMax. Putere de intrare DC: 30 kW<br \/>\nMax. Tensiunea de intrare DC: 1000V<br \/>\nMax. Curent de intrare DC: 2 x 32A<br \/>\nTensiune de pornire: 160V<br \/>\nIntervalul de tensiune MPPT: 150-850V<br \/>\nCurent maxim de scurtcircuit: 2 x 48A<br \/>\nNum\u0103r de dispozitive de urm\u0103rire MPP\/num\u0103r de corzi: 2\/4<br \/>\nDatele de intrare ale bateriei<br \/>\nTip baterie: Litiu-ion<br \/>\nTensiune nominal\u0103: 500V<br \/>\nTensiunea maxim\u0103 de \u00eenc\u0103rcare: 150-800V<br \/>\nMax. curent de \u00eenc\u0103rcare: 50A<br \/>\nCurent max. de desc\u0103rcare: 50A<br \/>\nGeneralit\u0103\u021bi<br \/>\nEficien\u021b\u0103 maxim\u0103: 98,3%<br \/>\nEficien\u021ba UE: 97.8%<br \/>\nComunicare: Afi\u0219aj, LED, RS485, CAN, Wi-Fi, GRPS, 4G<br \/>\nClasa de protec\u021bie: IP65<br \/>\nTopologie: F\u0103r\u0103 transformator<\/p>\n<p>Dimensiuni (L x A x P): 558x535x260mm<br \/>\nGreutate: 29 kg<\/p>\n<p>Domeniul de aplicare al livr\u0103rii<br \/>\n1 x Afore Invertor hibrid AF20K-TH<br \/>\n1 x set de accesorii<\/p>","protected":false},"excerpt":{"rendered":"<p>Invertor hibrid AF20K-TH, 2 MPPT, trifazat, putere de ie\u0219ire nominal\u0103 20.000W Afore AF20K-TH este un invertor hibrid trifazat cu o putere de ie\u0219ire de 20 kW. Cu o baterie de \u00eenalt\u0103 tensiune, invertorul [...]<\/p>","protected":false},"featured_media":221359,"template":"","meta":{"_seopress_robots_primary_cat":"none","_seopress_titles_title":"","_seopress_titles_desc":"","_seopress_robots_index":"","_kad_blocks_custom_css":"","_kad_blocks_head_custom_js":"","_kad_blocks_body_custom_js":"","_kad_blocks_footer_custom_js":""},"product_cat":[18],"product_tag":[],"class_list":{"0":"post-221361","1":"product","2":"type-product","3":"status-publish","4":"has-post-thumbnail","6":"product_cat-hybrid-inverters","8":"first","9":"instock","10":"taxable","11":"shipping-taxable","12":"purchasable","13":"product-type-simple"},"taxonomy_info":{"product_cat":[{"value":18,"label":"Hybrid inverters"}]},"featured_image_src_large":["https:\/\/ownpowr.com\/wp-content\/uploads\/2025\/04\/afore-hybrid-three-phase-inverter.png",640,640,false],"author_info":[],"comment_info":"","_links":{"self":[{"href":"https:\/\/ownpowr.com\/ro\/wp-json\/wp\/v2\/product\/221361","targetHints":{"allow":["GET"]}}],"collection":[{"href":"https:\/\/ownpowr.com\/ro\/wp-json\/wp\/v2\/product"}],"about":[{"href":"https:\/\/ownpowr.com\/ro\/wp-json\/wp\/v2\/types\/product"}],"wp:featuredmedia":[{"embeddable":true,"href":"https:\/\/ownpowr.com\/ro\/wp-json\/wp\/v2\/media\/221359"}],"wp:attachment":[{"href":"https:\/\/ownpowr.com\/ro\/wp-json\/wp\/v2\/media?parent=221361"}],"wp:term":[{"taxonomy":"product_cat","embeddable":true,"href":"https:\/\/ownpowr.com\/ro\/wp-json\/wp\/v2\/product_cat?post=221361"},{"taxonomy":"product_tag","embeddable":true,"href":"https:\/\/ownpowr.com\/ro\/wp-json\/wp\/v2\/product_tag?post=221361"}],"curies":[{"name":"wp","href":"https:\/\/api.w.org\/{rel}","templated":true}]}}