{"id":265,"date":"2023-10-04T16:43:01","date_gmt":"2023-10-04T14:43:01","guid":{"rendered":"https:\/\/ownpowr.com\/product\/pylontech-force-l1-14-21\/"},"modified":"2025-12-30T14:50:46","modified_gmt":"2025-12-30T12:50:46","slug":"pylontech-force-l1-14-21","status":"publish","type":"product","link":"https:\/\/ownpowr.com\/ro\/product\/pylontech-force-l1-14-21\/","title":{"rendered":"Pylontech for\u021b\u0103 L1 14.21"},"content":{"rendered":"<p>Pylontech Force L1 14.21 const\u0103 dintr-o unitate de gestionare a bateriei Pylontech BMU \u0219i 4 module de baterii Force L1 de 3,55 kWh.<\/p>\n<p>Posibilitatea de a se extinde prin ad\u0103ugarea ulterioar\u0103 a p\u00e2n\u0103 la 3 module Force L1 suplimentare<\/p>\n<div class=\"row\">\n<div class=\"col-lg-6\">\n<h3><strong>Pylontech Force L1 14.21 - Tensiune joas\u0103<\/strong><\/h3>\n<p>The <b>For\u021ba L1<\/b> este cel mai recent sistem de baterii HESS furnizat de <strong>Pylontech<\/strong>. Caracterul \"via\u021b\u0103 lung\u0103\", cea mai mare densitate de energie \u0219i putere din industrie, designul la mod\u0103, u\u0219urin\u021ba de instalare \u0219i extindere, toate acestea reflect\u0103 cerin\u021bele reale ale utilizatorilor finali \u0219i cea mai puternic\u0103 capacitate tehnic\u0103 a <strong>Pylontech<\/strong>.<\/p>\n<p><strong>PylontechForceL1<\/strong>14.21 const\u0103 \u00eentr-un <strong>Pylontech<\/strong> Unitatea de gestionare a bateriei BMU \u0219i 4 module de baterii Force L1 de 3,55 kWh. Posibilitatea de a se extinde prin ad\u0103ugarea ulterioar\u0103 a p\u00e2n\u0103 la 3 module Force L1 suplimentare \u00een paralel cu aceast\u0103 stiv\u0103 pentru a ob\u021bine o putere util\u0103 de p\u00e2n\u0103 la 24,86 kWh.<\/p>\n<p><strong>Integrarea vertical\u0103 \u00een industrie asigur\u0103 mai mult de 6.000 de cicluri cu 90% DoD<\/strong><\/p>\n<p><strong>Designul modular permite clien\u021bilor finali s\u0103 aleag\u0103 capacitatea<\/strong><\/p>\n<p><strong>Compatibil cu majoritatea invertoarelor hibride disponibile<\/strong><\/p>\n<p><strong>Conectorul rapid minimizeaz\u0103 timpul \u0219i costurile de instalare<\/strong><\/p>\n<p><strong>Design frumos - dincolo de instalarea \u00een interior \u0219i exterior<\/strong><\/p>\n<\/div>\n<\/div>","protected":false},"excerpt":{"rendered":"<p>Pylontech Force L1 14.21 const\u0103 \u00eentr-o unitate de gestionare a bateriei Pylontech BMU \u0219i 4 module de baterii Force L1 de 3,55 kWh. Posibilitatea de a se extinde prin ad\u0103ugarea ulterioar\u0103 a p\u00e2n\u0103 la 3 module Force [...]<\/p>","protected":false},"featured_media":266,"template":"","meta":{"_seopress_robots_primary_cat":"none","_seopress_titles_title":"","_seopress_titles_desc":"","_seopress_robots_index":"","_kad_blocks_custom_css":"","_kad_blocks_head_custom_js":"","_kad_blocks_body_custom_js":"","_kad_blocks_footer_custom_js":""},"product_cat":[17],"product_tag":[],"class_list":{"0":"post-265","1":"product","2":"type-product","3":"status-publish","4":"has-post-thumbnail","6":"product_cat-home-batteries","8":"first","9":"outofstock","10":"sale","11":"taxable","12":"shipping-taxable","13":"purchasable","14":"product-type-simple"},"taxonomy_info":{"product_cat":[{"value":17,"label":"Home batteries"}]},"featured_image_src_large":["https:\/\/ownpowr.com\/wp-content\/uploads\/2022\/11\/SAM7623-0.jpeg",600,661,false],"author_info":[],"comment_info":"","_links":{"self":[{"href":"https:\/\/ownpowr.com\/ro\/wp-json\/wp\/v2\/product\/265","targetHints":{"allow":["GET"]}}],"collection":[{"href":"https:\/\/ownpowr.com\/ro\/wp-json\/wp\/v2\/product"}],"about":[{"href":"https:\/\/ownpowr.com\/ro\/wp-json\/wp\/v2\/types\/product"}],"wp:featuredmedia":[{"embeddable":true,"href":"https:\/\/ownpowr.com\/ro\/wp-json\/wp\/v2\/media\/266"}],"wp:attachment":[{"href":"https:\/\/ownpowr.com\/ro\/wp-json\/wp\/v2\/media?parent=265"}],"wp:term":[{"taxonomy":"product_cat","embeddable":true,"href":"https:\/\/ownpowr.com\/ro\/wp-json\/wp\/v2\/product_cat?post=265"},{"taxonomy":"product_tag","embeddable":true,"href":"https:\/\/ownpowr.com\/ro\/wp-json\/wp\/v2\/product_tag?post=265"}],"curies":[{"name":"wp","href":"https:\/\/api.w.org\/{rel}","templated":true}]}}