{"id":286,"date":"2023-10-05T01:24:51","date_gmt":"2023-10-04T23:24:51","guid":{"rendered":"https:\/\/ownpowr.com\/product\/pylontech-force-l1-3-55\/"},"modified":"2025-10-15T13:54:02","modified_gmt":"2025-10-15T11:54:02","slug":"pylontech-force-l1-3-55","status":"publish","type":"product","link":"https:\/\/ownpowr.com\/ro\/product\/pylontech-force-l1-3-55\/","title":{"rendered":"Pylontech for\u021b\u0103 L1 3.55"},"content":{"rendered":"<h2><strong>Modulul de baterii cu litiu Pylontech Force L1 de 3,55 kWh formeaz\u0103 un sistem de baterii stivuibile \u00eentre 2 \u0219i 7 module cu un BMS extern.<\/strong><\/h2>\n<p>Pylontech Force L1 3.55 const\u0103 dintr-o unitate de gestionare a bateriei Pylontech BMU \u0219i un modul de baterie Force L1 3.55kWh. Posibilitatea de extindere prin ad\u0103ugarea ulterioar\u0103 a p\u00e2n\u0103 la 6 module Force L1 suplimentare.<\/p>\n<p>&nbsp;<\/p>\n<div class=\"row\">\n<div class=\"col-lg-6\">\n<h3><strong>Pylontech Force L1 3.55 <\/strong><strong>- Joas\u0103 tensiune<\/strong><\/h3>\n<p>Force L1 este cel mai recent sistem de baterii HESS furnizat de Pylontech. Caracterul de \"durat\u0103 lung\u0103 de via\u021b\u0103\", cea mai mare densitate de energie \u0219i putere din industrie, designul la mod\u0103, u\u0219urin\u021ba de instalare \u0219i extindere, toate acestea reflect\u0103 cerin\u021bele reale ale utilizatorilor finali \u0219i cea mai puternic\u0103 capacitate tehnic\u0103 a Pylontech.<\/p>\n<p><strong>PylontechForceL1<\/strong>3.55 const\u0103 \u00eentr-un <strong>Pylontech<\/strong> Unitatea de gestionare a bateriei BMU \u0219i 1 modul de baterie Force L1 de 3,55 kWh. Posibilitatea de extindere prin ad\u0103ugarea ulterioar\u0103 a p\u00e2n\u0103 la 6 module Force L1 suplimentare \u00een paralel cu aceast\u0103 stiv\u0103 pentru a ob\u021bine o putere util\u0103 de p\u00e2n\u0103 la 24,86 kWh.<\/p>\n<p><strong>Integrarea industrial\u0103 vertical\u0103 asigur\u0103 mai mult de 6.000 de cicluri cu 90% DoD<\/strong><\/p>\n<p><strong>Designul modular permite clien\u021bilor finali s\u0103 aleag\u0103 capacitatea<\/strong><\/p>\n<p><strong>Compatibil cu majoritatea invertoarelor hibride disponibile<\/strong><\/p>\n<p><strong>Deconectarea rapid\u0103 minimizeaz\u0103 timpul \u0219i costurile de instalare<\/strong><\/p>\n<p><strong>Design frumos - se potrive\u0219te at\u00e2t \u00een interior, c\u00e2t \u0219i \u00een exterior<\/strong><\/p>\n<div id=\"ProductInfoTabs\" class=\"ui-tabs ui-widget ui-widget-content ui-corner-all epProductInfoTabs ep-js\" data-js=\"\">\n<div id=\"tab-product-description\" class=\"ui-tabs-panel ui-widget-content ui-corner-bottom\" role=\"tabpanel\" aria-labelledby=\"ui-id-1\" aria-hidden=\"false\">\n<div class=\"description\">\n<p>&nbsp;<\/p>\n<p>Modulul de baterii cu litiu Pylontech Force L1 este utilizat pentru a avea un sistem de baterii Pylontech stivuibil \u00eentre 2 \u0219i 7 module cu un BMS extern, astfel \u00eenc\u00e2t s\u0103 poat\u0103 fi adaptat la diferite sisteme de configurare. Cu o capacitate nominal\u0103 de 3,55kWh \u0219i fabricat cu ferofosfat de litiu f\u0103r\u0103 cobalt.<\/p>\n<p>Aceast\u0103 ultim\u0103 versiune a HESS (sistem de stocare a energiei la domiciliu), mo\u0219tene\u0219te conceptul de design modular, combinat cu o instalare u\u0219oar\u0103, conectori simpli \u0219i compatibilitate cu exteriorul.<\/p>\n<p>Este cea mai recent\u0103 versiune a HESS (sistem de stocare a energiei la domiciliu), mo\u0219tenind conceptul de design modular, combinat cu o instalare u\u0219oar\u0103, conectori simpli \u0219i compatibilitate cu exteriorul.<\/p>\n<p>Acest sistem de stocare poate fi instalat f\u0103r\u0103 a fi necesar\u0103 conectarea cablurilor \u00eentre baterii \u0219i este stivuibil, ceea ce face ca instalarea s\u0103 fie mai u\u0219oar\u0103 \u0219i mai rapid\u0103. Aceasta este noua solu\u021bie Pylontech pentru sectorul reziden\u021bial de joas\u0103 tensiune este seria L, care include Force L1 \u0219i L2.<\/p>\n<p>Aceste produse constau din mai multe baterii stivuibile \u00eentre 2 \u0219i 7 baterii cu un BMS extern, astfel \u00eenc\u00e2t s\u0103 se adapteze la diferite sisteme de configurare.<\/p>\n<p>Este deosebit de potrivit pentru locurile mici cu spa\u021biu limitat \u0219i, de asemenea, pentru instala\u021biile cu mult\u0103 putere \u0219i o durat\u0103 de via\u021b\u0103 lung\u0103. Acest modul este instalat \u00eempreun\u0103 cu un BMS FC0048M-100 cu o tensiune nominal\u0103 de 48V \u0219i o capacitate de 47Ah. Aceste sisteme au, de asemenea, un curent de \u00eenc\u0103rcare \u0219i desc\u0103rcare care poate ajunge la un total de 60A \u0219i protec\u021bie IP55.<\/p>\n<p>Simplitatea \u0219i capacitatea de stivuire a sistemului \u00eel fac extrem de flexibil, cu posibilitatea de a se extinde \u00een timp foarte u\u0219or. Un alt aspect important este, f\u0103r\u0103 \u00eendoial\u0103, ad\u00e2ncimea de desc\u0103rcare, cu 90%. De asemenea, dispozitivele pot fi combinate cu diferite tipuri de invertoare, chiar \u0219i cu func\u021bia EPS integrat\u0103.<\/p>\n<p>Printre principalele sale caracteristici se num\u0103r\u0103 designul modular care ofer\u0103 flexibilitate maxim\u0103, celula intern\u0103 LFP care permite o durat\u0103 de via\u021b\u0103 mai lung\u0103 \u0219i o mai mare siguran\u021b\u0103, conexiuni rapide pentru a economisi timp de instalare \u0219i un BMS dovedit cu cea mai mare compatibilitate cu invertoarele.<\/p>\n<p>Bateria are o garan\u021bie legal\u0103 de 3 ani \u0219i o garan\u021bie a produc\u0103torului de 10 ani.<\/p>\n<p>&nbsp;<\/p>\n<h3><strong>Date tehnice ale modulului de baterii cu litiu Pylontech Force L1 Force L1<\/strong><\/h3>\n<p>- Capacitatea bateriei: 3,55 kWh<br \/>\n- Gama de tensiune: 44.5 -54h<br \/>\n- Capacitate util\u0103: 4600W<br \/>\n- Grad de protec\u021bie: IP55<br \/>\n- Port de comunicare: RS485<br \/>\n- Garan\u021bie: 10 ani (\u00een conformitate cu cerin\u021bele produc\u0103torului).<\/p>\n<\/div>\n<\/div>\n<\/div>\n<\/div>\n<\/div>","protected":false},"excerpt":{"rendered":"<p>Modulul de baterii cu litiu Pylontech Force L1 3,55 kWh formeaz\u0103 un sistem de baterii stivuibile \u00eentre 2 \u0219i 7 module cu un BMS extern. Pylontech Force L1 3.55 este alc\u0103tuit dintr-un Pylontech BMU [...]<\/p>","protected":false},"featured_media":287,"template":"","meta":{"_seopress_robots_primary_cat":"none","_seopress_titles_title":"","_seopress_titles_desc":"","_seopress_robots_index":"","_kad_blocks_custom_css":"","_kad_blocks_head_custom_js":"","_kad_blocks_body_custom_js":"","_kad_blocks_footer_custom_js":""},"product_cat":[17],"product_tag":[],"class_list":{"0":"post-286","1":"product","2":"type-product","3":"status-publish","4":"has-post-thumbnail","6":"product_cat-home-batteries","8":"first","9":"outofstock","10":"sale","11":"taxable","12":"shipping-taxable","13":"purchasable","14":"product-type-simple"},"taxonomy_info":{"product_cat":[{"value":17,"label":"Home batteries"}]},"featured_image_src_large":["https:\/\/ownpowr.com\/wp-content\/uploads\/2022\/11\/Schermafbeelding-2022-10-15-om-12.07.40.png",822,504,false],"author_info":[],"comment_info":"","_links":{"self":[{"href":"https:\/\/ownpowr.com\/ro\/wp-json\/wp\/v2\/product\/286","targetHints":{"allow":["GET"]}}],"collection":[{"href":"https:\/\/ownpowr.com\/ro\/wp-json\/wp\/v2\/product"}],"about":[{"href":"https:\/\/ownpowr.com\/ro\/wp-json\/wp\/v2\/types\/product"}],"wp:featuredmedia":[{"embeddable":true,"href":"https:\/\/ownpowr.com\/ro\/wp-json\/wp\/v2\/media\/287"}],"wp:attachment":[{"href":"https:\/\/ownpowr.com\/ro\/wp-json\/wp\/v2\/media?parent=286"}],"wp:term":[{"taxonomy":"product_cat","embeddable":true,"href":"https:\/\/ownpowr.com\/ro\/wp-json\/wp\/v2\/product_cat?post=286"},{"taxonomy":"product_tag","embeddable":true,"href":"https:\/\/ownpowr.com\/ro\/wp-json\/wp\/v2\/product_tag?post=286"}],"curies":[{"name":"wp","href":"https:\/\/api.w.org\/{rel}","templated":true}]}}