{"id":3719,"date":"2023-10-19T17:21:57","date_gmt":"2023-10-19T15:21:57","guid":{"rendered":"https:\/\/ownpowr.com\/?post_type=product&#038;p=3719"},"modified":"2025-08-25T14:40:54","modified_gmt":"2025-08-25T12:40:54","slug":"blauhoff-maxus-100k-258kwh-all-in-one-8000-cycles-10-year-warantee","status":"publish","type":"product","link":"https:\/\/ownpowr.com\/ro\/product\/blauhoff-maxus-100k-258kwh-all-in-one-8000-de-cicluri-10-ani-de-garantie\/","title":{"rendered":"Blauhoff Maxus 125K\/258kWh Cabinet de stocare a energiei \"Totul \u00eentr-unul"},"content":{"rendered":"<h3>Blauhoff Maxus 125K\/258kWh Cabinet de stocare a energiei All In One Cabinet de stocare a energiei Garan\u021bie de 10 ani 8000 de cicluri<\/h3>\n<p><strong>Toate sistemele de baterii Blauhoff au o garan\u021bie de 10 ani pentru celule \u0219i de 5 ani pentru invertor, f\u0103r\u0103 nicio form\u0103 de plat\u0103 suplimentar\u0103!<\/strong><\/p>\n<p><strong>Acest lucru nu este valabil \u00een cazul majorit\u0103\u021bii celorlalte m\u0103rci, iar garan\u021bia este limitat\u0103 la doar 3-5 ani!<\/strong><\/p>\n<p><strong>Celule prismatice pentru cea mai \u00eenalt\u0103 calitate \u0219i cea mai lung\u0103 durat\u0103 de via\u021b\u0103, 8000 de cicluri \u0219i 10 ani garan\u021bie pentru celule f\u0103r\u0103 costuri suplimentare \u0219i 5 ani pentru \u00eentregul aparat.<\/strong><\/p>\n<p>&nbsp;<\/p>\n<p>Seria BLH-125K\/258KwH-Maxus, un ESS comercial \u0219i industrial de r\u0103cire cu lichid all-in-one, este<br \/>\nintegrat cu convertor de stocare a energiei, baterie, BMS, EMS, management termic,<br \/>\ndistribu\u021bia de energie, protec\u021bia \u00eempotriva incendiilor etc. Designul all-in-one este u\u0219or de instalat \u0219i<br \/>\nO&amp;M. \u00cen acela\u0219i timp, designul de siguran\u021b\u0103 al sistemului asigur\u0103 o performan\u021b\u0103 mai bun\u0103 a bateriei.<br \/>\n\u0219i o durat\u0103 de via\u021b\u0103 mai lung\u0103. Mai multe seturi de dulapuri pot fi conectate direct \u00een paralel p\u00e2n\u0103 la 30 de buc\u0103\u021bi pentru a<br \/>\nrealizarea extinderii sistemului de stocare a energiei.<\/p>\n<h4>Economice:<\/h4>\n<p>ESS puternic integrat pentru o utilizare u\u0219oar\u0103<br \/>\ntransport \u0219i O&amp;M. Site-ul<br \/>\ndesignul integrat permite ca site-ul s\u0103<br \/>\nse instaleaz\u0103 \u0219i se utilizeaz\u0103 rapid.<\/p>\n<p>Func\u021bia de rezerv\u0103<\/p>\n<p>Func\u021bia Peakshave<\/p>\n<p>Func\u021bia PV<\/p>\n<h4>R\u0103cire cu lichid:<\/h4>\n<p>Devia\u021bia de temperatur\u0103 a<br \/>\ncelule de baterii \u00een \u00eentregul<br \/>\neste \u00een limita a 3\u00b0C, datorit\u0103<br \/>\nsistem inteligent de r\u0103cire cu lichid.<br \/>\nAcesta poate extinde durata de via\u021b\u0103 a<br \/>\ncelule de baterii de p\u00e2n\u0103 la 20%.<\/p>\n<h4>\u00cen siguran\u021b\u0103:<\/h4>\n<p>Sistemul are patru niveluri<br \/>\nstructura de management care<br \/>\npoate furniza cu precizie scurte<br \/>\nprotec\u021bie de circuit, supracurent<br \/>\nprotec\u021bie, supratensiune<br \/>\nprotec\u021bie, sub tensiune<br \/>\nprotec\u021bie, peste temperatur\u0103<br \/>\nprotec\u021bie, etc.<\/p>\n<p>VDE4100<\/p>\n<p>IEC62619<\/p>\n<p>IEC61000<\/p>\n<p>UL9540A<\/p>\n<p>EN50549<\/p>\n<h4>Fi\u0219\u0103 tehnic\u0103 :<\/h4>\n<p><a href=\"https:\/\/ownpowr.com\/wp-content\/uploads\/2023\/10\/blauhoff_sd-125-258_energy_storage_cabinet.pdf\">Blauhoff_SD-125-258_Energy_Storage_Cabinet<\/a><\/p>\n<p><iframe title=\"Blauhoff ESS All in one\" width=\"1140\" height=\"641\" src=\"https:\/\/www.youtube.com\/embed\/4ygzOwu-j7I?feature=oembed\" frameborder=\"0\" allow=\"accelerometer; autoplay; clipboard-write; encrypted-media; gyroscope; picture-in-picture; web-share\" referrerpolicy=\"strict-origin-when-cross-origin\" allowfullscreen><\/iframe><\/p>","protected":false},"excerpt":{"rendered":"<p><a href=\"https:\/\/ownpowr.com\/wp-content\/uploads\/2023\/10\/blauhoff_sd-125-258_energy_storage_cabinet.pdf\">Blauhoff_SD-125-258_Energy_Storage_Cabinet<\/a><\/p>\n<p>Aten\u021bie, pre\u021bul este f\u0103r\u0103 TVA \u0219i f\u0103r\u0103 instalare<\/p>","protected":false},"featured_media":3781,"template":"","meta":{"_seopress_robots_primary_cat":"none","_seopress_titles_title":"Blauhoff Maxus 100K\/258kWh All In One Energy Storage System","_seopress_titles_desc":"Get this Energy Storage System for commercial and industrial use with liquid cooling, easy installation, and outstanding safety features","_seopress_robots_index":"","_kad_blocks_custom_css":"","_kad_blocks_head_custom_js":"","_kad_blocks_body_custom_js":"","_kad_blocks_footer_custom_js":""},"product_cat":[17,19],"product_tag":[],"class_list":{"0":"post-3719","1":"product","2":"type-product","3":"status-publish","4":"has-post-thumbnail","6":"product_cat-home-batteries","7":"product_cat-sets-with-inverters","9":"first","10":"instock","11":"sale","12":"taxable","13":"shipping-taxable","14":"purchasable","15":"product-type-simple"},"taxonomy_info":{"product_cat":[{"value":17,"label":"Home batteries"},{"value":19,"label":"Sets with inverters"}]},"featured_image_src_large":["https:\/\/ownpowr.com\/wp-content\/uploads\/2023\/10\/platte-tekst-toevoegen-1-2-1024x1024.png",1024,1024,true],"author_info":[],"comment_info":"","_links":{"self":[{"href":"https:\/\/ownpowr.com\/ro\/wp-json\/wp\/v2\/product\/3719","targetHints":{"allow":["GET"]}}],"collection":[{"href":"https:\/\/ownpowr.com\/ro\/wp-json\/wp\/v2\/product"}],"about":[{"href":"https:\/\/ownpowr.com\/ro\/wp-json\/wp\/v2\/types\/product"}],"wp:featuredmedia":[{"embeddable":true,"href":"https:\/\/ownpowr.com\/ro\/wp-json\/wp\/v2\/media\/3781"}],"wp:attachment":[{"href":"https:\/\/ownpowr.com\/ro\/wp-json\/wp\/v2\/media?parent=3719"}],"wp:term":[{"taxonomy":"product_cat","embeddable":true,"href":"https:\/\/ownpowr.com\/ro\/wp-json\/wp\/v2\/product_cat?post=3719"},{"taxonomy":"product_tag","embeddable":true,"href":"https:\/\/ownpowr.com\/ro\/wp-json\/wp\/v2\/product_tag?post=3719"}],"curies":[{"name":"wp","href":"https:\/\/api.w.org\/{rel}","templated":true}]}}