{"id":4030,"date":"2025-01-30T09:44:01","date_gmt":"2025-01-30T07:44:01","guid":{"rendered":"https:\/\/ownpowr.com\/?post_type=product&#038;p=4030"},"modified":"2025-08-25T15:06:43","modified_gmt":"2025-08-25T13:06:43","slug":"blauhoff-maxus-all-in-one-500k-1156kwh-energy-storage-cabinet-liquid-cooled","status":"publish","type":"product","link":"https:\/\/ownpowr.com\/ro\/product\/blauhoff-maxus-all-in-one-500k-1032kwh-cabinet-de-stocare-a-energiei-cu-racire-cu-lichid-blauhoff-maxus-all-in-one-500k-1032kwh\/","title":{"rendered":"Blauhoff Maxus All in One 500K\/1156kWh Cabinet de stocare a energiei r\u0103cit cu lichid 1 Megawatt"},"content":{"rendered":"<p><strong>Toate sistemele de baterii Blauhoff au o garan\u021bie de 10 ani pentru celule \u0219i de 5 ani pentru invertor, f\u0103r\u0103 nicio form\u0103 de plat\u0103 suplimentar\u0103!<\/strong><\/p>\n<p><strong>Acest lucru nu este valabil \u00een cazul majorit\u0103\u021bii celorlalte m\u0103rci, iar garan\u021bia este limitat\u0103 la doar 3-5 ani!<\/strong><\/p>\n<p><strong>Celule prismatice pentru cea mai \u00eenalt\u0103 calitate \u0219i cea mai lung\u0103 durat\u0103 de via\u021b\u0103, 8000 de cicluri \u0219i 10 ani garan\u021bie pentru celule f\u0103r\u0103 costuri suplimentare \u0219i 5 ani pentru \u00eentregul aparat.<\/strong><\/p>\n<p>&nbsp;<\/p>\n<p>Blauhoff Maxus All in One 500K-1156kWh = 2 mWh R\u0103cit cu lichid Garan\u021bie de 10 ani 8000 Cicluri<\/p>\n<p>Celule prismatice pentru cea mai bun\u0103 calitate \u0219i cea mai lung\u0103 durat\u0103 de via\u021b\u0103 \u0219i 8000 de cicluri<\/p>\n<p>ESS complet integrat pentru un transport \u0219i O&amp;M u\u0219oare.<\/p>\n<p>Designul integrat \u0219i modular face ca acesta s\u0103 fie rapid de instalat \u0219i utilizat, 2-3 ore de lucru pe unitate.<\/p>\n<p>Blauhoff BLH-100K-2064kWh-Maxus, un ESS comercial \u0219i industrial all-in-one cu r\u0103cire cu lichid, este integrat cu convertor de stocare a energiei, baterie, BMS, EMS, management termic, distribu\u021bie de energie, protec\u021bie \u00eempotriva incendiilor etc.<\/p>\n<p>\u00cen acest caz, 8 buc.<\/p>\n<p>Designul \"all-in-one\" este u\u0219or de instalat \u0219i O&amp;M \u0219i este echipat cu func\u021bie de rezerv\u0103 \u0219i func\u021bie fotovoltaic\u0103.<\/p>\n<p>Designul de siguran\u021b\u0103 al sistemului asigur\u0103 o performan\u021b\u0103 mai bun\u0103 a bateriei \u0219i o durat\u0103 de via\u021b\u0103 mai lung\u0103<br \/>\nvia\u021b\u0103. Mai multe seturi de dulapuri pot fi conectate direct \u00een paralel, p\u00e2n\u0103 la 30 de buc\u0103\u021bi, pentru a realiza stocarea energiei.<br \/>\nextinderea sistemului. Este foarte u\u0219or de scalat \u0219i portabil.<\/p>\n<p>R\u0103cire cu lichid :<br \/>\nDeriva de temperatur\u0103 a celulelor bateriei<br \/>\n\u00een \u00eentregul sistem se \u00eencadreaz\u0103 \u00een limitele de \u00b11,5\u00b0C datorit\u0103<br \/>\nsistem inteligent de r\u0103cire cu lichid. Acesta poate<br \/>\nprelungirea duratei de via\u021b\u0103 a sistemului p\u00e2n\u0103 la<br \/>\n30%, cre\u0219te eficien\u021ba sistemului pe termen lung<br \/>\np\u00e2n\u0103 la 88,5%.<\/p>\n<p>Siguran\u021b\u0103<br \/>\nSistemul are patru niveluri de gestionare<br \/>\nstructur\u0103 care poate oferi o precizie<br \/>\nprotec\u021bie la scurtcircuit, supracurent<br \/>\nprotec\u021bie, protec\u021bie la supratensiune,<br \/>\nprotec\u021bie la sub tensiune, protec\u021bie la supratemperatur\u0103<br \/>\nprotec\u021bie, etc.<\/p>\n<p>VDE4100<\/p>\n<p>IEC62619<\/p>\n<p>IEC61000<\/p>\n<p>UL9540A<\/p>\n<p>EN50549<\/p>\n<h3><span style=\"font-size: 16px\">Fi\u0219\u0103 tehnic\u0103 :<\/span><\/h3>\n<p><a href=\"https:\/\/blauhoff.nl\/wp-content\/uploads\/2023\/10\/Blauhoff_SD-125-258_Energy_Storage_Cabinet.pdf\" target=\"_blank\" rel=\"noopener\">Blauhoff_SD-125-258_Energy_Storage_Cabinet<\/a><\/p>\n<p>ATEN\u021aIE!<\/p>\n<p>Datorit\u0103 integr\u0103rii \u0219i complexit\u0103\u021bii, acest pre\u021b nu include TVA \u0219i nu include asamblarea.<\/p>\n<p>Asamblarea este realizat\u0103 de c\u0103tre instalatorul local cu ajutorul personalului nostru tehnic.<\/p>\n<p><iframe title=\"Blauhoff ESS All in one\" width=\"1140\" height=\"641\" src=\"https:\/\/www.youtube.com\/embed\/4ygzOwu-j7I?feature=oembed\" frameborder=\"0\" allow=\"accelerometer; autoplay; clipboard-write; encrypted-media; gyroscope; picture-in-picture; web-share\" referrerpolicy=\"strict-origin-when-cross-origin\" allowfullscreen><\/iframe><\/p>","protected":false},"excerpt":{"rendered":"<p>Toate sistemele de baterii Blauhoff au o garan\u021bie de 10 ani pentru celule \u0219i de 5 ani pentru invertor, f\u0103r\u0103 nicio form\u0103 de plat\u0103 suplimentar\u0103! Acesta nu este cazul [...]<\/p>","protected":false},"featured_media":4028,"template":"","meta":{"_seopress_robots_primary_cat":"none","_seopress_titles_title":"Blauhoff Maxus All in One 500K\/1032kWh Energy Storage Cabinet Liquid cooled","_seopress_titles_desc":"Discover the game-changing products offered by OwnPowr to enhance your online presence and capture your target audience. Start growing your business today!","_seopress_robots_index":"","_kad_blocks_custom_css":"","_kad_blocks_head_custom_js":"","_kad_blocks_body_custom_js":"","_kad_blocks_footer_custom_js":""},"product_cat":[17,19],"product_tag":[],"class_list":{"0":"post-4030","1":"product","2":"type-product","3":"status-publish","4":"has-post-thumbnail","6":"product_cat-home-batteries","7":"product_cat-sets-with-inverters","9":"first","10":"instock","11":"taxable","12":"shipping-taxable","13":"purchasable","14":"product-type-simple"},"taxonomy_info":{"product_cat":[{"value":17,"label":"Home batteries"},{"value":19,"label":"Sets with inverters"}]},"featured_image_src_large":["https:\/\/ownpowr.com\/wp-content\/uploads\/2023\/10\/blauhoff-maxus.png",300,300,false],"author_info":[],"comment_info":"","_links":{"self":[{"href":"https:\/\/ownpowr.com\/ro\/wp-json\/wp\/v2\/product\/4030","targetHints":{"allow":["GET"]}}],"collection":[{"href":"https:\/\/ownpowr.com\/ro\/wp-json\/wp\/v2\/product"}],"about":[{"href":"https:\/\/ownpowr.com\/ro\/wp-json\/wp\/v2\/types\/product"}],"wp:featuredmedia":[{"embeddable":true,"href":"https:\/\/ownpowr.com\/ro\/wp-json\/wp\/v2\/media\/4028"}],"wp:attachment":[{"href":"https:\/\/ownpowr.com\/ro\/wp-json\/wp\/v2\/media?parent=4030"}],"wp:term":[{"taxonomy":"product_cat","embeddable":true,"href":"https:\/\/ownpowr.com\/ro\/wp-json\/wp\/v2\/product_cat?post=4030"},{"taxonomy":"product_tag","embeddable":true,"href":"https:\/\/ownpowr.com\/ro\/wp-json\/wp\/v2\/product_tag?post=4030"}],"curies":[{"name":"wp","href":"https:\/\/api.w.org\/{rel}","templated":true}]}}