{"id":405,"date":"2023-10-05T01:24:56","date_gmt":"2023-10-04T23:24:56","guid":{"rendered":"https:\/\/ownpowr.com\/product\/pytes-e-box-48100r\/"},"modified":"2024-10-16T15:58:23","modified_gmt":"2024-10-16T13:58:23","slug":"pytes-e-box-48100r","status":"publish","type":"product","link":"https:\/\/ownpowr.com\/ro\/product\/caseta-postala-electronica-48100r\/","title":{"rendered":"PYTES E-BOX 48100R"},"content":{"rendered":"<p>Bateria de uz casnic Pytes pentru panourile solare este noua genera\u021bie de baterii cu litiu LFP pentru stocarea energiei la domiciliu.<\/p>\n<p>Aceast\u0103 baterie de uz casnic este o baterie LFP standard sigur\u0103, bine conceput\u0103 \u0219i puternic\u0103 pentru casa sau afacerea dumneavoastr\u0103.<br \/>\nBateria este compact\u0103 \u0219i modular\u0103 \u0219i este potrivit\u0103 pentru panourile dvs. solare este compact\u0103, u\u0219or de instalat, nu necesit\u0103 \u00eentre\u021binere \u0219i poate fi utilizat\u0103 ca element constitutiv al unui sistem de stocare a energiei atunci c\u00e2nd este montat\u0103 \u00een paralel. Este utilizat\u0103 pe scar\u0103 larg\u0103 \u00een gospod\u0103rii pentru stocarea energiei sau \u00een<br \/>\nsisteme de stocare a energiei de mici dimensiuni, comerciale \u0219i industriale, cum ar fi sta\u021biile de telecomunica\u021bii.<\/p>\n<p>Maximul montabil \u00een paralel sunt 8 * 5.12kwh = 40.96 kwh, iar cu un HUB ad\u0103ugat 56 * 5.12 kwh = 280 KwH<\/p>\n<p>Caracteristicile bateriei pentru acas\u0103 PYTES E-BOX 48100R:<\/p>\n<ol>\n<li><strong>Garan\u021bie impresionant\u0103 de 10 ani:<\/strong> V\u0103 pute\u021bi baza pe aceast\u0103 baterie de cas\u0103 pe termen lung, sus\u021binut\u0103 de o garan\u021bie solid\u0103 de 10 ani.<\/li>\n<li><strong>Gestionarea inteligent\u0103 a energiei:<\/strong> PYTES E-BOX 48100R v\u0103 ofer\u0103 posibilitatea de a v\u0103 autogestiona complet nevoile energetice. Acesta stocheaz\u0103 eficient excesul de energie generat de panourile dvs. solare prin m\u0103surarea, monitorizarea \u0219i gestionarea atent\u0103 a procesului. Energia este disponibil\u0103 imediat c\u00e2nd ave\u021bi cea mai mare nevoie de ea, datorit\u0103 algoritmilor inteligen\u021bi care optimizeaz\u0103 durata de via\u021b\u0103 a sistemului.<\/li>\n<li><strong>Alimentarea de rezerv\u0103 \u0219i de urgen\u021b\u0103:<\/strong> Sta\u021bi lini\u0219tit \u0219tiind c\u0103 aceast\u0103 baterie pentru cas\u0103 ofer\u0103 o energie de rezerv\u0103 \u0219i de urgen\u021b\u0103 fiabil\u0103 atunci c\u00e2nd re\u021beaua electric\u0103 cedeaz\u0103 sau este supus\u0103 la peste 6000 de cicluri, asigur\u00e2nd at\u00e2t longevitate, c\u00e2t \u0219i siguran\u021b\u0103.<\/li>\n<li><strong>Compatibilitate larg\u0103:<\/strong> Bateria de uz casnic PYTES E-BOX 48100R este proiectat\u0103 av\u00e2nd \u00een vedere o compatibilitate larg\u0103, integr\u00e2ndu-se perfect \u00een diverse configura\u021bii.<\/li>\n<li><strong>Economii la factura de energie:<\/strong> \u00cen afara orelor de v\u00e2rf, bateria de acas\u0103 se \u00eencarc\u0103 \u00een mod inteligent cu ajutorul unui invertor \u0219i se descarc\u0103 \u00een timpul perioadelor de v\u00e2rf. Aceast\u0103 strategie duce la o reducere semnificativ\u0103 a facturii de energie \u00een timp.<\/li>\n<\/ol>\n<p>Specifica\u021bii tehnice:<\/p>\n<ul>\n<li><strong>Model:<\/strong> 48100R<\/li>\n<li><strong>Chimia bateriei:<\/strong> Litiu-fosfat de fier (LFP)<\/li>\n<li><strong>Tensiune nominal\u0103:<\/strong> 51.2V<\/li>\n<li><strong>Gama de tensiune:<\/strong> 47.5V-57.6V<\/li>\n<li><strong>Capacitate nominal\u0103:<\/strong> 100Ah<\/li>\n<li><strong>Energie nominal\u0103:<\/strong> 5.12kWh<\/li>\n<li><strong>Dimensiunile unit\u0103\u021bii:<\/strong> L440mm x B620mm x H117mm (2.6U)<\/li>\n<li><strong>Greutate unitar\u0103:<\/strong> 51 kg<\/li>\n<li><strong>Curent de \u00eenc\u0103rcare standard:<\/strong> 50A<\/li>\n<li><strong>Curent maxim de \u00eenc\u0103rcare:<\/strong> 50A<\/li>\n<li><strong>Curent de desc\u0103rcare standard:<\/strong> 50A<\/li>\n<li><strong>Rata maxim\u0103 de desc\u0103rcare de gestiune:<\/strong> 50A<\/li>\n<li><strong>Eficien\u021b\u0103 dus-\u00eentors:<\/strong> \u226595%<\/li>\n<li><strong>Protocoale de comunicare:<\/strong> RS232, RS485, POATE<\/li>\n<li><strong>Ciclul de via\u021b\u0103:<\/strong> \u22656000 de cicluri<\/li>\n<li><strong>Calendar Life:<\/strong> \u226510 ani<\/li>\n<li><strong>Temperatura de func\u021bionare:<\/strong> -10\u00b0C p\u00e2n\u0103 la 50\u00b0C<\/li>\n<li><strong>Stil de conectare:<\/strong> Paralel\u0103<\/li>\n<li><strong>Temperatura de depozitare:<\/strong> \u00cen termen de o lun\u0103: -20\u00b0C p\u00e2n\u0103 la 55\u00b0C, 1-3 luni: 0\u00b0C p\u00e2n\u0103 la 35\u00b0C, 3-12 luni: 20\u00b0C p\u00e2n\u0103 la 25\u00b0C<\/li>\n<li><strong>Panoul de control:<\/strong> Op\u021biunile de instalare u\u0219oar\u0103 includ montarea individual\u0103 pe perete cu ajutorul suporturilor furnizate sau asocierea elegant\u0103 cu homeboxul elegant.<\/li>\n<\/ul>","protected":false},"excerpt":{"rendered":"<p>Bateria de uz casnic Pytes pentru panourile solare este noua genera\u021bie de baterii cu litiu LFP pentru stocarea energiei la domiciliu. Aceast\u0103 baterie de uz casnic este o baterie standard sigur\u0103, bine conceput\u0103 \u0219i puternic\u0103 [...]<\/p>","protected":false},"featured_media":406,"template":"","meta":{"_seopress_robots_primary_cat":"none","_seopress_titles_title":"The Pytes Home Battery: A Safe, Powerful LFP Lithium Battery for Solar Panels","_seopress_titles_desc":"Experience complete energy self-management with this compact, easy-to-install home battery. Store excess energy, reduce bills, and enjoy a 10-year warranty!","_seopress_robots_index":"","_kad_blocks_custom_css":"","_kad_blocks_head_custom_js":"","_kad_blocks_body_custom_js":"","_kad_blocks_footer_custom_js":""},"product_cat":[17],"product_tag":[],"class_list":{"0":"post-405","1":"product","2":"type-product","3":"status-publish","4":"has-post-thumbnail","6":"product_cat-home-batteries","8":"first","9":"instock","10":"sale","11":"taxable","12":"shipping-taxable","13":"purchasable","14":"product-type-simple"},"taxonomy_info":{"product_cat":[{"value":17,"label":"Home batteries"}]},"featured_image_src_large":["https:\/\/ownpowr.com\/wp-content\/uploads\/2022\/11\/48100R\u8be6\u60c5-920x640_08-420x420-1.jpeg",420,420,false],"author_info":[],"comment_info":"","_links":{"self":[{"href":"https:\/\/ownpowr.com\/ro\/wp-json\/wp\/v2\/product\/405","targetHints":{"allow":["GET"]}}],"collection":[{"href":"https:\/\/ownpowr.com\/ro\/wp-json\/wp\/v2\/product"}],"about":[{"href":"https:\/\/ownpowr.com\/ro\/wp-json\/wp\/v2\/types\/product"}],"wp:featuredmedia":[{"embeddable":true,"href":"https:\/\/ownpowr.com\/ro\/wp-json\/wp\/v2\/media\/406"}],"wp:attachment":[{"href":"https:\/\/ownpowr.com\/ro\/wp-json\/wp\/v2\/media?parent=405"}],"wp:term":[{"taxonomy":"product_cat","embeddable":true,"href":"https:\/\/ownpowr.com\/ro\/wp-json\/wp\/v2\/product_cat?post=405"},{"taxonomy":"product_tag","embeddable":true,"href":"https:\/\/ownpowr.com\/ro\/wp-json\/wp\/v2\/product_tag?post=405"}],"curies":[{"name":"wp","href":"https:\/\/api.w.org\/{rel}","templated":true}]}}