{"id":4066,"date":"2023-10-27T15:05:46","date_gmt":"2023-10-27T13:05:46","guid":{"rendered":"https:\/\/ownpowr.com\/?post_type=product&#038;p=4066"},"modified":"2025-02-27T12:52:29","modified_gmt":"2025-02-27T10:52:29","slug":"deye-micro-inverter-sun600","status":"publish","type":"product","link":"https:\/\/ownpowr.com\/ro\/product\/deye-micro-invertor-sun600-doar-cu-cutie-4-bucati\/","title":{"rendered":"Deye micro invertor-SUN600"},"content":{"rendered":"<div class=\"left column\">\n<h1>DEYE SUN600\/800\/800\/1000G3-US-220\/EU-230 |600-1000W| monofazat | 2 MPPT | Micro-Inverter | Oprire rapid\u0103<\/h1>\n<p>Randamente mai mari \/ Sigur \/ Inteligent \/ U\u0219or de utilizat<\/p>\n<div class=\"text\">\n<p>SUN 600\/800\/1000G3 este o nou\u0103 genera\u021bie de microinvertoare conectate la re\u021bea, cu sisteme inteligente de re\u021bea \u0219i de monitorizare pentru a asigura o eficien\u021b\u0103 maxim\u0103. SUN 600\/800\/1000G3 este optimizat pentru a acomoda eficient modulele fotovoltaice de mare putere din prezent, cu o putere de p\u00e2n\u0103 la 500 W \u0219i MPPT dublu. De asemenea, suport\u0103 aplica\u021bia de oprire rapid\u0103, asigur\u00e2nd siguran\u021ba investi\u021biei dumneavoastr\u0103.<\/p>\n<\/div>\n<\/div>\n<div class=\"prodet-2\">\n<div class=\"ui container\">\n<div class=\"box grid-box\">\n<div class=\"right column\">\n<h2 class=\"titleBig\">Func\u021bia de \u00eenchidere de la distan\u021b\u0103<\/h2>\n<h4>Platforma de monitorizare inteligent\u0103<\/h4>\n<p>Datorit\u0103 platformei de monitorizare inteligent\u0103, seria complet\u0103 de invertoare Deye suport\u0103 oprirea imediat\u0103 de la distan\u021b\u0103 atunci c\u00e2nd se produce un accident.Setarea parametrilor \u0219i actualizarea FW de la distan\u021b\u0103, ceea ce face ca O&amp;M a centralei fotovoltaice s\u0103 fie mai u\u0219oar\u0103.<\/p>\n<\/div>\n<\/div>\n<\/div>\n<\/div>\n<div class=\"prodet-3\">\n<div class=\"ui container\">\n<div class=\"box grid-box\">\n<div class=\"left column\">\n<div class=\"slick-list draggable\">\n<div class=\"slick-track\">\n<div class=\"slick-slide slick-cloned\" data-slick-index=\"-2\" aria-hidden=\"true\">\n<ul>\n<li>Monitorizarea la nivel de modul, mai sigur\u0103 \u0219i mai inteligent\u0103<\/li>\n<li>Max. Curent de intrare DC 13A, se adapteaz\u0103 la un modul PV de 500W<\/li>\n<li>Func\u021bia de oprire rapid\u0103<\/li>\n<li>Grad de protec\u021bie IP67, 10 ani garan\u021bie<\/li>\n<li>Comunicare PLC, Zigbee sau WIFI<\/li>\n<li>2 urm\u0103ritori MPP, monitorizare la nivel de modul<\/li>\n<\/ul>\n<\/div>\n<div class=\"slick-slide slick-cloned\" data-slick-index=\"-1\" aria-hidden=\"true\">\n<div id=\"av_articleherstbezeichnung\">\n<h1 class=\"av_fontnormal\">DEYE SUN600<\/h1>\n<\/div>\n<div id=\"av_articletext\" class=\"clearfix\"><span class=\"artbesch\">Invertor mic cu performan\u021be ridicate<br \/>\nMicroinvertor inteligent pentru alimentarea \u00een re\u021beaua electric\u0103 de acas\u0103. Acest invertor este u\u0219or de instalat \u0219i configurat. Pot fi montate panouri solare de la aproape to\u021bi produc\u0103torii. Ideal pentru sisteme solare mici, de exemplu, pe balcoane, case de gr\u0103din\u0103, garaje sau zone cu umbrire.<\/span><b>Livrare \u00een prezent f\u0103r\u0103 cuplaj \u0219i capac Betteri! V\u0103 rug\u0103m s\u0103 comanda\u021bi direct<\/b><\/p>\n<ul type=\"disc\">\n<li>Interfe\u021be: WiFi<\/li>\n<li>design compact<\/li>\n<li>Montare \u00een exterior, direct pe modulul solar<\/li>\n<li>R\u0103cirea prin convec\u021bie<\/li>\n<li>Urm\u0103rirea punctului de putere maxim\u0103 (MPPT)<\/li>\n<li>func\u021bie de pornire rapid\u0103 de p\u00e2n\u0103 la 12 secunde<\/li>\n<li>sigur datorit\u0103 func\u021biei de oprire rapid\u0103<\/li>\n<li>Monitorizarea defec\u021biunilor la sol<\/li>\n<li>Monitorizarea re\u021belei<\/li>\n<li>monitorizarea curentului rezidual<\/li>\n<li>Clasa de protec\u021bie IP 67<\/li>\n<\/ul>\n<p>&nbsp;<\/p>\n<p><b>Monitorizare inteligent\u0103:<\/b><br \/>\nUrm\u0103re\u0219te-\u021bi succesele \u00een orice moment! Interfa\u021ba WLAN integrat\u0103 v\u0103 permite s\u0103 integra\u021bi acest invertor \u00een re\u021beaua dvs.<br \/>\nAccesul prin intermediul aplica\u021biei SOLARMAN este posibil cu ajutorul smartphone-ului sau al tabletei. \u00cen plus, accesul prin browser este posibil cu dispozitivul dvs. final.<\/p>\n<p><b>Urm\u0103rire MPPT:<\/b><br \/>\nProduc\u021bii maxime \u00een orice condi\u021bii meteorologice. Indiferent dac\u0103 vremea este rea sau par\u021bial umbrit\u0103, tehnologia modern\u0103 \u0219i cea mai recent\u0103 tehnologie de \u0219iruri a invertorului asigur\u0103 randamente optime.<\/p>\n<p><b>U\u0219or de extins:<\/b><br \/>\nUn sistem cu acest microinvertor poate fi extins cu microinvertoare suplimentare \u00een orice moment. Invertorul suplimentar se conecteaz\u0103 pur \u0219i simplu la microinvertorul existent cu ajutorul fi\u0219ei Betteri.<\/p>\n<p><b>Certificat\u0103 \u00een conformitate cu VDE:<\/b><br \/>\nMicroinverterul este certificat \u00een conformitate cu VDE-AR-N-4105:2018 \u0219i poate fi exploatat \u00een Germanyl. Acesta include o protec\u021bie NA, se opre\u0219te imediat atunci c\u00e2nd este deconectat de la re\u021bea.<\/p>\n<p><b>WLAN:<\/b><br \/>\nUn modul WLAN este integrat \u00een microinvertor. Acest lucru \u00eenseamn\u0103 c\u0103 nu este nevoie de hardware suplimentar pentru a stabili o conexiune. Cu ajutorul aplica\u021biei SOLARMAN pute\u021bi urm\u0103ri live randamentele \u0219i le pute\u021bi vizualiza \u0219i analiza grafic. Parola WLAN pentru invertorul Deye este \"12345678\" \u0219i trebuie introdus\u0103 o singur\u0103 dat\u0103 \u00een timpul integr\u0103rii \u00een aplica\u021bia Solarman. Nu sunt necesare alte dispozitive pentru m\u0103surarea energiei!<\/p>\n<p><b>Montaj:<\/b><br \/>\nInvertorul are un rating IP 67 \u0219i este extrem de robust \u0219i durabil. Invertorul se monteaz\u0103 pur \u0219i simplu \u00een exterior \u00eempreun\u0103 cu modulul solar.<\/p>\n<p><b>Conexiune AC:<\/b><br \/>\nPentru conectarea la re\u021beaua casei, pe partea dispozitivului este inclus\u0103 o fi\u0219\u0103 Betteri pentru asamblare liber\u0103.<\/p>\n<p><b>Intrare DC - partea solar\u0103:<\/b><br \/>\nPutere de intrare: 210 Watt - 400 Watt<br \/>\nMax. Tensiune de intrare: 60 V DC<br \/>\nMax. Curent de intrare: 16 A<br \/>\nControlul MPP: Da<br \/>\nConexiuni DC: Da<br \/>\nConexiune: MC4<\/p>\n<p><b>Ie\u0219ire CA - Ie\u0219ire de la re\u021bea:<\/b><br \/>\nPutere nominal\u0103: 600 wa\u021bi (230 V\/50 Hz)<br \/>\nTensiunea nominal\u0103 de ie\u0219ire: 230 V<br \/>\nCurent de ie\u0219ire: max. 2.9 A<br \/>\nConexiune: Betteri<\/p>\n<p><b>Dispozitiv:<\/b><br \/>\nDimensiuni (HxLxP): 229 x 212 x 40 mm<br \/>\nGreutate: 3,5 kg<br \/>\nConsumul de noapte: &lt; 50 mW<\/p>\n<p><b>Domeniul de aplicare a livr\u0103rii:<\/b><br \/>\n1x SUN600<br \/>\n1x anten\u0103 WLAN<br \/>\n1x manual (englez\u0103)<\/p>\n<p><b>Important:<\/b><br \/>\nPentru configurarea, adaptarea liniilor de alimentare \/ a liniilor de conectare la cas\u0103, v\u0103 recomand\u0103m s\u0103 consulta\u021bi \u00eentotdeauna personal calificat. Societatea reichelt elektronik GmbH &amp; Co. KG nu \u00ee\u0219i asum\u0103 nicio r\u0103spundere. V\u0103 rug\u0103m s\u0103 v\u0103 informa\u021bi \u00eenainte de achizi\u021bie \u0219i conectare.<\/p>\n<div id=\"clipvideo\"><strong>Mai multe informa\u021bii:<\/strong><\/div>\n<div><a href=\"https:\/\/storeyourownpower.com\/wp-content\/uploads\/2022\/12\/Datasheet-English-microinverter.pdf\" target=\"_blank\" rel=\"noopener\">Fi\u0219\u0103 tehnic\u0103 Rom\u00e2n\u0103 microinverter<\/a><\/div>\n<div><a href=\"https:\/\/storeyourownpower.com\/wp-content\/uploads\/2022\/12\/User-Manual-Deye-microinverter.pdf\" target=\"_blank\" rel=\"noopener\">Manual de utilizare microinvertor Deye<\/a><\/div>\n<\/div>\n<\/div>\n<\/div>\n<\/div>\n<\/div>\n<\/div>\n<\/div>\n<\/div>","protected":false},"excerpt":{"rendered":"<p>DEYE SUN600\/800\/1000G3-US-220\/EU-230 |600-1000W| Monofazat | 2 MPPT | Microinvertor | Oprire rapid\u0103 Randamente mai mari \/ Sigur \/ Inteligent \/ U\u0219or de utilizat SUN 600\/800\/1000G3 este o nou\u0103 genera\u021bie de microinvertor conectat la re\u021bea cu [...]<\/p>","protected":false},"featured_media":4069,"template":"","meta":{"_seopress_robots_primary_cat":"none","_seopress_titles_title":"DEYE SUN600\/800\/1000G3-US-220\/EU-230 |600-1000W| Single Phase | 2 MPPT | Micro-Inverter | Rapid Shutdown","_seopress_titles_desc":"Get the DEYE SUN600\/800\/1000G3 microinverter for maximum efficiency and safe solar energy production. Supports rapid shutdown and smart monitoring.","_seopress_robots_index":"","_kad_blocks_custom_css":"","_kad_blocks_head_custom_js":"","_kad_blocks_body_custom_js":"","_kad_blocks_footer_custom_js":""},"product_cat":[18],"product_tag":[],"class_list":{"0":"post-4066","1":"product","2":"type-product","3":"status-publish","4":"has-post-thumbnail","6":"product_cat-hybrid-inverters","8":"first","9":"instock","10":"sale","11":"taxable","12":"shipping-taxable","13":"purchasable","14":"product-type-simple"},"taxonomy_info":{"product_cat":[{"value":18,"label":"Hybrid inverters"}]},"featured_image_src_large":["https:\/\/ownpowr.com\/wp-content\/uploads\/2023\/10\/deye-microinveretr.webp",420,420,false],"author_info":[],"comment_info":"","_links":{"self":[{"href":"https:\/\/ownpowr.com\/ro\/wp-json\/wp\/v2\/product\/4066","targetHints":{"allow":["GET"]}}],"collection":[{"href":"https:\/\/ownpowr.com\/ro\/wp-json\/wp\/v2\/product"}],"about":[{"href":"https:\/\/ownpowr.com\/ro\/wp-json\/wp\/v2\/types\/product"}],"wp:featuredmedia":[{"embeddable":true,"href":"https:\/\/ownpowr.com\/ro\/wp-json\/wp\/v2\/media\/4069"}],"wp:attachment":[{"href":"https:\/\/ownpowr.com\/ro\/wp-json\/wp\/v2\/media?parent=4066"}],"wp:term":[{"taxonomy":"product_cat","embeddable":true,"href":"https:\/\/ownpowr.com\/ro\/wp-json\/wp\/v2\/product_cat?post=4066"},{"taxonomy":"product_tag","embeddable":true,"href":"https:\/\/ownpowr.com\/ro\/wp-json\/wp\/v2\/product_tag?post=4066"}],"curies":[{"name":"wp","href":"https:\/\/api.w.org\/{rel}","templated":true}]}}