{"id":427,"date":"2023-10-04T16:42:56","date_gmt":"2023-10-04T14:42:56","guid":{"rendered":"https:\/\/ownpowr.com\/product\/pylontech-force-h1-10-65\/"},"modified":"2025-03-27T12:53:42","modified_gmt":"2025-03-27T10:53:42","slug":"pylontech-force-h1-10-65","status":"publish","type":"product","link":"https:\/\/ownpowr.com\/ro\/product\/pylontech-force-h1-10-65\/","title":{"rendered":"Pylontech for\u021b\u0103 H1 10.65 V2"},"content":{"rendered":"<p>V\u0103 prezent\u0103m modulul de baterii de \u00eenalt\u0103 tensiune Pylontech Force H1 de 10,65 kWh:<\/p>\n<p><strong>Caracteristici principale:<\/strong><\/p>\n<ul>\n<li><strong>Configura\u021bia bateriei:<\/strong> 3 x Module Force H1 3,55 kWh + 1 x BMU Force H1 Base<\/li>\n<li><strong>Capacitate util\u0103 total\u0103:<\/strong> 10,65 kWh<\/li>\n<li><strong>Integrarea industrial\u0103 vertical\u0103:<\/strong> Ofer\u0103 peste 6000 de cicluri cu 90% Depth of Discharge (DoD), asigur\u00e2nd o performan\u021b\u0103 de lung\u0103 durat\u0103.<\/li>\n<li><strong>Design modular:<\/strong> Permite clien\u021bilor finali s\u0103 \u00ee\u0219i aleag\u0103 capacitatea dorit\u0103, ceea ce face flexibil\u0103 extinderea.<\/li>\n<li><strong>Compatibilitate:<\/strong> Compatibil cu majoritatea invertoarelor hibride disponibile, asigur\u00e2nd o integrare perfect\u0103 cu sistemele existente.<\/li>\n<li><strong>Instalare rapid\u0103:<\/strong> Minimizeaz\u0103 timpul \u0219i costurile de instalare, simplific\u00e2nd procesul de configurare.<\/li>\n<li><strong>Design versatil:<\/strong> Potrivit at\u00e2t pentru instala\u021bii interioare, c\u00e2t \u0219i exterioare, oferind flexibilitate \u00een amplasare.<\/li>\n<\/ul>\n<p><strong>Descrierea produsului:<\/strong><\/p>\n<p>Pylontech Force H1 este cel mai recent modul de baterii HESS (High Energy Storage System) conceput pentru a r\u0103spunde nevoilor \u00een continu\u0103 evolu\u021bie ale utilizatorilor finali. Acesta \u00eencorporeaz\u0103 mai multe caracteristici cheie care \u00eel diferen\u021biaz\u0103:<\/p>\n<ul>\n<li><strong>Durat\u0103 lung\u0103 de via\u021b\u0103:<\/strong> Caracterul de \"durat\u0103 lung\u0103 de via\u021b\u0103\" asigur\u0103 durabilitatea sistemului, f\u0103c\u00e2ndu-l o alegere fiabil\u0103 pentru nevoile de stocare a energiei pe termen lung.<\/li>\n<li><strong>Densitate mare de energie \u0219i putere:<\/strong> Force H1 se m\u00e2ndre\u0219te cu cea mai mare densitate de energie \u0219i putere din industrie, maximiz\u00e2nd capacitatea de stocare a energiei \u00eentr-un design compact.<\/li>\n<li><strong>U\u0219or de instalat:<\/strong> Sistemul este proiectat pentru o instalare \u0219i extindere u\u0219oar\u0103, simplific\u00e2nd procesul de configurare pentru utilizatorii finali.<\/li>\n<li><strong>Scalabilitate:<\/strong> Utilizatorii pot \u00eencepe cu doar 2 module de baterii Force H1 \u0219i se pot extinde prin ad\u0103ugarea ulterioar\u0103 a mai multor module, oferind scalabilitate pentru a satisface cerin\u021bele energetice \u00een schimbare.<\/li>\n<li><strong>Garan\u021bia produc\u0103torului:<\/strong> Produsul este \u00eenso\u021bit de o garan\u021bie a produc\u0103torului de 10 ani, asigur\u00e2nd lini\u0219tea \u0219i fiabilitatea produsului. Pentru activarea garan\u021biei este necesar\u0103 \u00eenregistrarea, iar detaliile pot fi g\u0103site pe site-ul web al produc\u0103torului.<\/li>\n<\/ul>\n<p>Pylontech Force H1 este o alegere ideal\u0103 pentru solu\u021biile de stocare a energiei la nivel reziden\u021bial \u0219i comercial. Designul s\u0103u versatil, performan\u021bele ridicate \u0219i scalabilitatea \u00eel fac un accesoriu valoros pentru orice sistem de gestionare a energiei. Fie c\u0103 este vorba de energie de rezerv\u0103 \u00een timpul \u00eentreruperilor sau de optimizarea consumului de energie, Force H1 ofer\u0103 o solu\u021bie de stocare a energiei fiabil\u0103 \u0219i eficient\u0103.<\/p>\n<p><a href=\"https:\/\/storeyourownpower.com\/wp-content\/uploads\/2022\/10\/Datasheet-English-2.pdf\" target=\"_blank\" rel=\"noopener\">Fi\u0219\u0103 tehnic\u0103 Rom\u00e2n\u0103<\/a><br \/>\n<a href=\"https:\/\/storeyourownpower.com\/wp-content\/uploads\/2022\/10\/Operation-manual-English.pdf\" target=\"_blank\" rel=\"noopener\">Manual de utilizare \u00een limba englez\u0103<\/a><br \/>\n<a href=\"https:\/\/storeyourownpower.com\/wp-content\/uploads\/2022\/10\/Compatibility-list-English.pdf\" target=\"_blank\" rel=\"noopener\">Lista de compatibilitate Rom\u00e2n\u0103<\/a><br \/>\n<a href=\"https:\/\/storeyourownpower.com\/wp-content\/uploads\/2022\/10\/Consumer-Warranty.pdf\" target=\"_blank\" rel=\"noopener\">Garan\u021bia pentru consumatori<\/a><\/p>","protected":false},"excerpt":{"rendered":"<p>V\u0103 prezent\u0103m modulul de baterii de \u00eenalt\u0103 tensiune Pylontech Force H1 10,65 kWh: Caracteristici principale: Configura\u021bia bateriei: 3 x module Force H1 de 3,55 kWh + 1 x baz\u0103 BMU Force H1 Total [...]<\/p>","protected":false},"featured_media":428,"template":"","meta":{"_seopress_robots_primary_cat":"none","_seopress_titles_title":"Pylontech Force H1 10.65 - High Voltage Battery System","_seopress_titles_desc":"Experience the latest HESS battery system with high energy density, easy installation, and compatibility with hybrid inverters. Get up to 24.86 kWh of usable power and benefit from a 10-year manufacturer's warranty.","_seopress_robots_index":"","_kad_blocks_custom_css":"","_kad_blocks_head_custom_js":"","_kad_blocks_body_custom_js":"","_kad_blocks_footer_custom_js":""},"product_cat":[17],"product_tag":[],"class_list":{"0":"post-427","1":"product","2":"type-product","3":"status-publish","4":"has-post-thumbnail","6":"product_cat-home-batteries","8":"first","9":"instock","10":"sale","11":"taxable","12":"shipping-taxable","13":"purchasable","14":"product-type-simple"},"taxonomy_info":{"product_cat":[{"value":17,"label":"Home batteries"}]},"featured_image_src_large":["https:\/\/ownpowr.com\/wp-content\/uploads\/2022\/11\/Pylontech-Force-H1-10498-img.jpg",553,379,false],"author_info":[],"comment_info":"","_links":{"self":[{"href":"https:\/\/ownpowr.com\/ro\/wp-json\/wp\/v2\/product\/427","targetHints":{"allow":["GET"]}}],"collection":[{"href":"https:\/\/ownpowr.com\/ro\/wp-json\/wp\/v2\/product"}],"about":[{"href":"https:\/\/ownpowr.com\/ro\/wp-json\/wp\/v2\/types\/product"}],"wp:featuredmedia":[{"embeddable":true,"href":"https:\/\/ownpowr.com\/ro\/wp-json\/wp\/v2\/media\/428"}],"wp:attachment":[{"href":"https:\/\/ownpowr.com\/ro\/wp-json\/wp\/v2\/media?parent=427"}],"wp:term":[{"taxonomy":"product_cat","embeddable":true,"href":"https:\/\/ownpowr.com\/ro\/wp-json\/wp\/v2\/product_cat?post=427"},{"taxonomy":"product_tag","embeddable":true,"href":"https:\/\/ownpowr.com\/ro\/wp-json\/wp\/v2\/product_tag?post=427"}],"curies":[{"name":"wp","href":"https:\/\/api.w.org\/{rel}","templated":true}]}}