{"id":429,"date":"2023-10-04T16:42:58","date_gmt":"2023-10-04T14:42:58","guid":{"rendered":"https:\/\/ownpowr.com\/product\/pylontech-force-h1-3-55kwh-battery\/"},"modified":"2025-03-27T12:51:37","modified_gmt":"2025-03-27T10:51:37","slug":"pylontech-force-h1-3-55kwh-battery","status":"publish","type":"product","link":"https:\/\/ownpowr.com\/ro\/product\/baterie-pylontech-force-h1-3-55kwh-pylontech-force-h1-3-55kwh\/","title":{"rendered":"Pylontech force H1 3,55kWh baterie V2"},"content":{"rendered":"<h3>Pylontech Force H1 3.55kWh Modul de baterii Force H1 - \u00eenalt\u0103 tensiune<\/h3>\n<p>Force H1 este cel mai recent sistem de baterii HESS furnizat de Pylontech. Caracterul de \"durat\u0103 lung\u0103 de via\u021b\u0103\", cea mai mare densitate de energie \u0219i putere din industrie, designul la mod\u0103, u\u0219urin\u021ba de instalare \u0219i extindere, toate acestea reflect\u0103 cerin\u021bele reale ale utilizatorilor finali \u0219i cea mai puternic\u0103 capacitate tehnic\u0103 a Pylontech.<\/p>\n<p>Pylontech Modul de baterii Force H1 de 3,55 kWh pentru a asambla 1 stiv\u0103 Force H1 din 2 p\u00e2n\u0103 la 7 module de baterii Force H1 \u00een serie pentru a ob\u021bine o capacitate util\u0103 de 7,1 p\u00e2n\u0103 la 24,86 kWh. Posibilitatea de a cre\u0219te prin ad\u0103ugarea ulterioar\u0103 a modulelor Force H1<\/p>\n<p>\u2714 Integrarea industrial\u0103 vertical\u0103 ofer\u0103 peste 6000 de cicluri cu 90% DoD<\/p>\n<p>\u2714 Designul modular permite clien\u021bilor finali s\u0103 aleag\u0103 capacitatea<\/p>\n<p>\u2714 Compatibil cu majoritatea invertoarelor hibride disponibile<\/p>\n<p>\u2714 Deconectarea rapid\u0103 minimizeaz\u0103 timpul \u0219i costul de instalare<\/p>\n<p>\u2714 Design frumos - se potrive\u0219te at\u00e2t pentru instalare \u00een interior, c\u00e2t \u0219i \u00een exterior<\/p>\n<p>*10 ani de garan\u021bie a produc\u0103torului dup\u0103 \u00eenregistrarea cu succes la <a href=\"http:\/\/en.pylontech.com.cn\/service\/support\">http:\/\/en.pylontech.com.cn\/service\/support<\/a> \u0219i \u00een conformitate cu condi\u021biile men\u021bionate \u00een documentul \"Garan\u021bie limitat\u0103\" legat de acest articol.<\/p>\n<p><a href=\"https:\/\/storeyourownpower.com\/wp-content\/uploads\/2022\/10\/Datasheet-English-2.pdf\" target=\"_blank\" rel=\"noopener\">Fi\u0219\u0103 tehnic\u0103 Rom\u00e2n\u0103<\/a><br \/>\n<a href=\"https:\/\/storeyourownpower.com\/wp-content\/uploads\/2022\/10\/Compatibility-list-English.pdf\" target=\"_blank\" rel=\"noopener\">Lista de compatibilitate Rom\u00e2n\u0103<\/a><br \/>\n<a href=\"https:\/\/storeyourownpower.com\/wp-content\/uploads\/2022\/10\/Operation-manual-English.pdf\" target=\"_blank\" rel=\"noopener\">Manual de utilizare \u00een limba englez\u0103<\/a><br \/>\n<a href=\"https:\/\/storeyourownpower.com\/wp-content\/uploads\/2022\/10\/Consumer-Warranty.pdf\" target=\"_blank\" rel=\"noopener\">Garan\u021bia pentru consumatori<\/a><\/p>","protected":false},"excerpt":{"rendered":"<p>Pylontech Force H1 Modul de baterii de 3,55 kWh - \u00eenalt\u0103 tensiune Force H1 este cel mai recent sistem de baterii HESS furnizat de Pylontech. Caracterul de \"via\u021b\u0103 lung\u0103\", cea mai mare energie \u0219i putere [...]<\/p>","protected":false},"featured_media":430,"template":"","meta":{"_seopress_robots_primary_cat":"none","_seopress_titles_title":"Pylontech Force H1 3.55kWh Battery Module - High Voltage","_seopress_titles_desc":"The latest HESS battery system with industry-leading features. Easily expandable, high energy density, and compatible with most hybrid inverters. 10-year warranty.","_seopress_robots_index":"","_kad_blocks_custom_css":"","_kad_blocks_head_custom_js":"","_kad_blocks_body_custom_js":"","_kad_blocks_footer_custom_js":""},"product_cat":[17],"product_tag":[],"class_list":{"0":"post-429","1":"product","2":"type-product","3":"status-publish","4":"has-post-thumbnail","6":"product_cat-home-batteries","8":"first","9":"instock","10":"sale","11":"taxable","12":"shipping-taxable","13":"purchasable","14":"product-type-simple"},"taxonomy_info":{"product_cat":[{"value":17,"label":"Home batteries"}]},"featured_image_src_large":["https:\/\/ownpowr.com\/wp-content\/uploads\/2022\/11\/Pylontech-Force-H1-3.55kWh-Battery-Module-10484-img.png",553,347,false],"author_info":[],"comment_info":"","_links":{"self":[{"href":"https:\/\/ownpowr.com\/ro\/wp-json\/wp\/v2\/product\/429","targetHints":{"allow":["GET"]}}],"collection":[{"href":"https:\/\/ownpowr.com\/ro\/wp-json\/wp\/v2\/product"}],"about":[{"href":"https:\/\/ownpowr.com\/ro\/wp-json\/wp\/v2\/types\/product"}],"wp:featuredmedia":[{"embeddable":true,"href":"https:\/\/ownpowr.com\/ro\/wp-json\/wp\/v2\/media\/430"}],"wp:attachment":[{"href":"https:\/\/ownpowr.com\/ro\/wp-json\/wp\/v2\/media?parent=429"}],"wp:term":[{"taxonomy":"product_cat","embeddable":true,"href":"https:\/\/ownpowr.com\/ro\/wp-json\/wp\/v2\/product_cat?post=429"},{"taxonomy":"product_tag","embeddable":true,"href":"https:\/\/ownpowr.com\/ro\/wp-json\/wp\/v2\/product_tag?post=429"}],"curies":[{"name":"wp","href":"https:\/\/api.w.org\/{rel}","templated":true}]}}