{"id":4519,"date":"2023-11-01T11:34:21","date_gmt":"2023-11-01T09:34:21","guid":{"rendered":"https:\/\/ownpowr.com\/?post_type=product&#038;p=4519"},"modified":"2025-03-20T16:15:10","modified_gmt":"2025-03-20T14:15:10","slug":"deye-gb-lm4-0-battery-module","status":"publish","type":"product","link":"https:\/\/ownpowr.com\/ro\/product\/deye-gb-lm4-0-modulul-de-baterie-gb-lm4-0\/","title":{"rendered":"Deye GB-LM4.0 modulul de baterii GB-LM4.0"},"content":{"rendered":"<p>Modulul de baterii de \u00eenalt\u0103 tensiune Deye GB-LM4.0 poate fi stivuit (a se vedea fi\u0219a tehnic\u0103) pe seriile GB-SL \u0219i GB-L deye.<\/p>\n<p>GB-LM4.0 Modul de baterie pentru baterie de \u00eenalt\u0103 tensiune GB-L 4kWh (HV) LiFePO4 | 40ah baterie solar\u0103<br \/>\n<strong>Siguran\u021b\u0103 \u0219i securitate<\/strong><br \/>\nDispozitiv \u00eencorporat de aerisire a exploziei pentru a excava gazul \u0219i dispozitiv \u00eencorporat de protec\u021bie \u00eempotriva incendiilor pentru a opri sursa de foc timp de 3 secunde<br \/>\n<strong>Stiva de \u00eenalt\u0103 tensiune<\/strong><br \/>\nModulele sunt conectate \u00een serie, f\u0103r\u0103 conectare prin cablu, iar platforma de \u00eenalt\u0103 tensiune \u00eembun\u0103t\u0103\u021be\u0219te eficien\u021ba sistemului.<br \/>\n<strong>Managementul termic<\/strong><br \/>\nDetectarea temperaturii pieselor cheie, a celulelor, a conectorilor de alimentare etc.<br \/>\n<strong>Func\u021bionare \u00eentr-o gam\u0103 larg\u0103 de temperaturi<\/strong><br \/>\nFunc\u021bia de \u00eenc\u0103lzire este op\u021bional\u0103 pentru a satisface scenariile de aplicare cu temperaturi sc\u0103zute \u0219i nosense.<br \/>\n<strong>Respectarea mediului<\/strong><br \/>\nGrad de protec\u021bie IP 65, grad de protec\u021bie \u00eempotriva coroziunii \u2265C2, baterie de protec\u021bie a mediului<br \/>\n<strong>Inteligent \u0219i vizual<\/strong><br \/>\nSuport\u0103 actualizarea de la distan\u021b\u0103, informa\u021bii de avertizare a bateriei \u00een timp real \u0219i afi\u0219area datelor pe LCD.<\/p>\n<p>Informa\u021bii generale:<\/p>\n<p>Tip de baterie: LiFePO4 (LFP)<br \/>\nTensiune nominal\u0103: 102.4Vdc<br \/>\nCapacitate nominal\u0103: 40Ah<br \/>\nEnergie nominal\u0103: 4.09kWh<br \/>\nMax. Curent de \u00eenc\u0103rcare\/desc\u0103rcare: 40A<br \/>\nCurent de v\u00e2rf de \u00eenc\u0103rcare\/desc\u0103rcare: 50A<br \/>\nTemperatura de \u00eenc\u0103rcare: 0~55\u00b0C<br \/>\nTemperatura de desc\u0103rcare de gestiune: -20 \u00b0 C ~ 55 \u00b0 C<br \/>\nTemperatura de depozitare: 0\u00b0C~35\u00b0C<br \/>\nProtec\u021bie la intrare: IP65<br \/>\nDimensiune (L\/D\/H): 540*385*220mm<br \/>\nGreutate aproximativ\u0103: 39 kg<\/p>\n<p><a href=\"https:\/\/ownpowr.com\/wp-content\/uploads\/2023\/11\/datasheet-gb-sl-eu.pdf\" target=\"_blank\" rel=\"noopener\">Fi\u0219\u0103 tehnic\u0103 GB-SL-EU<\/a><\/p>\n<p>&nbsp;<\/p>","protected":false},"excerpt":{"rendered":"<p>Modulul de baterii de \u00eenalt\u0103 tensiune Deye GB-LM4.0 poate fi stivuit (a se vedea fi\u0219a tehnic\u0103) pe seriile GB-SL \u0219i GB-L deye. GB-LM4.0 Modul de baterie pentru baterie de \u00eenalt\u0103 tensiune cluster GB-L 4kWh (HV) LiFePO4 [...]<\/p>","protected":false},"featured_media":4528,"template":"","meta":{"_seopress_robots_primary_cat":"none","_seopress_titles_title":"Deye GB-LM4.0 High Voltage, Stackable LiFePO4 Battery Module","_seopress_titles_desc":"Discover the stackable high-voltage GB-LM4.0 battery module by Deye featuring LiFePO4(LFP) type, 102.4Vdc voltage, 40Ah capacity, and 4.09kWh energy.","_seopress_robots_index":"","_kad_blocks_custom_css":"","_kad_blocks_head_custom_js":"","_kad_blocks_body_custom_js":"","_kad_blocks_footer_custom_js":""},"product_cat":[17],"product_tag":[],"class_list":{"0":"post-4519","1":"product","2":"type-product","3":"status-publish","4":"has-post-thumbnail","6":"product_cat-home-batteries","8":"first","9":"instock","10":"sale","11":"taxable","12":"shipping-taxable","13":"purchasable","14":"product-type-simple"},"taxonomy_info":{"product_cat":[{"value":17,"label":"Home batteries"}]},"featured_image_src_large":["https:\/\/ownpowr.com\/wp-content\/uploads\/2023\/11\/gb-lm4.0.jpg",550,322,false],"author_info":[],"comment_info":"","_links":{"self":[{"href":"https:\/\/ownpowr.com\/ro\/wp-json\/wp\/v2\/product\/4519","targetHints":{"allow":["GET"]}}],"collection":[{"href":"https:\/\/ownpowr.com\/ro\/wp-json\/wp\/v2\/product"}],"about":[{"href":"https:\/\/ownpowr.com\/ro\/wp-json\/wp\/v2\/types\/product"}],"wp:featuredmedia":[{"embeddable":true,"href":"https:\/\/ownpowr.com\/ro\/wp-json\/wp\/v2\/media\/4528"}],"wp:attachment":[{"href":"https:\/\/ownpowr.com\/ro\/wp-json\/wp\/v2\/media?parent=4519"}],"wp:term":[{"taxonomy":"product_cat","embeddable":true,"href":"https:\/\/ownpowr.com\/ro\/wp-json\/wp\/v2\/product_cat?post=4519"},{"taxonomy":"product_tag","embeddable":true,"href":"https:\/\/ownpowr.com\/ro\/wp-json\/wp\/v2\/product_tag?post=4519"}],"curies":[{"name":"wp","href":"https:\/\/api.w.org\/{rel}","templated":true}]}}