{"id":4588,"date":"2023-11-01T15:23:32","date_gmt":"2023-11-01T13:23:32","guid":{"rendered":"https:\/\/ownpowr.com\/?post_type=product&#038;p=4588"},"modified":"2025-02-27T11:22:43","modified_gmt":"2025-02-27T09:22:43","slug":"deye-gb-l-16-36-kwh","status":"publish","type":"product","link":"https:\/\/ownpowr.com\/ro\/product\/deye-gb-l-16-36-kwh\/","title":{"rendered":"Deye GB-L-16.36 kWh"},"content":{"rendered":"<p>Deye GB-L-16.36 kWh este o baterie cu bms din seria de \u00eenalt\u0103 tensiune GB-L deye.<\/p>\n<p>Setul con\u021bine:<br \/>\n4x GB-LM4.0<br \/>\n1x GB-LBS<br \/>\n1x GB-LBase<\/p>\n<p>GB-LM16.36 Modul de baterie pentru baterie de \u00eenalt\u0103 tensiune GB-L 4kWh (HV) LiFePO4 | 40ah baterie solar\u0103<br \/>\n<strong>Siguran\u021b\u0103 \u0219i securitate<\/strong><br \/>\nDispozitiv \u00eencorporat de aerisire a exploziei pentru a excava gazul \u0219i dispozitiv \u00eencorporat de protec\u021bie \u00eempotriva incendiilor pentru a opri sursa de foc timp de 3 secunde<br \/>\n<strong>Stiva de \u00eenalt\u0103 tensiune<\/strong><br \/>\nModulele sunt conectate \u00een serie, f\u0103r\u0103 conectare prin cablu, iar platforma de \u00eenalt\u0103 tensiune \u00eembun\u0103t\u0103\u021be\u0219te eficien\u021ba sistemului.<br \/>\n<strong>Managementul termic<\/strong><br \/>\nDetectarea temperaturii pieselor cheie, a celulelor, a conectorilor de alimentare etc.<br \/>\n<strong>Func\u021bionare \u00eentr-o gam\u0103 larg\u0103 de temperaturi<\/strong><br \/>\nFunc\u021bia de \u00eenc\u0103lzire este op\u021bional\u0103 pentru a satisface scenariile de aplicare cu temperaturi sc\u0103zute \u0219i nosense.<br \/>\n<strong>Respectarea mediului<\/strong><br \/>\nGrad de protec\u021bie IP 65, grad de protec\u021bie \u00eempotriva coroziunii \u2265C2, baterie de protec\u021bie a mediului<br \/>\n<strong>Inteligent \u0219i vizual<\/strong><br \/>\nSuport\u0103 actualizarea de la distan\u021b\u0103, informa\u021bii de avertizare a bateriei \u00een timp real \u0219i afi\u0219area datelor pe LCD.<\/p>\n<p>&nbsp;<\/p>\n<p><a href=\"https:\/\/ownpowr.com\/wp-content\/uploads\/2023\/11\/gb-l-v1.3.pdf\" target=\"_blank\" rel=\"noopener\">GB-L-V1.3<\/a><\/p>","protected":false},"excerpt":{"rendered":"<p>Deye GB-L-16.36 kWh este o baterie cu bms din seria de \u00eenalt\u0103 tensiune GB-L deye. Setul con\u021bine: 4x GB-LM4.0 1x GB-LBS 1x GB-LBase GB-LM16.36 Modul de baterie pentru cluster [...]<\/p>","protected":false},"featured_media":4592,"template":"","meta":{"_seopress_robots_primary_cat":"none","_seopress_titles_title":"High-Efficiency Deye GB-L-16.36 kWh Battery with BMS","_seopress_titles_desc":"Discover Deye GB-L-16.36 kWh - a high-voltage, environmentally friendly battery with BMS. Enhanced safety measures, thermal management, and remote upgrades.","_seopress_robots_index":"","_kad_blocks_custom_css":"","_kad_blocks_head_custom_js":"","_kad_blocks_body_custom_js":"","_kad_blocks_footer_custom_js":""},"product_cat":[17],"product_tag":[],"class_list":{"0":"post-4588","1":"product","2":"type-product","3":"status-publish","4":"has-post-thumbnail","6":"product_cat-home-batteries","8":"first","9":"instock","10":"sale","11":"taxable","12":"shipping-taxable","13":"purchasable","14":"product-type-simple"},"taxonomy_info":{"product_cat":[{"value":17,"label":"Home batteries"}]},"featured_image_src_large":["https:\/\/ownpowr.com\/wp-content\/uploads\/2023\/11\/image-5.png",1000,1000,false],"author_info":[],"comment_info":"","_links":{"self":[{"href":"https:\/\/ownpowr.com\/ro\/wp-json\/wp\/v2\/product\/4588","targetHints":{"allow":["GET"]}}],"collection":[{"href":"https:\/\/ownpowr.com\/ro\/wp-json\/wp\/v2\/product"}],"about":[{"href":"https:\/\/ownpowr.com\/ro\/wp-json\/wp\/v2\/types\/product"}],"wp:featuredmedia":[{"embeddable":true,"href":"https:\/\/ownpowr.com\/ro\/wp-json\/wp\/v2\/media\/4592"}],"wp:attachment":[{"href":"https:\/\/ownpowr.com\/ro\/wp-json\/wp\/v2\/media?parent=4588"}],"wp:term":[{"taxonomy":"product_cat","embeddable":true,"href":"https:\/\/ownpowr.com\/ro\/wp-json\/wp\/v2\/product_cat?post=4588"},{"taxonomy":"product_tag","embeddable":true,"href":"https:\/\/ownpowr.com\/ro\/wp-json\/wp\/v2\/product_tag?post=4588"}],"curies":[{"name":"wp","href":"https:\/\/api.w.org\/{rel}","templated":true}]}}