{"id":4759,"date":"2023-12-15T10:29:31","date_gmt":"2023-12-15T08:29:31","guid":{"rendered":"https:\/\/ownpowr.com\/?post_type=product&#038;p=4759"},"modified":"2024-10-16T15:40:13","modified_gmt":"2024-10-16T13:40:13","slug":"deye-gb-sl-12k-hybrid-inverter-and-24-54kwh-gb-lm4-0-battery-module","status":"publish","type":"product","link":"https:\/\/ownpowr.com\/ro\/product\/invertor-hibrid-deye-gb-sl-12k-si-24-54kwh-gb-lm4-0-modul-de-baterii-gb-lm4-0\/","title":{"rendered":"Invertor hibrid Deye GB-SL 12K \u0219i modul de baterii GB-LM4.0 de 24,54 kWh"},"content":{"rendered":"<p>Invertorul hibrid Deye GB-SL 12K \u0219i modulul de baterii GB-LM4.0 de 24,54 kWh reprezint\u0103 un set complet.<\/p>\n<p>Setul con\u021bine:<br \/>\n1 x GB-S12K<br \/>\n6 x GB-LM4.0<br \/>\n1 x GB-LB<br \/>\n1 x GB-LBase<\/p>\n<p>GB-SL(HV)<br \/>\nTOTUL \u00ceN UNUL<br \/>\nDesign integrat, aspect frumos \u0219i integrare \u00een scen\u0103<br \/>\nIe\u0219ire maxim\u0103: 100% ie\u0219ire dezechilibrat\u0103, fiecare faz\u0103; ie\u0219ire maxim\u0103 de p\u00e2n\u0103 la 50% putere nominal\u0103<br \/>\nConexiune maxim\u0103 :Max. 10 buc\u0103\u021bi \u00een paralel pentru func\u021bionarea \u00een re\u021bea \u0219i \u00een afara re\u021belei<br \/>\nMai mult sprijin: Sprijin pentru stocarea energiei de la generatorul diesel<br \/>\nStiva de \u00eenalt\u0103 tensiune: Modulele sunt conectate \u00een serie f\u0103r\u0103 conexiune prin cablu, iar platforma de \u00eenalt\u0103 tensiune \u00eembun\u0103t\u0103\u021be\u0219te eficien\u021ba sistemului<br \/>\nManagementul termic: Detectarea temperaturii pieselor cheie, a celulei, a conectorului de alimentare, etc.<br \/>\nFunc\u021bionare la temperaturi ridicate: Func\u021bia de \u00eenc\u0103lzire este op\u021bional\u0103 pentru a satisface scenariile de aplicare cu temperaturi sc\u0103zute \u0219i f\u0103r\u0103 sens.<\/p>\n<p><a href=\"https:\/\/ownpowr.com\/wp-content\/uploads\/2023\/11\/datasheet-gb-sl-eu.pdf\" target=\"_blank\" rel=\"noopener\">Fi\u0219\u0103 tehnic\u0103 GB-SL-EU<\/a><\/p>","protected":false},"excerpt":{"rendered":"<p>Invertorul hibrid Deye GB-SL 12K \u0219i modulul de baterii GB-LM4.0 de 24,54 kWh reprezint\u0103 un set complet. Setul con\u021bine: 1 x GB-S12K 6 x GB-LM4.0 1 x GB-LB 1 [...]<\/p>","protected":false},"featured_media":4746,"template":"","meta":{"_seopress_robots_primary_cat":"none","_seopress_titles_title":"","_seopress_titles_desc":"","_seopress_robots_index":"","_kad_blocks_custom_css":"","_kad_blocks_head_custom_js":"","_kad_blocks_body_custom_js":"","_kad_blocks_footer_custom_js":""},"product_cat":[17,19],"product_tag":[],"class_list":{"0":"post-4759","1":"product","2":"type-product","3":"status-publish","4":"has-post-thumbnail","6":"product_cat-home-batteries","7":"product_cat-sets-with-inverters","9":"first","10":"instock","11":"taxable","12":"shipping-taxable","13":"purchasable","14":"product-type-simple"},"taxonomy_info":{"product_cat":[{"value":17,"label":"Home batteries"},{"value":19,"label":"Sets with inverters"}]},"featured_image_src_large":["https:\/\/ownpowr.com\/wp-content\/uploads\/2023\/11\/image-1-1.png",300,300,false],"author_info":[],"comment_info":"","_links":{"self":[{"href":"https:\/\/ownpowr.com\/ro\/wp-json\/wp\/v2\/product\/4759","targetHints":{"allow":["GET"]}}],"collection":[{"href":"https:\/\/ownpowr.com\/ro\/wp-json\/wp\/v2\/product"}],"about":[{"href":"https:\/\/ownpowr.com\/ro\/wp-json\/wp\/v2\/types\/product"}],"wp:featuredmedia":[{"embeddable":true,"href":"https:\/\/ownpowr.com\/ro\/wp-json\/wp\/v2\/media\/4746"}],"wp:attachment":[{"href":"https:\/\/ownpowr.com\/ro\/wp-json\/wp\/v2\/media?parent=4759"}],"wp:term":[{"taxonomy":"product_cat","embeddable":true,"href":"https:\/\/ownpowr.com\/ro\/wp-json\/wp\/v2\/product_cat?post=4759"},{"taxonomy":"product_tag","embeddable":true,"href":"https:\/\/ownpowr.com\/ro\/wp-json\/wp\/v2\/product_tag?post=4759"}],"curies":[{"name":"wp","href":"https:\/\/api.w.org\/{rel}","templated":true}]}}