{"id":48405,"date":"2024-03-29T14:22:38","date_gmt":"2024-03-29T12:22:38","guid":{"rendered":"https:\/\/ownpowr.com\/?post_type=product&#038;p=48405"},"modified":"2025-01-31T10:26:04","modified_gmt":"2025-01-31T08:26:04","slug":"blauhoff-home-10k-15-2-kwh-3-fase-systeem-slim-line-ip65","status":"publish","type":"product","link":"https:\/\/ownpowr.com\/ro\/product\/blauhoff-home-10k-15-2-kwh-3-faza-systeem-slim-line-ip65\/","title":{"rendered":"Blauhoff Home 10K\/15.2 kWh Sistem trifazat Slim Line IP65 HV"},"content":{"rendered":"<p>Blauhoff Home 10K\/15.2kWh Sistem trifazat Slim Line IP65 17 cm sub\u021bire pentru exterior\/interior !<br \/>\nSistemul super sub\u021bire Blauhoff Home 10K\/15kWh trifazat, de la renumitul brand Blauhoff, ofer\u0103 o solu\u021bie fiabil\u0103 \u0219i eficient\u0103 pentru stocarea energiei \u00een gospod\u0103riile cu consum mediu.Cu acest sistem puternic, pute\u021bi optimiza eficien\u021ba energetic\u0103 a casei dvs., reduce dependen\u021ba de re\u021bea \u0219i beneficia de alimentare de urgen\u021b\u0103 \u00een caz de \u00eentreruperi de curent.Mai mult, acest sistem este livrat cu asamblare gratuit\u0103, asigur\u00e2nd o instalare f\u0103r\u0103 probleme. Comunic\u0103 cu puterea dinamic\u0103 \u00een func\u021bie de necesit\u0103\u021bi, f\u0103r\u0103 abonament \u0219i \u00eentotdeauna liber\u0103 alegere a furnizorului de energie !<\/p>\n<p>Invertorul are o lungime de 780 mm \u0219i o greutate de 33,6 kg. Un cablu suplimentar de 300 mm \u00eentre invertor \u0219i baterie v\u0103 permite s\u0103 determina\u021bi amplasarea optim\u0103 pentru sistemul dvs., asigur\u00e2nd un transfer eficient de energie \u0219i pierderi minime de energie.<\/p>\n<p>Sistemul de baterii Blauhoff este durabil \u0219i ultra compact \u0219i plat, cu dimensiuni de 670 mm x 900 mm x 170 mm \u0219i o greutate de 90 kg.Bateria are o capacitate de 15,2 kWh, permi\u021b\u00e2ndu-v\u0103 s\u0103 stoca\u021bi excesul de energie generat\u0103 de panourile solare sau de alte surse de energie.\u00cen momentele \u00een care nu exist\u0103 produc\u021bie de energie, pute\u021bi utiliza energia stocat\u0103 pentru a v\u0103 acoperi consumul de energie, reduc\u00e2nd astfel dependen\u021ba de re\u021beaua electric\u0103 \u0219i reduc\u00e2nd \u0219i mai mult costurile de energie.Toate acestea se realizeaz\u0103 \u00een mod automat, \u00een combina\u021bie cu contractul de energie dinamic, a\u0219a cum este prezent. Astfel, pute\u021bi profita de energia ieftin\u0103 pe timp de noapte, iarna, \u0219i s\u0103 o folosi\u021bi toat\u0103 ziua, iar vara, s\u0103 folosi\u021bi \u00eenc\u0103rcarea gratuit\u0103 dup\u0103-amiaza \u0219i s\u0103 o folosi\u021bi seara \u0219i s\u0103 \u00eenc\u0103rca\u021bi ma\u0219ina cu ea diminea\u021ba sau noaptea.<\/p>\n<p>Sistemul trifazat Home 10K\/15kWh este recomandat pentru gospod\u0103riile cu un consum mediu anual de aproximativ 5500 kWh.Cu o putere de 10 kW, pute\u021bi acoperi o parte semnificativ\u0103 a nevoilor dvs. de energie folosind energia solar\u0103 generat\u0103 \u0219i energia stocat\u0103 \u00een baterie. \u00cen plus, acest sistem ofer\u0103 energie de urgen\u021b\u0103, astfel \u00eenc\u00e2t dispozitivele importante s\u0103 continue s\u0103 func\u021bioneze \u00een timpul \u00eentreruperilor de curent, iar rutinele dvs. zilnice s\u0103 continue f\u0103r\u0103 \u00eentrerupere.<\/p>\n<p>Blauhoff Home 10K\/15kWh 3 Phase System Slim Line este proiectat pentru a fi flexibil.Este prev\u0103zut cu un port pentru generator\/moara de v\u00e2nt, oferindu-v\u0103 posibilitatea de a ad\u0103uga surse de energie suplimentare \u0219i de a v\u0103 spori \u0219i mai mult independen\u021ba energetic\u0103. Cu o conexiune minim\u0103 de 3x25A \u0219i potrivit pentru configura\u021bii trifazice, acest sistem este compatibil cu majoritatea re\u021belelor electrice casnice.<br \/>\nCu asamblarea gratuit\u0103, v\u0103 pute\u021bi baza pe o instalare profesional\u0103, asigur\u00e2ndu-v\u0103 c\u0103 sistemul func\u021bioneaz\u0103 optim din prima clip\u0103 \u0219i c\u0103 v\u0103 pute\u021bi bucura de o experien\u021b\u0103 f\u0103r\u0103 griji.<\/p>\n<p>Trece\u021bi la o surs\u0103 de energie mai eficient\u0103 \u0219i mai durabil\u0103 cu sistemul trifazat Blauhoff Home 10K\/15kWh.Cu un sistem puternic de stocare a energiei, energie de rezerv\u0103 \u0219i flexibilitate \u00een ceea ce prive\u0219te sursele de energie, v\u0103 pute\u021bi baza pe o surs\u0103 de energie fiabil\u0103, pute\u021bi realiza economii de costuri \u0219i v\u0103 pute\u021bi reduce amprenta de carbon.<br \/>\nAlege Blauhoff \u0219i preg\u0103te\u0219te-\u021bi casa pentru nevoile energetice ale viitorului.<\/p>\n<p><a href=\"https:\/\/blauhoff.nl\/wp-content\/uploads\/2024\/02\/Datasheet-Blauhoff-RESS-HV-Slim-Line.pdf\" target=\"_blank\" rel=\"noopener\">Fi\u0219a tehnic\u0103 Blauhoff RESS HV Slim Line<\/a><\/p>\n<p>&nbsp;<\/p>","protected":false},"excerpt":{"rendered":"<p>Blauhoff Home 10K\/15.2kWh Sistem trifazat cu 3 faze Slim Line IP65 17 cm sub\u021bire pentru exterior\/interior ! Sistemul trifazat super sub\u021bire Blauhoff Home 10K\/15kWh, de la renumita marc\u0103 Blauhoff, ofer\u0103 o [...]<\/p>","protected":false},"featured_media":48408,"template":"","meta":{"_seopress_robots_primary_cat":"none","_seopress_titles_title":"Maximize Energy Efficiency with Blauhoff Slim Line Home System","_seopress_titles_desc":"Maximize home energy efficiency with the slim Blauhoff Home 10K\/15.2kWh 3 phase system. Enjoy free assembly, optimal energy transfer and emergency power supply.","_seopress_robots_index":"","_kad_blocks_custom_css":"","_kad_blocks_head_custom_js":"","_kad_blocks_body_custom_js":"","_kad_blocks_footer_custom_js":""},"product_cat":[17,19],"product_tag":[],"class_list":{"0":"post-48405","1":"product","2":"type-product","3":"status-publish","4":"has-post-thumbnail","6":"product_cat-home-batteries","7":"product_cat-sets-with-inverters","9":"first","10":"instock","11":"taxable","12":"shipping-taxable","13":"purchasable","14":"product-type-simple"},"taxonomy_info":{"product_cat":[{"value":17,"label":"Home batteries"},{"value":19,"label":"Sets with inverters"}]},"featured_image_src_large":["https:\/\/ownpowr.com\/wp-content\/uploads\/2024\/03\/3-phase-12k-battery-11kwh-1-1024x1024.png",1024,1024,true],"author_info":[],"comment_info":"","_links":{"self":[{"href":"https:\/\/ownpowr.com\/ro\/wp-json\/wp\/v2\/product\/48405","targetHints":{"allow":["GET"]}}],"collection":[{"href":"https:\/\/ownpowr.com\/ro\/wp-json\/wp\/v2\/product"}],"about":[{"href":"https:\/\/ownpowr.com\/ro\/wp-json\/wp\/v2\/types\/product"}],"wp:featuredmedia":[{"embeddable":true,"href":"https:\/\/ownpowr.com\/ro\/wp-json\/wp\/v2\/media\/48408"}],"wp:attachment":[{"href":"https:\/\/ownpowr.com\/ro\/wp-json\/wp\/v2\/media?parent=48405"}],"wp:term":[{"taxonomy":"product_cat","embeddable":true,"href":"https:\/\/ownpowr.com\/ro\/wp-json\/wp\/v2\/product_cat?post=48405"},{"taxonomy":"product_tag","embeddable":true,"href":"https:\/\/ownpowr.com\/ro\/wp-json\/wp\/v2\/product_tag?post=48405"}],"curies":[{"name":"wp","href":"https:\/\/api.w.org\/{rel}","templated":true}]}}