{"id":48427,"date":"2024-03-29T14:22:35","date_gmt":"2024-03-29T12:22:35","guid":{"rendered":"https:\/\/ownpowr.com\/?post_type=product&#038;p=48427"},"modified":"2025-01-31T10:27:39","modified_gmt":"2025-01-31T08:27:39","slug":"blauhoff-home-12k-19-kwh-3-fase-systeem-slim-line-ip65","status":"publish","type":"product","link":"https:\/\/ownpowr.com\/ro\/product\/blauhoff-home-12k-19-kwh-3-faza-systeem-slim-line-ip65\/","title":{"rendered":"Blauhoff Home 12K\/19 kWh Sistem trifazat Slim Line IP65"},"content":{"rendered":"<p>Blauhoff Home 12K\/19kWh Sistem trifazat Slim Line IP65 17 cm sub\u021bire 17 cm Outdoor\/Indoor !<br \/>\nSistemul super sub\u021bire Blauhoff Home 12K\/19kWh trifazat, de la renumita marc\u0103 Blauhoff, ofer\u0103 o solu\u021bie fiabil\u0103 \u0219i eficient\u0103 de stocare a energiei pentru gospod\u0103riile cu consum mediu.<br \/>\nCu acest sistem puternic, pute\u021bi optimiza eficien\u021ba energetic\u0103 a locuin\u021bei dumneavoastr\u0103, pute\u021bi reduce dependen\u021ba de re\u021bea \u0219i pute\u021bi beneficia de o alimentare de urgen\u021b\u0103 \u00een caz de \u00eentreruperi de curent.<br \/>\n\u00cen plus, acest sistem este livrat cu asamblare gratuit\u0103, asigur\u00e2nd o instalare f\u0103r\u0103 probleme.<br \/>\nComunic\u0103 cu puterea dinamic\u0103 \u00een func\u021bie de necesit\u0103\u021bi, f\u0103r\u0103 abonament \u0219i \u00eentotdeauna liber\u0103 alegere a furnizorului de energie !<br \/>\nInvertorul are o lungime de 780 mm \u0219i o greutate de 33,6 kg.Un cablu suplimentar de 300 mm \u00eentre invertor \u0219i baterie v\u0103 permite s\u0103 determina\u021bi amplasarea optim\u0103 a sistemului dumneavoastr\u0103, asigur\u00e2nd un transfer eficient de energie \u0219i pierderi minime de energie.<br \/>\nSistemul de baterii Blauhoff este durabil \u0219i ultra compact \u0219i plat, cu dimensiuni de 670 mm x 900 mm x 170 mm \u0219i o greutate de 150 kg.Bateria are o capacitate de 19 kWh, permi\u021b\u00e2ndu-v\u0103 s\u0103 stoca\u021bi excesul de energie generat\u0103 de panourile solare sau de alte surse de energie.\u00cen momentele \u00een care nu exist\u0103 produc\u021bie de energie, pute\u021bi utiliza energia stocat\u0103 pentru a v\u0103 acoperi consumul de energie, reduc\u00e2nd astfel dependen\u021ba de re\u021bea \u0219i reduc\u00e2nd \u0219i mai mult costurile de energie.Toate acestea se desf\u0103\u0219oar\u0103 automat, \u00een combina\u021bie cu contractul de energie dinamic\u0103, a\u0219a cum este prezent.Pute\u021bi profita de energia ieftin\u0103 pe timp de iarn\u0103 \u0219i s\u0103 o utiliza\u021bi pe tot parcursul zilei, iar vara s\u0103 folosi\u021bi \u00eenc\u0103rcarea gratuit\u0103 dup\u0103-amiaza \u0219i s\u0103 o utiliza\u021bi seara \u0219i s\u0103 \u00eenc\u0103rca\u021bi ma\u0219ina cu ea diminea\u021ba sau noaptea.<br \/>\nSistemul trifazat Home 12K\/19kWh este recomandat pentru gospod\u0103riile cu un consum mediu anual de aproximativ 7300 kWh.Cu o putere de 12 kW, pute\u021bi acoperi o parte semnificativ\u0103 a nevoilor dvs. de energie folosind energia solar\u0103 generat\u0103 \u0219i energia stocat\u0103 \u00een baterie.\u00cen plus, acest sistem ofer\u0103 energie de urgen\u021b\u0103, astfel \u00eenc\u00e2t dispozitivele importante s\u0103 continue s\u0103 func\u021bioneze \u00een timpul \u00eentreruperilor de curent, iar rutina dvs. zilnic\u0103 s\u0103 continue f\u0103r\u0103 \u00eentreruperi.<br \/>\nBlauhoff Home 12K\/19kWh 3 Phase System Slim Line este proiectat cu flexibilitate \u00een minte.Acesta dispune de un port pentru generator\/moar\u0103 de v\u00e2nt, oferindu-v\u0103 posibilitatea de a ad\u0103uga surse de energie suplimentare \u0219i de a v\u0103 spori \u0219i mai mult independen\u021ba energetic\u0103.Cu o conexiune minim\u0103 de 3x25A \u0219i potrivit pentru configura\u021bii trifazate, acest sistem este compatibil cu majoritatea re\u021belelor electrice casnice.<br \/>\nCu asamblarea gratuit\u0103, v\u0103 pute\u021bi baza pe o instalare profesional\u0103, asigur\u00e2ndu-v\u0103 c\u0103 sistemul func\u021bioneaz\u0103 optim din prima clip\u0103 \u0219i c\u0103 v\u0103 pute\u021bi bucura de o experien\u021b\u0103 f\u0103r\u0103 griji.<br \/>\nTrece\u021bi la o surs\u0103 de energie mai eficient\u0103 \u0219i mai durabil\u0103 cu sistemul trifazat Blauhoff Home 12K\/19kWh. Cu un sistem puternic de stocare a energiei, energie de rezerv\u0103 \u0219i flexibilitate \u00een ceea ce prive\u0219te sursele de energie, v\u0103 pute\u021bi baza pe o alimentare fiabil\u0103, pute\u021bi realiza economii de costuri \u0219i v\u0103 pute\u021bi reduce amprenta de carbon. Alege\u021bi Blauhoff \u0219i preg\u0103ti\u021bi-v\u0103 casa pentru nevoile energetice ale viitorului.<\/p>\n<p><a href=\"https:\/\/blauhoff.nl\/wp-content\/uploads\/2024\/02\/Datasheet-Blauhoff-RESS-HV-Slim-Line.pdf\" target=\"_blank\" rel=\"noopener\">Fi\u0219a tehnic\u0103 Blauhoff RESS HV Slim Line<\/a><\/p>\n<p>&nbsp;<\/p>","protected":false},"excerpt":{"rendered":"<p>Blauhoff Home 12K\/19kWh Sistem trifazat Slim Line IP65 17 cm sub\u021bire 17 cm Outdoor\/Indoor ! Sistemul trifazat super sub\u021bire Blauhoff Home 12K\/19kWh, de la renumita marc\u0103 Blauhoff, ofer\u0103 un [...]<\/p>","protected":false},"featured_media":48430,"template":"","meta":{"_seopress_robots_primary_cat":"none","_seopress_titles_title":"Maximize Home Energy Efficiency with Blauhoff Slim Line System","_seopress_titles_desc":"Discover Blauhoff slim line home energy system. Efficient, reliable and convenient with free assembly. Optimize your power usage and lessen grid dependence.","_seopress_robots_index":"","_kad_blocks_custom_css":"","_kad_blocks_head_custom_js":"","_kad_blocks_body_custom_js":"","_kad_blocks_footer_custom_js":""},"product_cat":[17,19],"product_tag":[],"class_list":{"0":"post-48427","1":"product","2":"type-product","3":"status-publish","4":"has-post-thumbnail","6":"product_cat-home-batteries","7":"product_cat-sets-with-inverters","9":"first","10":"instock","11":"taxable","12":"shipping-taxable","13":"purchasable","14":"product-type-simple"},"taxonomy_info":{"product_cat":[{"value":17,"label":"Home batteries"},{"value":19,"label":"Sets with inverters"}]},"featured_image_src_large":["https:\/\/ownpowr.com\/wp-content\/uploads\/2024\/03\/3-phase-12k-battery-19kwh-1-480x480-1.png",480,480,false],"author_info":[],"comment_info":"","_links":{"self":[{"href":"https:\/\/ownpowr.com\/ro\/wp-json\/wp\/v2\/product\/48427","targetHints":{"allow":["GET"]}}],"collection":[{"href":"https:\/\/ownpowr.com\/ro\/wp-json\/wp\/v2\/product"}],"about":[{"href":"https:\/\/ownpowr.com\/ro\/wp-json\/wp\/v2\/types\/product"}],"wp:featuredmedia":[{"embeddable":true,"href":"https:\/\/ownpowr.com\/ro\/wp-json\/wp\/v2\/media\/48430"}],"wp:attachment":[{"href":"https:\/\/ownpowr.com\/ro\/wp-json\/wp\/v2\/media?parent=48427"}],"wp:term":[{"taxonomy":"product_cat","embeddable":true,"href":"https:\/\/ownpowr.com\/ro\/wp-json\/wp\/v2\/product_cat?post=48427"},{"taxonomy":"product_tag","embeddable":true,"href":"https:\/\/ownpowr.com\/ro\/wp-json\/wp\/v2\/product_tag?post=48427"}],"curies":[{"name":"wp","href":"https:\/\/api.w.org\/{rel}","templated":true}]}}