{"id":49941,"date":"2024-04-05T08:59:30","date_gmt":"2024-04-05T06:59:30","guid":{"rendered":"https:\/\/ownpowr.com\/?post_type=product&#038;p=49941"},"modified":"2025-03-28T13:11:33","modified_gmt":"2025-03-28T11:11:33","slug":"blauhoff-megapack-container-ess-3-85mwh","status":"publish","type":"product","link":"https:\/\/ownpowr.com\/ro\/product\/blauhoff-megapack-container-ess-3-85mwh\/","title":{"rendered":"Blauhoff MegaPack MegaPack Container ESS 3,85 MWh"},"content":{"rendered":"<p>Blauhoff Megapack Container ESS 3.85 este un sistem de baterii la cheie \u00eentr-un container (pre\u021b f\u0103r\u0103 TVA \u0219i f\u0103r\u0103 montaj).<\/p>\n<p><strong>Costuri mai mici<\/strong><\/p>\n<p>U\u0219or de instalat \u0219i \u00eentre\u021binere redus\u0103<\/p>\n<p>Celule mai mari, mai multe kWh, prin urmare, 50% mai puternic dec\u00e2t solu\u021biile obi\u0219nuite \u0219i mai compact<\/p>\n<p><strong>Eficien\u021b\u0103 \u00eembun\u0103t\u0103\u021bit\u0103<\/strong><\/p>\n<p>Pe baza platformei de 1500V, partea de curent continuu are o eficien\u021b\u0103 de 93%.<\/p>\n<p>Containerul standard anticoroziv C4H are o durat\u0103 de via\u021b\u0103 de cel pu\u021bin 15 ani.<\/p>\n<p><strong>Siguran\u021b\u0103<\/strong><\/p>\n<p>Echilibrarea multipl\u0103 asigur\u0103 o durat\u0103 de via\u021b\u0103 sigur\u0103 \u0219i lung\u0103 a bateriei<\/p>\n<p>Sistemele integrate de stingere cu gaz \u0219i ap\u0103 asigur\u0103 siguran\u021ba \u00een condi\u021bii extreme<\/p>\n<p><strong>Inteligent<\/strong><\/p>\n<p>Icloud AI monitorizare \u00een timp real<\/p>\n<p><strong>Aprob\u0103ri<\/strong><\/p>\n<p>CE-LVD:EN IEC62477-1, CE-EMC:EN IEC61000-6-2 , EN IEC 61000-6-4, UKCA: EN IEC 62477-1<\/p>\n<p>IEC62619-2022 (Siguran\u021ba func\u021bional\u0103 IEC UL 60730-1 Anexa H, inclusiv celula)<\/p>\n<p>IEC 63056:2020<\/p>\n<p>NFPA855, Fcc-ID, UL1973:2022, UL9540A Unitatea UL9540A<\/p>\n<p>VDE4100<\/p>\n<p>&nbsp;<\/p>","protected":false},"excerpt":{"rendered":"<p>Blauhoff Megapack Container ESS 3.85 este un sistem de baterii la cheie \u00eentr-un container (pre\u021b f\u0103r\u0103 TVA \u0219i f\u0103r\u0103 montaj). Cost redus U\u0219or de instalat \u0219i \u00eentre\u021binere redus\u0103 Celule mai mari , [...]<\/p>","protected":false},"featured_media":214720,"template":"","meta":{"_seopress_robots_primary_cat":"none","_seopress_titles_title":"Blauhoff Megapack ESS 3.85MWh: High-Efficiency, Low-Cost, Battery System","_seopress_titles_desc":"Discover Blauhoff Megapack ESS 3.85 MWh container system - 50% stronger, efficient, safe, and smart with AI monitoring. Easy to install, low maintenance.","_seopress_robots_index":"","_kad_blocks_custom_css":"","_kad_blocks_head_custom_js":"","_kad_blocks_body_custom_js":"","_kad_blocks_footer_custom_js":""},"product_cat":[17],"product_tag":[],"class_list":{"0":"post-49941","1":"product","2":"type-product","3":"status-publish","4":"has-post-thumbnail","6":"product_cat-home-batteries","8":"first","9":"instock","10":"sale","11":"taxable","12":"shipping-taxable","13":"purchasable","14":"product-type-simple"},"taxonomy_info":{"product_cat":[{"value":17,"label":"Home batteries"}]},"featured_image_src_large":["https:\/\/ownpowr.com\/wp-content\/uploads\/2024\/04\/blauhoff-megawatt-420x420-1.jpg",420,420,false],"author_info":[],"comment_info":"","_links":{"self":[{"href":"https:\/\/ownpowr.com\/ro\/wp-json\/wp\/v2\/product\/49941","targetHints":{"allow":["GET"]}}],"collection":[{"href":"https:\/\/ownpowr.com\/ro\/wp-json\/wp\/v2\/product"}],"about":[{"href":"https:\/\/ownpowr.com\/ro\/wp-json\/wp\/v2\/types\/product"}],"wp:featuredmedia":[{"embeddable":true,"href":"https:\/\/ownpowr.com\/ro\/wp-json\/wp\/v2\/media\/214720"}],"wp:attachment":[{"href":"https:\/\/ownpowr.com\/ro\/wp-json\/wp\/v2\/media?parent=49941"}],"wp:term":[{"taxonomy":"product_cat","embeddable":true,"href":"https:\/\/ownpowr.com\/ro\/wp-json\/wp\/v2\/product_cat?post=49941"},{"taxonomy":"product_tag","embeddable":true,"href":"https:\/\/ownpowr.com\/ro\/wp-json\/wp\/v2\/product_tag?post=49941"}],"curies":[{"name":"wp","href":"https:\/\/api.w.org\/{rel}","templated":true}]}}