{"id":506,"date":"2023-10-04T16:37:56","date_gmt":"2023-10-04T14:37:56","guid":{"rendered":"https:\/\/ownpowr.com\/product\/growatt-1ph-hybrid-inverter-sph6000\/"},"modified":"2025-03-27T13:31:36","modified_gmt":"2025-03-27T11:31:36","slug":"growatt-1ph-hybrid-inverter-sph6000","status":"publish","type":"product","link":"https:\/\/ownpowr.com\/ro\/product\/growatt-1ph-invertor-hibrid-sph6000\/","title":{"rendered":"Growatt 1PH invertor hibrid SPH6000 nu pentru Germania"},"content":{"rendered":"<p>Invertorul hibrid Growatt SPH6000 este compatibil cu sisteme fotovoltaice de p\u00e2n\u0103 la 4000Wp. Invertorul hibrid este destinat stoc\u0103rii energiei \u00een baterii. Bateriile pot fi comandate separat \u0219i nu sunt furnizate \u00een mod standard. Cu acest sistem convenabil, sistemul fotovoltaic nu depinde de re\u021bea \u0219i poate avea grij\u0103 de el \u00eensu\u0219i Sistemul poate func\u021biona f\u0103r\u0103 baterie \u0219i este posibil s\u0103 se conecteze la re\u021bea.<\/p>\n<p>Invertorul de baterii con\u021bine 2 MPPT, astfel \u00eenc\u00e2t pot fi conectate \u00een total 2 \u0219iruri.<\/p>\n<p><strong>Invertor silen\u021bios<\/strong><br \/>\nInvertorul Growatt SPH6000 nu con\u021bine ventilator \u0219i transformator, ceea ce \u00eel face foarte silen\u021bios. Acest lucru face ca acest invertor hibrid s\u0103 fie perfect pentru instala\u021biile reziden\u021biale Invertorul utilizeaz\u0103 r\u0103cire natural\u0103, ceea ce \u00eei confer\u0103 o durat\u0103 de via\u021b\u0103 foarte lung\u0103.<\/p>\n<p><strong>Randament<\/strong><br \/>\nSPH6000 are o rat\u0103 maxim\u0103 de eficien\u021b\u0103 de 97,5% Acest lucru permite invertorului s\u0103 ob\u021bin\u0103 un randament energetic maxim. Invertorul este unul dintre cele mai bine v\u00e2ndute invertoare la nivel mondial.<\/p>\n<p><strong>Serviciul online Growatt<\/strong><br \/>\nInvertorul include mijloace de monitorizare stabile, cum ar fi LAN, WiFi sau o combina\u021bie de RF\/UTP (Shinelink).Growatt ofer\u0103 un serviciu inteligent online pentru a rezolva probleme tehnice \u0219i a actualiza de la distan\u021b\u0103. Acest lucru \u00eembun\u0103t\u0103\u021be\u0219te u\u0219urin\u021ba de utilizare \u0219i eficien\u021ba invertorului. Aceste caracteristici \u0219i servicii fac din invertor o alegere mai bun\u0103 pentru sistemul dvs. fotovoltaic<\/p>\n<p><a href=\"https:\/\/storeyourownpower.com\/wp-content\/uploads\/2022\/11\/Datasheet-Growatt-SPH6000.pdf\" target=\"_blank\" rel=\"noopener\">Fi\u0219\u0103 tehnic\u0103 Growatt SPH6000<\/a><\/p>","protected":false},"excerpt":{"rendered":"<p>Invertorul hibrid SPH6000 Growatt SPH6000 este compatibil cu sisteme fotovoltaice de p\u00e2n\u0103 la 4000Wp. Invertorul hibrid este destinat stoc\u0103rii energiei \u00een baterii. Bateriile pot fi comandate separat \u0219i [...]<\/p>","protected":false},"featured_media":507,"template":"","meta":{"_seopress_robots_primary_cat":"none","_seopress_titles_title":"Growatt SPH6000 Hybrid Inverter: Efficient and Silent with Battery Compatibility","_seopress_titles_desc":"Maximize your energy yield with this silent, efficient inverter. Connect to the grid or store power in batteries for a self-sufficient system. Enjoy reliable monitoring and remote updates with Growatt's online service.","_seopress_robots_index":"","_kad_blocks_custom_css":"","_kad_blocks_head_custom_js":"","_kad_blocks_body_custom_js":"","_kad_blocks_footer_custom_js":""},"product_cat":[18],"product_tag":[],"class_list":{"0":"post-506","1":"product","2":"type-product","3":"status-publish","4":"has-post-thumbnail","6":"product_cat-hybrid-inverters","8":"first","9":"instock","10":"sale","11":"taxable","12":"shipping-taxable","13":"purchasable","14":"product-type-simple"},"taxonomy_info":{"product_cat":[{"value":18,"label":"Hybrid inverters"}]},"featured_image_src_large":["https:\/\/ownpowr.com\/wp-content\/uploads\/2022\/11\/Growatt_SPH_3000_6000_d63d-1024x1024.webp",1024,1024,true],"author_info":[],"comment_info":"","_links":{"self":[{"href":"https:\/\/ownpowr.com\/ro\/wp-json\/wp\/v2\/product\/506","targetHints":{"allow":["GET"]}}],"collection":[{"href":"https:\/\/ownpowr.com\/ro\/wp-json\/wp\/v2\/product"}],"about":[{"href":"https:\/\/ownpowr.com\/ro\/wp-json\/wp\/v2\/types\/product"}],"wp:featuredmedia":[{"embeddable":true,"href":"https:\/\/ownpowr.com\/ro\/wp-json\/wp\/v2\/media\/507"}],"wp:attachment":[{"href":"https:\/\/ownpowr.com\/ro\/wp-json\/wp\/v2\/media?parent=506"}],"wp:term":[{"taxonomy":"product_cat","embeddable":true,"href":"https:\/\/ownpowr.com\/ro\/wp-json\/wp\/v2\/product_cat?post=506"},{"taxonomy":"product_tag","embeddable":true,"href":"https:\/\/ownpowr.com\/ro\/wp-json\/wp\/v2\/product_tag?post=506"}],"curies":[{"name":"wp","href":"https:\/\/api.w.org\/{rel}","templated":true}]}}