{"id":545,"date":"2023-10-04T16:37:39","date_gmt":"2023-10-04T14:37:39","guid":{"rendered":"https:\/\/ownpowr.com\/product\/encharge-3t-35-kwh\/"},"modified":"2025-03-20T13:35:02","modified_gmt":"2025-03-20T11:35:02","slug":"encharge-3t-35-kwh","status":"publish","type":"product","link":"https:\/\/ownpowr.com\/ro\/product\/encharge-3t-35-kwh\/","title":{"rendered":"Numai capacul Enphase Encharge 3T"},"content":{"rendered":"<p>Enphase Encharge 3T cu garan\u021bie de 15 ani<\/p>\n<p>Not\u0103 important\u0103: este necesar\u0103 certificarea instalatorului! V\u0103 rug\u0103m s\u0103 vizita\u021bi Enphase University pentru a ob\u021bine certificarea.<\/p>\n<p>Enphase IQ Battery 3T\/10T Caracteristici:<\/p>\n<ul>\n<li>Sistem de baterii de curent alternativ complet integrat cu microinvertoare IQ 8X-BAT \u00eencorporate.<\/li>\n<li>Conectare perfect\u0103 la re\u021beaua de curent alternativ a unei instala\u021bii casnice standard.<\/li>\n<li>Reglaje optime ale sistemului, adaptate la nevoile utilizatorului.<\/li>\n<li>Control \u0219i monitorizare convenabile prin intermediul unei aplica\u021bii mobile.<\/li>\n<li>Design de r\u0103cire pasiv\u0103 (f\u0103r\u0103 p\u0103r\u021bi mobile sau ventilatoare).<\/li>\n<li>Performan\u021b\u0103 de lung\u0103 durat\u0103 cu o garan\u021bie de 10 ani.<\/li>\n<\/ul>\n<p>V\u0103 rug\u0103m s\u0103 re\u021bine\u021bi c\u0103 certificarea instalatorului este obligatorie pentru instalarea bateriei. Pute\u021bi contacta managerul dvs. de cont Enphase pentru detalii privind certificarea.<\/p>\n<p>Dispozitiv necesar: Enphase IQ Gateway-S Contorizat.<\/p>\n<p>Enphase IQ 3T ofer\u0103 o capacitate total\u0103 de stocare de 3,5 kWh \u0219i dispune de patru microinvertoare integrate cu o putere combinat\u0103 de 1,28 kW.<\/p>\n<p>Instalatorii pot proiecta \u00een mod eficient sisteme care s\u0103 satisfac\u0103 cerin\u021bele energetice at\u00e2t ale clien\u021bilor noi, c\u00e2t \u0219i ale celor care au deja instala\u021bii de panouri solare.<\/p>\n<p>Sistemul de stocare a bateriilor Encharge 3T include microinvertoare integrate din seria Enphase IQ \u0219i o unitate de gestionare a bateriilor (BMU).<\/p>\n<p>Con\u021binutul pachetului:<\/p>\n<ul>\n<li>1x unitate de baz\u0103 Encharge 3T (ENP-B03-T01-INT00-1-2)<\/li>\n<li>1x Kit de acoperire Encharge 3T cu accesorii (ENP-B03T-C-0430-O)<\/li>\n<\/ul>\n<p><strong>Mai multe informa\u021bii:<\/strong><\/p>\n<ul>\n<li><a href=\"https:\/\/storeyourownpower.com\/wp-content\/uploads\/2022\/12\/Datenblatt-German-Encharge-3T.pdf\" target=\"_blank\" rel=\"noopener\">Datenblatt German Encharge 3T<\/a><\/li>\n<li><a href=\"https:\/\/storeyourownpower.com\/wp-content\/uploads\/2022\/12\/Datasheet-English-Encharge-3T.pdf\" target=\"_blank\" rel=\"noopener\">Fi\u0219\u0103 tehnic\u0103 Rom\u00e2n\u0103 Encharge 3T<\/a><\/li>\n<li><a href=\"https:\/\/storeyourownpower.com\/wp-content\/uploads\/2022\/12\/Warranty-terms-English-Encharge-3T.pdf\" target=\"_blank\" rel=\"noopener\">Termeni de garan\u021bie Rom\u00e2n\u0103 Encharge 3T<\/a><\/li>\n<li><a href=\"https:\/\/storeyourownpower.com\/wp-content\/uploads\/2022\/12\/Warranty-terms-German-Encharge-3T.pdf\" target=\"_blank\" rel=\"noopener\">Termeni de garan\u021bie German Encharge 3T<\/a><\/li>\n<li><a href=\"https:\/\/storeyourownpower.com\/wp-content\/uploads\/2022\/12\/Mounting-instructions-English-Encharge-3T.pdf\" target=\"_blank\" rel=\"noopener\">Instruc\u021biuni de montaj Rom\u00e2n\u0103 Encharge 3T<\/a><\/li>\n<\/ul>","protected":false},"excerpt":{"rendered":"<p>15 ani de garan\u021bie \u00een acest pre\u021b!<\/p>","protected":false},"featured_media":546,"template":"","meta":{"_seopress_robots_primary_cat":"none","_seopress_titles_title":"Enphase Encharge 3T: Long-lasting battery storage system with integrated microinverters and warranty","_seopress_titles_desc":"Installer certification required! Optimal AC battery system with mobile app control, passive cooling, and 10-year warranty. Get certified at Enphase University.","_seopress_robots_index":"","_kad_blocks_custom_css":"","_kad_blocks_head_custom_js":"","_kad_blocks_body_custom_js":"","_kad_blocks_footer_custom_js":""},"product_cat":[17],"product_tag":[],"class_list":{"0":"post-545","1":"product","2":"type-product","3":"status-publish","4":"has-post-thumbnail","6":"product_cat-home-batteries","8":"first","9":"instock","10":"sale","11":"taxable","12":"shipping-taxable","13":"purchasable","14":"product-type-simple"},"taxonomy_info":{"product_cat":[{"value":17,"label":"Home batteries"}]},"featured_image_src_large":["https:\/\/ownpowr.com\/wp-content\/uploads\/2022\/12\/1-8-2-6-18265324d3fe1b03cc0df847668d9c62cbe673aa_det_bp_ee_encharge_3t-jpg_600x600@2x.jpeg",600,540,false],"author_info":[],"comment_info":"","_links":{"self":[{"href":"https:\/\/ownpowr.com\/ro\/wp-json\/wp\/v2\/product\/545","targetHints":{"allow":["GET"]}}],"collection":[{"href":"https:\/\/ownpowr.com\/ro\/wp-json\/wp\/v2\/product"}],"about":[{"href":"https:\/\/ownpowr.com\/ro\/wp-json\/wp\/v2\/types\/product"}],"wp:featuredmedia":[{"embeddable":true,"href":"https:\/\/ownpowr.com\/ro\/wp-json\/wp\/v2\/media\/546"}],"wp:attachment":[{"href":"https:\/\/ownpowr.com\/ro\/wp-json\/wp\/v2\/media?parent=545"}],"wp:term":[{"taxonomy":"product_cat","embeddable":true,"href":"https:\/\/ownpowr.com\/ro\/wp-json\/wp\/v2\/product_cat?post=545"},{"taxonomy":"product_tag","embeddable":true,"href":"https:\/\/ownpowr.com\/ro\/wp-json\/wp\/v2\/product_tag?post=545"}],"curies":[{"name":"wp","href":"https:\/\/api.w.org\/{rel}","templated":true}]}}