{"id":549,"date":"2022-12-01T12:58:41","date_gmt":"2022-12-01T10:58:41","guid":{"rendered":"https:\/\/ownpowr.com\/product\/sungrow-sh10-0rt-v112\/"},"modified":"2025-03-30T21:03:00","modified_gmt":"2025-03-30T19:03:00","slug":"sungrow-sh10-0rt-v112","status":"publish","type":"product","link":"https:\/\/ownpowr.com\/ro\/product\/sungrow-sh10-0rt-v112\/","title":{"rendered":"Sungrow Invertor hibrid SH10.0RT 10 kW"},"content":{"rendered":"<p>Sungrow SH10.0RT-V112<\/p>\n<p>Aplica\u021bie flexibil\u0103:<\/p>\n<p>- Gama larg\u0103 de tensiune a bateriei 150-600V<\/p>\n<p>- Suport\u0103 conexiunea paralel\u0103 cu control master-slave<\/p>\n<p>- Ofer\u0103 putere 100% pentru sarcini dezechilibrate \u00een modul de rezerv\u0103<\/p>\n<p>Managementul inteligent:<\/p>\n<p>- Autoconsum ridicat cu EMS \u00eencorporat optimizat<\/p>\n<p>- Monitorizare online gratuit\u0103 pentru a \u00eembun\u0103t\u0103\u021bi gestionarea energiei pentru utilizatorul final, instalator \u0219i comerciant cu am\u0103nuntul<\/p>\n<p>- Actualizare firmware la distan\u021b\u0103 \u0219i set\u0103ri personalizabile<\/p>\n<p>Independen\u021ba energetic\u0103:<\/p>\n<p>- Tranzi\u021bie f\u0103r\u0103 probleme la modul de rezerv\u0103 pentru protec\u021bie \u00eempotriva \u00eentreruperilor de energie electric\u0103<\/p>\n<p>- \u00cenc\u0103rcare \/ desc\u0103rcare rapid\u0103 pentru a satisface cererea de consum mai mare<\/p>\n<p>Instalare u\u0219oar\u0103:<\/p>\n<p>- Conectori unici de tip push-in pentru o instalare care economise\u0219te timp<\/p>\n<p>- Punerea \u00een func\u021biune f\u0103r\u0103 atingere cu ajutorul unui smartphone<\/p>\n<p>- U\u0219or \u0219i compact<\/p>\n<p><a href=\"https:\/\/storeyourownpower.com\/wp-content\/uploads\/2022\/12\/Datasheet-English-2.pdf\" target=\"_blank\" rel=\"noopener\">Fi\u0219\u0103 tehnic\u0103 Rom\u00e2n\u0103<\/a><br \/>\n<a href=\"https:\/\/storeyourownpower.com\/wp-content\/uploads\/2022\/12\/Datasheet-German-2.pdf\" target=\"_blank\" rel=\"noopener\">Fi\u0219\u0103 tehnic\u0103 german\u0103<\/a><br \/>\n<a href=\"https:\/\/storeyourownpower.com\/wp-content\/uploads\/2022\/11\/DE-FS-SHRT-und-SBR-Unterschiede-und-Kompatibilita\u0308t-Versionen.pdf\" target=\"_blank\" rel=\"noopener\">Diferen\u021bele \u0219i compatibilitatea versiunilor SHRT \u0219i SBR<\/a><\/p>","protected":false},"excerpt":{"rendered":"<p>Sungrow SH10.0RT-V112 Aplica\u021bie flexibil\u0103: - Gam\u0103 larg\u0103 de tensiune a bateriei 150-600V - Suport\u0103 conectarea \u00een paralel cu controlul master-slave - Ofer\u0103 putere 100% pentru sarcini dezechilibrate \u00een modul de rezerv\u0103 Management inteligent: - [...]<\/p>","protected":false},"featured_media":550,"template":"","meta":{"_seopress_robots_primary_cat":"none","_seopress_titles_title":"Sungrow SH10.0RT-V112: Flexible Application, Smart Management, Energy Independence, Easy Installation","_seopress_titles_desc":"Discover the Sungrow SH10.0RT-V112 with wide battery voltage range, smart management features, seamless backup mode, and easy installation for energy independence.","_seopress_robots_index":"","_kad_blocks_custom_css":"","_kad_blocks_head_custom_js":"","_kad_blocks_body_custom_js":"","_kad_blocks_footer_custom_js":""},"product_cat":[18],"product_tag":[],"class_list":{"0":"post-549","1":"product","2":"type-product","3":"status-publish","4":"has-post-thumbnail","6":"product_cat-hybrid-inverters","8":"first","9":"outofstock","10":"sale","11":"taxable","12":"shipping-taxable","13":"purchasable","14":"product-type-simple"},"taxonomy_info":{"product_cat":[{"value":18,"label":"Hybrid inverters"}]},"featured_image_src_large":["https:\/\/ownpowr.com\/wp-content\/uploads\/2022\/12\/b-1-1-f-b11f61014011a7497a53e4a35156c0f10529e03c_det_ivh_sung_shx-xrt-jpg_600x600@2x.jpeg",600,540,false],"author_info":[],"comment_info":"","_links":{"self":[{"href":"https:\/\/ownpowr.com\/ro\/wp-json\/wp\/v2\/product\/549","targetHints":{"allow":["GET"]}}],"collection":[{"href":"https:\/\/ownpowr.com\/ro\/wp-json\/wp\/v2\/product"}],"about":[{"href":"https:\/\/ownpowr.com\/ro\/wp-json\/wp\/v2\/types\/product"}],"wp:featuredmedia":[{"embeddable":true,"href":"https:\/\/ownpowr.com\/ro\/wp-json\/wp\/v2\/media\/550"}],"wp:attachment":[{"href":"https:\/\/ownpowr.com\/ro\/wp-json\/wp\/v2\/media?parent=549"}],"wp:term":[{"taxonomy":"product_cat","embeddable":true,"href":"https:\/\/ownpowr.com\/ro\/wp-json\/wp\/v2\/product_cat?post=549"},{"taxonomy":"product_tag","embeddable":true,"href":"https:\/\/ownpowr.com\/ro\/wp-json\/wp\/v2\/product_tag?post=549"}],"curies":[{"name":"wp","href":"https:\/\/api.w.org\/{rel}","templated":true}]}}