{"id":620,"date":"2023-10-04T16:36:05","date_gmt":"2023-10-04T14:36:05","guid":{"rendered":"https:\/\/ownpowr.com\/product\/byd-premium-lvs-pdu-base\/"},"modified":"2025-10-15T14:01:34","modified_gmt":"2025-10-15T12:01:34","slug":"byd-premium-lvs-pdu-base","status":"publish","type":"product","link":"https:\/\/ownpowr.com\/ro\/product\/byd-premium-lvs-pdu-baza-byd\/","title":{"rendered":"BYD premium BYD LVS PDU + baz\u0103"},"content":{"rendered":"<p>BYD Sistem de control al bateriei LVS Premium LVS cu baz\u0103<\/p>\n<p>BYD Premium LVS PDU (Power Distribution Unit) cu baz\u0103 este o unitate de control conceput\u0103 pentru setul de baterii LVS. Fiecare stiv\u0103 de baterii necesit\u0103 o PDU pentru o func\u021bionare optim\u0103.<\/p>\n<p>Caracteristici principale:<\/p>\n<ul>\n<li>Capacitate scalabil\u0103 de la 4 kWh la 256 kWh<\/li>\n<li>Flexibilitate maxim\u0103 cu suport pentru p\u00e2n\u0103 la 64 de module de baterii<\/li>\n<li>Capacitate de conectare paralel\u0103<\/li>\n<li>Compatibil cu cele mai importante invertoare monofazate \u0219i trifazate<\/li>\n<li>Utilizeaz\u0103 tehnologia bateriei LFP (Litiu-Fosfat de Fier f\u0103r\u0103 Cobalt) pentru o siguran\u021b\u0103 sporit\u0103, cicluri de via\u021b\u0103 mai lungi \u0219i performan\u021be energetice superioare.<\/li>\n<li>Capabil de o rezerv\u0103 de urgen\u021b\u0103 de mare putere \u0219i func\u021bionalitate \u00een afara re\u021belei electrice<\/li>\n<li>Designul patentat al fi\u0219ei interne elimin\u0103 nevoia de cabluri suplimentare<\/li>\n<li>Optimizarea autoconsumului potrivit\u0103 pentru aplica\u021bii reziden\u021biale \u0219i comerciale<\/li>\n<\/ul>\n<p>BATERIE-BOX PREMIUM LVS<\/p>\n<p>Modulul de 4 kWh Transport \u0219i instalare simplificate cu design modular<\/p>\n<p>BYD Battery-Box Premium LVS este un pachet de baterii versatil cu fosfat de litiu \u0219i fier (LFP) conceput pentru a fi utilizat cu un invertor extern. Fiecare Battery-Box Premium LVS cuprinde de la 1 la 6 module de baterii stivuite \u00een paralel, oferind capacit\u0103\u021bi utilizabile cuprinse \u00eentre 4 \u0219i 24,0 kWh \u00eentr-un singur turn. Configura\u021biile disponibile includ:<\/p>\n<ul>\n<li>Cutie de baterii LVS 4.0 (4 kWh)<\/li>\n<li>Cutie de baterii LVS 8.0 (8 kWh)<\/li>\n<li>Cutie de baterii LVS 12.0 (12 kWh)<\/li>\n<li>Cutie de baterii LVS 16.0 (16 kWh)<\/li>\n<li>Battery-Box LVS 20.0 (20 kWh - doar pentru un singur turn)<\/li>\n<li>Battery-Box LVS 24.0 (24 kWh - doar pentru un singur turn)<\/li>\n<\/ul>\n<p>Pentru nevoi mai mari de stocare a energiei, pute\u021bi conecta p\u00e2n\u0103 la 16 unit\u0103\u021bi Battery-Box LVS 16.0 \u00een paralel, rezult\u00e2nd o capacitate maxim\u0103 de 256 kWh. \u00cen plus, sistemul ofer\u0103 scalabilitate, permi\u021b\u00e2nd ad\u0103ugarea de module LVS sau de turnuri paralele care con\u021bin \u00eentre 1 \u0219i 4 module \u00eentr-o etap\u0103 ulterioar\u0103.<\/p>\n<h2><strong style=\"font-size: 16px\">Mai multe informa\u021bii:<\/strong><\/h2>\n<ul>\n<li><a href=\"https:\/\/storeyourownpower.com\/wp-content\/uploads\/2023\/01\/Datasheet-English-LVS.pdf\" target=\"_blank\" rel=\"noopener\">Fi\u0219\u0103 tehnic\u0103 Rom\u00e2n\u0103 LVS<\/a><\/li>\n<li><a href=\"https:\/\/storeyourownpower.com\/wp-content\/uploads\/2023\/01\/Datenblatt-German-LVS.pdf\" target=\"_blank\" rel=\"noopener\">Datenblatt German LVS<\/a><\/li>\n<li><a href=\"https:\/\/storeyourownpower.com\/wp-content\/uploads\/2023\/01\/Mounting-instructions-English-LVS.pdf\" target=\"_blank\" rel=\"noopener\">Instruc\u021biuni de montaj Rom\u00e2n\u0103 LVS<\/a><\/li>\n<li><a href=\"https:\/\/storeyourownpower.com\/wp-content\/uploads\/2023\/01\/Mounting-instructions-German-LVS.pdf\" target=\"_blank\" rel=\"noopener\">Instruc\u021biuni de montaj German LVS<\/a><\/li>\n<li><a href=\"https:\/\/storeyourownpower.com\/wp-content\/uploads\/2023\/01\/Warranty-terms-English.pdf\" target=\"_blank\" rel=\"noopener\">Termeni de garan\u021bie Rom\u00e2n\u0103<\/a><\/li>\n<li><a href=\"https:\/\/storeyourownpower.com\/wp-content\/uploads\/2023\/01\/Warranty-terms-German-LVS.pdf\" target=\"_blank\" rel=\"noopener\">Termeni de garan\u021bie German LVS<\/a><\/li>\n<\/ul>","protected":false},"excerpt":{"rendered":"<p>BYD Premium LVS Sistem de control al bateriei LVS Premium cu baz\u0103 BYD Premium LVS PDU (Power Distribution Unit) cu baz\u0103 este o unitate de control conceput\u0103 pentru setul de baterii LVS. Fiecare stiv\u0103 [...]<\/p>","protected":false},"featured_media":621,"template":"","meta":{"_seopress_robots_primary_cat":"none","_seopress_titles_title":"BYD Premium LVS PDU + base | Maximum Flexibility for any Application","_seopress_titles_desc":"The BYD Battery-Box Premium LVS offers scalable power storage from 4 kWh to 256 kWh with safety, flexibility, and high-powered capabilities for residential and commercial applications.","_seopress_robots_index":"","_kad_blocks_custom_css":"","_kad_blocks_head_custom_js":"","_kad_blocks_body_custom_js":"","_kad_blocks_footer_custom_js":""},"product_cat":[17],"product_tag":[],"class_list":{"0":"post-620","1":"product","2":"type-product","3":"status-publish","4":"has-post-thumbnail","6":"product_cat-home-batteries","8":"first","9":"instock","10":"sale","11":"taxable","12":"shipping-taxable","13":"purchasable","14":"product-type-simple"},"taxonomy_info":{"product_cat":[{"value":17,"label":"Home batteries"}]},"featured_image_src_large":["https:\/\/ownpowr.com\/wp-content\/uploads\/2023\/01\/BYD-LVS-BMU.jpeg",600,540,false],"author_info":[],"comment_info":"","_links":{"self":[{"href":"https:\/\/ownpowr.com\/ro\/wp-json\/wp\/v2\/product\/620","targetHints":{"allow":["GET"]}}],"collection":[{"href":"https:\/\/ownpowr.com\/ro\/wp-json\/wp\/v2\/product"}],"about":[{"href":"https:\/\/ownpowr.com\/ro\/wp-json\/wp\/v2\/types\/product"}],"wp:featuredmedia":[{"embeddable":true,"href":"https:\/\/ownpowr.com\/ro\/wp-json\/wp\/v2\/media\/621"}],"wp:attachment":[{"href":"https:\/\/ownpowr.com\/ro\/wp-json\/wp\/v2\/media?parent=620"}],"wp:term":[{"taxonomy":"product_cat","embeddable":true,"href":"https:\/\/ownpowr.com\/ro\/wp-json\/wp\/v2\/product_cat?post=620"},{"taxonomy":"product_tag","embeddable":true,"href":"https:\/\/ownpowr.com\/ro\/wp-json\/wp\/v2\/product_tag?post=620"}],"curies":[{"name":"wp","href":"https:\/\/api.w.org\/{rel}","templated":true}]}}