{"id":631,"date":"2023-10-05T01:25:09","date_gmt":"2023-10-04T23:25:09","guid":{"rendered":"https:\/\/ownpowr.com\/product\/sofar-solar-hyd-10ktl-3ph\/"},"modified":"2025-03-27T12:59:51","modified_gmt":"2025-03-27T10:59:51","slug":"sofar-solar-hyd-10ktl-3ph","status":"publish","type":"product","link":"https:\/\/ownpowr.com\/ro\/product\/sofar-solar-hyd-10ktl-3ph\/","title":{"rendered":"SofarSolar HYD-10KTL-3PH"},"content":{"rendered":"<p>Cel mai nou venit \u00een segmentul invertoarelor, produc\u0103torul chinez Sofar Solar, lanseaz\u0103 o gam\u0103 complet\u0103 de produse.<\/p>\n<p>Invertoarele hibride din seria HYD KTL-3PH str\u0103lucesc cu o gam\u0103 larg\u0103 de tensiuni pentru genera\u021bii puternice de module \u0219i p\u00e2n\u0103 la 2 conexiuni de baterii. Protec\u021bia integrat\u0103 la supratensiune AC + DC \u0219i managementul umbrelor fac parte, de asemenea, din dotarea standard aici. Cu clase de putere de la 5 la 20 kW, ve\u021bi g\u0103si \u00eentotdeauna varianta potrivit\u0103.<\/p>\n<p>Baterii compatibile:<\/p>\n<p>- Pylontech For\u021ba H1 14,2 p\u00e2n\u0103 la 24,86<\/p>\n<p>- Pylontech For\u021ba H2 7.1 p\u00e2n\u0103 la 14.2<\/p>\n<p>- Axitec AXIstorage Li SV1 13,5 p\u00e2n\u0103 la 23,6<\/p>\n<p>- Axitec AXIstorage Li SV2 6.7 p\u00e2n\u0103 la 13.5<\/p>\n<p>Avantajele produsului:<\/p>\n<p>- Gam\u0103 larg\u0103 de tensiune MPPT de la 180 la 960 V<\/p>\n<p>- Protec\u021bie integrat\u0103 la supratensiune AC \/ DC tip II<\/p>\n<p>- Gestionarea activ\u0103 a umbrelor<\/p>\n<p>Caracteristicile produsului:<\/p>\n<p>- Putere AC: 5 kW<\/p>\n<p>- Num\u0103r de MPPT: 2<\/p>\n<p>- Fazele de conectare: 3<\/p>\n<p>- Interfe\u021be: RS485, WiFi, WiFi, Bluetooth, Ethernet, 4 x dig.In (FRE)<\/p>\n<p>- Conector de conectare: MC4<\/p>\n<p>- Clasa de protec\u021bie: IP 65<\/p>\n<p>- R\u0103cire: pasiv\u0103<\/p>\n<p>- Dimensiuni: 571 x 515 x 264 mm (HxLxP)<\/p>\n<p>- Greutate: 33,0 kg<\/p>\n<p>- Garan\u021bie: 5 ani<\/p>\n<p><a href=\"https:\/\/storeyourownpower.com\/wp-content\/uploads\/2023\/02\/Datasheet-German-Sofar.pdf\" target=\"_blank\" rel=\"noopener\">Fi\u0219\u0103 tehnic\u0103 German Sofar<\/a><\/p>","protected":false},"excerpt":{"rendered":"<p>Cel mai nou venit \u00een segmentul invertoarelor, produc\u0103torul chinez Sofar Solar, lanseaz\u0103 o gam\u0103 complet\u0103 de produse. Invertoarele hibride din seria HYD KTL-3PH str\u0103lucesc cu o tensiune larg\u0103 [...]<\/p>","protected":false},"featured_media":628,"template":"","meta":{"_seopress_robots_primary_cat":"none","_seopress_titles_title":"Sofar Solar HYD 10KTL-3PH","_seopress_titles_desc":"Sofar Solar HYD KTL-3PH series offers a wide voltage range, 2 battery connections, overvoltage protection, shadow management, and more. Find the perfect power class from 5 to 20 kW.","_seopress_robots_index":"","_kad_blocks_custom_css":"","_kad_blocks_head_custom_js":"","_kad_blocks_body_custom_js":"","_kad_blocks_footer_custom_js":""},"product_cat":[18],"product_tag":[],"class_list":{"0":"post-631","1":"product","2":"type-product","3":"status-publish","4":"has-post-thumbnail","6":"product_cat-hybrid-inverters","8":"first","9":"instock","10":"sale","11":"taxable","12":"shipping-taxable","13":"purchasable","14":"product-type-simple"},"taxonomy_info":{"product_cat":[{"value":18,"label":"Hybrid inverters"}]},"featured_image_src_large":["https:\/\/ownpowr.com\/wp-content\/uploads\/2023\/02\/Sofar-inverter.jpeg",672,606,false],"author_info":[],"comment_info":"","_links":{"self":[{"href":"https:\/\/ownpowr.com\/ro\/wp-json\/wp\/v2\/product\/631","targetHints":{"allow":["GET"]}}],"collection":[{"href":"https:\/\/ownpowr.com\/ro\/wp-json\/wp\/v2\/product"}],"about":[{"href":"https:\/\/ownpowr.com\/ro\/wp-json\/wp\/v2\/types\/product"}],"wp:featuredmedia":[{"embeddable":true,"href":"https:\/\/ownpowr.com\/ro\/wp-json\/wp\/v2\/media\/628"}],"wp:attachment":[{"href":"https:\/\/ownpowr.com\/ro\/wp-json\/wp\/v2\/media?parent=631"}],"wp:term":[{"taxonomy":"product_cat","embeddable":true,"href":"https:\/\/ownpowr.com\/ro\/wp-json\/wp\/v2\/product_cat?post=631"},{"taxonomy":"product_tag","embeddable":true,"href":"https:\/\/ownpowr.com\/ro\/wp-json\/wp\/v2\/product_tag?post=631"}],"curies":[{"name":"wp","href":"https:\/\/api.w.org\/{rel}","templated":true}]}}