{"id":652,"date":"2023-10-05T01:03:14","date_gmt":"2023-10-04T23:03:14","guid":{"rendered":"https:\/\/ownpowr.com\/product\/alphaess-smile-b3\/"},"modified":"2025-03-27T13:36:41","modified_gmt":"2025-03-27T11:36:41","slug":"alphaess-smile-b3","status":"publish","type":"product","link":"https:\/\/ownpowr.com\/ro\/product\/alphaess-zambet-b3\/","title":{"rendered":"AlphaEss Smile B3"},"content":{"rendered":"<ul>\n<li class=\"l_b6bx1li fl slick-slide\" role=\"option\" data-slick-index=\"5\" aria-hidden=\"true\" aria-describedby=\"slick-slide05\">\n<div class=\"l_b6bx1lis\">\n<div class=\"ys_imgbox_cover\">\n<ul>\n<li id=\"\" class=\"l_b6bx1li fl slick-slide slick-cloned\" data-slick-index=\"6\" aria-hidden=\"true\">\n<div class=\"l_b6bx1lis\">\n<p>Prezentarea solu\u021biei de stocare a energiei SMILE-B3<\/p>\n<p>Elibera\u021bi puterea stoc\u0103rii eficiente a energiei cu SMILE-B3, un sistem robust conceput pentru a se adapta f\u0103r\u0103 probleme \u00een configura\u021bia dvs. existent\u0103. Aceast\u0103 solu\u021bie de 3 kW ofer\u0103 o gam\u0103 de capacit\u0103\u021bi de la 2,9 kWh la 17,2 kWh, asigur\u00e2nd flexibilitate pentru a v\u0103 satisface nevoile energetice.<\/p>\n<p>Caracteristici principale:<\/p>\n<ul>\n<li>Compatibilitate retrofit<\/li>\n<li>Capacit\u0103\u021bi de cuplare AC<\/li>\n<li>Baterie \u00eencorporat\u0103 pentru performan\u021be \u00eembun\u0103t\u0103\u021bite<\/li>\n<li>Proiectare modular\u0103 pentru o expansiune u\u0219oar\u0103<\/li>\n<li>Instalare f\u0103r\u0103 efort<\/li>\n<li>Monitorizare 24\/7 pentru lini\u0219te sufleteasc\u0103<\/li>\n<\/ul>\n<p>Specifica\u021bii ale SMILE-B3-PLUS:<\/p>\n<ul>\n<li>Max. Putere de ie\u0219ire CA: 3 kW<\/li>\n<li>Gama de capacitate: 2,9 - 17,2 kWh<\/li>\n<li>Max. Curent de \u00eenc\u0103rcare\/desc\u0103rcare: 60 A<\/li>\n<li>Ad\u00e2ncimea de desc\u0103rcare (DoD): 96%<\/li>\n<li>Dimensiuni (L x P x H): 610 x 219 x 650 mm<\/li>\n<li>Gama de temperaturi de func\u021bionare: -10\u00b0C p\u00e2n\u0103 la 50\u00b0C<\/li>\n<li>Protec\u021bie IP: IP65 \/ IP21<\/li>\n<li>Garan\u021bie: Garan\u021bie de 5 ani pentru produs, garan\u021bie de 10 ani pentru performan\u021b\u0103<\/li>\n<\/ul>\n<p>SMILE-B3 este solu\u021bia ideal\u0103 pentru sistemele solare care nu integreaz\u0103 baterii actuale. Acesta poate fi asociat cu p\u00e2n\u0103 la \u0219ase baterii de 2,9 kWh, extinz\u00e2nd capacitatea de stocare la un num\u0103r impresionant de 17,2 kWh. \u00cembun\u0103t\u0103\u021bi\u021bi-v\u0103 sistemul de stocare a energiei cu SMILE-B3 \u0219i experimenta\u021bi gestionarea eficient\u0103 \u0219i fiabil\u0103 a energiei.<\/p>\n<\/div>\n<\/li>\n<\/ul>\n<\/div>\n<\/div>\n<\/li>\n<\/ul>\n<p><a href=\"https:\/\/storeyourownpower.com\/wp-content\/uploads\/2023\/02\/Datasheet-Smile-B3.pdf\" target=\"_blank\" rel=\"noopener\">Fi\u0219a tehnic\u0103 Smile B3<\/a><\/p>","protected":false},"excerpt":{"rendered":"<p>&nbsp;<\/p>\n<p>&nbsp;<\/p>","protected":false},"featured_media":653,"template":"","meta":{"_seopress_robots_primary_cat":"none","_seopress_titles_title":"Expand Your Solar Storage: SMILE-B3 3kW Retrofit AC-Coupling with Built-in Battery","_seopress_titles_desc":"Upgrade your existing solar system with SMILE-B3, a modular and easy-to-install solution that maximizes your storage capacity to 17.2kWh.","_seopress_robots_index":"","_kad_blocks_custom_css":"","_kad_blocks_head_custom_js":"","_kad_blocks_body_custom_js":"","_kad_blocks_footer_custom_js":""},"product_cat":[17],"product_tag":[],"class_list":{"0":"post-652","1":"product","2":"type-product","3":"status-publish","4":"has-post-thumbnail","6":"product_cat-home-batteries","8":"first","9":"instock","10":"sale","11":"taxable","12":"shipping-taxable","13":"purchasable","14":"product-type-simple"},"taxonomy_info":{"product_cat":[{"value":17,"label":"Home batteries"}]},"featured_image_src_large":["https:\/\/ownpowr.com\/wp-content\/uploads\/2023\/02\/320_320_Product_logo_storage_system_5d3ab2d32f5cd.png",320,286,false],"author_info":[],"comment_info":"","_links":{"self":[{"href":"https:\/\/ownpowr.com\/ro\/wp-json\/wp\/v2\/product\/652","targetHints":{"allow":["GET"]}}],"collection":[{"href":"https:\/\/ownpowr.com\/ro\/wp-json\/wp\/v2\/product"}],"about":[{"href":"https:\/\/ownpowr.com\/ro\/wp-json\/wp\/v2\/types\/product"}],"wp:featuredmedia":[{"embeddable":true,"href":"https:\/\/ownpowr.com\/ro\/wp-json\/wp\/v2\/media\/653"}],"wp:attachment":[{"href":"https:\/\/ownpowr.com\/ro\/wp-json\/wp\/v2\/media?parent=652"}],"wp:term":[{"taxonomy":"product_cat","embeddable":true,"href":"https:\/\/ownpowr.com\/ro\/wp-json\/wp\/v2\/product_cat?post=652"},{"taxonomy":"product_tag","embeddable":true,"href":"https:\/\/ownpowr.com\/ro\/wp-json\/wp\/v2\/product_tag?post=652"}],"curies":[{"name":"wp","href":"https:\/\/api.w.org\/{rel}","templated":true}]}}