{"id":82539,"date":"2024-05-30T16:41:16","date_gmt":"2024-05-30T14:41:16","guid":{"rendered":"https:\/\/ownpowr.com\/?post_type=product&#038;p=82539"},"modified":"2025-08-25T14:36:32","modified_gmt":"2025-08-25T12:36:32","slug":"blauhoff-maxus-60k-144kwh-energy-storage-cabinet-liquid-cooling-with-ev-charger","status":"publish","type":"product","link":"https:\/\/ownpowr.com\/ro\/product\/blauhoff-maxus-60k-144kwh-dulap-de-stocare-a-energiei-cu-racire-lichida-cu-incarcator-ev\/","title":{"rendered":"Blauhoff Maxus Cabinet de stocare a energiei 60K\/144KWh R\u0103cire cu lichid cu \u00eenc\u0103rc\u0103tor EV"},"content":{"rendered":"<p>&nbsp;<\/p>\n<p>Asamblarea este realizat\u0103 de c\u0103tre instalatorul local cu ajutorul personalului nostru tehnic.<\/p>\n<p>Blauhoff Maxus Cabinet de stocare a energiei de 60k\/144Kwh R\u0103cit cu lichid Garan\u021bie de 10 ani 8000 de cicluri cu \u00eenc\u0103rc\u0103tor EV<\/p>\n<p>Celule prismatice pentru cea mai bun\u0103 calitate \u0219i cea mai lung\u0103 durat\u0103 de via\u021b\u0103, 8000 de cicluri \u0219i 10 ani garan\u021bie pentru celule f\u0103r\u0103 costuri suplimentare \u0219i 5 ani pentru \u00eentreg.<\/p>\n<p>Majoritatea celorlal\u021bi furnizori au 3-5 ani pe \u00eentreg \u0219i pe celule \u0219i apoi trebuie s\u0103 pl\u0103ti\u021bi suplimentar, acest lucru se aplic\u0103 \u0219i la EMS de la Dijkman pe care \u00eel folosim, f\u0103r\u0103 costuri lunare \u0219i poate lucra cu pia\u021ba de dezechilibru.<\/p>\n<p>ESS complet integrat pentru un transport \u0219i O&amp;M u\u0219oare.<\/p>\n<p>Stocarea integrat\u0103 a energiei cu \u00eenc\u0103rc\u0103torul Ev Charger \u0219i designul modular fac ca amplasamentul s\u0103 fie rapid de instalat \u0219i utilizat \u00een maximum 3 ore de lucru.<\/p>\n<p>Blauhoff BLH-96kWh-Maxus, un ESS comercial \u0219i industrial all-in-one cu r\u0103cire cu lichid, este integrat cu convertor de stocare a energiei, baterie, BMS, EMS, management termic, distribu\u021bie de energie, protec\u021bie \u00eempotriva incendiilor, \u00eenc\u0103rc\u0103tor Ev etc..<\/p>\n<p>Designul \"all-in-one\" este u\u0219or de instalat \u0219i O&amp;M \u0219i se interfa\u021beaz\u0103 cu toate celelalte produse Maxus \u0219i se tranzac\u021bioneaz\u0103 automat cu pre\u021buri dinamice de energie prin intermediul diferitelor sisteme EMS.<\/p>\n<p>Designul de siguran\u021b\u0103 al sistemului asigur\u0103 o performan\u021b\u0103 mai bun\u0103 a bateriei \u0219i o durat\u0103 de via\u021b\u0103 mai lung\u0103 a acesteia<br \/>\nvia\u021b\u0103. Mai multe seturi de dulapuri pot fi puse direct \u00een paralel p\u00e2n\u0103 la 30 de unit\u0103\u021bi pentru a realiza stocarea energiei.<br \/>\nextinderea sistemului. Este foarte u\u0219or de scalat \u0219i portabil.<\/p>\n<p>R\u0103cire cu lichid :<br \/>\nDeriva de temperatur\u0103 a celulelor bateriei<br \/>\n\u00een \u00eentregul sistem se \u00eencadreaz\u0103 \u00een limitele de \u00b11,5\u00b0C datorit\u0103<br \/>\nsistem inteligent de r\u0103cire cu lichid. Acesta poate<br \/>\nprelungirea duratei de via\u021b\u0103 a sistemului p\u00e2n\u0103 la<br \/>\n30%, cre\u0219te eficien\u021ba sistemului pe termen lung<br \/>\np\u00e2n\u0103 la 88,5%.<\/p>\n<p>Extras posibile :<\/p>\n<p>Putere de urgen\u021b\u0103 STS- 2 \u00eenc\u0103rc\u0103toare EV 22kw - invertor hibrid pentru panouri de conectare ipv cuplat AC<\/p>\n<p>Siguran\u021b\u0103<br \/>\nSistemul are patru niveluri de gestionare<br \/>\nstructur\u0103 care poate oferi o precizie<br \/>\nprotec\u021bie la scurtcircuit, supracurent<br \/>\nprotec\u021bie, protec\u021bie la supratensiune,<br \/>\nprotec\u021bie la sub tensiune, protec\u021bie la supratemperatur\u0103<br \/>\nprotec\u021bie, etc.<\/p>\n<p>Certificatele obligatorii de siguran\u021b\u0103 \u0219i europene, invertor \u0219i baterii:<\/p>\n<p>EN 50549-1 pentru invertorul Maxus \u0219i se aplic\u0103 la unit\u0103\u021bile de generare a energiei electrice conectate la re\u021bele de joas\u0103 tensiune, iar EN 50549-2 se aplic\u0103 la unit\u0103\u021bile de generare a energiei electrice conectate la re\u021bele de medie tensiune.<\/p>\n<p>NEN-EN-IEC 62619:2022 - Pile \u0219i baterii secundare care con\u021bin electroli\u021bi alcalini sau al\u021bi electroli\u021bi neacizi - Cerin\u021be de securitate pentru pile \u0219i baterii secundare cu litiu, pentru utilizare \u00een aplica\u021bii industriale<\/p>\n<p>NEN-EN-IEC 61000-6-2\u3001EN IEC 61000-6-4<\/p>\n<p>UL 9540A:2019 edi\u021bia 4 - Standard pentru metoda de \u00eencercare pentru evaluarea propag\u0103rii incendiului de fug\u0103 termic\u0103 \u00een sistemele de stocare a energiei \u00een baterii<\/p>\n<p>UN38.3<\/p>","protected":false},"excerpt":{"rendered":"<p>&nbsp; Asamblarea se face de c\u0103tre instalatorul dvs. local cu ajutorul personalului nostru tehnic. Blauhoff Maxus Dulap de stocare a energiei 60k\/144Kwh R\u0103cit cu lichid Garan\u021bie 10 ani 8000 cicluri cu \u00eenc\u0103rc\u0103tor EV [...]<\/p>","protected":false},"featured_media":82535,"template":"","meta":{"_seopress_robots_primary_cat":"none","_seopress_titles_title":"","_seopress_titles_desc":"","_seopress_robots_index":"","_kad_blocks_custom_css":"","_kad_blocks_head_custom_js":"","_kad_blocks_body_custom_js":"","_kad_blocks_footer_custom_js":""},"product_cat":[17,19],"product_tag":[],"class_list":{"0":"post-82539","1":"product","2":"type-product","3":"status-publish","4":"has-post-thumbnail","6":"product_cat-home-batteries","7":"product_cat-sets-with-inverters","9":"first","10":"instock","11":"taxable","12":"shipping-taxable","13":"purchasable","14":"product-type-simple"},"taxonomy_info":{"product_cat":[{"value":17,"label":"Home batteries"},{"value":19,"label":"Sets with inverters"}]},"featured_image_src_large":["https:\/\/ownpowr.com\/wp-content\/uploads\/2024\/05\/photo-2024-02-21-15-07-10.jpg",800,800,false],"author_info":[],"comment_info":"","_links":{"self":[{"href":"https:\/\/ownpowr.com\/ro\/wp-json\/wp\/v2\/product\/82539","targetHints":{"allow":["GET"]}}],"collection":[{"href":"https:\/\/ownpowr.com\/ro\/wp-json\/wp\/v2\/product"}],"about":[{"href":"https:\/\/ownpowr.com\/ro\/wp-json\/wp\/v2\/types\/product"}],"wp:featuredmedia":[{"embeddable":true,"href":"https:\/\/ownpowr.com\/ro\/wp-json\/wp\/v2\/media\/82535"}],"wp:attachment":[{"href":"https:\/\/ownpowr.com\/ro\/wp-json\/wp\/v2\/media?parent=82539"}],"wp:term":[{"taxonomy":"product_cat","embeddable":true,"href":"https:\/\/ownpowr.com\/ro\/wp-json\/wp\/v2\/product_cat?post=82539"},{"taxonomy":"product_tag","embeddable":true,"href":"https:\/\/ownpowr.com\/ro\/wp-json\/wp\/v2\/product_tag?post=82539"}],"curies":[{"name":"wp","href":"https:\/\/api.w.org\/{rel}","templated":true}]}}