{"id":831,"date":"2023-10-04T16:35:29","date_gmt":"2023-10-04T14:35:29","guid":{"rendered":"https:\/\/ownpowr.com\/product\/blauhoff-bess-all-in-one-10k-10kwh\/"},"modified":"2025-03-27T12:50:48","modified_gmt":"2025-03-27T10:50:48","slug":"k-star-all-in-one-10k-10kwh","status":"publish","type":"product","link":"https:\/\/ownpowr.com\/ro\/product\/blauhoff-bess-all-in-one-10k-10kwh\/","title":{"rendered":"K-stars Solu\u021bie de stocare trifazat\u0103 all-in-one 10K\/10kWh"},"content":{"rendered":"<div class=\"proInfos proInfos2 clearfix\">\n<div class=\"left\">\n<p>K-stars Solu\u021bie de stocare trifazic\u0103 All-In-One (3 faze)<\/p>\n<p>Beneficii cheie<\/p>\n<ul>\n<li>Utilizeaz\u0103 bateria LFP de \u00eenalt\u0103 performan\u021b\u0103 CATL, cunoscut\u0103 pentru calitatea sa \u0219i care se num\u0103r\u0103 printre furnizorii de celule de top.<\/li>\n<li>Capabil s\u0103 gestioneze o intrare fotovoltaic\u0103 substan\u021bial\u0103 de 20KW, cu 10KW pentru \u00eenc\u0103rcare \u0219i 10KW pentru ie\u0219irea de curent alternativ.<\/li>\n<li>Dispune de un design modular, care permite extinderea sistemului de stocare a energiei prin intermediul mai multor unit\u0103\u021bi de 5,12KWH.<\/li>\n<li>Ofer\u0103 o ie\u0219ire robust\u0103 de rezerv\u0103 trifazat\u0103 de 10KW, cu un timp de comutare a re\u021belei de pornire\/oprire de mai pu\u021bin de 20ms.<\/li>\n<li>Include un sistem de gestionare a energiei (EMS), ceea ce \u00eel face versatil pentru diverse aplica\u021bii.<\/li>\n<li>Suport\u0103 maximum 4 unit\u0103\u021bi \u00een paralel pentru o ie\u0219ire de rezerv\u0103 \u00een modul \u00een afara re\u021belei.<\/li>\n<li>Design ra\u021bionalizat \"all-in-one\" pentru confort \u0219i eficien\u021b\u0103.<\/li>\n<li>Prezint\u0103 o eficien\u021b\u0103 ridicat\u0103, ajung\u00e2nd p\u00e2n\u0103 la 97,6%.<\/li>\n<li>Dispune de protec\u021bie IP65 pentru durabilitate \u0219i rezisten\u021b\u0103.<\/li>\n<li>Func\u021bionalitate op\u021bional\u0103 de monitorizare a \u0219irurilor.<\/li>\n<li>Simplific\u0103 procedurile de instalare.<\/li>\n<li>Echipat cu un controler digital.<\/li>\n<li>Dispune de protec\u021bie \u00eempotriva supratensiunilor DC\/AC.<\/li>\n<li>\u00cencorporeaz\u0103 un controler de putere reactiv\u0103.<\/li>\n<\/ul>\n<p>BluE-S- E10KT<\/p>\n<p>2 x 5.1k Pachet<\/p>\n<p>1x kit de conectare pentru Blue- 2x pachet 5.1<\/p>\n<p>Informa\u021bii privind garan\u021bia<\/p>\n<ul>\n<li>Are o garan\u021bie de 10 ani.<\/li>\n<li>Proiectat pentru un num\u0103r impresionant de 10.000 de cicluri.<\/li>\n<\/ul>\n<p>Ofert\u0103 special\u0103 de instalare<\/p>\n<ul>\n<li>Disponibil pentru instalare \u00een \u021a\u0103rile de Jos la un pre\u021b special de numai 750 de euro!<\/li>\n<\/ul>\n<p><a href=\"https:\/\/ownpowr.com\/wp-content\/uploads\/2023\/10\/datasheet-k-star-blue.pdf\" target=\"_blank\" rel=\"noopener\">Fi\u0219a tehnic\u0103 K-Star BluE<\/a><\/p>\n<\/div>\n<\/div>\n<div class=\"hotBuy hotBuy2 clearfix\">\n<div class=\"left\">\n<div class=\"a\">\n<p>&nbsp;<\/p>\n<\/div>\n<\/div>\n<\/div>","protected":false},"excerpt":{"rendered":"<p>Blauhoff<\/p>\n<p>Garan\u021bie de 10 ani<\/p>\n<p>10000 de cicluri<\/p>\n<p>80% DOD<\/p>","protected":false},"featured_media":832,"template":"","meta":{"_seopress_robots_primary_cat":"none","_seopress_titles_title":"K-star All-In-One Three Phase Storage Solution | High Performance LFP Battery","_seopress_titles_desc":"Get the K-star All-In-One Three Phase Storage Solution with CATL high performance LFP battery. 20KW PV input, modular design, easy installation, and more.","_seopress_robots_index":"","_kad_blocks_custom_css":"","_kad_blocks_head_custom_js":"","_kad_blocks_body_custom_js":"","_kad_blocks_footer_custom_js":""},"product_cat":[17,19],"product_tag":[],"class_list":{"0":"post-831","1":"product","2":"type-product","3":"status-publish","4":"has-post-thumbnail","6":"product_cat-home-batteries","7":"product_cat-sets-with-inverters","9":"first","10":"instock","11":"sale","12":"taxable","13":"shipping-taxable","14":"purchasable","15":"product-type-simple"},"taxonomy_info":{"product_cat":[{"value":17,"label":"Home batteries"},{"value":19,"label":"Sets with inverters"}]},"featured_image_src_large":["https:\/\/ownpowr.com\/wp-content\/uploads\/2023\/04\/Ontwerp-zonder-titel-1024x1024.png",1024,1024,true],"author_info":[],"comment_info":"","_links":{"self":[{"href":"https:\/\/ownpowr.com\/ro\/wp-json\/wp\/v2\/product\/831","targetHints":{"allow":["GET"]}}],"collection":[{"href":"https:\/\/ownpowr.com\/ro\/wp-json\/wp\/v2\/product"}],"about":[{"href":"https:\/\/ownpowr.com\/ro\/wp-json\/wp\/v2\/types\/product"}],"wp:featuredmedia":[{"embeddable":true,"href":"https:\/\/ownpowr.com\/ro\/wp-json\/wp\/v2\/media\/832"}],"wp:attachment":[{"href":"https:\/\/ownpowr.com\/ro\/wp-json\/wp\/v2\/media?parent=831"}],"wp:term":[{"taxonomy":"product_cat","embeddable":true,"href":"https:\/\/ownpowr.com\/ro\/wp-json\/wp\/v2\/product_cat?post=831"},{"taxonomy":"product_tag","embeddable":true,"href":"https:\/\/ownpowr.com\/ro\/wp-json\/wp\/v2\/product_tag?post=831"}],"curies":[{"name":"wp","href":"https:\/\/api.w.org\/{rel}","templated":true}]}}