{"id":902,"date":"2023-10-04T16:42:22","date_gmt":"2023-10-04T14:42:22","guid":{"rendered":"https:\/\/ownpowr.com\/product\/koyoe-20kw-three-phase-include-wire-wifi-smart-meter\/"},"modified":"2025-03-27T13:38:52","modified_gmt":"2025-03-27T11:38:52","slug":"koyoe-20kw-three-phase-include-wire-wifi-smart-meter","status":"publish","type":"product","link":"https:\/\/ownpowr.com\/ro\/product\/koyoe-20kw-cu-trei-faze-includ-firul-wifi-smart-meter\/","title":{"rendered":"Koyoe 20kw Inverter 20kw cu trei faze, include s\u00e2rm\u0103, wifi, contor inteligent"},"content":{"rendered":"<h1>Koyoe 20kw Inverter 20kw cu trei faze, include s\u00e2rm\u0103, wifi, contor inteligent<\/h1>\n<p>Brand: Koyoe<\/p>\n<p>Cod produs \/ SKU: KY-EST20KH<\/p>\n<p>&nbsp;<\/p>\n<h2>Descriere<\/h2>\n<p><strong>Design modular<\/strong><\/p>\n<p>Design modular, instalare stivuite simplu aspect simplu de semn, integrarea de modem acas\u0103;<\/p>\n<p><strong>Smar Switch<\/strong><\/p>\n<p>Func\u021bionare \u00een afara re\u021belei, care sus\u021bine alimentarea de urgen\u021b\u0103 \u0219i comutarea f\u0103r\u0103 \u00eentreruperi;<\/p>\n<p><strong>Gam\u0103 larg\u0103 de intrare de tensiune<\/strong><\/p>\n<p>Gam\u0103 de tensiune fotovoltaic\u0103 ultra larg\u0103 120V-500V, baterie \u0219i gam\u0103 de tensiune ultra larg\u0103 85V-450V;<\/p>\n<p><strong>Sigur \u0219i fiabil<\/strong><\/p>\n<p>R\u0103cire inteligent\u0103 a aerului, cre\u0219tere redus\u0103 a temperaturii. Durat\u0103 lung\u0103 de via\u021b\u0103, func\u021bii multiple de protec\u021bie;<\/p>\n<p><strong>Inteligent \u0219i simplu<\/strong><\/p>\n<p>Sprijinirea designului GPRS\/WIFI\/RS485\/USBLCD, sprijinind monitorizarea la distan\u021b\u0103;<\/p>\n<p><strong>Eficien\u021b\u0103 energetic\u0103 ridicat\u0103<\/strong><\/p>\n<p>Mai pu\u021bin\u0103 reducere a puterii de ie\u0219ire la temperaturi ridicate,<br \/>\ncu eficien\u021b\u0103 \u00eembun\u0103t\u0103\u021bit\u0103, puterea maxim\u0103 de intrare fotovoltaic\u0103 p\u00e2n\u0103 la<br \/>\n1,3X puterea nominal\u0103<\/p>\n<p>&nbsp;<\/p>\n<p>Desc\u0103rc\u0103ri<\/p>\n<p><a href=\"https:\/\/storeyourownpower.com\/wp-content\/uploads\/2023\/05\/Templates_cn_file_Ess-Warranty.pdf\">_Template_cn_file_Ess Garan\u021bie<\/a><\/p>\n<p><a href=\"https:\/\/storeyourownpower.com\/wp-content\/uploads\/2023\/05\/Templates_cn_file_energy_10kw.pdf\">Modele_fi\u0219ier_cn_fi\u0219ier_energie_10kw<\/a><\/p>","protected":false},"excerpt":{"rendered":"<p>Koyoe 20kw Inverter 20kw cu trei faze, include s\u00e2rm\u0103, wifi, contor inteligent Brand: Koyoe Cod produs \/ SKU: KY-EST20KH Descriere Design modular Design modular, instalare stivuit\u0103 aspect simplu de semn, integrare [...]<\/p>","protected":false},"featured_media":903,"template":"","meta":{"_seopress_robots_primary_cat":"none","_seopress_titles_title":"Koyoe 20kw Inverter Three Phase - Wire, WiFi, Smart Meter","_seopress_titles_desc":"Introducing the Koyoe 20kw Inverter Three Phase with modular design for simple installation. Enjoy seamless switching and emergency power supply. Wide voltage input range ensures safe operation. Smart air cooling and multiple protection functions guarantee reliability. Remote monitoring and high power efficiency make this inverter a smart choice for your energy needs.","_seopress_robots_index":"","_kad_blocks_custom_css":"","_kad_blocks_head_custom_js":"","_kad_blocks_body_custom_js":"","_kad_blocks_footer_custom_js":""},"product_cat":[18],"product_tag":[],"class_list":{"0":"post-902","1":"product","2":"type-product","3":"status-publish","4":"has-post-thumbnail","6":"product_cat-hybrid-inverters","8":"first","9":"instock","10":"sale","11":"taxable","12":"shipping-taxable","13":"purchasable","14":"product-type-simple"},"taxonomy_info":{"product_cat":[{"value":18,"label":"Hybrid inverters"}]},"featured_image_src_large":["https:\/\/ownpowr.com\/wp-content\/uploads\/2023\/05\/Koyoe-10kW-3-Phase-Hybrid-Inverter1-1024x1024.png",1024,1024,true],"author_info":[],"comment_info":"","_links":{"self":[{"href":"https:\/\/ownpowr.com\/ro\/wp-json\/wp\/v2\/product\/902","targetHints":{"allow":["GET"]}}],"collection":[{"href":"https:\/\/ownpowr.com\/ro\/wp-json\/wp\/v2\/product"}],"about":[{"href":"https:\/\/ownpowr.com\/ro\/wp-json\/wp\/v2\/types\/product"}],"wp:featuredmedia":[{"embeddable":true,"href":"https:\/\/ownpowr.com\/ro\/wp-json\/wp\/v2\/media\/903"}],"wp:attachment":[{"href":"https:\/\/ownpowr.com\/ro\/wp-json\/wp\/v2\/media?parent=902"}],"wp:term":[{"taxonomy":"product_cat","embeddable":true,"href":"https:\/\/ownpowr.com\/ro\/wp-json\/wp\/v2\/product_cat?post=902"},{"taxonomy":"product_tag","embeddable":true,"href":"https:\/\/ownpowr.com\/ro\/wp-json\/wp\/v2\/product_tag?post=902"}],"curies":[{"name":"wp","href":"https:\/\/api.w.org\/{rel}","templated":true}]}}