{"id":932,"date":"2023-10-04T16:37:39","date_gmt":"2023-10-04T14:37:39","guid":{"rendered":"https:\/\/ownpowr.com\/product\/enphase-encharge-3t-battery-only-15-year-warantee\/"},"modified":"2025-04-02T14:31:50","modified_gmt":"2025-04-02T12:31:50","slug":"enphase-encharge-3t-battery","status":"publish","type":"product","link":"https:\/\/ownpowr.com\/ro\/product\/baterie-enphase-encharge-3t\/","title":{"rendered":"Baterie Enphase Encharge 3T"},"content":{"rendered":"<p>Enphase Encharge 3T cu o garan\u021bie de 15 ani<\/p>\n<p>V\u0103 rug\u0103m s\u0103 re\u021bine\u021bi: este necesar\u0103 certificarea instalatorului! Vizita\u021bi Universitatea Enphase pentru a v\u0103 finaliza certificarea.<\/p>\n<p>Bateria Enphase IQ 3T\/10T Avantajele bateriei Enphase IQ 3T \u0219i 10T:<\/p>\n<ul>\n<li>Sistem de baterii de curent alternativ complet integrat cu microinvertoare IQ 8X-BAT integrate.<\/li>\n<li>Conectare simpl\u0103 la alimentarea cu curent alternativ a unei instala\u021bii casnice standard<\/li>\n<li>Se adapteaz\u0103 cu precizie la circumstan\u021bele specifice ale utilizatorului<\/li>\n<li>Control \u0219i monitorizare u\u0219or de utilizat prin intermediul unei aplica\u021bii mobile<\/li>\n<li>Sistem pasiv de r\u0103cire (f\u0103r\u0103 p\u0103r\u021bi mobile sau ventilatoare)<\/li>\n<li>Durabilitate excep\u021bional\u0103 cu o garan\u021bie de 10 ani<\/li>\n<li>Certificarea instalatorului este obligatorie pentru instalarea bateriei. Contacta\u021bi managerul dvs. de cont Enphase pentru detalii privind certificarea.<\/li>\n<li>Asigura\u021bi-v\u0103 c\u0103 ave\u021bi Art. 270072 - Enphase - Enphase - IQ Gateway-S Dispozitiv contorizat.<\/li>\n<li>Enphase IQ 3T ofer\u0103 o capacitate total\u0103 de stocare de 3,5 kWh, av\u00e2nd patru microinvertoare integrate cu o putere combinat\u0103 de 1,28 kW.<\/li>\n<li>Instalatorii pot adapta cu u\u0219urin\u021b\u0103 dimensiunea sistemului pentru a satisface cerin\u021bele clien\u021bilor noi, precum \u0219i ale celor care au deja panouri solare.<\/li>\n<\/ul>\n<p>Sistem de stocare a bateriilor Encharge 3T cu microinvertoare integrate Enphase seria IQ \u0219i unitate de gestionare a bateriilor (BMU).<\/p>\n<p>Acest set include:<\/p>\n<ul>\n<li>1x unitate de baz\u0103 Encharge 3T (ENP-B03-T01-INT00-1-2)<\/li>\n<\/ul>\n<p>Bucura\u021bi-v\u0103 de lini\u0219tea care vine cu Enphase Encharge 3T, sus\u021binut\u0103 de o garan\u021bie generoas\u0103 de 15 ani. V\u0103 rug\u0103m s\u0103 re\u021bine\u021bi cerin\u021ba de certificare a instalatorului pentru instalarea \u0219i configurarea corect\u0103.<\/p>\n<p><strong>Mai multe informa\u021bii:<\/strong><\/p>\n<ul>\n<li><a href=\"https:\/\/storeyourownpower.com\/wp-content\/uploads\/2022\/12\/Datenblatt-German-Encharge-3T.pdf\" target=\"_blank\" rel=\"noopener\">Datenblatt German Encharge 3T<\/a><\/li>\n<li><a href=\"https:\/\/storeyourownpower.com\/wp-content\/uploads\/2022\/12\/Datasheet-English-Encharge-3T.pdf\" target=\"_blank\" rel=\"noopener\">Fi\u0219\u0103 tehnic\u0103 Rom\u00e2n\u0103 Encharge 3T<\/a><\/li>\n<li><a href=\"https:\/\/storeyourownpower.com\/wp-content\/uploads\/2022\/12\/Warranty-terms-English-Encharge-3T.pdf\" target=\"_blank\" rel=\"noopener\">Termeni de garan\u021bie Rom\u00e2n\u0103 Encharge 3T<\/a><\/li>\n<li><a href=\"https:\/\/storeyourownpower.com\/wp-content\/uploads\/2022\/12\/Warranty-terms-German-Encharge-3T.pdf\" target=\"_blank\" rel=\"noopener\">Termeni de garan\u021bie German Encharge 3T<\/a><\/li>\n<li><a href=\"https:\/\/storeyourownpower.com\/wp-content\/uploads\/2022\/12\/Mounting-instructions-English-Encharge-3T.pdf\" target=\"_blank\" rel=\"noopener\">Instruc\u021biuni de montaj Rom\u00e2n\u0103 Encharge 3T<\/a><\/li>\n<\/ul>","protected":false},"excerpt":{"rendered":"<p>15 ani de garan\u021bie \u00een acest pre\u021b!<\/p>","protected":false},"featured_media":39969,"template":"","meta":{"_seopress_robots_primary_cat":"none","_seopress_titles_title":"Enphase Encharge 3T: 15-Year Warranty, Installer Certification Required","_seopress_titles_desc":"Discover the advantages of Enphase IQ Battery 3T\/10T, a fully integrated AC battery system that optimally adjusts to your needs. Get certified at Enphase University.","_seopress_robots_index":"","_kad_blocks_custom_css":"","_kad_blocks_head_custom_js":"","_kad_blocks_body_custom_js":"","_kad_blocks_footer_custom_js":""},"product_cat":[17],"product_tag":[],"class_list":{"0":"post-932","1":"product","2":"type-product","3":"status-publish","4":"has-post-thumbnail","6":"product_cat-home-batteries","8":"first","9":"outofstock","10":"sale","11":"taxable","12":"shipping-taxable","13":"purchasable","14":"product-type-simple"},"taxonomy_info":{"product_cat":[{"value":17,"label":"Home batteries"}]},"featured_image_src_large":["https:\/\/ownpowr.com\/wp-content\/uploads\/2023\/10\/enphase-iq-batterij-3t-achterkant-900x900-2.jpeg",658,658,false],"author_info":[],"comment_info":"","_links":{"self":[{"href":"https:\/\/ownpowr.com\/ro\/wp-json\/wp\/v2\/product\/932","targetHints":{"allow":["GET"]}}],"collection":[{"href":"https:\/\/ownpowr.com\/ro\/wp-json\/wp\/v2\/product"}],"about":[{"href":"https:\/\/ownpowr.com\/ro\/wp-json\/wp\/v2\/types\/product"}],"wp:featuredmedia":[{"embeddable":true,"href":"https:\/\/ownpowr.com\/ro\/wp-json\/wp\/v2\/media\/39969"}],"wp:attachment":[{"href":"https:\/\/ownpowr.com\/ro\/wp-json\/wp\/v2\/media?parent=932"}],"wp:term":[{"taxonomy":"product_cat","embeddable":true,"href":"https:\/\/ownpowr.com\/ro\/wp-json\/wp\/v2\/product_cat?post=932"},{"taxonomy":"product_tag","embeddable":true,"href":"https:\/\/ownpowr.com\/ro\/wp-json\/wp\/v2\/product_tag?post=932"}],"curies":[{"name":"wp","href":"https:\/\/api.w.org\/{rel}","templated":true}]}}