{"id":1761,"date":"2023-08-31T23:36:30","date_gmt":"2023-08-31T21:36:30","guid":{"rendered":"https:\/\/ownpowr.com\/?page_id=1761"},"modified":"2023-09-11T14:41:36","modified_gmt":"2023-09-11T12:41:36","slug":"privacy-policy","status":"publish","type":"page","link":"https:\/\/ownpowr.com\/sv\/integritetspolicy\/","title":{"rendered":"Integritetspolicy"},"content":{"rendered":"<p>P\u00e5 Ownpowr, som n\u00e5s fr\u00e5n https:\/\/ownpowr.com, \u00e4r en av v\u00e5ra fr\u00e4msta prioriteringar v\u00e5ra bes\u00f6kares integritet. Denna integritetspolicy dokument inneh\u00e5ller typer av information som samlas in och registreras av Ownpowr och hur vi anv\u00e4nder den.<\/p><p>Om du har ytterligare fr\u00e5gor eller beh\u00f6ver mer information om v\u00e5r integritetspolicy, tveka inte att kontakta oss. V\u00e5r integritetspolicy har tagits fram med hj\u00e4lp av <a href=\"https:\/\/www.gdprprivacynotice.com\/\">Generator f\u00f6r integritetspolicy f\u00f6r GDPR<\/a><\/p><h3 class=\"wp-block-heading\">Allm\u00e4nna dataskyddsf\u00f6rordningen (GDPR)<\/h3><p>Vi \u00e4r personuppgiftsansvariga f\u00f6r dina uppgifter.<\/p><p>Blauhoffs r\u00e4ttsliga grund f\u00f6r att samla in och anv\u00e4nda den personliga information som beskrivs i denna sekretesspolicy beror p\u00e5 den personliga information vi samlar in och det specifika sammanhang i vilket vi samlar in informationen:<\/p><ul class=\"wp-block-list\"><li>Blauhoff beh\u00f6ver f\u00f6r att fullg\u00f6ra ett avtal med dig<\/li>\n\n<li>Du har gett Blauhoff till\u00e5telse att g\u00f6ra detta<\/li>\n\n<li>Behandlingen av dina personuppgifter ligger i Blauhoffs legitima intresse<\/li>\n\n<li>Blauhoff m\u00e5ste f\u00f6lja lagen<\/li><\/ul><p>Blauhoff beh\u00e5ller dina personuppgifter endast s\u00e5 l\u00e4nge som det \u00e4r n\u00f6dv\u00e4ndigt f\u00f6r de syften som anges i denna integritetspolicy. Vi kommer att beh\u00e5lla och anv\u00e4nda din information i den utstr\u00e4ckning som kr\u00e4vs f\u00f6r att uppfylla v\u00e5ra juridiska skyldigheter, l\u00f6sa tvister och genomdriva v\u00e5ra policyer.<\/p><p>Om du \u00e4r bosatt i Europeiska ekonomiska samarbetsomr\u00e5det (EES) har du vissa dataskyddsr\u00e4ttigheter. Om du vill bli informerad om vilka personuppgifter vi har om dig och om du vill att de ska tas bort fr\u00e5n v\u00e5ra system, v\u00e4nligen kontakta oss.<\/p><p>Under vissa omst\u00e4ndigheter har du f\u00f6ljande dataskyddsr\u00e4ttigheter:<\/p><ul class=\"wp-block-list\"><li>R\u00e4tt att f\u00e5 tillg\u00e5ng till, uppdatera eller radera den information vi har om dig.<\/li>\n\n<li>R\u00e4tten till r\u00e4ttelse.<\/li>\n\n<li>R\u00e4tten att g\u00f6ra inv\u00e4ndningar.<\/li>\n\n<li>R\u00e4tten till begr\u00e4nsning.<\/li>\n\n<li>R\u00e4tten till dataportabilitet<\/li>\n\n<li>R\u00e4tten att \u00e5terkalla samtycke<\/li><\/ul><h3 class=\"wp-block-heading\">Loggfiler<\/h3><p>Ownpowr f\u00f6ljer ett standardf\u00f6rfarande f\u00f6r anv\u00e4ndning av loggfiler. Dessa filer loggar bes\u00f6kare n\u00e4r de bes\u00f6ker webbplatser. Alla webbhotell g\u00f6r detta och det \u00e4r en del av webbhotellets analys. Den information som samlas in av loggfiler inkluderar IP-adresser (Internet Protocol), webbl\u00e4sartyp, Internetleverant\u00f6r (ISP), datum- och tidsst\u00e4mpel, h\u00e4nvisnings-\/utg\u00e5ngssidor och eventuellt antalet klick. Dessa \u00e4r inte kopplade till n\u00e5gon information som \u00e4r personligt identifierbar. Syftet med informationen \u00e4r att analysera trender, administrera webbplatsen, sp\u00e5ra anv\u00e4ndarnas r\u00f6relser p\u00e5 webbplatsen och samla in demografisk information.<\/p><h3 class=\"wp-block-heading\">Cookies och webb-beacons<\/h3><p>Liksom alla andra webbplatser anv\u00e4nder Ownpowr \"cookies\". Dessa cookies anv\u00e4nds f\u00f6r att lagra information inklusive bes\u00f6karnas preferenser och de sidor p\u00e5 webbplatsen som bes\u00f6karen har tillg\u00e5ng till eller bes\u00f6kt. Informationen anv\u00e4nds f\u00f6r att optimera anv\u00e4ndarnas upplevelse genom att anpassa inneh\u00e5llet p\u00e5 v\u00e5ra webbsidor baserat p\u00e5 bes\u00f6karnas webbl\u00e4sartyp och\/eller annan information.<\/p><h3 class=\"wp-block-heading\">Sekretesspolicy<\/h3><p>Du kan konsultera denna lista f\u00f6r att hitta sekretesspolicyn f\u00f6r var och en av Ownpowr:s reklampartner.<\/p><p>Tredjepartsannonsservrar eller annonsn\u00e4tverk anv\u00e4nder teknik som cookies, JavaScript eller Web Beacons som anv\u00e4nds i deras respektive annonser och l\u00e4nkar som visas p\u00e5 Ownpowr, som skickas direkt till anv\u00e4ndarnas webbl\u00e4sare. De f\u00e5r automatiskt din IP-adress n\u00e4r detta intr\u00e4ffar. Dessa tekniker anv\u00e4nds f\u00f6r att m\u00e4ta effektiviteten i deras reklamkampanjer och\/eller f\u00f6r att anpassa det reklaminneh\u00e5ll som du ser p\u00e5 webbplatser som du bes\u00f6ker.<\/p><p>Observera att Ownpowr inte har tillg\u00e5ng till eller kontroll \u00f6ver dessa cookies som anv\u00e4nds av tredjepartsannons\u00f6rer.<\/p><h3 class=\"wp-block-heading\">Integritetspolicyer f\u00f6r tredje part<\/h3><p>Ownpowr:s integritetspolicy g\u00e4ller inte f\u00f6r andra annons\u00f6rer eller webbplatser. S\u00e5ledes rekommenderar vi dig att konsultera respektive sekretesspolicy f\u00f6r dessa tredjepartsannonsservrar f\u00f6r mer detaljerad information. Det kan inkludera deras praxis och instruktioner om hur man v\u00e4ljer bort vissa alternativ.<\/p><p>Du kan v\u00e4lja att inaktivera cookies genom dina individuella webbl\u00e4saralternativ. Om du vill ha mer detaljerad information om cookiehantering med specifika webbl\u00e4sare kan du hitta den p\u00e5 webbl\u00e4sarnas respektive webbplatser.<\/p><h3 class=\"wp-block-heading\">Information f\u00f6r barn<\/h3><p>En annan del av v\u00e5r prioritering \u00e4r att \u00f6ka skyddet f\u00f6r barn n\u00e4r de anv\u00e4nder internet. Vi uppmuntrar f\u00f6r\u00e4ldrar och v\u00e5rdnadshavare att observera, delta i och\/eller \u00f6vervaka och v\u00e4gleda deras onlineaktiviteter.<\/p><p>Ownpowr samlar inte medvetet in n\u00e5gon personlig identifierbar information fr\u00e5n barn under 13 \u00e5r. Om du tror att ditt barn har l\u00e4mnat denna typ av information p\u00e5 v\u00e5r webbplats, uppmanar vi dig starkt att kontakta oss omedelbart och vi kommer att g\u00f6ra v\u00e5rt b\u00e4sta f\u00f6r att omedelbart ta bort s\u00e5dan information fr\u00e5n v\u00e5ra register.<\/p><h3 class=\"wp-block-heading\">Sekretesspolicy endast online<\/h3><p>V\u00e5r integritetspolicy g\u00e4ller endast f\u00f6r v\u00e5ra onlineaktiviteter och \u00e4r giltig f\u00f6r bes\u00f6kare p\u00e5 v\u00e5r webbplats med avseende p\u00e5 den information som de delade och\/eller samlar in i Ownpowr. Denna policy \u00e4r inte till\u00e4mplig p\u00e5 n\u00e5gon information som samlas in offline eller via andra kanaler \u00e4n denna webbplats.<\/p><h3 class=\"wp-block-heading\">Samtycke<\/h3><p>Genom att anv\u00e4nda v\u00e5r webbplats godk\u00e4nner du h\u00e4rmed v\u00e5r integritetspolicy och samtycker till dess villkor.<\/p>","protected":false},"excerpt":{"rendered":"<p>P\u00e5 Ownpowr, som n\u00e5s fr\u00e5n https:\/\/ownpowr.com, \u00e4r en av v\u00e5ra viktigaste prioriteringar v\u00e5ra bes\u00f6kares integritet. Detta dokument om integritetspolicy inneh\u00e5ller typer av information som samlas in och registreras av [...]<\/p>","protected":false},"author":1,"featured_media":0,"parent":0,"menu_order":0,"comment_status":"closed","ping_status":"closed","template":"","meta":{"_seopress_robots_primary_cat":"","_seopress_titles_title":"","_seopress_titles_desc":"","_seopress_robots_index":"","_kad_blocks_custom_css":"","_kad_blocks_head_custom_js":"","_kad_blocks_body_custom_js":"","_kad_blocks_footer_custom_js":"","footnotes":""},"class_list":["post-1761","page","type-page","status-publish"],"taxonomy_info":[],"featured_image_src_large":false,"author_info":{"display_name":"job-39sj@s9jal019","author_link":"https:\/\/ownpowr.com\/sv\/author\/job-39sjs9jal019\/"},"comment_info":0,"_links":{"self":[{"href":"https:\/\/ownpowr.com\/sv\/wp-json\/wp\/v2\/pages\/1761","targetHints":{"allow":["GET"]}}],"collection":[{"href":"https:\/\/ownpowr.com\/sv\/wp-json\/wp\/v2\/pages"}],"about":[{"href":"https:\/\/ownpowr.com\/sv\/wp-json\/wp\/v2\/types\/page"}],"author":[{"embeddable":true,"href":"https:\/\/ownpowr.com\/sv\/wp-json\/wp\/v2\/users\/1"}],"replies":[{"embeddable":true,"href":"https:\/\/ownpowr.com\/sv\/wp-json\/wp\/v2\/comments?post=1761"}],"version-history":[{"count":0,"href":"https:\/\/ownpowr.com\/sv\/wp-json\/wp\/v2\/pages\/1761\/revisions"}],"wp:attachment":[{"href":"https:\/\/ownpowr.com\/sv\/wp-json\/wp\/v2\/media?parent=1761"}],"curies":[{"name":"wp","href":"https:\/\/api.w.org\/{rel}","templated":true}]}}