{"id":1763,"date":"2023-08-31T23:36:56","date_gmt":"2023-08-31T21:36:56","guid":{"rendered":"https:\/\/ownpowr.com\/?page_id=1763"},"modified":"2023-09-11T16:06:47","modified_gmt":"2023-09-11T14:06:47","slug":"terms-and-conditions","status":"publish","type":"page","link":"https:\/\/ownpowr.com\/sv\/villkor-och-forutsattningar\/","title":{"rendered":"Villkor och best\u00e4mmelser"},"content":{"rendered":"<p><strong>Portaler: www.ownpowr.com<\/strong><\/p><h3 class=\"wp-block-heading\"><strong>Artikel 1. Till\u00e4mplighet<\/strong><\/h3><p>1.1 Dessa allm\u00e4nna villkor g\u00e4ller f\u00f6r alla erbjudanden fr\u00e5n Blauhoff, som handlar under handelsnamnet \"Blauhoff\" och f\u00f6r alla avtal som ing\u00e5s med Blauhoff.<\/p><p>1.2 Best\u00e4mmelserna i dessa allm\u00e4nna villkor f\u00e5r endast fr\u00e5ng\u00e5s om detta uttryckligen avtalats skriftligen, i vilket fall de \u00f6vriga best\u00e4mmelserna i dessa allm\u00e4nna villkor ska f\u00f6rbli i full kraft och verkan.<\/p><p>1.3 Om k\u00f6paren \u00e4ven h\u00e4nvisar till sina allm\u00e4nna villkor, g\u00e4ller dessa villkor inte om Blauhoff inte uttryckligen och skriftligen har godk\u00e4nt detta.<\/p><p>1.4 Med \"k\u00f6pare\" avses alla bes\u00f6kare p\u00e5 webbplatserna eller alla fysiska eller juridiska personer som \u00e4r eller kommer att vara i ett avtalsf\u00f6rh\u00e5llande av n\u00e5got slag med Blauhoff.<\/p><p>1.5 Blauhoff \u00e4r ber\u00e4ttigad att anv\u00e4nda tredje part f\u00f6r att genomf\u00f6ra ett avtal med k\u00f6paren. 1.6 Blauhoff f\u00f6rbeh\u00e5ller sig r\u00e4tten att \u00e4ndra eller komplettera dessa villkor fr\u00e5n tid till annan. <\/p><h3 class=\"wp-block-heading\"><strong>Artikel 2. Anbud och ing\u00e5ende av avtal<\/strong><\/h3><p>2.1 Anbud eller offerter ska betraktas som en inbjudan till potentiella k\u00f6pare att l\u00e4mna ett anbud. Blauhoff \u00e4r inte p\u00e5 n\u00e5got s\u00e4tt bunden av detta, s\u00e5vida det inte har registrerats skriftligen och otvetydigt. Den potentiella k\u00f6parens accept av inbjudan att l\u00e4mna ett erbjudande ska utg\u00f6ra ett erbjudande och ska endast leda till att ett avtal ing\u00e5s om de \u00f6vriga best\u00e4mmelserna i denna artikel har uppfyllts.<\/p><p>2.2 Erbjudandena g\u00e4ller s\u00e5 l\u00e4nge lagret r\u00e4cker.<\/p><p>2.3 En registrerad offert ska vara giltig under en period om tv\u00e5 (2) veckor, om inte en annan period anges i offerten.<\/p><p>2.4 Ett erbjudande fr\u00e5n den potentiella K\u00f6paren som n\u00e4mns i artikel 2.1 ska anses ha l\u00e4mnats under n\u00e5gon av f\u00f6ljande omst\u00e4ndigheter:<\/p><p>- den potentiella k\u00f6paren har specificerat exakt vilken produkt och\/eller tj\u00e4nst han vill erh\u00e5lla;<\/p><p>- ett erbjudande har undertecknats av k\u00f6paren och mottagits av Blauhoff i h\u00e4ndelse av att ett namngivet erbjudande har utf\u00e4rdats av Blauhoff;<\/p><p>- Den potentiella k\u00f6paren har angett sina uppgifter p\u00e5 den aktuella ing\u00e5ngssidan p\u00e5 webbplatsen och har skickat de relevanta uppgifterna (\"orderformul\u00e4r\") till Blauhoff elektroniskt, och dessa uppgifter har mottagits av Blauhoff.<\/p><p>2.5 Ett avtal ing\u00e5s i det \u00f6gonblick en orderbekr\u00e4ftelse \u00f6verl\u00e4mnas till k\u00f6paren eller, om erbjudandet g\u00f6rs via webbplatsen, skickas via e-post till den e-postadress som k\u00f6paren har angett. Detta avtal kan \u00e5terkallas av Blauhoff om k\u00f6paren inte uppfyller eller tidigare inte har uppfyllt villkoren. I s\u00e5 fall kommer Blauhoff att meddela k\u00f6paren inom tio (10) dagar efter mottagandet av best\u00e4llningen.<\/p><p>2.6 K\u00f6paren och Blauhoff \u00e4r uttryckligen \u00f6verens om att ett giltigt avtal ing\u00e5s genom att anv\u00e4nda elektroniska kommunikationsformer s\u00e5 snart villkoren i artiklarna 2.4 och 2.5 har uppfyllts. I synnerhet ska \u00e4ven avsaknaden av en vanlig signatur inte p\u00e5verka den bindande kraften i erbjudandet och dess accept. Blauhoffs elektroniska filer ska, i den utstr\u00e4ckning som lagen till\u00e5ter, tj\u00e4na som bevispresumtion.<\/p><p>2.7 Information, bilder, meddelanden som ges muntligt, via telefon eller e-post och uttalanden etc. som r\u00f6r alla erbjudanden och de viktigaste egenskaperna hos produkterna ges eller g\u00f6rs s\u00e5 exakt som m\u00f6jligt. Blauhoff garanterar dock inte att alla erbjudanden och produkter till fullo \u00f6verensst\u00e4mmer med den angivna informationen etc. Avvikelser kan i princip inte utg\u00f6ra grund f\u00f6r ers\u00e4ttning och\/eller h\u00e4vning.<\/p><h3 class=\"wp-block-heading\"><strong>Artikel 3. Priser<\/strong><\/h3><p>3.1 Alla priser \u00e4r, om inte annat \u00f6verenskommits, uttryckta i euro, i enlighet med g\u00e4llande lagbest\u00e4mmelser.<\/p><p>3.2 Specialerbjudanden g\u00e4ller endast s\u00e5 l\u00e4nge lagret r\u00e4cker.<\/p><p>3.3 K\u00f6paren \u00e4r skyldig att betala det pris som Blauhoff har meddelat i sin bekr\u00e4ftelse i enlighet med artikel 2.5 i dessa allm\u00e4nna villkor. Uppenbara (manipulations-) fel i prisuppgiften, s\u00e5som uppenbara felaktigheter, kan ocks\u00e5 uppst\u00e5 efter att avtalet ing\u00e5tts av Blauhoff och korrigeras.<\/p><p>3.4 Leveranskostnader ing\u00e5r inte i priset. S\u00e4rskilda priser g\u00e4ller f\u00f6r leverans utanf\u00f6r Nederl\u00e4nderna. N\u00e4r det g\u00e4ller vissa betalningsmetoder g\u00e4ller ytterligare villkor f\u00f6r leveransmetod och tillh\u00f6rande kostnader. Detta kommer att tydligt meddelas K\u00f6paren.<\/p><p>3.5 Om en eller flera kostnadsfaktorer \u00f6kar efter offertdatumet, \u00e4ven om detta sker p\u00e5 grund av f\u00f6rutsebara omst\u00e4ndigheter, har Blauhoff r\u00e4tt att h\u00f6ja det avtalade priset i motsvarande grad. Om en prish\u00f6jning sker inom tre m\u00e5nader efter det att avtalet ing\u00e5tts<\/p><p>pris\u00f6kningen beror p\u00e5 en befogenhet eller en skyldighet f\u00f6r leverant\u00f6ren enligt lag eller om det har fastst\u00e4llts att leverans kommer att \u00e4ga rum mer \u00e4n tre m\u00e5nader efter k\u00f6pet.<\/p><h3 class=\"wp-block-heading\"><strong>Artikel 4. Betalning<\/strong><\/h3><p>4.1 Best\u00e4llningar kan betalas p\u00e5 f\u00f6ljande s\u00e4tt:<\/p><p>-f\u00f6rskottsbetalning med hj\u00e4lp av giro eller bank\u00f6verf\u00f6ring och ideal, de best\u00e4llda varorna skickas efter mottagande av betalning;<\/p><p>- Vid avh\u00e4mtning av order kan betalning ske med pin eller kontant;<\/p><p>- Blauhoff kan komma att ut\u00f6ka betalningsm\u00f6jligheterna i framtiden. Andra betalningsalternativ kommer att g\u00f6ras k\u00e4nda via webbplatsen.<\/p><p>4.2 Om Blauhoff har avtalat om en betalningsfrist, kommer k\u00f6paren att vara i dr\u00f6jsm\u00e5l redan n\u00e4r betalningsfristen l\u00f6per ut. Betalningsvillkor kan endast avtalas skriftligen p\u00e5 villkor som ska fastst\u00e4llas och avtalas vid den tidpunkten.<\/p><p>4.3 Vid utebliven eller f\u00f6rsenad betalning fr\u00e5n K\u00f6paren skall lagstadgad r\u00e4nta utg\u00e5 p\u00e5 det utest\u00e5ende beloppet fr\u00e5n den dag d\u00e5 betalning senast skulle ha skett till den dag d\u00e5 full betalning sker, varvid p\u00e5b\u00f6rjad m\u00e5nad skall r\u00e4knas som hel m\u00e5nad.<\/p><p>4.4 K\u00f6paren ska ocks\u00e5 b\u00e4ra alla utomr\u00e4ttsliga och r\u00e4ttsliga inkassokostnader av alla slag som Blauhoff \u00e5drar sig till f\u00f6ljd av att k\u00f6paren inte uppfyller sina (betalnings-)skyldigheter. De utomr\u00e4ttsliga inkassokostnader som k\u00f6paren ska betala ska vara minst 15% av det f\u00f6rfallna beloppet och aldrig mer \u00e4n de maximala till\u00e5tna inkassokostnaderna. Leverans av produkter och\/eller tj\u00e4nster kan skjutas upp till dess att fakturapriset har betalats.<\/p><p>4.5 I h\u00e4ndelse av f\u00f6rsenad betalning har Blauhoff r\u00e4tt att uppl\u00f6sa avtalet med omedelbar verkan eller att avbryta (ytterligare) leverans tills k\u00f6paren har uppfyllt sina betalningsskyldigheter i sin helhet, inklusive betalning av r\u00e4nta och kostnader som ska betalas.<\/p><p>4.6 Om k\u00f6paren inte fullg\u00f6r sina betalningsskyldigheter eller har betalningssv\u00e5righeter, har Blauhoff r\u00e4tt att, utan f\u00f6reg\u00e5ende st\u00e4mning och\/eller meddelande om dr\u00f6jsm\u00e5l, \u00e4ven. \u00c5terkalla och uppl\u00f6sa avtalet. K\u00f6paren ger Blauhoff tillst\u00e5nd att h\u00e4mta produkterna, om n\u00f6dv\u00e4ndigt ta bort och h\u00e4mta, och k\u00f6paren ska ge Blauhoff alla m\u00f6jligheter att g\u00f6ra det. Detta samtycke omfattar \u00e4ven den situation i vilken tilltr\u00e4de eller n\u00e5got liknande skulle ha \u00e4gt rum. Bortskaffande av produkterna sker p\u00e5 k\u00f6parens bekostnad. Om produkterna bortskaffas \u00e4r Blauhoff inte skyldig att betala k\u00f6paren f\u00f6r produkterna. Produkten installerar r\u00f6r, kopplingar etc. och\/eller omintetg\u00f6r de konstruktionsm\u00e4ssiga \u00e5tg\u00e4rder som vidtagits.<\/p><h3 class=\"wp-block-heading\"><strong>Artikel 5. Leverans och leveranstid<\/strong><\/h3><p>5.1 Best\u00e4llningar levereras s\u00e5 snart som m\u00f6jligt. Blauhoff str\u00e4var i princip efter att leverera best\u00e4llningar inom fem arbetsdagar. Den senaste leveranstiden \u00e4r 60 dagar efter mottagandet av best\u00e4llningen, med undantag f\u00f6r f\u00f6rskottsbetalningar d\u00e4r den senaste leveranstiden \u00e4r 40 dagar efter mottagandet av betalningen. Den angivna leveranstiden \u00e4r endast en indikation och aldrig en tidsfrist. F\u00f6r vissa produkter, i synnerhet solpanelssystem, varierar dock leveranstider och marknadspriser kraftigt beroende p\u00e5 aktuell global tillg\u00e5ng och efterfr\u00e5gan. Blauhoff kommer att meddela \u00e4ndrade leveranstider s\u00e5 snart som m\u00f6jligt. Blauhoff kan komma att l\u00e4mna ytterligare information om leveranstider p\u00e5 sin webbplats eller p\u00e5 annat s\u00e4tt skriftligen. S\u00e5dan information \u00e4r endast v\u00e4gledande.<\/p><p>5.2 Om k\u00f6paren best\u00e4ller en produkt som tillf\u00e4lligt \u00e4r slut i lager, meddelar Blauhoff n\u00e4r produkten kommer att finnas tillg\u00e4nglig igen. Blauhoff str\u00e4var efter att meddela k\u00f6paren om f\u00f6rseningar inom tre arbetsdagar via e-post eller telefon.<\/p><p>5.3 Leverans av expedierade best\u00e4llningar ska ske till den adress som K\u00f6paren uppgivit vid avtalets ing\u00e5ende.<\/p><p>5.4 N\u00e4r de produkter som ska levereras har levererats till den angivna leveransadressen \u00f6verg\u00e5r risken f\u00f6r dessa produkter till K\u00f6paren. F\u00f6r leveranser som h\u00e4mtas av k\u00f6paren \u00f6verg\u00e5r risken f\u00f6r dessa produkter till k\u00f6paren vid tidpunkten f\u00f6r \u00f6verf\u00f6ringen, men under alla omst\u00e4ndigheter f\u00f6re lastning.<\/p><p>5.5 Leveranser kan av praktiska sk\u00e4l komma att ske i delar. 5.6 F\u00f6r leveranser till utlandet kan andra villkor g\u00e4lla. <\/p><h3 class=\"wp-block-heading\"><strong>Artikel 6. Utbyten<\/strong><\/h3><p>6.1 K\u00f6paren \u00e4r skyldig att noggrant inspektera produkterna (eller l\u00e5ta inspektera dem) omedelbart efter mottagandet och omedelbart rapportera eventuella defekter eller skador. Transportskador m\u00e5ste ocks\u00e5 omedelbart rapporteras till den ber\u00f6rda transport\u00f6ren. Programvara eller liknande produkter kan endast bytas ut inom 3 dagar och i originalf\u00f6rpackningen, vars f\u00f6rsegling inte har brutits. Byte \u00e4r endast m\u00f6jligt mot uppvisande av originalfakturan.<\/p><h3 class=\"wp-block-heading\"><strong>Artikel 7. Tillfredsst\u00e4llelsegaranti och \u00e5ngerr\u00e4tt<\/strong><\/h3><p>7.1 Konsumenten-K\u00f6paren har r\u00e4tt att ut\u00f6va \u00e5ngerr\u00e4tt utan p\u00e5f\u00f6ljd eller f\u00f6rklaring inom 14 arbetsdagar efter mottagandet. Undantagna fr\u00e5n denna \u00e5ngerr\u00e4tt \u00e4r specialbest\u00e4llda och monterade produkter (n\u00e4stan alltid med solpanelssystem) och programvara eller andra produkter vars f\u00f6rsegling \u00e4r bruten. Konsumentk\u00f6paren \u00e4r ansvarig f\u00f6r skador p\u00e5 returnerade produkter, \u00e4ven om de orsakats av returtransporten.<\/p><p>7.2 Om konsumenten-k\u00f6paren har ut\u00f6vat \u00e5ngerr\u00e4tten enligt f\u00f6reg\u00e5ende stycke, kommer Blauhoff att s\u00e4kerst\u00e4lla en \u00e5terbetalning av det belopp som konsumenten-k\u00f6paren har betalat till Blauhoff inom 14 dagar.<\/p><p>7.3 Kostnaden f\u00f6r att returnera produkten ska b\u00e4ras av konsumenten-k\u00f6paren.<\/p><h3 class=\"wp-block-heading\"><strong>Artikel 8. Bevarande av titel<\/strong><\/h3><p>8.1 \u00c4gander\u00e4tten till produkterna, oavsett faktisk leverans, \u00f6verg\u00e5r inte till k\u00f6paren f\u00f6rr\u00e4n k\u00f6paren till fullo har betalat allt som k\u00f6paren \u00e4r skyldig i samband med n\u00e5got avtal med Blauhoff, inklusive betalning av r\u00e4nta och kostnader, inklusive de f\u00f6r tidigare eller efterf\u00f6ljande leveranser och allt arbete som utf\u00f6rts eller ska utf\u00f6ras i samband med produkterna.<\/p><p>8.2 K\u00f6paren f\u00e5r inte belasta, s\u00e4lja, \u00e5terf\u00f6rs\u00e4lja, avyttra eller p\u00e5 annat s\u00e4tt belasta produkterna innan \u00e4gander\u00e4tten har \u00f6verg\u00e5tt.<\/p><h3 class=\"wp-block-heading\"><strong>Artikel 9. Installation och montering<\/strong><\/h3><p>9.1 Produkten ska installeras och anslutas av k\u00f6paren sj\u00e4lv, s\u00e5vida det inte har avtalats att installationen av produkten ska utf\u00f6ras av Blauhoff.<\/p><p>9.2 K\u00f6paren ansvarar gentemot Blauhoff f\u00f6r att alla anordningar, best\u00e4mmelser eller villkor som \u00e4r n\u00f6dv\u00e4ndiga f\u00f6r att produkten ska kunna monteras och\/eller f\u00f6r att produkten ska fungera korrekt i monterat tillst\u00e5nd \u00e4r korrekta och genomf\u00f6rs i r\u00e4tt tid.<\/p><p>9.3 Oaktat de f\u00f6reg\u00e5ende best\u00e4mmelserna ska k\u00f6paren vid tillhandah\u00e5llande av tj\u00e4nster av Blauhoff under alla omst\u00e4ndigheter p\u00e5 egen bekostnad och risk s\u00e4kerst\u00e4lla att<\/p><p>a) Blauhoffs personal eller den tredje part som Blauhoff anlitar, s\u00e5 snart de anl\u00e4nder till monteringsplatsen, f\u00e5r tilltr\u00e4de och kan p\u00e5b\u00f6rja och forts\u00e4tta att utf\u00f6ra arbetet under normal arbetstid och dessutom, om Blauhoff anser det n\u00f6dv\u00e4ndigt, utanf\u00f6r normal arbetstid, f\u00f6rutsatt att de har meddelat k\u00f6paren i god tid.<\/p><p>(b) Tillfartsv\u00e4garna till installationsplatsen \u00e4r l\u00e4mpliga f\u00f6r n\u00f6dv\u00e4ndiga transporter. (c) Den utsedda installationsplatsen \u00e4r l\u00e4mplig f\u00f6r lagring och montering.<\/p><p>(d) alla n\u00f6dv\u00e4ndiga s\u00e4kerhets- och f\u00f6rsiktighets\u00e5tg\u00e4rder har vidtagits och bibeh\u00e5lls, samt att alla \u00e5tg\u00e4rder har vidtagits och bibeh\u00e5lls f\u00f6r att f\u00f6lja till\u00e4mpliga statliga best\u00e4mmelser i samband med montering\/installation.<\/p><p>(e) Det finns ingen asbest p\u00e5 platsen f\u00f6r produktplaceringen.<\/p><p>f) K\u00f6paren ska i till\u00e4mplig omfattning se till att Blauhoff i god tid har tillg\u00e5ng till de godk\u00e4nnanden och tillst\u00e5nd som kr\u00e4vs f\u00f6r tj\u00e4nsterna samt de uppgifter som k\u00f6paren ska tillhandah\u00e5lla i samband med utf\u00f6randet av tj\u00e4nsterna.<\/p><p>9.4 K\u00f6paren m\u00e5ste se till att arbete och\/eller leverans som ska utf\u00f6ras av andra, som inte \u00e4r en del av monterings-\/installationsarbetet f\u00f6r Blauhoff eller den tredje part som k\u00f6paren har anlitat, utf\u00f6rs p\u00e5 ett s\u00e5dant s\u00e4tt och i r\u00e4tt tid att utf\u00f6randet av arbetet av eller f\u00f6r Blauhoff inte f\u00f6rdr\u00f6js. Om det \u00e4nd\u00e5 uppst\u00e5r en f\u00f6rsening i den mening som avses i denna punkt, m\u00e5ste k\u00f6paren meddela Blauhoff i god tid.<\/p><p>9.5 Skador och kostnader som uppkommer p\u00e5 grund av att villkoren i denna artikel inte har uppfyllts eller inte har uppfyllts i tid skall b\u00e4ras av k\u00f6paren.<\/p><p>9.6 K\u00f6paren b\u00e4r risken f\u00f6r skador som orsakas av: felaktigheter i den information som l\u00e4mnats och\/eller det arbete som tilldelats; felaktigheter i de konstruktioner och arbetsmetoder som k\u00f6paren kr\u00e4ver; defekter i material eller resurser som k\u00f6paren tillhandah\u00e5ller; defekter i den l\u00f6sa eller fasta egendom som arbetet utf\u00f6rs p\u00e5.<\/p><p>9.7 Blauhoff g\u00f6r allt f\u00f6r att utf\u00f6ra tj\u00e4nster i r\u00e4tt tid. Blauhoff \u00e4r inte ansvarig f\u00f6r direkta eller indirekta skador om tj\u00e4nsterna inte utf\u00f6rs i tid.<\/p><p>9.8 Blauhoff ska str\u00e4va efter att utf\u00f6ra de tj\u00e4nster som ska tillhandah\u00e5llas av Blauhoff som en god entrepren\u00f6r.<\/p><p>9.9 Om det uppst\u00e5r merarbete har Blauhoff r\u00e4tt att debitera k\u00f6paren. Blauhoff kommer - i den m\u00e5n det \u00e4r m\u00f6jligt - att informera k\u00f6paren om tillkommande arbete s\u00e5 tidigt som m\u00f6jligt. K\u00f6paren anses vara inf\u00f6rst\u00e5dd med utf\u00f6randet av till\u00e4ggsarbetet, de d\u00e4rmed sammanh\u00e4ngande kostnaderna och, om n\u00f6dv\u00e4ndigt, den justerade leveranstiden, s\u00e5vida k\u00f6paren inte inv\u00e4nder innan utf\u00f6randet av till\u00e4ggsarbetet p\u00e5b\u00f6rjas och i varje fall inom fem dagar fr\u00e5n det ovann\u00e4mnda meddelandet fr\u00e5n Blauhoff.<\/p><h3 class=\"wp-block-heading\"><strong>Artikel 10. Garanti och ansvar<\/strong><\/h3><p>10.1 Garantin f\u00f6r produkter som levereras av Blauhoff best\u00e4ms av tillverkaren av den aktuella produkten. Om denna reglering \u00e4r of\u00f6rdelaktig f\u00f6r konsumentk\u00f6paren i j\u00e4mf\u00f6relse med de r\u00e4ttigheter som konsumentk\u00f6paren kan g\u00f6ra g\u00e4llande mot Blauhoff enligt lag och distansavtal, ska \u00e5tminstone r\u00e4ttigheterna enligt lag och distansavtal g\u00e4lla. I praktiken inneb\u00e4r detta att konsument-k\u00f6paren har r\u00e4tt till gratis reparation eller utbyte av k\u00f6pet under en period av minst 2 \u00e5r i h\u00e4ndelse av ett fel som inte beror p\u00e5 hans eget fel.<\/p><p>10.2 Blauhoff \u00e4r aldrig skyldig att betala n\u00e5gon ers\u00e4ttning till k\u00f6paren eller andra, s\u00e5vida det inte f\u00f6religger upps\u00e5t eller grov v\u00e5rdsl\u00f6shet fr\u00e5n Blauhoffs sida. Blauhoff \u00e4r aldrig ansvarig f\u00f6r f\u00f6ljd- eller handelsf\u00f6rluster, indirekta f\u00f6rluster och f\u00f6rlust av vinst eller oms\u00e4ttning.<\/p><p>10.3 Blauhoffs ansvar f\u00f6r skador ska aldrig \u00f6verstiga ett belopp som motsvarar fakturav\u00e4rdet f\u00f6r den produkt eller tj\u00e4nst som orsakar skadan.<\/p><p>10.4 Utan hinder av best\u00e4mmelserna i denna artikel kan det inte finnas n\u00e5gon garanti om slitage kan anses vara normalt och vidare i f\u00f6ljande fall:<\/p><p>-om n\u00e5gra \u00e4ndringar har gjorts i eller p\u00e5 produkten, inklusive reparationer som inte har utf\u00f6rts med Blauhoffs eller tillverkarens medgivande;<\/p><p>-om originalfakturan inte kan uppvisas, har \u00e4ndrats eller gjorts ol\u00e4slig; -om defekterna \u00e4r ett resultat av felaktig eller ol\u00e4mplig anv\u00e4ndning;<\/p><p>-om skada har uppst\u00e5tt p\u00e5 grund av yttre orsaker eller p\u00e5verkan;<\/p><p>-om skadan orsakats av upps\u00e5t, grov v\u00e5rdsl\u00f6shet eller f\u00f6rsumligt underh\u00e5ll.<\/p><p>10.5 K\u00f6paren \u00e4r skyldig att h\u00e5lla Blauhoff skadesl\u00f6s fr\u00e5n alla anspr\u00e5k som tredje part kan g\u00f6ra g\u00e4llande mot Blauhoff i samband med genomf\u00f6randet av avtalet, i den m\u00e5n lagen inte hindrar att de relevanta skadorna och kostnaderna b\u00e4rs av k\u00f6paren.<\/p><p>10.6 Blauhoff kan p\u00e5 sin webbplats inkludera l\u00e4nkar till andra webbplatser som kan vara av intresse eller informativa f\u00f6r bes\u00f6karen. S\u00e5dana l\u00e4nkar \u00e4r rent informativa. Blauhoff ansvarar inte f\u00f6r inneh\u00e5llet p\u00e5 den webbplats som det h\u00e4nvisas till eller f\u00f6r den anv\u00e4ndning som kan g\u00f6ras av den.<\/p><h3 class=\"wp-block-heading\"><strong>Artikel 11. Force majeure<\/strong><\/h3><p>11.1 I h\u00e4ndelse av force majeure \u00e4r Blauhoff inte skyldig att fullg\u00f6ra sina skyldigheter gentemot k\u00f6paren, eller s\u00e5 \u00e4r skyldigheten uppskjuten under force majeure-perioden<\/p><p>11.2 Force majeure definieras som varje omst\u00e4ndighet, oberoende av dess vilja, som f\u00f6rhindrar fullg\u00f6randet av hela eller delar av dess skyldigheter gentemot K\u00f6paren. Omst\u00e4ndigheterna inkluderar strejker, br\u00e4nder, aff\u00e4rsst\u00f6rningar, energibortfall, utebliven eller f\u00f6rsenad leverans fr\u00e5n leverant\u00f6rer eller andra tredje parter samt avsaknad av myndighetstillst\u00e5nd. Force majeure omfattar \u00e4ven fel i ett (telekommunikations)n\u00e4tverk eller anslutning eller kommunikationssystem som anv\u00e4nds och\/eller att webbplatsen inte \u00e4r tillg\u00e4nglig vid n\u00e5gon tidpunkt.<\/p><h3 class=\"wp-block-heading\"><strong>Artikel 12. Immateriella r\u00e4ttigheter<\/strong><\/h3><p>12.1 K\u00f6paren bekr\u00e4ftar uttryckligen att alla immateriella r\u00e4ttigheter till visad information, kommunikation eller andra uttryck i samband med produkterna och\/eller i samband med webbplatsen tillh\u00f6r Blauhoff, dess leverant\u00f6rer eller andra fordrings\u00e4gare.<\/p><p>12.2 Immateriella r\u00e4ttigheter avser patent, upphovsr\u00e4tt, varum\u00e4rken, design- och modellr\u00e4ttigheter och\/eller andra (immateriella) r\u00e4ttigheter, inklusive om de \u00e4r patenterbara<\/p><p>Tekniskt och\/eller kommersiellt kunnande, metoder och koncept.<\/p><p>12.3 K\u00f6paren \u00e4r f\u00f6rbjuden att anv\u00e4nda de immateriella r\u00e4ttigheter som beskrivs i denna artikel p\u00e5 n\u00e5got s\u00e4tt, inklusive att g\u00f6ra \u00e4ndringar, s\u00e5som reproduktion, utan f\u00f6reg\u00e5ende skriftligt tillst\u00e5nd fr\u00e5n Blauhoff, dess leverant\u00f6rer eller andra ber\u00e4ttigade parter, s\u00e5vida det inte \u00e4r f\u00f6r rent privat bruk i f\u00f6rh\u00e5llande till sj\u00e4lva produkten.<\/p><h3 class=\"wp-block-heading\"><strong>Artikel 13. Personuppgifter<\/strong><\/h3><p>13.1 Blauhoff kommer endast att behandla k\u00f6parens uppgifter i enlighet med sin integritetspolicy. 13.2 Blauhoff kommer att f\u00f6lja g\u00e4llande sekretessbest\u00e4mmelser och lagstiftning. <\/p><h3 class=\"wp-block-heading\"><strong>Artikel 14. Till\u00e4mplig lag och beh\u00f6righet <\/strong>domstol<\/h3><p>14.1 Alla erbjudanden och avtal regleras uteslutande av nederl\u00e4ndsk lag.<br>14.2 Till\u00e4mpningen av Wienkonventionen \u00e4r uttryckligen utesluten.<\/p><p>14.3 Alla tvister i samband med eller till f\u00f6ljd av erbjudanden fr\u00e5n Blauhoff eller avtal som ing\u00e5tts med Blauhoff ska avg\u00f6ras av den beh\u00f6riga domstolen i Zwolle, Nederl\u00e4nderna, om inte lagen uttryckligen anger en annan domstol som beh\u00f6rig.<\/p><h3 class=\"wp-block-heading\"><strong>Artikel 15. \u00d6vrigt<\/strong><\/h3><p>15.1 Blauhoff BV har sitt s\u00e4te p\u00e5 Heemstraweg 123, 6651 KH, Druten och \u00e4r registrerat hos handelskammaren under nr. 83845577. All korrespondens ang\u00e5ende ett avtal eller dessa allm\u00e4nna villkor ska skickas till Blauhoff p\u00e5 ovanst\u00e5ende adress eller till den e-postadress som anges p\u00e5 webbplatsen.<\/p><p>15.2 Blauhoff str\u00e4var efter att svara p\u00e5 e-postmeddelanden senast inom fem arbetsdagar<\/p><h3 class=\"wp-block-heading\"><strong>Artikel 16. K\u00f6p momsfritt i Nederl\u00e4nderna och Tyskland<\/strong><\/h3><p>16.1 I Nederl\u00e4nderna och Tyskland erbjuds vissa produkter till nolltariff. Denna s\u00e5 kallade nolltariff g\u00e4ller endast om solpanelerna (v\u00e4xelriktare och batterier) installeras p\u00e5 (privata) bost\u00e4der eller uthus till en bostad, till exempel en lada.<\/p><p>Allm\u00e4nna villkor Blauhoff 11-09-2023<\/p>","protected":false},"excerpt":{"rendered":"<p>Portaler: www.ownpowr.com Artikel 1. Till\u00e4mplighet 1.1 Dessa allm\u00e4nna villkor g\u00e4ller f\u00f6r alla erbjudanden fr\u00e5n Blauhoff, som handlar under handelsnamnet \"Blauhoff\" och f\u00f6r alla avtal som ing\u00e5s med [...]<\/p>","protected":false},"author":1,"featured_media":0,"parent":0,"menu_order":0,"comment_status":"closed","ping_status":"closed","template":"","meta":{"_seopress_robots_primary_cat":"","_seopress_titles_title":"","_seopress_titles_desc":"","_seopress_robots_index":"","_kad_blocks_custom_css":"","_kad_blocks_head_custom_js":"","_kad_blocks_body_custom_js":"","_kad_blocks_footer_custom_js":"","footnotes":""},"class_list":["post-1763","page","type-page","status-publish"],"taxonomy_info":[],"featured_image_src_large":false,"author_info":{"display_name":"job-39sj@s9jal019","author_link":"https:\/\/ownpowr.com\/sv\/author\/job-39sjs9jal019\/"},"comment_info":0,"_links":{"self":[{"href":"https:\/\/ownpowr.com\/sv\/wp-json\/wp\/v2\/pages\/1763","targetHints":{"allow":["GET"]}}],"collection":[{"href":"https:\/\/ownpowr.com\/sv\/wp-json\/wp\/v2\/pages"}],"about":[{"href":"https:\/\/ownpowr.com\/sv\/wp-json\/wp\/v2\/types\/page"}],"author":[{"embeddable":true,"href":"https:\/\/ownpowr.com\/sv\/wp-json\/wp\/v2\/users\/1"}],"replies":[{"embeddable":true,"href":"https:\/\/ownpowr.com\/sv\/wp-json\/wp\/v2\/comments?post=1763"}],"version-history":[{"count":0,"href":"https:\/\/ownpowr.com\/sv\/wp-json\/wp\/v2\/pages\/1763\/revisions"}],"wp:attachment":[{"href":"https:\/\/ownpowr.com\/sv\/wp-json\/wp\/v2\/media?parent=1763"}],"curies":[{"name":"wp","href":"https:\/\/api.w.org\/{rel}","templated":true}]}}