{"id":22,"date":"2023-08-25T18:52:26","date_gmt":"2023-08-25T16:52:26","guid":{"rendered":"https:\/\/ownpowr.com\/?page_id=22"},"modified":"2023-09-11T14:43:48","modified_gmt":"2023-09-11T12:43:48","slug":"refund-returns","status":"publish","type":"page","link":"https:\/\/ownpowr.com\/sv\/aterbetalning-retur\/","title":{"rendered":"\u00c5terbetalning och returpolicy"},"content":{"rendered":"<p>Leveranstiden f\u00f6r produkterna anges vid varje produkt.<br>Sm\u00e5 material som kan skickas med paketpost levererar vi vanligtvis inom 1-2 dagar.<br><br>Om vikten eller storleken inte \u00e4r l\u00e4mplig f\u00f6r paketpost kommer materialet att levereras med lastbil. Vi kommer att boka en tid med dig i f\u00f6rv\u00e4g p\u00e5 vilken dag du kan ta emot materialet.<br><br>P\u00e5 leveransdagen kommer du att f\u00e5 den f\u00f6rv\u00e4ntade leveranstiden p\u00e5 morgonen, detta \u00e4r en v\u00e4gledande tid.<\/p><h3 class=\"wp-block-heading\"><strong>Leveranstid<\/strong><\/h3><ul class=\"wp-block-list\"><li>Paketpost material 1-2 dagar<\/li>\n\n<li>Paneler och monteringsmaterial 1-4 dagar Fraktkostnaden ber\u00e4knas utifr\u00e5n inneh\u00e5llet i kundvagnen. N\u00e4r du l\u00e4gger allt material i varukorgen kan du se hur mycket fraktkostnaderna blir. Faktiska fraktkostnader \u00e4r betydligt h\u00f6gre.<\/li><\/ul><ul class=\"wp-block-list\"><li>Postpaket upp till 23 kg \u20ac8,95<\/li>\n\n<li>Postpaket upp till 30 kg 12,50<\/li>\n\n<li>Lastbilsleverans, mellan 25 och 85 euro, kommer att anges i kundvagnen. <strong>Returer \/ \u00c5ngerr\u00e4tt<\/strong> Du har r\u00e4tt att annullera din best\u00e4llning upp till 14 dagar efter mottagandet utan att ange n\u00e5got sk\u00e4l. Om du har best\u00e4llt en tj\u00e4nst, t.ex. installation av solpaneler. \u00c5ngerr\u00e4tten l\u00f6per ut 14 dagar efter att best\u00e4llningen har bekr\u00e4ftats. Du har ytterligare 14 dagar p\u00e5 dig att returnera din produkt efter avbest\u00e4llningen. Du kommer d\u00e5 att krediteras hela orderbeloppet, inklusive fraktkostnader. Endast returkostnaderna fr\u00e5n ditt hem till webbutiken \u00e4r f\u00f6r ditt eget konto. Om du anv\u00e4nder din \u00e5ngerr\u00e4tt kommer produkten att returneras till entrepren\u00f6ren med alla levererade tillbeh\u00f6r och i sitt ursprungliga skick och f\u00f6rpackning. F\u00f6r att ut\u00f6va denna r\u00e4tt, v\u00e4nligen kontakta oss p\u00e5 info@ownpowr.com. Vi kommer d\u00e5 att \u00e5terbetala orderbeloppet inom 14 dagar efter meddelande om din retur, f\u00f6rutsatt att produkten redan har mottagits i god ordning. Returadress:<br>\u00c5teranv\u00e4ndbart antal Blauhoff BV, Heemstraweg 123, 6651 KH, Druten<\/li><\/ul><h3 class=\"wp-block-heading\"><strong>\u00c5terbetalning<\/strong><\/h3><p>N\u00e4r du har utnyttjat \u00e5ngerr\u00e4tten f\u00e5r du tillbaka alla betalningar, inklusive leveranskostnader, inom fjorton dagar. Du st\u00e5r sj\u00e4lv f\u00f6r kostnaden f\u00f6r returfrakten.<\/p><h3 class=\"wp-block-heading\"><strong>Uteslutande av \u00e5ngerr\u00e4tt<\/strong><\/h3><ul class=\"wp-block-list\"><li>Kundanpassade eller sammansatta produkter<\/li>\n\n<li>Tillbeh\u00f6r och monteringsmaterial.<\/li>\n\n<li>Installationsarbetet redan utf\u00f6rt<\/li>\n\n<li>F\u00f6retagskunder <strong>Samling<\/strong> Du l\u00e4gger best\u00e4llningen i f\u00f6rv\u00e4g i v\u00e5r webbshop och v\u00e4ljer upph\u00e4mtningsalternativet. N\u00e4r vi har behandlat best\u00e4llningen kommer du att f\u00e5 ett bekr\u00e4ftelsemeddelande. D\u00e4r f\u00e5r du veta n\u00e4r du kan h\u00e4mta din best\u00e4llning. Avh\u00e4mtning \u00e4r m\u00f6jlig fr\u00e5n m\u00e5ndag till fredag fr\u00e5n kl. 9.00 till 16.00. Du m\u00e5ste betala i f\u00f6rv\u00e4g i webbshoppen.<\/li><\/ul>","protected":false},"excerpt":{"rendered":"<p>Leveranstiden f\u00f6r produkterna anges vid varje produkt.Sm\u00e5 material som kan skickas med paketpost levererar vi vanligtvis inom 1-2 dagar. Om vikt eller storlek [...]<\/p>","protected":false},"author":1,"featured_media":0,"parent":0,"menu_order":0,"comment_status":"closed","ping_status":"closed","template":"","meta":{"_seopress_robots_primary_cat":"","_seopress_titles_title":"","_seopress_titles_desc":"","_seopress_robots_index":"","_kad_blocks_custom_css":"","_kad_blocks_head_custom_js":"","_kad_blocks_body_custom_js":"","_kad_blocks_footer_custom_js":"","footnotes":""},"class_list":["post-22","page","type-page","status-publish"],"taxonomy_info":[],"featured_image_src_large":false,"author_info":{"display_name":"job-39sj@s9jal019","author_link":"https:\/\/ownpowr.com\/sv\/author\/job-39sjs9jal019\/"},"comment_info":0,"_links":{"self":[{"href":"https:\/\/ownpowr.com\/sv\/wp-json\/wp\/v2\/pages\/22","targetHints":{"allow":["GET"]}}],"collection":[{"href":"https:\/\/ownpowr.com\/sv\/wp-json\/wp\/v2\/pages"}],"about":[{"href":"https:\/\/ownpowr.com\/sv\/wp-json\/wp\/v2\/types\/page"}],"author":[{"embeddable":true,"href":"https:\/\/ownpowr.com\/sv\/wp-json\/wp\/v2\/users\/1"}],"replies":[{"embeddable":true,"href":"https:\/\/ownpowr.com\/sv\/wp-json\/wp\/v2\/comments?post=22"}],"version-history":[{"count":0,"href":"https:\/\/ownpowr.com\/sv\/wp-json\/wp\/v2\/pages\/22\/revisions"}],"wp:attachment":[{"href":"https:\/\/ownpowr.com\/sv\/wp-json\/wp\/v2\/media?parent=22"}],"curies":[{"name":"wp","href":"https:\/\/api.w.org\/{rel}","templated":true}]}}