{"id":1090,"date":"2023-10-04T16:42:23","date_gmt":"2023-10-04T14:42:23","guid":{"rendered":"https:\/\/ownpowr.com\/product\/lg-chem-resu-6-5-prime\/"},"modified":"2025-02-27T12:49:47","modified_gmt":"2025-02-27T10:49:47","slug":"lg-chem-resu-6-5-prime","status":"publish","type":"product","link":"https:\/\/ownpowr.com\/sv\/product\/lg-kem-resu-6-5-prime\/","title":{"rendered":"LG Chem Resu 6,5 PRIME"},"content":{"rendered":"<p>&nbsp;<\/p>\n<p>LG CHEM RESU 6,5 LI-IO 6,5 kWh Lagringsbatteri<\/p>\n<p>LG Chem ESS energilagringssystem f\u00f6r bost\u00e4der Kompatibel med Sunny Island 3.0M, Sunny Island 4.4M, Sunny Island 6.0 H, SolaX, Sungrow, Schneider, Ingeteam, GoodWe, Redback, Victron Energy.<\/p>\n<p>RESU \u00e4r en intelligent energil\u00f6sning f\u00f6r hush\u00e5ll som effektivt minskar dina elkostnader genom toppstyrning. I kombination med solcellssystem optimerar RESU utnyttjandet av egenproducerad el, vilket ytterligare bidrar till kostnadsbesparingar. Dessutom fungerar RESU som en p\u00e5litlig str\u00f6mk\u00e4lla under ov\u00e4ntade str\u00f6mavbrott.<\/p>\n<p>Tekniska specifikationer f\u00f6r RESU 6.5 ESS Storage:<\/p>\n<ul>\n<li>Besparingar p\u00e5 elr\u00e4kningen: Effektiv hantering av effekttoppar<\/li>\n<li>Utnyttjande av ren energi fr\u00e5n solcellssystem<\/li>\n<li>P\u00e5litlig str\u00f6mf\u00f6rs\u00f6rjning<\/li>\n<li>Milj\u00f6v\u00e4nliga material<\/li>\n<li>L\u00e5gt underh\u00e5ll<\/li>\n<\/ul>\n<p>Viktiga tekniska detaljer:<\/p>\n<ul>\n<li>Modell: RESU 6.5<\/li>\n<li>Energikapacitet (kWh): 6.5<\/li>\n<li>Sp\u00e4nning (V): 48<\/li>\n<li>Kapacitet (Ah): 126<\/li>\n<li>Batterihanteringssystem (BMS): Integrerat<\/li>\n<li>Vikt (kg): 52<\/li>\n<li>M\u00e5tt (mm): Bredd 452, H\u00f6jd 654, Djup 120<\/li>\n<\/ul>","protected":false},"excerpt":{"rendered":"<p>&nbsp; LG CHEM RESU 6.5 LI-IO 6.5 kWh lagringsbatteri LG Chem ESS energilagringssystem f\u00f6r bost\u00e4der Kompatibel med Sunny Island 3.0M, Sunny Island 4.4M, Sunny Island 6.0 H, SolaX, [...]<\/p>","protected":false},"featured_media":1091,"template":"","meta":{"_seopress_robots_primary_cat":"none","_seopress_titles_title":"LG CHEM RESU 6.5 LI-IO: Smart Energy Solution for Homes","_seopress_titles_desc":"Lower your electricity bill with peak management, enhance self-consumption of self-generated electricity, and enjoy a reliable power source with LG Chem RESU 6.5 ESS storage battery.","_seopress_robots_index":"","_kad_blocks_custom_css":"","_kad_blocks_head_custom_js":"","_kad_blocks_body_custom_js":"","_kad_blocks_footer_custom_js":""},"product_cat":[17],"product_tag":[],"class_list":{"0":"post-1090","1":"product","2":"type-product","3":"status-publish","4":"has-post-thumbnail","6":"product_cat-home-batteries","8":"first","9":"instock","10":"sale","11":"taxable","12":"shipping-taxable","13":"purchasable","14":"product-type-simple"},"taxonomy_info":{"product_cat":[{"value":17,"label":"Home batteries"}]},"featured_image_src_large":["https:\/\/ownpowr.com\/wp-content\/uploads\/2023\/07\/Resu6.5.jpeg",600,540,false],"author_info":[],"comment_info":"","_links":{"self":[{"href":"https:\/\/ownpowr.com\/sv\/wp-json\/wp\/v2\/product\/1090","targetHints":{"allow":["GET"]}}],"collection":[{"href":"https:\/\/ownpowr.com\/sv\/wp-json\/wp\/v2\/product"}],"about":[{"href":"https:\/\/ownpowr.com\/sv\/wp-json\/wp\/v2\/types\/product"}],"wp:featuredmedia":[{"embeddable":true,"href":"https:\/\/ownpowr.com\/sv\/wp-json\/wp\/v2\/media\/1091"}],"wp:attachment":[{"href":"https:\/\/ownpowr.com\/sv\/wp-json\/wp\/v2\/media?parent=1090"}],"wp:term":[{"taxonomy":"product_cat","embeddable":true,"href":"https:\/\/ownpowr.com\/sv\/wp-json\/wp\/v2\/product_cat?post=1090"},{"taxonomy":"product_tag","embeddable":true,"href":"https:\/\/ownpowr.com\/sv\/wp-json\/wp\/v2\/product_tag?post=1090"}],"curies":[{"name":"wp","href":"https:\/\/api.w.org\/{rel}","templated":true}]}}