{"id":119,"date":"2022-11-11T09:25:43","date_gmt":"2022-11-11T07:25:43","guid":{"rendered":"https:\/\/ownpowr.com\/product\/sungrow-sbr096-battery-blue\/"},"modified":"2025-03-27T13:29:55","modified_gmt":"2025-03-27T11:29:55","slug":"sungrow-sbr096-battery-blue","status":"publish","type":"product","link":"https:\/\/ownpowr.com\/sv\/product\/sungrow-sbr096-batteri-bla\/","title":{"rendered":"Sungrow SBR 9,6kWh SBR096"},"content":{"rendered":"<p>Sungrow SBR 9,6kWh SBR096 V2 bl\u00e5 LFP batteri + tillbeh\u00f6r<\/p>\n<p>Detta batteriset f\u00f6r hemmet fr\u00e5n Sungrow inneh\u00e5ller f\u00f6ljande:<br \/>\n3x Sungrow SBR premium batterimodul 3,2 kWh<br \/>\n1x Sungrow premium batterihanteringssystem + tillbeh\u00f6r<\/p>\n<p>- Batterityp: Prismatisk LiFePO4-cell<br \/>\n- Nominell effekt: 9,6 kWh<br \/>\n- Energi (anv\u00e4ndbar): 9,6 kWh<br \/>\n- Nominell sp\u00e4nning: 192 V<br \/>\n- Driftsp\u00e4nning: 150 - 219 V<br \/>\n- Nominell DC-effekt: 5,76 kW<br \/>\n- Max. effekt vid laddning\/urladdning: 6,57 kW<br \/>\n- Max. laddnings-\/urladdningsstr\u00f6m (kontinuerlig): 30 A<br \/>\n- Max. laddnings-\/urladdningsstr\u00f6m (10 s puls): 42 A<br \/>\n- Utsl\u00e4ppsdjup: 100%<br \/>\n- Kortslutningsstr\u00f6m: 1700 A<br \/>\n- Display: SOC-indikator, statusindikator<br \/>\n- Kommunikationsgr\u00e4nssnitt: CAN<br \/>\n- Installationsplats: Inomhus \/ Utomhus<br \/>\n- Monteringsmetod: Golvstativ<br \/>\n- Driftstemperaturomr\u00e5de: Laddning: 0 till 50 \u2103 \/ Urladdning: -30 till 50 \u2103<br \/>\n- Skyddsklass: IP55<br \/>\n- Till\u00e5ten relativ luftfuktighet: 0% till 95% (icke-kondenserande)<br \/>\n- Maximal h\u00f6jd vid anv\u00e4ndning: 2000 m<br \/>\n- Kylmetod: naturlig konvektion<br \/>\n- Certifieringar: CE, CEC, IEC 62619, IEC 62040, UN38.3, VDE 2510-50<br \/>\n- Anpassning f\u00f6r expansion: Upp till 4 enheter parallellt (en extra kopplingsbox kr\u00e4vs, men finns f\u00f6r n\u00e4rvarande inte tillg\u00e4nglig)<\/p>\n<p><a href=\"https:\/\/storeyourownpower.com\/wp-content\/uploads\/2022\/08\/Datasheet-German-2.pdf\" target=\"_blank\" rel=\"noopener\">Datablad tyska<\/a><br \/>\n<a href=\"https:\/\/storeyourownpower.com\/wp-content\/uploads\/2022\/08\/Datasheets-English.pdf\" target=\"_blank\" rel=\"noopener\">Datablad Engelska<\/a><br \/>\n<a href=\"https:\/\/storeyourownpower.com\/wp-content\/uploads\/2022\/08\/Mounting-instructions-English-2.pdf\" target=\"_blank\" rel=\"noopener\">Monteringsanvisning Engelska<\/a><br \/>\n<a href=\"https:\/\/storeyourownpower.com\/wp-content\/uploads\/2022\/08\/Mounting-instructions-German-2.pdf\" target=\"_blank\" rel=\"noopener\">Monteringsanvisning tyska<\/a><br \/>\n<a href=\"https:\/\/storeyourownpower.com\/wp-content\/uploads\/2022\/08\/Warranty-terms-English-2.pdf\" target=\"_blank\" rel=\"noopener\">Garantivillkor Engelska<\/a><br \/>\n<a href=\"https:\/\/storeyourownpower.com\/wp-content\/uploads\/2022\/08\/Warranty-terms-German-1.pdf\" target=\"_blank\" rel=\"noopener\">Garantivillkor Tyska<\/a><\/p>","protected":false},"excerpt":{"rendered":"<p>Sungrow SBR 9,6kWh SBR096 V2 bl\u00e5 LFP batteri + tillbeh\u00f6r Denna batterisats f\u00f6r hemmet fr\u00e5n Sungrow inneh\u00e5ller f\u00f6ljande: 3x Sungrow SBR premium batterimodul 3,2 kWh 1x Sungrow premium [...]<\/p>","protected":false},"featured_media":120,"template":"","meta":{"_seopress_robots_primary_cat":"none","_seopress_titles_title":"","_seopress_titles_desc":"","_seopress_robots_index":"","_kad_blocks_custom_css":"","_kad_blocks_head_custom_js":"","_kad_blocks_body_custom_js":"","_kad_blocks_footer_custom_js":""},"product_cat":[17],"product_tag":[],"class_list":{"0":"post-119","1":"product","2":"type-product","3":"status-publish","4":"has-post-thumbnail","6":"product_cat-home-batteries","8":"first","9":"instock","10":"sale","11":"taxable","12":"shipping-taxable","13":"purchasable","14":"product-type-simple"},"taxonomy_info":{"product_cat":[{"value":17,"label":"Home batteries"}]},"featured_image_src_large":["https:\/\/ownpowr.com\/wp-content\/uploads\/2022\/11\/Screenshot-2022-06-22-at-16.19.50.jpg",982,810,false],"author_info":[],"comment_info":"","_links":{"self":[{"href":"https:\/\/ownpowr.com\/sv\/wp-json\/wp\/v2\/product\/119","targetHints":{"allow":["GET"]}}],"collection":[{"href":"https:\/\/ownpowr.com\/sv\/wp-json\/wp\/v2\/product"}],"about":[{"href":"https:\/\/ownpowr.com\/sv\/wp-json\/wp\/v2\/types\/product"}],"wp:featuredmedia":[{"embeddable":true,"href":"https:\/\/ownpowr.com\/sv\/wp-json\/wp\/v2\/media\/120"}],"wp:attachment":[{"href":"https:\/\/ownpowr.com\/sv\/wp-json\/wp\/v2\/media?parent=119"}],"wp:term":[{"taxonomy":"product_cat","embeddable":true,"href":"https:\/\/ownpowr.com\/sv\/wp-json\/wp\/v2\/product_cat?post=119"},{"taxonomy":"product_tag","embeddable":true,"href":"https:\/\/ownpowr.com\/sv\/wp-json\/wp\/v2\/product_tag?post=119"}],"curies":[{"name":"wp","href":"https:\/\/api.w.org\/{rel}","templated":true}]}}