{"id":131,"date":"2023-10-04T16:35:55","date_gmt":"2023-10-04T14:35:55","guid":{"rendered":"https:\/\/ownpowr.com\/product\/byd-b-box-premium-lvs-16-0\/"},"modified":"2025-10-15T14:03:27","modified_gmt":"2025-10-15T12:03:27","slug":"byd-b-box-premium-lvs-16-0","status":"publish","type":"product","link":"https:\/\/ownpowr.com\/sv\/product\/byd-b-box-premium-lvs-16-0\/","title":{"rendered":"BYD Battery-Box premium LVS 16,0 kWh Leverans halv\/slut december"},"content":{"rendered":"<h3>BYD Batteril\u00e5da premium LVS 16,0 kWh<\/h3>\n<p>OBSERVERA!<br \/>\nFarligt \u00e4mne enligt UN 3480 \/ Transportfara klass 9 \/ F\u00f6rpackningsgrupp II<\/p>\n<p>&nbsp;<\/p>\n<p>- anv\u00e4ndbar kapacitet: 16,00 kWh<br \/>\n- m\u00e4rksp\u00e4nning: 51,2 V<br \/>\n- Max. Utg\u00e5ngsstr\u00f6m: 250A<br \/>\n- H\u00f6gsta utg\u00e5ngsstr\u00f6m: 360A, 5s<br \/>\n- Driftsp\u00e4nningsomr\u00e5de: 40-57.6 V<br \/>\n- omgivningstemperatur: -10 \u00b0C till +50 \u00b0C<br \/>\n- gr\u00e4nssnitt: CAN\/RS485<br \/>\n- Energieffektivitet tur och retur: &gt;= 95%<br \/>\n- Certifiering: VDE2510-50 \/ IEC62619 \/ CE \/ CEC \/ UN38.3<br \/>\n- IP skyddsklass: IP55<br \/>\n- Till\u00e4mpningar: ON Grid \/ ON Grid + Backup \/ OFF Grid<br \/>\n- Alltid utbyggbar \/ upp till 16 LVS 16.0 parallellt \/ 256 kWh anv\u00e4ndbara<br \/>\nSatsen inneh\u00e5ller:<br \/>\n4x BYD B-BOX PREMIUM LVS batterimodul<br \/>\n1x BYD LV PDU + bas<br \/>\n1x BYD LV batterihanteringsenhet NY<\/p>\n<div class=\"product--description\">\n<p><strong>Mer information finns h\u00e4r:<\/strong><\/p>\n<ul>\n<li><a href=\"https:\/\/storeyourownpower.com\/wp-content\/uploads\/2023\/01\/Datasheet-English-LVS.pdf\" target=\"_blank\" rel=\"noopener\">Datablad Engelska LVS<\/a><\/li>\n<li><a href=\"https:\/\/storeyourownpower.com\/wp-content\/uploads\/2023\/01\/Datenblatt-German-LVS.pdf\" target=\"_blank\" rel=\"noopener\">Datenblatt tyska LVS<\/a><\/li>\n<li><a href=\"https:\/\/storeyourownpower.com\/wp-content\/uploads\/2023\/01\/Mounting-instructions-English-LVS.pdf\" target=\"_blank\" rel=\"noopener\">Monteringsanvisning Engelska LVS<\/a><\/li>\n<li><a href=\"https:\/\/storeyourownpower.com\/wp-content\/uploads\/2023\/01\/Mounting-instructions-German-LVS.pdf\" target=\"_blank\" rel=\"noopener\">Monteringsanvisningar tyska LVS<\/a><\/li>\n<li><a href=\"https:\/\/storeyourownpower.com\/wp-content\/uploads\/2023\/01\/Warranty-terms-English.pdf\" target=\"_blank\" rel=\"noopener\">Garantivillkor Engelska<\/a><\/li>\n<li><a href=\"https:\/\/storeyourownpower.com\/wp-content\/uploads\/2023\/01\/Warranty-terms-German-LVS.pdf\" target=\"_blank\" rel=\"noopener\">Garantivillkor Tyska LVS<\/a><\/li>\n<\/ul>\n<\/div>","protected":false},"excerpt":{"rendered":"<p>BYD Batteril\u00e5da premium LVS 16,0 kWh VARNING: Farligt \u00e4mne enligt UN 3480 \/ Transportriskklass 9 \/ F\u00f6rpackningsgrupp II - anv\u00e4ndbar kapacitet: 16,00 kWh - nominell [...].<\/p>","protected":false},"featured_media":132,"template":"","meta":{"_seopress_robots_primary_cat":"none","_seopress_titles_title":"BYD B-Box premium LVS 16.0 (16.00 kWh) - High Capacity, Multiple Applications","_seopress_titles_desc":"Discover the powerful BYD B-Box Premium LVS 16.0 battery module with hazardous substance caution, high energy efficiency, and various applications for grid, backup, and off-grid systems. Get the complete set for a reliable and scalable energy storage solution.","_seopress_robots_index":"","_kad_blocks_custom_css":"","_kad_blocks_head_custom_js":"","_kad_blocks_body_custom_js":"","_kad_blocks_footer_custom_js":""},"product_cat":[17],"product_tag":[],"class_list":{"0":"post-131","1":"product","2":"type-product","3":"status-publish","4":"has-post-thumbnail","6":"product_cat-home-batteries","8":"first","9":"onbackorder","10":"sale","11":"taxable","12":"shipping-taxable","13":"purchasable","14":"product-type-simple"},"taxonomy_info":{"product_cat":[{"value":17,"label":"Home batteries"}]},"featured_image_src_large":["https:\/\/ownpowr.com\/wp-content\/uploads\/2022\/11\/5-252Ff-252Fb-252F0-252F5fb095af8806fae85bc99f0c5f665888d53d76af_det_sb_byd_b_box_lvs_16-0.jpeg",640,540,false],"author_info":[],"comment_info":"","_links":{"self":[{"href":"https:\/\/ownpowr.com\/sv\/wp-json\/wp\/v2\/product\/131","targetHints":{"allow":["GET"]}}],"collection":[{"href":"https:\/\/ownpowr.com\/sv\/wp-json\/wp\/v2\/product"}],"about":[{"href":"https:\/\/ownpowr.com\/sv\/wp-json\/wp\/v2\/types\/product"}],"wp:featuredmedia":[{"embeddable":true,"href":"https:\/\/ownpowr.com\/sv\/wp-json\/wp\/v2\/media\/132"}],"wp:attachment":[{"href":"https:\/\/ownpowr.com\/sv\/wp-json\/wp\/v2\/media?parent=131"}],"wp:term":[{"taxonomy":"product_cat","embeddable":true,"href":"https:\/\/ownpowr.com\/sv\/wp-json\/wp\/v2\/product_cat?post=131"},{"taxonomy":"product_tag","embeddable":true,"href":"https:\/\/ownpowr.com\/sv\/wp-json\/wp\/v2\/product_tag?post=131"}],"curies":[{"name":"wp","href":"https:\/\/api.w.org\/{rel}","templated":true}]}}