{"id":144,"date":"2023-10-04T16:36:02","date_gmt":"2023-10-04T14:36:02","guid":{"rendered":"https:\/\/ownpowr.com\/product\/byd-b-box-premium-lvs-8-0\/"},"modified":"2025-10-15T14:02:38","modified_gmt":"2025-10-15T12:02:38","slug":"byd-b-box-premium-lvs-8-0","status":"publish","type":"product","link":"https:\/\/ownpowr.com\/sv\/product\/byd-b-box-premium-lvs-8-0\/","title":{"rendered":"BYD Battery-Box premium LVS 8,0 kWh Leverans halv\/slut december"},"content":{"rendered":"<p><strong>BYD<\/strong> Batteribox Premium LVS 8.0 best\u00e5r av<\/p>\n<p>a\u00a0<strong>BYD<\/strong>\u00a0BMU Batterihanteringsenhet, a\u00a0<strong>BYD<\/strong>\u00a0PDU Power Distribution Unit och 2 LVS 4,0 kWh batterimoduler i parallell. M\u00f6jlighet att skala upp genom att l\u00e4gga till upp till 4 ytterligare LVS-moduler parallellt med denna stack senare f\u00f6r att uppn\u00e5 en anv\u00e4ndbar kapacitet p\u00e5 upp till 24 kWh.<\/p>\n<p>Dessutom kan en maximal kapacitet p\u00e5 256 kWh uppn\u00e5s genom direkt parallellkoppling av upp till 16 identiska Battery-Box Premium LVS 16kWh-stackar<\/p>\n<p>OBSERVERA!<br \/>\nFarligt \u00e4mne enligt UN 3480 \/ Transportfara klass 9 \/ F\u00f6rpackningsgrupp II<\/p>\n<p>&nbsp;<\/p>\n<p><strong>\u2714 Kapabel till kraftfull n\u00f6dbackup och off-grid-funktionalitet<\/strong><\/p>\n<p><strong>\u2714 H\u00f6gsta verkningsgrad tack vare en verklig parallellkoppling med l\u00e5g sp\u00e4nning<\/strong><\/p>\n<p><strong>\u2714 Parented Modular Plug Design - Ingen intern kabeldragning - Maximal flexibilitet och anv\u00e4ndarv\u00e4nlighet<\/strong><\/p>\n<p><strong>\u2714 Koboltfritt litiumj\u00e4rnfosfatbatteri (LFP) - maximal s\u00e4kerhet, livscykel och effekt<\/strong><\/p>\n<p><strong>\u2714 Kompatibel med ledande 1- eller 3-fas l\u00e5gsp\u00e4nningsbatteriomformare<\/strong><\/p>\n<p>&nbsp;<\/p>\n<p>- anv\u00e4ndbar kapacitet: 8,00 kWh<br \/>\n- m\u00e4rksp\u00e4nning: 51,2 V<br \/>\n- Max. Utg\u00e5ngsstr\u00f6m: 130A<br \/>\n- Maximal utg\u00e5ngsstr\u00f6m: 180A, 5s<br \/>\n- Driftsp\u00e4nningsomr\u00e5de: 40-57.6 V<br \/>\n- omgivningstemperatur: -10 \u00b0C till +50 \u00b0C<br \/>\n- gr\u00e4nssnitt: CAN\/RS485<br \/>\n- Energieffektivitet tur och retur: &gt;= 95%<br \/>\n- Certifiering: VDE2510-50 \/ IEC62619 \/ CE \/ CEC \/ UN38.3<br \/>\n- IP skyddsklass: IP55<br \/>\n- Till\u00e4mpningar: ON Grid \/ ON Grid + Backup \/ OFF Grid<br \/>\n- Alltid utbyggbar \/ upp till 16 LVS 16.0 i parallell \/ 256 kWh anv\u00e4ndbarSetet inkluderar:<br \/>\n2x 12910053-00 (BYD B-BOX PREMIUM LVS batterimodul)<br \/>\n1x 12940054-00 (BYD LV PDU + bas)<br \/>\n1x 13172499-00 (BYD LV batterihanteringsenhet NY)<\/p>\n<div><\/div>\n<div class=\"product--description\">\n<p><strong>Mer information finns h\u00e4r:<\/strong><\/p>\n<ul>\n<li><a href=\"https:\/\/storeyourownpower.com\/wp-content\/uploads\/2023\/01\/Datasheet-English-LVS.pdf\" target=\"_blank\" rel=\"noopener\">Datablad Engelska LVS<\/a><\/li>\n<li><a href=\"https:\/\/storeyourownpower.com\/wp-content\/uploads\/2023\/01\/Datenblatt-German-LVS.pdf\" target=\"_blank\" rel=\"noopener\">Datenblatt tyska LVS<\/a><\/li>\n<li><a href=\"https:\/\/storeyourownpower.com\/wp-content\/uploads\/2023\/01\/Mounting-instructions-English-LVS.pdf\" target=\"_blank\" rel=\"noopener\">Monteringsanvisning Engelska LVS<\/a><\/li>\n<li><a href=\"https:\/\/storeyourownpower.com\/wp-content\/uploads\/2023\/01\/Mounting-instructions-German-LVS.pdf\" target=\"_blank\" rel=\"noopener\">Monteringsanvisningar tyska LVS<\/a><\/li>\n<li><a href=\"https:\/\/storeyourownpower.com\/wp-content\/uploads\/2023\/01\/Warranty-terms-English.pdf\" target=\"_blank\" rel=\"noopener\">Garantivillkor Engelska<\/a><\/li>\n<li><a href=\"https:\/\/storeyourownpower.com\/wp-content\/uploads\/2023\/01\/Warranty-terms-German-LVS.pdf\" target=\"_blank\" rel=\"noopener\">Garantivillkor Tyska LVS<\/a><\/li>\n<\/ul>\n<\/div>","protected":false},"excerpt":{"rendered":"<p>BYD Battery-Box Premium LVS 8.0 best\u00e5r av; en BYD BMU Battery Management Unit, en BYD PDU Power Distribution Unit och 2 LVS 4.0kWh batterimoduler i parallell. M\u00f6jlighet att skala genom att l\u00e4gga till upp till [...]<\/p>","protected":false},"featured_media":145,"template":"","meta":{"_seopress_robots_primary_cat":"none","_seopress_titles_title":"BYD Battery-Box Premium LVS 8.0: High-Powered Emergency-Backup and Off-Grid functionality, Maximum Safety, and Expandable Capacity","_seopress_titles_desc":"Discover the scalable BYD Battery-Box Premium LVS 8.0 with efficient Low-Voltage parallel connection and maximum safety. Compatible with leading battery inverters.","_seopress_robots_index":"","_kad_blocks_custom_css":"","_kad_blocks_head_custom_js":"","_kad_blocks_body_custom_js":"","_kad_blocks_footer_custom_js":""},"product_cat":[17],"product_tag":[],"class_list":{"0":"post-144","1":"product","2":"type-product","3":"status-publish","4":"has-post-thumbnail","6":"product_cat-home-batteries","8":"first","9":"onbackorder","10":"sale","11":"taxable","12":"shipping-taxable","13":"purchasable","14":"product-type-simple"},"taxonomy_info":{"product_cat":[{"value":17,"label":"Home batteries"}]},"featured_image_src_large":["https:\/\/ownpowr.com\/wp-content\/uploads\/2022\/11\/c-252F5-252F6-252Fe-252Fc56e658a81cc0b440f8fe33cc4f1ab6a9dd62f03_det_sb_byd_b_box_lvs_8-0.jpeg",640,540,false],"author_info":[],"comment_info":"","_links":{"self":[{"href":"https:\/\/ownpowr.com\/sv\/wp-json\/wp\/v2\/product\/144","targetHints":{"allow":["GET"]}}],"collection":[{"href":"https:\/\/ownpowr.com\/sv\/wp-json\/wp\/v2\/product"}],"about":[{"href":"https:\/\/ownpowr.com\/sv\/wp-json\/wp\/v2\/types\/product"}],"wp:featuredmedia":[{"embeddable":true,"href":"https:\/\/ownpowr.com\/sv\/wp-json\/wp\/v2\/media\/145"}],"wp:attachment":[{"href":"https:\/\/ownpowr.com\/sv\/wp-json\/wp\/v2\/media?parent=144"}],"wp:term":[{"taxonomy":"product_cat","embeddable":true,"href":"https:\/\/ownpowr.com\/sv\/wp-json\/wp\/v2\/product_cat?post=144"},{"taxonomy":"product_tag","embeddable":true,"href":"https:\/\/ownpowr.com\/sv\/wp-json\/wp\/v2\/product_tag?post=144"}],"curies":[{"name":"wp","href":"https:\/\/api.w.org\/{rel}","templated":true}]}}