{"id":146,"date":"2023-10-04T16:35:55","date_gmt":"2023-10-04T14:35:55","guid":{"rendered":"https:\/\/ownpowr.com\/product\/byd-premium-lvs-12-0\/"},"modified":"2025-10-15T14:03:18","modified_gmt":"2025-10-15T12:03:18","slug":"byd-premium-lvs-12-0","status":"publish","type":"product","link":"https:\/\/ownpowr.com\/sv\/product\/byd-premium-lvs-12-0\/","title":{"rendered":"BYD Battery-Box premium LVS 12,0 kWh Leverans halv\/slut december"},"content":{"rendered":"<p>BYD B-Box premium LVS 12.0<\/p>\n<p>OBSERVERA!<br \/>\nFarligt \u00e4mne enligt UN 3480 \/ Transportfara klass 9 \/ F\u00f6rpackningsgrupp II<\/p>\n<p>&nbsp;<\/p>\n<p>- anv\u00e4ndbar kapacitet: 12,00 kWh<br \/>\n- m\u00e4rksp\u00e4nning: 51,2 V<br \/>\n- Max. utstr\u00f6m Utg\u00e5ngsstr\u00f6m: 195A<br \/>\n- H\u00f6gsta utg\u00e5ngsstr\u00f6m: 270A, 5s<br \/>\n- Driftsp\u00e4nningsomr\u00e5de: 40-57.6 V<br \/>\n- omgivningstemperatur: -10 \u00b0C till +50 \u00b0C<br \/>\n- gr\u00e4nssnitt: CAN\/RS485<br \/>\n- Energieffektivitet tur och retur: &gt;= 95%<br \/>\n- Certifiering: VDE2510-50 \/ IEC62619 \/ CE \/ CEC \/ UN38.3<br \/>\n- IP skyddsklass: IP55<br \/>\n- Till\u00e4mpningar: ON Grid \/ ON Grid + Backup \/ OFF Grid<br \/>\n- Alltid utbyggbar \/ upp till 16 LVS 16.0 parallellt \/ 256 kWh anv\u00e4ndbara<\/p>\n<p>Satsen inneh\u00e5ller:<br \/>\n3x BYD B-BOX PREMIUM LVS batterimodul<br \/>\n1x BYD LV PDU + bas<br \/>\n1x BYD LV batterihanteringsenhet NY<\/p>\n<p><strong>Mer information finns h\u00e4r:<\/strong><\/p>\n<ul>\n<li><a href=\"https:\/\/storeyourownpower.com\/wp-content\/uploads\/2023\/01\/Datasheet-English-LVS.pdf\" target=\"_blank\" rel=\"noopener\">Datablad Engelska LVS<\/a><\/li>\n<li><a href=\"https:\/\/storeyourownpower.com\/wp-content\/uploads\/2023\/01\/Datenblatt-German-LVS.pdf\" target=\"_blank\" rel=\"noopener\">Datenblatt tyska LVS<\/a><\/li>\n<li><a href=\"https:\/\/storeyourownpower.com\/wp-content\/uploads\/2023\/01\/Mounting-instructions-English-LVS.pdf\" target=\"_blank\" rel=\"noopener\">Monteringsanvisning Engelska LVS<\/a><\/li>\n<li><a href=\"https:\/\/storeyourownpower.com\/wp-content\/uploads\/2023\/01\/Mounting-instructions-German-LVS.pdf\" target=\"_blank\" rel=\"noopener\">Monteringsanvisningar tyska LVS<\/a><\/li>\n<li><a href=\"https:\/\/storeyourownpower.com\/wp-content\/uploads\/2023\/01\/Warranty-terms-English.pdf\" target=\"_blank\" rel=\"noopener\">Garantivillkor Engelska<\/a><\/li>\n<li><a href=\"https:\/\/storeyourownpower.com\/wp-content\/uploads\/2023\/01\/Warranty-terms-German-LVS.pdf\" target=\"_blank\" rel=\"noopener\">Garantivillkor Tyska LVS<\/a><\/li>\n<\/ul>","protected":false},"excerpt":{"rendered":"<p>BYD B-Box premium LVS 12.0 VARNING: Farligt \u00e4mne enligt UN 3480 \/ Transportriskklass 9 \/ F\u00f6rpackningsgrupp II - anv\u00e4ndbar kapacitet: 12,00 kWh - m\u00e4rksp\u00e4nning: [...].<\/p>","protected":false},"featured_media":147,"template":"","meta":{"_seopress_robots_primary_cat":"none","_seopress_titles_title":"BYD B-Box Premium LVS 12.0: Battery Module with High Capacity and Advanced Features","_seopress_titles_desc":"This BYD B-Box premium LVS 12.0 battery module boasts a usable capacity of 12.00 kWh and high performance specifications. Perfect for ON Grid, OFF Grid, and backup applications. Expandable up to 256 kWh. Find out more on our datasheet and warranty terms.","_seopress_robots_index":"","_kad_blocks_custom_css":"","_kad_blocks_head_custom_js":"","_kad_blocks_body_custom_js":"","_kad_blocks_footer_custom_js":""},"product_cat":[17],"product_tag":[],"class_list":{"0":"post-146","1":"product","2":"type-product","3":"status-publish","4":"has-post-thumbnail","6":"product_cat-home-batteries","8":"first","9":"onbackorder","10":"sale","11":"taxable","12":"shipping-taxable","13":"purchasable","14":"product-type-simple"},"taxonomy_info":{"product_cat":[{"value":17,"label":"Home batteries"}]},"featured_image_src_large":["https:\/\/ownpowr.com\/wp-content\/uploads\/2022\/11\/6-252F2-252Fe-252F0-252F62e093b4901fabec057d9d2155727bf373de6550_det_sb_byd_b_box_lvs_12-0.jpeg",640,540,false],"author_info":[],"comment_info":"","_links":{"self":[{"href":"https:\/\/ownpowr.com\/sv\/wp-json\/wp\/v2\/product\/146","targetHints":{"allow":["GET"]}}],"collection":[{"href":"https:\/\/ownpowr.com\/sv\/wp-json\/wp\/v2\/product"}],"about":[{"href":"https:\/\/ownpowr.com\/sv\/wp-json\/wp\/v2\/types\/product"}],"wp:featuredmedia":[{"embeddable":true,"href":"https:\/\/ownpowr.com\/sv\/wp-json\/wp\/v2\/media\/147"}],"wp:attachment":[{"href":"https:\/\/ownpowr.com\/sv\/wp-json\/wp\/v2\/media?parent=146"}],"wp:term":[{"taxonomy":"product_cat","embeddable":true,"href":"https:\/\/ownpowr.com\/sv\/wp-json\/wp\/v2\/product_cat?post=146"},{"taxonomy":"product_tag","embeddable":true,"href":"https:\/\/ownpowr.com\/sv\/wp-json\/wp\/v2\/product_tag?post=146"}],"curies":[{"name":"wp","href":"https:\/\/api.w.org\/{rel}","templated":true}]}}