{"id":185455,"date":"2025-01-30T09:44:03","date_gmt":"2025-01-30T07:44:03","guid":{"rendered":"https:\/\/ownpowr.com\/?post_type=product&#038;p=185455"},"modified":"2025-01-30T09:44:03","modified_gmt":"2025-01-30T07:44:03","slug":"blauhoff-maxus-storage-only-385kwh-liquid-cooled-energy-storage-cabinet-10y-warantee-8000-cycles","status":"publish","type":"product","link":"https:\/\/ownpowr.com\/sv\/product\/blauhoff-maxus-storage-only-385kwh-vatskekylt-energilagringsskap-10-ars-garanti-8000-cykler\/","title":{"rendered":"Blauhoff Maxus Storage Only 385kWh V\u00e4tskekylt energilagringssk\u00e5p 10 \u00e5rs garanti 8000 cykler"},"content":{"rendered":"<p>OBSERVERA!<\/p>\n<p>P\u00e5 grund av integration och komplexitet \u00e4r detta pris installat\u00f6rspriser f\u00f6r f\u00f6retag exklusive moms och exklusive montering.<\/p>\n<p>Monteringen utf\u00f6rs av din lokala installat\u00f6r med hj\u00e4lp av v\u00e5r tekniska personal<\/p>\n<p>Blauhoff Maxus Storage Only 385Kwh energilagringssk\u00e5p V\u00e4tskekylt 10 \u00e5rs garanti 8000 cykler<\/p>\n<p>Subvention m\u00f6jlig https:\/\/blauhoff.nl\/subsidies-thuisbatterij-voor-bedrijven\/<\/p>\n<p>Prismatiska celler f\u00f6r h\u00f6gsta kvalitet och l\u00e4ngsta livsl\u00e4ngd, 8000 cykler och 10 \u00e5rs garanti p\u00e5 cellerna utan extra kostnad och 5 \u00e5r p\u00e5 helheten.<\/p>\n<p>De flesta andra leverant\u00f6rer har 3-5 \u00e5r p\u00e5 hela och celler och efter det m\u00e5ste du betala extra!<\/p>\n<p>Helt integrerad ESS f\u00f6r enkel transport och drift och underh\u00e5ll. Kan anpassas till m\u00e5nga st\u00f6rre fabrikat av v\u00e4xelriktare (somotec) och anv\u00e4ndas som kompakt batterilagring.<\/p>\n<p>Integrerad och modul\u00e4r design g\u00f6r att den g\u00e5r snabbt att installera och anv\u00e4nda, max 3 timmars arbete.<\/p>\n<p>Blauhoff BLH-385kWh-Maxus, \u00e4r ett industriellt ESS-lagringssk\u00e5p med v\u00e4tskekylning, \u00e4r integrerat med , batteri, BMS, termisk hantering, kraftdistribution, brandskydd etc.<\/p>\n<p>Dess s\u00e4kerhetsdesign ger b\u00e4ttre batteriprestanda och l\u00e4ngre livsl\u00e4ngd<br \/>\nliv. Flera sk\u00e5pupps\u00e4ttningar kan direkt parallellkopplas upp till 30 enheter f\u00f6r att uppn\u00e5 energilagring<br \/>\nsystemexpansion. Den \u00e4r mycket l\u00e4ttskalad och portabel.<\/p>\n<p>V\u00e4tskekylning :<br \/>\nBattericellernas temperaturdrift<br \/>\ni hela systemet \u00e4r inom \u00b11,5\u00b0C p\u00e5 grund av<br \/>\nintelligent system f\u00f6r v\u00e4tskekylning. Det kan<br \/>\nf\u00f6rl\u00e4nga systemets livsl\u00e4ngd med upp till<br \/>\n30%, \u00f6kar systemets effektivitet p\u00e5 l\u00e5ng sikt<br \/>\nupp till 88.5%.<\/p>\n<p>S\u00e4ker<br \/>\nSystemet har fyra ledningsniv\u00e5er<br \/>\nstruktur som kan ge exakta<br \/>\nkortslutningsskydd, \u00f6verstr\u00f6m<br \/>\nskydd, \u00f6versp\u00e4nningsskydd<br \/>\nskydd mot undersp\u00e4nning, \u00f6vertemperatur<br \/>\nskydd etc.<\/p>\n<p><strong>NEN-EN-IEC 62619:2022 - Sekund\u00e4ra celler och batterier inneh\u00e5llande alkaliska eller andra icke-sura elektrolyter - S\u00e4kerhetskrav f\u00f6r sekund\u00e4ra litiumceller och batterier, f\u00f6r anv\u00e4ndning i industriella applikationer<\/strong><\/p>\n<p><strong>NEN-EN-IEC 61000-6-2\u3001EN IEC 61000-6-4<\/strong><\/p>\n<p><strong>UL 9540A:2019 utg\u00e5va 4 - Standard f\u00f6r testmetod f\u00f6r utv\u00e4rdering av termisk brandspridning i batterilagringssystem f\u00f6r energi<\/strong><\/p>\n<p><strong>UN38.3<\/strong><strong>s<\/strong><\/p>","protected":false},"excerpt":{"rendered":"<p>OBSERVERA! P\u00e5 grund av integration och komplexitet \u00e4r detta pris installat\u00f6rspriser exkl. moms och exkl. montering Montering g\u00f6rs av din lokala installat\u00f6r med hj\u00e4lp av v\u00e5r tekniska [...]<\/p>","protected":false},"featured_media":185452,"template":"","meta":{"_seopress_robots_primary_cat":"none","_seopress_titles_title":"","_seopress_titles_desc":"","_seopress_robots_index":"","_kad_blocks_custom_css":"","_kad_blocks_head_custom_js":"","_kad_blocks_body_custom_js":"","_kad_blocks_footer_custom_js":""},"product_cat":[17],"product_tag":[],"class_list":{"0":"post-185455","1":"product","2":"type-product","3":"status-publish","4":"has-post-thumbnail","6":"product_cat-home-batteries","8":"first","9":"instock","10":"sale","11":"taxable","12":"shipping-taxable","13":"purchasable","14":"product-type-simple"},"taxonomy_info":{"product_cat":[{"value":17,"label":"Home batteries"}]},"featured_image_src_large":["https:\/\/ownpowr.com\/wp-content\/uploads\/2024\/10\/maxus-.png",300,300,false],"author_info":[],"comment_info":"","_links":{"self":[{"href":"https:\/\/ownpowr.com\/sv\/wp-json\/wp\/v2\/product\/185455","targetHints":{"allow":["GET"]}}],"collection":[{"href":"https:\/\/ownpowr.com\/sv\/wp-json\/wp\/v2\/product"}],"about":[{"href":"https:\/\/ownpowr.com\/sv\/wp-json\/wp\/v2\/types\/product"}],"wp:featuredmedia":[{"embeddable":true,"href":"https:\/\/ownpowr.com\/sv\/wp-json\/wp\/v2\/media\/185452"}],"wp:attachment":[{"href":"https:\/\/ownpowr.com\/sv\/wp-json\/wp\/v2\/media?parent=185455"}],"wp:term":[{"taxonomy":"product_cat","embeddable":true,"href":"https:\/\/ownpowr.com\/sv\/wp-json\/wp\/v2\/product_cat?post=185455"},{"taxonomy":"product_tag","embeddable":true,"href":"https:\/\/ownpowr.com\/sv\/wp-json\/wp\/v2\/product_tag?post=185455"}],"curies":[{"name":"wp","href":"https:\/\/api.w.org\/{rel}","templated":true}]}}