{"id":187615,"date":"2024-10-24T16:50:52","date_gmt":"2024-10-24T14:50:52","guid":{"rendered":"https:\/\/ownpowr.com\/?post_type=product&#038;p=187615"},"modified":"2025-01-30T09:54:54","modified_gmt":"2025-01-30T07:54:54","slug":"blauhoff-home-30k-80-kwh-hv-3-phase-system-cobalt-free-powerpack-ip55-outdoor-indoor-cobalt-free-100ah-1c","status":"publish","type":"product","link":"https:\/\/ownpowr.com\/sv\/product\/blauhoff-home-30k-80-kwh-hv-3-fas-system-koboltfri-powerpack-ip55-utomhus-inomhus-koboltfri-100ah-1c\/","title":{"rendered":"Blauhoff Home 30K\/80 kWh HV 3 Fas System Koboltfritt Powerpack IP55 Utomhus\/Ind\u00f6rr\/Koboltfritt 100aH 1C"},"content":{"rendered":"<p>Blauhoff Home 30K\/80 kWh HV 3 Fas System Koboltfritt Powerpack IP55 Utomhus\/Ind\u00f6rr\/Koboltfritt 100aH 1C<\/p>\n<p>Det superrobusta och l\u00e4tt utbyggbara 3-fassystemet Blauhoff Home BLH-30k\/80 kWh fr\u00e5n det v\u00e4lk\u00e4nda varum\u00e4rket Blauhoff erbjuder en tillf\u00f6rlitlig och effektiv energilagringsl\u00f6sning f\u00f6r hush\u00e5ll med h\u00f6gre f\u00f6rbrukning. Med det h\u00e4r kraftfulla systemet kan du optimera energieffektiviteten i ditt hem, minska ditt beroende av eln\u00e4tet och dra nytta av n\u00f6dstr\u00f6msf\u00f6rs\u00f6rjning vid str\u00f6mavbrott. Dessutom levereras systemet med fri montering, vilket s\u00e4kerst\u00e4ller en problemfri installation. Kommunicerar med dynamisk kraft efter behov utan abonnemang och alltid fritt val av energileverant\u00f6r!<\/p>\n<p>V\u00e4xelriktaren har en l\u00e4ngd p\u00e5 780 mm och en vikt p\u00e5 33,6 kg. En extra 300 mm kabel mellan v\u00e4xelriktaren och batteriet g\u00f6r att du kan best\u00e4mma den optimala placeringen f\u00f6r ditt system, vilket garanterar effektiv energi\u00f6verf\u00f6ring och minimala energif\u00f6rluster.<\/p>\n<p>Batterisystemet Blauhoff \u00e4r h\u00e5llbart, koboltfritt och kompakt och platt, med m\u00e5tten 734 mm x 400 mm per modul och en vikt p\u00e5 906 kg. Batteriet har en kapacitet p\u00e5 80 kWh, vilket g\u00f6r att du kan lagra \u00f6verskottsenergi som genereras av dina solpaneler eller andra energik\u00e4llor. Vid tillf\u00e4llen d\u00e5 det inte finns n\u00e5gon energiproduktion kan du anv\u00e4nda den lagrade energin f\u00f6r att t\u00e4cka din energif\u00f6rbrukning, vilket minskar ditt beroende av eln\u00e4tet och s\u00e4nker dina energikostnader ytterligare. Allt detta sker automatiskt i kombination med det dynamiska energikontrakt som finns idag. Du kan d\u00e5 dra nytta av billig str\u00f6m p\u00e5 natten p\u00e5 vintern och anv\u00e4nda den hela dagen, och p\u00e5 sommaren kan du ladda gratis p\u00e5 eftermiddagen och anv\u00e4nda den p\u00e5 kv\u00e4llen och ladda bilen med den p\u00e5 morgonen eller p\u00e5 natten.<\/p>\n<p>Specialtillverkad Charge\/Discharge 1C (100aH), s\u00e5 att du kan ladda och urladda blixtsnabbt. 8000 cykler 10 \u00e5rs garanti &amp; UL9540A certifierad, den h\u00f6gsta uppn\u00e5eliga och brands\u00e4kra kategorin!<\/p>\n<p>Levereras alltid med gratis Blauhoff Smartlanhub inklusive app och h\u00e5rdvara, s\u00e5 att du kan handla dynamiskt automatiskt och utan prenumerationsavgifter och ha ansvaret f\u00f6r din egen energileverant\u00f6r. Du kan byta dagligen till den mest f\u00f6rdelaktiga leverant\u00f6ren. \u00c4ven kompatibel med Homeautomation och Homey Pro hemautomation.<\/p>\n<p>Home BLH-30k\/80 kWh 3-fassystem rekommenderas f\u00f6r hush\u00e5ll med en genomsnittlig \u00e5rlig f\u00f6rbrukning p\u00e5 ca 29200 kWh. Med en effekt p\u00e5 30 kW kan du t\u00e4cka en betydande del av ditt energibehov med hj\u00e4lp av den solenergi som genereras och den energi som lagras i batteriet. Dessutom tillhandah\u00e5ller systemet n\u00f6dstr\u00f6msf\u00f6rs\u00f6rjning, s\u00e5 att viktiga enheter forts\u00e4tter att fungera under str\u00f6mavbrott och dina dagliga rutiner kan forts\u00e4tta utan avbrott. Systemet \u00e4r ocks\u00e5 utbyggbart upp till 600 kWh.<\/p>\n<p>Blauhoff Home BLH-30k\/80 kWh 3-fas system Powerpack \u00e4r utformat med flexibilitet i \u00e5tanke. Det har en port f\u00f6r generator\/vindkvarn, s\u00e5 att du kan l\u00e4gga till ytterligare str\u00f6mk\u00e4llor och ytterligare \u00f6ka ditt energioberoende. Med en minsta anslutning p\u00e5 3x25A och l\u00e4mplig f\u00f6r 3-faskonfigurationer \u00e4r det h\u00e4r systemet kompatibelt med de flesta eln\u00e4t f\u00f6r hush\u00e5ll.<\/p>\n<p>Tack vare den fria monteringen kan du lita p\u00e5 en professionell installation som s\u00e4kerst\u00e4ller att ditt system fungerar optimalt fr\u00e5n f\u00f6rsta stund och att du kan njuta av en bekymmersfri upplevelse.<\/p>\n<p>Byt till en mer effektiv och h\u00e5llbar energif\u00f6rs\u00f6rjning med Blauhoff Home BLH-30k\/80kWh 3-fassystem. Med kraftfull energilagring, reservkraft och flexibilitet i energik\u00e4llorna kan du lita p\u00e5 en tillf\u00f6rlitlig str\u00f6mf\u00f6rs\u00f6rjning, g\u00f6ra kostnadsbesparingar och minska ditt koldioxidavtryck. V\u00e4lj Blauhoff och f\u00f6rbered ditt hem f\u00f6r framtidens energibehov.<\/p>\n<p><a href=\"https:\/\/blauhoff.nl\/wp-content\/uploads\/2024\/10\/Blauhoff-Power-Pack-HV-V1.4-1.pdf\" target=\"_blank\" rel=\"noopener\">Blauhoff Power Pack HV V1.4 (1)<\/a><\/p>","protected":false},"excerpt":{"rendered":"<p>Blauhoff Home 30K\/80 kWh HV 3-fassystem Koboltfritt Powerpack IP55 Utomhus\/Inomhus\/Koboltfritt 100aH 1C Det superrobusta och l\u00e4tt utbyggbara Blauhoff Home BLH-30k\/80 kWh 3-fassystemet, fr\u00e5n [...].<\/p>","protected":false},"featured_media":187618,"template":"","meta":{"_seopress_robots_primary_cat":"none","_seopress_titles_title":"","_seopress_titles_desc":"","_seopress_robots_index":"","_kad_blocks_custom_css":"","_kad_blocks_head_custom_js":"","_kad_blocks_body_custom_js":"","_kad_blocks_footer_custom_js":""},"product_cat":[17,19],"product_tag":[],"class_list":{"0":"post-187615","1":"product","2":"type-product","3":"status-publish","4":"has-post-thumbnail","6":"product_cat-home-batteries","7":"product_cat-sets-with-inverters","9":"first","10":"instock","11":"taxable","12":"shipping-taxable","13":"purchasable","14":"product-type-simple"},"taxonomy_info":{"product_cat":[{"value":17,"label":"Home batteries"},{"value":19,"label":"Sets with inverters"}]},"featured_image_src_large":["https:\/\/ownpowr.com\/wp-content\/uploads\/2024\/10\/bh3-30k-80kwh-300x300-1.png",300,300,false],"author_info":[],"comment_info":"","_links":{"self":[{"href":"https:\/\/ownpowr.com\/sv\/wp-json\/wp\/v2\/product\/187615","targetHints":{"allow":["GET"]}}],"collection":[{"href":"https:\/\/ownpowr.com\/sv\/wp-json\/wp\/v2\/product"}],"about":[{"href":"https:\/\/ownpowr.com\/sv\/wp-json\/wp\/v2\/types\/product"}],"wp:featuredmedia":[{"embeddable":true,"href":"https:\/\/ownpowr.com\/sv\/wp-json\/wp\/v2\/media\/187618"}],"wp:attachment":[{"href":"https:\/\/ownpowr.com\/sv\/wp-json\/wp\/v2\/media?parent=187615"}],"wp:term":[{"taxonomy":"product_cat","embeddable":true,"href":"https:\/\/ownpowr.com\/sv\/wp-json\/wp\/v2\/product_cat?post=187615"},{"taxonomy":"product_tag","embeddable":true,"href":"https:\/\/ownpowr.com\/sv\/wp-json\/wp\/v2\/product_tag?post=187615"}],"curies":[{"name":"wp","href":"https:\/\/api.w.org\/{rel}","templated":true}]}}