{"id":187742,"date":"2024-10-25T09:11:12","date_gmt":"2024-10-25T07:11:12","guid":{"rendered":"https:\/\/ownpowr.com\/?post_type=product&#038;p=187742"},"modified":"2025-01-30T09:53:51","modified_gmt":"2025-01-30T07:53:51","slug":"blauhoff-25k-80kwh-hv-3-phase-system-powerpack-ip55-100ah-1c-charge-discharge","status":"publish","type":"product","link":"https:\/\/ownpowr.com\/sv\/product\/blauhoff-25k-80kwh-hv-3-fas-system-powerpack-ip55-100ah-1c-laddning-urladdning\/","title":{"rendered":"Blauhoff 25K\/80kWh HV 3 Fas System Powerpack IP55 100aH 1C Laddning\/urladdning"},"content":{"rendered":"<h2>Blauhoff Home 25K\/80 kWh HV 3 Fase system Cobalt vrij Powerpack IP55 Utomhus\/Indoor\/Cobalt vrij 100aH 1C<\/h2>\n<p>Det superrobusta och l\u00e4ttutbyggda Blauhoff Home BLH-25k\/80 kWh 3 Fase System, fr\u00e5n det gerenommeerde m\u00e4rket Blauhoff, erbjuder en tillf\u00f6rlitlig och effektiv l\u00f6sning f\u00f6r energiopslag i hush\u00e5ll med st\u00f6rre f\u00f6rbrukning. Med detta kraftfulla system kan du optimera ditt hus energieffektivitet, minska ditt beroende av eln\u00e4tet och dra nytta av noodstroomvoorziening i samband med str\u00f6mavbrott. Dessutom levereras detta system med gratis montering, vilket ger en fantastisk installation. Kommunicera med dynamisk str\u00f6m som beh\u00f6vs utan abonnemang och alltid fritt val i energileverant\u00f6r!<\/p>\n<p>Omformaren har en l\u00e4ngd p\u00e5 780 mm och en vikt p\u00e5 33,6 kg. Med en extra 300 mm kabel mellan omformaren och batteriet kan du best\u00e4mma den optimala placeringen f\u00f6r ditt system, vilket bidrar till en effektiv energi\u00f6verf\u00f6ring och minimal energif\u00f6rbrukning.<\/p>\n<p>Batterisystemet Blauhoff \u00e4r h\u00e5llbart, koboltfritt och kompakt och plant, med m\u00e5tt p\u00e5 734 mm x 400 mm per modul och en vikt p\u00e5 906 kg. Batteriet har en kapacitet p\u00e5 80 kWh, vilket g\u00f6r att du kan lagra \u00f6verfl\u00f6dig energi som blir motverkad av dina solpaneler eller andra energik\u00e4llor. I de fall d\u00e5 det inte finns n\u00e5gon energiproduktion kan du anv\u00e4nda den lagrade energin f\u00f6r att minska din energif\u00f6rbrukning, vilket g\u00f6r att du blir mindre beroende av eln\u00e4tet och dina energikostnader. Detta g\u00e5r helt automatiskt i kombination med dynamiskt energikontrakt som n\u00e4rvarande. Du kan d\u00e5 p\u00e5 vintern dra nytta av billig str\u00f6m i natten och die de hele dag gebruiken en i de zomer gratis laden i de middag en s'avonds gebruiken en i de morgen of in de nacht de auto ermee opladen.<\/p>\n<p><strong>Speciellt tillverkad laddning\/urladdning 1C (100aH), s\u00e5 att du snabbt kan ladda och ladda upp. 8000 cykler 10 \u00e5rs garanti &amp; UL9540A gecertificeerd, de hoogst haalbare en brandveiligste categorie!<\/strong><\/p>\n<p><strong>Alltid levererad med gratis Blauhoff Smartlanhub inklusive app och h\u00e5rdvara, s\u00e5 att du automatiskt och utan abonnemangskostnader dynamiskt kan handla och sj\u00e4lv baas \u00f6ver din energileverant\u00f6r bent.  Du kan dagligen v\u00e4xla till den f\u00f6rdeligaste leverant\u00f6ren. \u00c4ven kompatibel med Homeautomation och Homey Pro domotica.<\/strong><\/p>\n<p>Det Home BLH-25k\/80 kWh 3 Fase System \u00e4r rekommenderat f\u00f6r hush\u00e5ll med en genomsnittlig \u00e5rlig f\u00f6rbrukning p\u00e5 cirka 29200 kWh. Med en effekt p\u00e5 25 kW kan du ta ut en betydande del av din energif\u00f6rbrukning med hj\u00e4lp av den uppv\u00e4rmda zonne-energin och den lagrade energin i batteriet. Dessutom erbjuder detta system n\u00f6dstr\u00f6msf\u00f6rs\u00f6rjning, s\u00e5 att viktiga apparater forts\u00e4tter att fungera under str\u00f6mavbrott och dina dagliga rutiner p\u00e5 r\u00e4tt s\u00e4tt kan g\u00e5 igenom. Tevens \u00e4r systemet ute att bygga till max 600kWh<\/p>\n<p>Det Blauhoff Home BLH-25k\/80 kWh 3 Fase Systeem Powerpack \u00e4r utformat med flexibilitet i \u00e5tanke. Det har en generator\/vindmolekylport, vilket ger dig m\u00f6jlighet att l\u00e4gga till extra energik\u00e4llor och \u00f6ka din energianv\u00e4ndning. Med en minsta anslutning p\u00e5 3x25A och l\u00e4mpad f\u00f6r 3-faskonfigurationer \u00e4r detta system kompatibelt med de flesta hush\u00e5llsn\u00e4ra eln\u00e4tverken.<\/p>\n<p>Tack vare det kostnadsfria montaget kan du lita p\u00e5 en professionell installation, s\u00e5 att ditt system fungerar optimalt fr\u00e5n allra f\u00f6rsta stund och du kan njuta av en fantastisk upplevelse.<\/p>\n<p>G\u00f6r \u00f6verg\u00e5ngen till en effektivare och h\u00e5llbarare energif\u00f6rs\u00f6rjning med det Blauhoff Home BLH-25k\/80kWh 3 Fase System. Med ett kraftfullt energiuppslag, effektiv str\u00f6mf\u00f6rs\u00f6rjning och flexibilitet i energikronorna kan du lita p\u00e5 en tillf\u00f6rlitlig str\u00f6mf\u00f6rs\u00f6rjning, kostnadsbesparingar realiseras och din ekologiska fotavtryck verkleinen. V\u00e4lj Blauhoff och g\u00f6r din bostad redo f\u00f6r energif\u00f6rbrukningen i framtiden.<\/p>\n<p><a href=\"https:\/\/blauhoff.nl\/wp-content\/uploads\/2024\/10\/Blauhoff-Power-Pack-HV-V1.4-1.pdf\" target=\"_blank\" rel=\"noopener\">Blauhoff Power Pack HV V1.4 (1)<\/a><\/p>","protected":false},"excerpt":{"rendered":"<p>Blauhoff Home 25K\/80 kWh HV 3 Fase system Cobalt vrij Powerpack IP55 Outdoor\/Indoor\/Cobalt vrij 100aH 1C Het super robuste en makkelijk uitbreidbare Blauhoff Home BLH-25k\/80 kWh 3 Fase Systeem, van [...].<\/p>","protected":false},"featured_media":187745,"template":"","meta":{"_seopress_robots_primary_cat":"none","_seopress_titles_title":"","_seopress_titles_desc":"","_seopress_robots_index":"","_kad_blocks_custom_css":"","_kad_blocks_head_custom_js":"","_kad_blocks_body_custom_js":"","_kad_blocks_footer_custom_js":""},"product_cat":[17,19],"product_tag":[],"class_list":{"0":"post-187742","1":"product","2":"type-product","3":"status-publish","4":"has-post-thumbnail","6":"product_cat-home-batteries","7":"product_cat-sets-with-inverters","9":"first","10":"instock","11":"taxable","12":"shipping-taxable","13":"purchasable","14":"product-type-simple"},"taxonomy_info":{"product_cat":[{"value":17,"label":"Home batteries"},{"value":19,"label":"Sets with inverters"}]},"featured_image_src_large":["https:\/\/ownpowr.com\/wp-content\/uploads\/2024\/10\/bh3-25k-80kwh-300x300-1.png",300,300,false],"author_info":[],"comment_info":"","_links":{"self":[{"href":"https:\/\/ownpowr.com\/sv\/wp-json\/wp\/v2\/product\/187742","targetHints":{"allow":["GET"]}}],"collection":[{"href":"https:\/\/ownpowr.com\/sv\/wp-json\/wp\/v2\/product"}],"about":[{"href":"https:\/\/ownpowr.com\/sv\/wp-json\/wp\/v2\/types\/product"}],"wp:featuredmedia":[{"embeddable":true,"href":"https:\/\/ownpowr.com\/sv\/wp-json\/wp\/v2\/media\/187745"}],"wp:attachment":[{"href":"https:\/\/ownpowr.com\/sv\/wp-json\/wp\/v2\/media?parent=187742"}],"wp:term":[{"taxonomy":"product_cat","embeddable":true,"href":"https:\/\/ownpowr.com\/sv\/wp-json\/wp\/v2\/product_cat?post=187742"},{"taxonomy":"product_tag","embeddable":true,"href":"https:\/\/ownpowr.com\/sv\/wp-json\/wp\/v2\/product_tag?post=187742"}],"curies":[{"name":"wp","href":"https:\/\/api.w.org\/{rel}","templated":true}]}}