{"id":203516,"date":"2025-01-17T12:00:55","date_gmt":"2025-01-17T10:00:55","guid":{"rendered":"https:\/\/ownpowr.com\/?post_type=product&#038;p=203516"},"modified":"2025-01-31T09:16:16","modified_gmt":"2025-01-31T07:16:16","slug":"blauhoff-15k-25kwh-hv-3-phase-system-powerpack-ip55-100ah-1c-charge-discharge","status":"publish","type":"product","link":"https:\/\/ownpowr.com\/sv\/product\/blauhoff-15k-25kwh-hv-3-fas-system-powerpack-ip55-100ah-1c-laddning-urladdning\/","title":{"rendered":"Blauhoff 15K\/25kWh HV 3 Fas System Powerpack IP55 100aH 1C Laddning\/Utladdning"},"content":{"rendered":"<p>Blauhoff Home 15K\/25 kWh HV 3-fassystem Koboltfritt Powerpack IP65 Utomhus\/Inomhus\/Koboltfritt 100aH 1C<\/p>\n<p>Det superrobusta och l\u00e4ttutbyggda 3-fassystemet Blauhoff Home BLH-15k\/25 kWh, fr\u00e5n det v\u00e4lk\u00e4nda varum\u00e4rket Blauhoff, erbjuder en tillf\u00f6rlitlig och effektiv l\u00f6sning f\u00f6r energilagring i hush\u00e5ll med h\u00f6gre f\u00f6rbrukning. Med det h\u00e4r kraftfulla systemet kan du optimera energieffektiviteten i ditt hem, minska ditt beroende av eln\u00e4tet och dra nytta av n\u00f6dstr\u00f6msf\u00f6rs\u00f6rjning i h\u00e4ndelse av str\u00f6mavbrott. Dessutom levereras detta system med fri installation, vilket s\u00e4kerst\u00e4ller en bekymmersfri installation. Kommunicerar med dynamisk str\u00f6m efter behov utan abonnemang och alltid fritt val av energileverant\u00f6r!<\/p>\n<p>V\u00e4xelriktaren har en l\u00e4ngd p\u00e5 780 mm och en vikt p\u00e5 33,6 kg. Med en extra kabel p\u00e5 300 mm mellan v\u00e4xelriktaren och batteriet kan du best\u00e4mma den optimala placeringen f\u00f6r ditt system, vilket s\u00e4kerst\u00e4ller effektiv energi\u00f6verf\u00f6ring och minimala energif\u00f6rluster.<\/p>\n<p>Batterisystemet Blauhoff \u00e4r h\u00e5llbart, koboltfritt samt kompakt och platt med m\u00e5tten 734 mm x 400 mm per modul och en vikt p\u00e5 283 kg. Batteriet har en kapacitet p\u00e5 25 kWh, vilket g\u00f6r att du kan lagra \u00f6verskottsenergi som genereras av dina solpaneler eller andra energik\u00e4llor. Vid tillf\u00e4llen d\u00e5 det inte finns n\u00e5gon energiproduktion kan du anv\u00e4nda den lagrade energin f\u00f6r att t\u00e4cka din energif\u00f6rbrukning, vilket g\u00f6r dig mindre beroende av eln\u00e4tet och s\u00e4nker dina energikostnader ytterligare. Allt detta sker automatiskt i kombination med ett dynamiskt energiavtal, om det finns tillg\u00e4ngligt. Du kan d\u00e5 dra nytta av billig el p\u00e5 natten p\u00e5 vintern och anv\u00e4nda den hela dagen och p\u00e5 sommaren ladda gratis p\u00e5 eftermiddagen och kv\u00e4llen och anv\u00e4nda den f\u00f6r att ladda bilen p\u00e5 morgonen eller p\u00e5 natten.<\/p>\n<p>Specialtillverkad Charge\/Discharge 1C (100aH), s\u00e5 att du kan ladda och urladda mycket snabbt. 8000 cykler 10 \u00e5rs garanti &amp; UL9540A certifierad, den h\u00f6gsta uppn\u00e5eliga och brands\u00e4kra kategorin!<\/p>\n<p>Levereras alltid med gratis Blauhoff Smartlanhub inklusive app och h\u00e5rdvara, s\u00e5 att du kan agera automatiskt och utan abonnemangskostnader dynamiskt och sj\u00e4lv ha kontroll \u00f6ver din energileverant\u00f6r. Du kan byta till den mest f\u00f6rdelaktiga leverant\u00f6ren dagligen. \u00c4ven kompatibel med Homeautomation och Homey Pro hemautomation.<\/p>\n<p>Home BLH-15k\/25 kWh 3-fassystem rekommenderas f\u00f6r hush\u00e5ll med en genomsnittlig \u00e5rlig f\u00f6rbrukning p\u00e5 cirka 9125 kWh. Med en kapacitet p\u00e5 15 kW kan du t\u00e4cka en betydande del av ditt energibehov med hj\u00e4lp av den genererade solenergin och den lagrade energin i batteriet. Dessutom erbjuder systemet n\u00f6dstr\u00f6msf\u00f6rs\u00f6rjning, s\u00e5 att viktiga enheter forts\u00e4tter att fungera under str\u00f6mavbrott och dina dagliga rutiner kan forts\u00e4tta ost\u00f6rt. Systemet kan ocks\u00e5 byggas ut till max 600 kWh<\/p>\n<p>Blauhoff Home BLH-15k\/25 kWh 3-fas system powerpack \u00e4r utformat med flexibilitet i \u00e5tanke. Det har en port f\u00f6r generator\/vindkvarn, vilket ger dig m\u00f6jlighet att l\u00e4gga till ytterligare energik\u00e4llor och ytterligare \u00f6ka ditt energioberoende. Med en minsta anslutning p\u00e5 3x25A och l\u00e4mplig f\u00f6r 3-faskonfigurationer \u00e4r det h\u00e4r systemet kompatibelt med de flesta hush\u00e5lls eln\u00e4t.<\/p>\n<p>Tack vare den kostnadsfria installationen kan du lita p\u00e5 en professionell installation som s\u00e4kerst\u00e4ller att ditt system fungerar optimalt fr\u00e5n f\u00f6rsta stund och att du kan njuta av en bekymmersfri upplevelse.<\/p>\n<p>Byt till en mer effektiv och h\u00e5llbar energif\u00f6rs\u00f6rjning med Blauhoff Home BLH-15k\/40kWh 3-fassystem. Med kraftfull energilagring, n\u00f6dstr\u00f6msf\u00f6rs\u00f6rjning och flexibilitet n\u00e4r det g\u00e4ller energik\u00e4llor kan du lita p\u00e5 en tillf\u00f6rlitlig str\u00f6mf\u00f6rs\u00f6rjning, g\u00f6ra kostnadsbesparingar och minska ditt koldioxidavtryck. V\u00e4lj Blauhoff och f\u00f6rbered ditt hem f\u00f6r framtidens energibehov.<\/p>\n<p>Finns \u00e4ven med v\u00e4rme f\u00f6r montering i kylrum eller utomhus som tillval!<\/p>\n<p><a href=\"https:\/\/blauhoff.nl\/wp-content\/uploads\/2024\/10\/Blauhoff-Power-Pack-HV-V1.4-1.pdf\" target=\"_blank\" rel=\"noopener\">Blauhoff Power Pack HV V1.4 (1)<\/a><\/p>\n<div style=\"width: 640px;\" class=\"wp-video\"><video class=\"wp-video-shortcode\" id=\"video-203516-1\" width=\"640\" height=\"360\" preload=\"metadata\" controls=\"controls\"><source type=\"video\/mp4\" src=\"https:\/\/blauhoff.nl\/wp-content\/uploads\/2024\/12\/Blauhoff-PowerPack-Series.mp4?_=1\" \/><a href=\"https:\/\/blauhoff.nl\/wp-content\/uploads\/2024\/12\/Blauhoff-PowerPack-Series.mp4\">https:\/\/blauhoff.nl\/wp-content\/uploads\/2024\/12\/Blauhoff-PowerPack-Series.mp4<\/a><\/video><\/div>","protected":false},"excerpt":{"rendered":"<p>Blauhoff Home 15K\/25 kWh HV 3-fassystem Koboltfritt Powerpack IP65 Utomhus\/Inomhus\/Koboltfritt 100aH 1C Det superrobusta och l\u00e4tt utbyggbara Blauhoff Home BLH-15k\/25 kWh 3-fassystemet, fr\u00e5n [...].<\/p>","protected":false},"featured_media":203519,"template":"","meta":{"_seopress_robots_primary_cat":"none","_seopress_titles_title":"","_seopress_titles_desc":"","_seopress_robots_index":"","_kad_blocks_custom_css":"","_kad_blocks_head_custom_js":"","_kad_blocks_body_custom_js":"","_kad_blocks_footer_custom_js":""},"product_cat":[17,19],"product_tag":[],"class_list":{"0":"post-203516","1":"product","2":"type-product","3":"status-publish","4":"has-post-thumbnail","6":"product_cat-home-batteries","7":"product_cat-sets-with-inverters","9":"first","10":"instock","11":"taxable","12":"shipping-taxable","13":"purchasable","14":"product-type-simple"},"taxonomy_info":{"product_cat":[{"value":17,"label":"Home batteries"},{"value":19,"label":"Sets with inverters"}]},"featured_image_src_large":["https:\/\/ownpowr.com\/wp-content\/uploads\/2025\/01\/bh3_15k_25kwh-1024x1024.png",1024,1024,true],"author_info":[],"comment_info":"","_links":{"self":[{"href":"https:\/\/ownpowr.com\/sv\/wp-json\/wp\/v2\/product\/203516","targetHints":{"allow":["GET"]}}],"collection":[{"href":"https:\/\/ownpowr.com\/sv\/wp-json\/wp\/v2\/product"}],"about":[{"href":"https:\/\/ownpowr.com\/sv\/wp-json\/wp\/v2\/types\/product"}],"wp:featuredmedia":[{"embeddable":true,"href":"https:\/\/ownpowr.com\/sv\/wp-json\/wp\/v2\/media\/203519"}],"wp:attachment":[{"href":"https:\/\/ownpowr.com\/sv\/wp-json\/wp\/v2\/media?parent=203516"}],"wp:term":[{"taxonomy":"product_cat","embeddable":true,"href":"https:\/\/ownpowr.com\/sv\/wp-json\/wp\/v2\/product_cat?post=203516"},{"taxonomy":"product_tag","embeddable":true,"href":"https:\/\/ownpowr.com\/sv\/wp-json\/wp\/v2\/product_tag?post=203516"}],"curies":[{"name":"wp","href":"https:\/\/api.w.org\/{rel}","templated":true}]}}